{"id":107,"date":"2025-09-25T11:40:27","date_gmt":"2025-09-25T14:40:27","guid":{"rendered":"https:\/\/www.ccsa.ufpb.br\/atuariais1\/?page_id=107"},"modified":"2026-02-05T19:15:00","modified_gmt":"2026-02-05T22:15:00","slug":"optativa-de-livre-escolha","status":"publish","type":"page","link":"https:\/\/www.ccsa.ufpb.br\/atuariais\/optativa-de-livre-escolha\/","title":{"rendered":"Optativa de Livre Escolha"},"content":{"rendered":"\n<p><\/p>\n\n\n\n<p><strong>Documenta\u00e7\u00e3o necess\u00e1ria<\/strong><\/p>\n\n\n\n<ul class=\"wp-block-list\">\n<li><a href=\"https:\/\/drive.ufpb.br\/s\/p6yp78JBdByx9Ee\">Requerimento de Aproveitamento de Disciplina Optativa de Livre Escolha\u00a0do(a) discente<\/a><\/li>\n<\/ul>\n\n\n\n<ul class=\"wp-block-list\">\n<li>Hist\u00f3rico Escolar da UFPB atualizado, no qual conste(m) o(s) componente(s) curricular(es) cursado(s) com sua(s) respectiva(s) carga(s) hor\u00e1ria(s) e resultado(s) obtido(s);<\/li>\n\n\n\n<li>Plano de Curso do(s) componente(s) curricular(es) cursado(s) com aprova\u00e7\u00e3o.<\/li>\n<\/ul>\n\n\n\n<p><strong>Etapas do processo<\/strong><\/p>\n\n\n\n<p><strong>Discente<\/strong><\/p>\n\n\n\n<ol class=\"wp-block-list\">\n<li>Entregar toda a documenta\u00e7\u00e3o na Secretaria da Coordena\u00e7\u00e3o do Curso;<\/li>\n\n\n\n<li>Acompanhar movimenta\u00e7\u00e3o do processo no&nbsp;<a href=\"https:\/\/sipac.ufpb.br\/\" target=\"_blank\" rel=\"noreferrer noopener\">SIPAC<\/a>.<\/li>\n<\/ol>\n\n\n\n<p><strong>Coordena\u00e7\u00e3o do Curso<\/strong><\/p>\n\n\n\n<ol class=\"wp-block-list\">\n<li>Conferir a documenta\u00e7\u00e3o apresentada;<\/li>\n\n\n\n<li>Abrir processo no&nbsp;<a href=\"https:\/\/sipac.ufpb.br\/\" target=\"_blank\" rel=\"noreferrer noopener\">SIPAC<\/a>, com assunto:&nbsp;125.23 &#8211; CURSOS DE GRADUA\u00c7\u00c3O &#8211; ISEN\u00c7\u00c3O DE DISCIPLINAS. DISPENSA DE DISCIPLINAS. APROVEITAMENTO DE ESTUDOS<\/li>\n\n\n\n<li>Analisar o processo e emitir parecer, se for o caso;<\/li>\n\n\n\n<li>Registrar o aproveitamento no&nbsp;<a href=\"http:\/\/sigaa.ufpb.br\/\" target=\"_blank\" rel=\"noreferrer noopener\">SIGAA<\/a>;<\/li>\n\n\n\n<li>Arquivar o processo.<\/li>\n<\/ol>\n\n\n\n<p><strong>Base Legal<\/strong><\/p>\n\n\n\n<div class=\"wp-block-file\"><a id=\"wp-block-file--media-72a7b314-c361-4e50-898b-ec20923d73e5\" href=\"https:\/\/www.ccsa.ufpb.br\/atuariais\/wp-content\/uploads\/sites\/179\/sites\/387\/2025\/09\/resp29-20-resolucao-de-graduacao-1.pdf\" target=\"_blank\" rel=\"noreferrer noopener\">Resolu\u00e7\u00e3o CONSEPE n.\u00ba 29\/2020, Art. 37.<\/a><a href=\"https:\/\/www.ccsa.ufpb.br\/atuariais\/wp-content\/uploads\/sites\/179\/sites\/387\/2025\/09\/resp29-20-resolucao-de-graduacao-1.pdf\" class=\"wp-block-file__button wp-element-button\" download aria-describedby=\"wp-block-file--media-72a7b314-c361-4e50-898b-ec20923d73e5\">Baixar<\/a><\/div>\n\n\n\n<p><\/p>\n\n\n\n<p><\/p>\n","protected":false},"excerpt":{"rendered":"<p>Documenta\u00e7\u00e3o necess\u00e1ria Etapas do processo Discente Coordena\u00e7\u00e3o do Curso Base Legal<\/p>\n","protected":false},"author":63,"featured_media":0,"parent":0,"menu_order":0,"comment_status":"closed","ping_status":"closed","template":"","meta":{"footnotes":""},"class_list":["post-107","page","type-page","status-publish","hentry"],"_links":{"self":[{"href":"https:\/\/www.ccsa.ufpb.br\/atuariais\/wp-json\/wp\/v2\/pages\/107","targetHints":{"allow":["GET"]}}],"collection":[{"href":"https:\/\/www.ccsa.ufpb.br\/atuariais\/wp-json\/wp\/v2\/pages"}],"about":[{"href":"https:\/\/www.ccsa.ufpb.br\/atuariais\/wp-json\/wp\/v2\/types\/page"}],"author":[{"embeddable":true,"href":"https:\/\/www.ccsa.ufpb.br\/atuariais\/wp-json\/wp\/v2\/users\/63"}],"replies":[{"embeddable":true,"href":"https:\/\/www.ccsa.ufpb.br\/atuariais\/wp-json\/wp\/v2\/comments?post=107"}],"version-history":[{"count":3,"href":"https:\/\/www.ccsa.ufpb.br\/atuariais\/wp-json\/wp\/v2\/pages\/107\/revisions"}],"predecessor-version":[{"id":396,"href":"https:\/\/www.ccsa.ufpb.br\/atuariais\/wp-json\/wp\/v2\/pages\/107\/revisions\/396"}],"wp:attachment":[{"href":"https:\/\/www.ccsa.ufpb.br\/atuariais\/wp-json\/wp\/v2\/media?parent=107"}],"curies":[{"name":"wp","href":"https:\/\/api.w.org\/{rel}","templated":true}]}}