{"id":113,"date":"2025-09-25T11:48:35","date_gmt":"2025-09-25T14:48:35","guid":{"rendered":"https:\/\/www.ccsa.ufpb.br\/atuariais1\/?page_id=113"},"modified":"2026-02-05T19:19:33","modified_gmt":"2026-02-05T22:19:33","slug":"curriculares-flexiveis-atividades-complementares","status":"publish","type":"page","link":"https:\/\/www.ccsa.ufpb.br\/atuariais\/curriculares-flexiveis-atividades-complementares\/","title":{"rendered":"Curriculares Flex\u00edveis (Atividades Complementares)"},"content":{"rendered":"\n<p><\/p>\n\n\n\n<h2 class=\"wp-block-heading\"><div class=\"linha-header\"><strong>Documentos necess\u00e1rios para abertura do processo junto \u00e0 Coordena\u00e7\u00e3o<\/strong> &#8211; PPC Novo<\/div><\/h2>\n\n\n\n<p>I&nbsp;&#8211;&nbsp;Requerimento&nbsp;;<\/p>\n\n\n\n<p>II&nbsp;&#8211; Documentos Comprobat\u00f3rias originais e c\u00f3pias;<\/p>\n\n\n\n<div class=\"wp-block-file\"><a id=\"wp-block-file--media-581af188-6b71-4298-9f9e-8ada38a25697\" href=\"https:\/\/www.ccsa.ufpb.br\/atuariais\/wp-content\/uploads\/sites\/179\/sites\/387\/2026\/02\/Portaria-de-Atividades-Complementares-001_2025_final-1.pdf\" target=\"_blank\" rel=\"noreferrer noopener\">Portaria de Atividades Complementares 01\/25<\/a><a href=\"https:\/\/www.ccsa.ufpb.br\/atuariais\/wp-content\/uploads\/sites\/179\/sites\/387\/2026\/02\/Portaria-de-Atividades-Complementares-001_2025_final-1.pdf\" class=\"wp-block-file__button wp-element-button\" download aria-describedby=\"wp-block-file--media-581af188-6b71-4298-9f9e-8ada38a25697\">Baixar<\/a><\/div>\n\n\n\n<div class=\"wp-block-file\"><a id=\"wp-block-file--media-a8ee4de8-58fe-4af9-95ec-6bcf512f702a\" href=\"https:\/\/www.ccsa.ufpb.br\/atuariais\/wp-content\/uploads\/sites\/179\/sites\/387\/2026\/02\/Anexos-das-Atividades-Complementares-001_2025_final-1-1.pdf\" target=\"_blank\" rel=\"noreferrer noopener\">Modelo de Requerimento<\/a><a href=\"https:\/\/www.ccsa.ufpb.br\/atuariais\/wp-content\/uploads\/sites\/179\/sites\/387\/2026\/02\/Anexos-das-Atividades-Complementares-001_2025_final-1-1.pdf\" class=\"wp-block-file__button wp-element-button\" download aria-describedby=\"wp-block-file--media-a8ee4de8-58fe-4af9-95ec-6bcf512f702a\">Baixar<\/a><\/div>\n\n\n\n<h2 class=\"wp-block-heading\"><div class=\"linha-header\"><strong>Documentos necess\u00e1rios para abertura do processo junto \u00e0 Coordena\u00e7\u00e3o<\/strong> &#8211; PPC Antigo<\/div><\/h2>\n\n\n\n<p>I&nbsp;&#8211;&nbsp;Requerimento&nbsp;;<\/p>\n\n\n\n<p>II&nbsp;&#8211; Documentos Comprobat\u00f3rias originais e c\u00f3pias;<\/p>\n\n\n\n<p>III &#8211; Ficha de Organiza\u00e7\u00e3o dos Documentos<\/p>\n\n\n\n<div class=\"wp-block-file\"><a id=\"wp-block-file--media-d6b2cf88-39e1-464a-bfe4-d6cbd4088243\" href=\"https:\/\/www.ccsa.ufpb.br\/atuariais\/wp-content\/uploads\/sites\/179\/sites\/387\/2025\/09\/5-portaria-de-atividades-complementares-2.pdf\" target=\"_blank\" rel=\"noreferrer noopener\">PPC Antigo &#8211; Conforme Portaria 01\/2013<\/a><a href=\"https:\/\/www.ccsa.ufpb.br\/atuariais\/wp-content\/uploads\/sites\/179\/sites\/387\/2025\/09\/5-portaria-de-atividades-complementares-2.pdf\" class=\"wp-block-file__button wp-element-button\" download aria-describedby=\"wp-block-file--media-d6b2cf88-39e1-464a-bfe4-d6cbd4088243\">Baixar<\/a><\/div>\n\n\n\n<div class=\"wp-block-file\"><a id=\"wp-block-file--media-87f7e2ed-5a85-473d-9e21-2d3b78487d91\" href=\"https:\/\/www.ccsa.ufpb.br\/atuariais\/wp-content\/uploads\/sites\/179\/sites\/387\/2025\/09\/complemetares.pdf\" target=\"_blank\" rel=\"noreferrer noopener\">Modelo Requerimento<\/a><a href=\"https:\/\/www.ccsa.ufpb.br\/atuariais\/wp-content\/uploads\/sites\/179\/sites\/387\/2025\/09\/complemetares.pdf\" class=\"wp-block-file__button wp-element-button\" download aria-describedby=\"wp-block-file--media-87f7e2ed-5a85-473d-9e21-2d3b78487d91\">Baixar<\/a><\/div>\n\n\n\n<div class=\"wp-block-file\"><a id=\"wp-block-file--media-8a4af8eb-94d3-4d59-9968-01c253fe0e7a\" href=\"https:\/\/www.ccsa.ufpb.br\/atuariais\/wp-content\/uploads\/sites\/179\/sites\/387\/2025\/09\/comprovacao-dos-documentos-marcados-na-ficha-de-avaliacao-das-atividades-complementares-e-anexados-ao-processo.pdf\" target=\"_blank\" rel=\"noreferrer noopener\">Modelo Ficha <\/a><a href=\"https:\/\/www.ccsa.ufpb.br\/atuariais\/wp-content\/uploads\/sites\/179\/sites\/387\/2025\/09\/comprovacao-dos-documentos-marcados-na-ficha-de-avaliacao-das-atividades-complementares-e-anexados-ao-processo.pdf\" class=\"wp-block-file__button wp-element-button\" download aria-describedby=\"wp-block-file--media-8a4af8eb-94d3-4d59-9968-01c253fe0e7a\">Baixar<\/a><\/div>\n\n\n\n<p><\/p>\n\n\n\n<h2 class=\"wp-block-heading\"><div class=\"linha-header\"><strong>Aprecia\u00e7\u00e3o do Processo<\/strong><\/div><\/h2>\n\n\n\n<p class=\" \"><strong>Coordena\u00e7\u00e3o do Curso<\/strong><\/p>\n\n\n\n<ul class=\"wp-block-list\">\n<li>Aprecia\u00e7\u00e3o da solicita\u00e7\u00e3o e lan\u00e7amento do aproveitamento, se deferido;<\/li>\n<\/ul>\n\n\n\n<p><\/p>\n","protected":false},"excerpt":{"rendered":"<p>Documentos necess\u00e1rios para abertura do processo junto \u00e0 Coordena\u00e7\u00e3o &#8211; PPC Novo I&nbsp;&#8211;&nbsp;Requerimento&nbsp;; II&nbsp;&#8211; Documentos [&hellip;]<\/p>\n","protected":false},"author":63,"featured_media":0,"parent":0,"menu_order":0,"comment_status":"closed","ping_status":"closed","template":"","meta":{"footnotes":""},"class_list":["post-113","page","type-page","status-publish","hentry"],"_links":{"self":[{"href":"https:\/\/www.ccsa.ufpb.br\/atuariais\/wp-json\/wp\/v2\/pages\/113","targetHints":{"allow":["GET"]}}],"collection":[{"href":"https:\/\/www.ccsa.ufpb.br\/atuariais\/wp-json\/wp\/v2\/pages"}],"about":[{"href":"https:\/\/www.ccsa.ufpb.br\/atuariais\/wp-json\/wp\/v2\/types\/page"}],"author":[{"embeddable":true,"href":"https:\/\/www.ccsa.ufpb.br\/atuariais\/wp-json\/wp\/v2\/users\/63"}],"replies":[{"embeddable":true,"href":"https:\/\/www.ccsa.ufpb.br\/atuariais\/wp-json\/wp\/v2\/comments?post=113"}],"version-history":[{"count":8,"href":"https:\/\/www.ccsa.ufpb.br\/atuariais\/wp-json\/wp\/v2\/pages\/113\/revisions"}],"predecessor-version":[{"id":402,"href":"https:\/\/www.ccsa.ufpb.br\/atuariais\/wp-json\/wp\/v2\/pages\/113\/revisions\/402"}],"wp:attachment":[{"href":"https:\/\/www.ccsa.ufpb.br\/atuariais\/wp-json\/wp\/v2\/media?parent=113"}],"curies":[{"name":"wp","href":"https:\/\/api.w.org\/{rel}","templated":true}]}}