{"id":134,"date":"2025-09-25T12:02:43","date_gmt":"2025-09-25T15:02:43","guid":{"rendered":"https:\/\/www.ccsa.ufpb.br\/atuariais1\/?page_id=134"},"modified":"2025-09-25T12:07:09","modified_gmt":"2025-09-25T15:07:09","slug":"cadastro-de-estagio-no-sigaa","status":"publish","type":"page","link":"https:\/\/www.ccsa.ufpb.br\/atuariais\/cadastro-de-estagio-no-sigaa\/","title":{"rendered":"Cadastro de Est\u00e1gio no SIGAA"},"content":{"rendered":"\n<p><\/p>\n\n\n\n<p>A partir de 20\/07\/2017 todos os est\u00e1gios&nbsp;<strong>N\u00e3o-Obrigat\u00f3rio Externo,&nbsp;&nbsp;Obrigat\u00f3rio Interno<\/strong>&nbsp; e&nbsp;&nbsp;<strong>Obrigat\u00f3rio Externo<\/strong>, dever\u00e3o obrigatoriamente ser cadastrados no SIGAA.&nbsp;<\/p>\n\n\n\n<p>O Est\u00e1gio N\u00e3o-Obrigat\u00f3rio\u00a0<strong>INTERNO\u00a0<\/strong>&#8211; realizado no \u00e2mbito da UFPB,\u00a0caracterizado como bolsa-est\u00e1gio &#8211; \u00e9 a \u00daNICA exce\u00e7\u00e3o a essa regra,\u00a0ser\u00e1 formalizado atrav\u00e9s de processo, conforme consta na\u00a0INSTRU\u00c7\u00c3O NORMATIVA CONJUNTA N\u00ba 01 &#8211; PROGEP\/PROPLAN\/PRG\/GR DE 20 DE SETEMBRO DE 2016.<\/p>\n\n\n\n<div class=\"wp-block-file\"><a id=\"wp-block-file--media-4cfec63c-c5e2-4b0e-a759-1798c885fad8\" href=\"https:\/\/www.ccsa.ufpb.br\/atuariais\/wp-content\/uploads\/sites\/179\/sites\/387\/2025\/09\/bolsa-estagio-ufpb-instrucao-normativa-conjunta-n-01-de-20-09-16.pdf\" target=\"_blank\" rel=\"noreferrer noopener\">Download IN N\u00ba 01 &#8211; PROGEP\/PROPLAN\/PRG\/GR DE 20 DE SETEMBRO DE 2016.<\/a><a href=\"https:\/\/www.ccsa.ufpb.br\/atuariais\/wp-content\/uploads\/sites\/179\/sites\/387\/2025\/09\/bolsa-estagio-ufpb-instrucao-normativa-conjunta-n-01-de-20-09-16.pdf\" class=\"wp-block-file__button wp-element-button\" download aria-describedby=\"wp-block-file--media-4cfec63c-c5e2-4b0e-a759-1798c885fad8\">Baixar<\/a><\/div>\n\n\n\n<h2 class=\"wp-block-heading\"><div class=\"linha-header\"><br>Observa\u00e7\u00f5es:<\/div><\/h2>\n\n\n\n<p>1. S\u00f3 ser\u00e1 aceito na Coordena\u00e7\u00e3o do Curso para assinatura o Termo de Contrato de Est\u00e1gio (TCE) que j\u00e1 esteja com as informa\u00e7\u00f5es inseridas no SIGAA;<\/p>\n\n\n\n<p>2. O prazo para a devolu\u00e7\u00e3o do Termo de Contrato de Est\u00e1gio assinado \u00e9 de at\u00e9 48 horas \u00fateis.<\/p>\n\n\n\n<h2 class=\"wp-block-heading\"><div class=\"linha-header\">Instru\u00e7\u00f5es para cadastrar o &nbsp;Est\u00e1gio no SIGAA<br><\/div><\/h2>\n\n\n\n<p>O prazo para se inserir o est\u00e1gio no SIGAA \u00e9 de 30 dias da data de in\u00edcio do est\u00e1gio.<br><\/p>\n\n\n\n<p class=\" \"><strong>No primeiro passo, onde se insere a institui\u00e7\u00e3o conveniada, se o conv\u00eanio for:<\/strong><\/p>\n\n\n\n<p>1. DIRETO com a UFPB: insere-se a pr\u00f3pria institui\u00e7\u00e3o onde o est\u00e1gio ser\u00e1 realizado;<\/p>\n\n\n\n<p>2. Atrav\u00e9s de agente de integra\u00e7\u00e3o&nbsp;(CIEE, IEL, ABRH &#8211; PB e etc): insere-se o agente de integra\u00e7\u00e3o.<\/p>\n\n\n\n<p><strong>O discente ter\u00e1 que ter orientador nas atividades de est\u00e1gio, como rege a\u00a0Lei do Est\u00e1gio:<\/strong><\/p>\n\n\n\n<p>1. Est\u00e1gio N\u00e3o-Obrigat\u00f3rio: o discente deve procurar um professor orientador&nbsp;da \u00e1rea a ser desenvolvida no est\u00e1gio em um dos Departamentos que ofertam disciplinas obrigat\u00f3rias ao Curso de Ci\u00eancias Atuariais ( Finan\u00e7as e Contabilidade, Economia, Ci\u00eancia da Informa\u00e7\u00e3o, Matem\u00e1tica, Estat\u00edstica e Inform\u00e1tica);<\/p>\n\n\n\n<p>2. Est\u00e1gio Obrigat\u00f3rio: o professor orientador ser\u00e1 o professor da disciplina Est\u00e1gio Curricular ( N\u00e3o h\u00e1 est\u00e1gio obrigat\u00f3rio do PPC de Ci\u00eancias Atuariais).<\/p>\n\n\n\n<h3 class=\"wp-block-heading\">ATUALIZA\u00c7\u00c3O DOS PROCEDIMENTOS &#8211; N\u00e3o est\u00e1 no manual do CEM:<\/h3>\n\n\n\n<h3 class=\"wp-block-heading\">O DISCENTE FAZ O UPLOAD DO TERMO DE COMPROMISSO DE EST\u00c1GIO DIRETO NO SIGAA, N\u00c3O ENVIA MAIS PARA A COORDENA\u00c7\u00c3O VIA EMAIL.<\/h3>\n\n\n\n<p><strong>Ao final do cadastro \u00e9 necess\u00e1rio inserir (upar) o TCE escaneado &#8211; j\u00e1 com as tr\u00eas assinaturas &#8211; no SIGAA, entretanto se o conv\u00eanio for:<\/strong><\/p>\n\n\n\n<p><strong><\/strong>1. DIRETO com a UFPB: o TCE s\u00f3 estar\u00e1 dispon\u00edvel para download &nbsp;somente ap\u00f3s a aprova\u00e7\u00e3o do est\u00e1gio; ent\u00e3o o procedimento acima \u00c9 DISPENSADO e o est\u00e1gio ficar\u00e1 com o status de APROVADO at\u00e9 que se insira o TCE escaneado j\u00e1 com as tr\u00eas assinaturas, ent\u00e3o o status passar\u00e1 a ser ATIVO;<\/p>\n\n\n\n<p>2. Atrav\u00e9s de agente de integra\u00e7\u00e3o&nbsp;(CIEE, IEL, ABRH &#8211; PB e etc): o procedimento acima se torna OBRIGAT\u00d3RIO, o est\u00e1gio s\u00f3 ser\u00e1 aprovado se j\u00e1 conter o TCE inserido no SIGAA com as tr\u00eas assinaturas. O upload do TCE s\u00f3 \u00e9 permitido no ato do cadastro do est\u00e1gio, \u00e9 indicado s\u00f3 come\u00e7ar a fazer o cadastro depois que j\u00e1 tiver escaneado o TCE.<\/p>\n\n\n\n<h2 class=\"wp-block-heading\"><div class=\"linha-header\">Manual&nbsp; da Coordena\u00e7\u00e3o de Est\u00e1gio e Monitoria &#8211; CEM<\/div><\/h2>\n\n\n\n<p class=\" \">A Coordena\u00e7\u00e3o de Est\u00e1gio e Monitoria &#8211; CEM\/PRG elabora manuais &#8211; constantemente atualizados &#8211; com as instru\u00e7\u00f5es do cadastro de est\u00e1gio no SIGAA,&nbsp;segue o link:<\/p>\n\n\n\n<p class=\" \"><strong>Observar o Passo a Passo do discente e n\u00e3o deixe de levar em considera\u00e7\u00e3o as instru\u00e7\u00f5es acima.<\/strong><\/p>\n\n\n\n<p><a href=\"http:\/\/www.prg.ufpb.br\/prg\/cem\/menu-cem\/estagio-1\/formularios\" target=\"_blank\" rel=\"noreferrer noopener\">Manual de Cadastro no SIGAA &#8211; CEM<\/a><\/p>\n\n\n\n<p><a><br><\/a><\/p>\n\n\n\n<p><\/p>\n","protected":false},"excerpt":{"rendered":"<p>A partir de 20\/07\/2017 todos os est\u00e1gios&nbsp;N\u00e3o-Obrigat\u00f3rio Externo,&nbsp;&nbsp;Obrigat\u00f3rio Interno&nbsp; e&nbsp;&nbsp;Obrigat\u00f3rio Externo, dever\u00e3o obrigatoriamente ser cadastrados [&hellip;]<\/p>\n","protected":false},"author":63,"featured_media":0,"parent":0,"menu_order":0,"comment_status":"closed","ping_status":"closed","template":"","meta":{"footnotes":""},"class_list":["post-134","page","type-page","status-publish","hentry"],"_links":{"self":[{"href":"https:\/\/www.ccsa.ufpb.br\/atuariais\/wp-json\/wp\/v2\/pages\/134","targetHints":{"allow":["GET"]}}],"collection":[{"href":"https:\/\/www.ccsa.ufpb.br\/atuariais\/wp-json\/wp\/v2\/pages"}],"about":[{"href":"https:\/\/www.ccsa.ufpb.br\/atuariais\/wp-json\/wp\/v2\/types\/page"}],"author":[{"embeddable":true,"href":"https:\/\/www.ccsa.ufpb.br\/atuariais\/wp-json\/wp\/v2\/users\/63"}],"replies":[{"embeddable":true,"href":"https:\/\/www.ccsa.ufpb.br\/atuariais\/wp-json\/wp\/v2\/comments?post=134"}],"version-history":[{"count":5,"href":"https:\/\/www.ccsa.ufpb.br\/atuariais\/wp-json\/wp\/v2\/pages\/134\/revisions"}],"predecessor-version":[{"id":141,"href":"https:\/\/www.ccsa.ufpb.br\/atuariais\/wp-json\/wp\/v2\/pages\/134\/revisions\/141"}],"wp:attachment":[{"href":"https:\/\/www.ccsa.ufpb.br\/atuariais\/wp-json\/wp\/v2\/media?parent=134"}],"curies":[{"name":"wp","href":"https:\/\/api.w.org\/{rel}","templated":true}]}}