{"id":142,"date":"2025-09-26T09:51:09","date_gmt":"2025-09-26T12:51:09","guid":{"rendered":"https:\/\/www.ccsa.ufpb.br\/atuariais1\/?page_id=142"},"modified":"2025-09-26T09:51:10","modified_gmt":"2025-09-26T12:51:10","slug":"cancelamento-de-vinculo","status":"publish","type":"page","link":"https:\/\/www.ccsa.ufpb.br\/atuariais\/cancelamento-de-vinculo\/","title":{"rendered":"Cancelamento de V\u00ednculo"},"content":{"rendered":"\n<p><\/p>\n\n\n\n<p><strong>&nbsp;Documentos necess\u00e1rios para abertura do processo junto \u00e0 Coordena\u00e7\u00e3o<\/strong><\/p>\n\n\n\n<p><strong>I<\/strong>\u00a0&#8211;\u00a0Requerimento;<br><strong>II<\/strong>\u00a0&#8211; C\u00f3pia do documento de identifica\u00e7\u00e3o (conforme solicitado no requerimento).<\/p>\n\n\n\n<div class=\"wp-block-file\"><a id=\"wp-block-file--media-da7f30d6-6ca4-49a1-9aa1-9eb30bc4eaea\" href=\"https:\/\/www.ccsa.ufpb.br\/atuariais\/wp-content\/uploads\/sites\/179\/sites\/387\/2025\/09\/Cancelamento-de-Vinculo-Formulario.pdf\" target=\"_blank\" rel=\"noreferrer noopener\">Cancelamento de V\u00ednculo &#8211; Formul\u00e1rio<\/a><a href=\"https:\/\/www.ccsa.ufpb.br\/atuariais\/wp-content\/uploads\/sites\/179\/sites\/387\/2025\/09\/Cancelamento-de-Vinculo-Formulario.pdf\" class=\"wp-block-file__button wp-element-button\" download aria-describedby=\"wp-block-file--media-da7f30d6-6ca4-49a1-9aa1-9eb30bc4eaea\">Baixar<\/a><\/div>\n\n\n\n<p><\/p>\n\n\n\n<p>*Fonte: http:\/\/www.prg.ufpb.br\/prg\/codesc\/documentos\/formularios\/requerimento-cancelamento.pdf\/view<\/p>\n\n\n\n<p><strong>Aprecia\u00e7\u00e3o do Processo<\/strong><\/p>\n\n\n\n<ul class=\"wp-block-list\">\n<li>A solicita\u00e7\u00e3o de cancelamento de v\u00ednculo dever\u00e1 ser encaminhada pelo (a) aluno (a) para a Coordena\u00e7\u00e3o do Curso, a qual abrir\u00e1 o registro da solicita\u00e7\u00e3o via processo administrativo no SIPAC contendo a documenta\u00e7\u00e3o comprobat\u00f3ria, com destino \u00e0 unidade Subcoordena\u00e7\u00e3o de Admiss\u00e3o\/CA\/PRG<\/li>\n<\/ul>\n","protected":false},"excerpt":{"rendered":"<p>&nbsp;Documentos necess\u00e1rios para abertura do processo junto \u00e0 Coordena\u00e7\u00e3o I\u00a0&#8211;\u00a0Requerimento;II\u00a0&#8211; C\u00f3pia do documento de identifica\u00e7\u00e3o [&hellip;]<\/p>\n","protected":false},"author":63,"featured_media":0,"parent":0,"menu_order":0,"comment_status":"closed","ping_status":"closed","template":"","meta":{"footnotes":""},"class_list":["post-142","page","type-page","status-publish","hentry"],"_links":{"self":[{"href":"https:\/\/www.ccsa.ufpb.br\/atuariais\/wp-json\/wp\/v2\/pages\/142","targetHints":{"allow":["GET"]}}],"collection":[{"href":"https:\/\/www.ccsa.ufpb.br\/atuariais\/wp-json\/wp\/v2\/pages"}],"about":[{"href":"https:\/\/www.ccsa.ufpb.br\/atuariais\/wp-json\/wp\/v2\/types\/page"}],"author":[{"embeddable":true,"href":"https:\/\/www.ccsa.ufpb.br\/atuariais\/wp-json\/wp\/v2\/users\/63"}],"replies":[{"embeddable":true,"href":"https:\/\/www.ccsa.ufpb.br\/atuariais\/wp-json\/wp\/v2\/comments?post=142"}],"version-history":[{"count":1,"href":"https:\/\/www.ccsa.ufpb.br\/atuariais\/wp-json\/wp\/v2\/pages\/142\/revisions"}],"predecessor-version":[{"id":144,"href":"https:\/\/www.ccsa.ufpb.br\/atuariais\/wp-json\/wp\/v2\/pages\/142\/revisions\/144"}],"wp:attachment":[{"href":"https:\/\/www.ccsa.ufpb.br\/atuariais\/wp-json\/wp\/v2\/media?parent=142"}],"curies":[{"name":"wp","href":"https:\/\/api.w.org\/{rel}","templated":true}]}}