{"id":145,"date":"2025-09-26T09:53:00","date_gmt":"2025-09-26T12:53:00","guid":{"rendered":"https:\/\/www.ccsa.ufpb.br\/atuariais1\/?page_id=145"},"modified":"2025-09-26T09:54:13","modified_gmt":"2025-09-26T12:54:13","slug":"colacao-de-grau-em-separado","status":"publish","type":"page","link":"https:\/\/www.ccsa.ufpb.br\/atuariais\/colacao-de-grau-em-separado\/","title":{"rendered":"Cola\u00e7\u00e3o de Grau em Separado"},"content":{"rendered":"\n<p><\/p>\n\n\n\n<p><strong>&nbsp;Documentos necess\u00e1rios para abertura do processo junto \u00e0 Coordena\u00e7\u00e3o<\/strong><\/p>\n\n\n\n<p><strong>I<\/strong>\u00a0&#8211;\u00a0Requerimento;<br><strong>II<\/strong>\u00a0&#8211; Hist\u00f3rico Escolar atualizado;<br><strong>III<\/strong>\u00a0&#8211; Justificativa (emitida pelo aluno);<\/p>\n\n\n\n<div class=\"wp-block-file\"><a id=\"wp-block-file--media-1cb0646e-1de4-40fc-a545-026a887ad1fd\" href=\"https:\/\/www.ccsa.ufpb.br\/atuariais\/wp-content\/uploads\/sites\/179\/sites\/387\/2025\/09\/colacao.pdf\" target=\"_blank\" rel=\"noreferrer noopener\">Formul\u00e1rio &#8211; Cola\u00e7\u00e3o<\/a><a href=\"https:\/\/www.ccsa.ufpb.br\/atuariais\/wp-content\/uploads\/sites\/179\/sites\/387\/2025\/09\/colacao.pdf\" class=\"wp-block-file__button wp-element-button\" download aria-describedby=\"wp-block-file--media-1cb0646e-1de4-40fc-a545-026a887ad1fd\">Baixar<\/a><\/div>\n\n\n\n<p><br>\u00a0<\/p>\n\n\n\n<p>&nbsp;<strong>Aprecia\u00e7\u00e3o do Processo<\/strong><\/p>\n\n\n\n<p class=\" \"><strong>I. Coordena\u00e7\u00e3o do Curso<\/strong><\/p>\n\n\n\n<ul class=\"wp-block-list\">\n<li>Encaminhar\u00e1 \u00e0 Coordena\u00e7\u00e3o de Escolaridade para avalia\u00e7\u00e3o da cola\u00e7\u00e3o;<\/li>\n<\/ul>\n\n\n\n<p class=\" \"><strong>II. Coordena\u00e7\u00e3o de Escolaridade<\/strong><\/p>\n\n\n\n<ul class=\"wp-block-list\">\n<li>Sub-Coordena\u00e7\u00e3o de Cadastro Escolar<\/li>\n\n\n\n<li>Sub-Coordena\u00e7\u00e3o de Registro De Diplomas<\/li>\n<\/ul>\n\n\n\n<p>Apreciar\u00e1 o pedido e encaminhar\u00e1 o processo com a respectiva decis\u00e3o, \u00e0 Dire\u00e7\u00e3o de Centro &#8211; CSSA, autorizando ou n\u00e3o a cola\u00e7\u00e3o ;<\/p>\n\n\n\n<p class=\" \"><strong>III. Dire\u00e7\u00e3o de Centro &#8211; CSSA<\/strong><\/p>\n\n\n\n<ul class=\"wp-block-list\">\n<li>Atender\u00e1 a decis\u00e3o, realizando a cola\u00e7\u00e3o de grau, se assim for deferido.<\/li>\n<\/ul>\n\n\n\n<p class=\" \"><strong>IV. Coordena\u00e7\u00e3o do Curso<\/strong><\/p>\n\n\n\n<ul class=\"wp-block-list\">\n<li>Conclus\u00e3o do processo e emiss\u00e3o da certid\u00e3o de cola\u00e7\u00e3o de grau (se aprovada).<\/li>\n<\/ul>\n\n\n\n<p>Recomenda-se fazer a leitura da\u00a0Resolu\u00e7\u00e3o do\u00a0CONSEPE n\u00b016\/2015\u00a0(T\u00cdTULO XVII &#8211; CAP\u00cdTULO III &#8211; Art. 214 &#8211; 215)<strong>,\u00a0<\/strong>visando uma melhor compreens\u00e3o.<\/p>\n\n\n\n<div class=\"wp-block-file\"><a id=\"wp-block-file--media-9c12f60d-7039-4511-8a93-71804e170fe4\" href=\"https:\/\/www.ccsa.ufpb.br\/atuariais\/wp-content\/uploads\/sites\/179\/sites\/387\/2025\/09\/rsep16_2015.pdf\" target=\"_blank\" rel=\"noreferrer noopener\">Resolu\u00e7\u00e3o N\u00ba 16\/2015<\/a><a href=\"https:\/\/www.ccsa.ufpb.br\/atuariais\/wp-content\/uploads\/sites\/179\/sites\/387\/2025\/09\/rsep16_2015.pdf\" class=\"wp-block-file__button wp-element-button\" download aria-describedby=\"wp-block-file--media-9c12f60d-7039-4511-8a93-71804e170fe4\">Baixar<\/a><\/div>\n\n\n\n<p><\/p>\n","protected":false},"excerpt":{"rendered":"<p>&nbsp;Documentos necess\u00e1rios para abertura do processo junto \u00e0 Coordena\u00e7\u00e3o I\u00a0&#8211;\u00a0Requerimento;II\u00a0&#8211; Hist\u00f3rico Escolar atualizado;III\u00a0&#8211; Justificativa (emitida [&hellip;]<\/p>\n","protected":false},"author":63,"featured_media":0,"parent":0,"menu_order":0,"comment_status":"closed","ping_status":"closed","template":"","meta":{"footnotes":""},"class_list":["post-145","page","type-page","status-publish","hentry"],"_links":{"self":[{"href":"https:\/\/www.ccsa.ufpb.br\/atuariais\/wp-json\/wp\/v2\/pages\/145","targetHints":{"allow":["GET"]}}],"collection":[{"href":"https:\/\/www.ccsa.ufpb.br\/atuariais\/wp-json\/wp\/v2\/pages"}],"about":[{"href":"https:\/\/www.ccsa.ufpb.br\/atuariais\/wp-json\/wp\/v2\/types\/page"}],"author":[{"embeddable":true,"href":"https:\/\/www.ccsa.ufpb.br\/atuariais\/wp-json\/wp\/v2\/users\/63"}],"replies":[{"embeddable":true,"href":"https:\/\/www.ccsa.ufpb.br\/atuariais\/wp-json\/wp\/v2\/comments?post=145"}],"version-history":[{"count":2,"href":"https:\/\/www.ccsa.ufpb.br\/atuariais\/wp-json\/wp\/v2\/pages\/145\/revisions"}],"predecessor-version":[{"id":150,"href":"https:\/\/www.ccsa.ufpb.br\/atuariais\/wp-json\/wp\/v2\/pages\/145\/revisions\/150"}],"wp:attachment":[{"href":"https:\/\/www.ccsa.ufpb.br\/atuariais\/wp-json\/wp\/v2\/media?parent=145"}],"curies":[{"name":"wp","href":"https:\/\/api.w.org\/{rel}","templated":true}]}}