{"id":151,"date":"2025-09-26T09:59:30","date_gmt":"2025-09-26T12:59:30","guid":{"rendered":"https:\/\/www.ccsa.ufpb.br\/atuariais1\/?page_id=151"},"modified":"2025-09-26T10:02:20","modified_gmt":"2025-09-26T13:02:20","slug":"documentos-para-o-tcc","status":"publish","type":"page","link":"https:\/\/www.ccsa.ufpb.br\/atuariais\/documentos-para-o-tcc\/","title":{"rendered":"Documentos para o TCC"},"content":{"rendered":"\n<p><\/p>\n\n\n\n<h2 class=\"wp-block-heading\"><div class=\"linha-header\">PPC antigo\u00a0<\/div><\/h2>\n\n\n\n<div class=\"wp-block-file\"><a id=\"wp-block-file--media-01eb9c4b-34b3-4e9d-9163-7ae8722ca780\" href=\"https:\/\/www.ccsa.ufpb.br\/atuariais\/wp-content\/uploads\/sites\/179\/sites\/387\/2025\/09\/manual-de-tcc_2023-2.pdf\" target=\"_blank\" rel=\"noreferrer noopener\">Manual para Trabalho de Conclus\u00e3o do Curso (TCC) de Ci\u00eancias Atuariais<\/a><a href=\"https:\/\/www.ccsa.ufpb.br\/atuariais\/wp-content\/uploads\/sites\/179\/sites\/387\/2025\/09\/manual-de-tcc_2023-2.pdf\" class=\"wp-block-file__button wp-element-button\" download aria-describedby=\"wp-block-file--media-01eb9c4b-34b3-4e9d-9163-7ae8722ca780\">Baixar<\/a><\/div>\n\n\n\n<div class=\"wp-block-file\"><a id=\"wp-block-file--media-c2405eda-65f5-4d90-a598-9e15c9ab4ce1\" href=\"https:\/\/www.ccsa.ufpb.br\/atuariais\/wp-content\/uploads\/sites\/179\/sites\/387\/2025\/09\/termo-de-compromisso-para-a-orientacao-1.pdf\" target=\"_blank\" rel=\"noreferrer noopener\">Termo de compromisso para orienta\u00e7\u00e3o<\/a><a href=\"https:\/\/www.ccsa.ufpb.br\/atuariais\/wp-content\/uploads\/sites\/179\/sites\/387\/2025\/09\/termo-de-compromisso-para-a-orientacao-1.pdf\" class=\"wp-block-file__button wp-element-button\" download aria-describedby=\"wp-block-file--media-c2405eda-65f5-4d90-a598-9e15c9ab4ce1\">Baixar<\/a><\/div>\n\n\n\n<div class=\"wp-block-file\"><a id=\"wp-block-file--media-e7245a1b-f39d-4c95-9316-8b2e201f21a0\" href=\"https:\/\/www.ccsa.ufpb.br\/atuariais\/wp-content\/uploads\/sites\/179\/sites\/387\/2025\/09\/protocolo-de-entrega-do-tcc-2.pdf\" target=\"_blank\" rel=\"noreferrer noopener\">Protocolo de entrega final do TCC 2<\/a><a href=\"https:\/\/www.ccsa.ufpb.br\/atuariais\/wp-content\/uploads\/sites\/179\/sites\/387\/2025\/09\/protocolo-de-entrega-do-tcc-2.pdf\" class=\"wp-block-file__button wp-element-button\" download aria-describedby=\"wp-block-file--media-e7245a1b-f39d-4c95-9316-8b2e201f21a0\">Baixar<\/a><\/div>\n\n\n\n<div class=\"wp-block-file\"><a id=\"wp-block-file--media-80906ce3-5138-4d88-bea2-53f6fa24b1b6\" href=\"https:\/\/www.ccsa.ufpb.br\/atuariais\/wp-content\/uploads\/sites\/179\/sites\/387\/2025\/09\/termo-de-autorizacao-para-publicacao-eletronica-no-repositorio-institucional-da-ufpb_enviar-com-a-versao-final.pdf\" target=\"_blank\" rel=\"noreferrer noopener\">Termo de autoriza\u00e7\u00e3o para publica\u00e7\u00e3o de trabalho<\/a><a href=\"https:\/\/www.ccsa.ufpb.br\/atuariais\/wp-content\/uploads\/sites\/179\/sites\/387\/2025\/09\/termo-de-autorizacao-para-publicacao-eletronica-no-repositorio-institucional-da-ufpb_enviar-com-a-versao-final.pdf\" class=\"wp-block-file__button wp-element-button\" download aria-describedby=\"wp-block-file--media-80906ce3-5138-4d88-bea2-53f6fa24b1b6\">Baixar<\/a><\/div>\n\n\n\n<div class=\"wp-block-file\"><a id=\"wp-block-file--media-7bf70b17-9c2c-4664-a6e8-87eae749cceb\" href=\"https:\/\/www.ccsa.ufpb.br\/atuariais\/wp-content\/uploads\/sites\/179\/sites\/387\/2025\/09\/Ficha-catalografica-e-TCC.pdf\" target=\"_blank\" rel=\"noreferrer noopener\">Ficha catalogr\u00e1fica e TCC<\/a><a href=\"https:\/\/www.ccsa.ufpb.br\/atuariais\/wp-content\/uploads\/sites\/179\/sites\/387\/2025\/09\/Ficha-catalografica-e-TCC.pdf\" class=\"wp-block-file__button wp-element-button\" download aria-describedby=\"wp-block-file--media-7bf70b17-9c2c-4664-a6e8-87eae749cceb\">Baixar<\/a><\/div>\n\n\n\n<div class=\"wp-block-file\"><a id=\"wp-block-file--media-51fb08bb-ff88-47c9-b14a-9f52e3526187\" href=\"https:\/\/www.ccsa.ufpb.br\/atuariais\/wp-content\/uploads\/sites\/179\/sites\/387\/2025\/09\/template_apresentacao-tcc.pptx\">Template para apresenta\u00e7\u00e3o\u00a0<\/a><a href=\"https:\/\/www.ccsa.ufpb.br\/atuariais\/wp-content\/uploads\/sites\/179\/sites\/387\/2025\/09\/template_apresentacao-tcc.pptx\" class=\"wp-block-file__button wp-element-button\" download aria-describedby=\"wp-block-file--media-51fb08bb-ff88-47c9-b14a-9f52e3526187\">Baixar<\/a><\/div>\n\n\n\n<h2 class=\"wp-block-heading\"><div class=\"linha-header\">PPC novo<\/div><\/h2>\n\n\n\n<p>Em&nbsp;desenvolvimento<\/p>\n","protected":false},"excerpt":{"rendered":"<p>PPC antigo\u00a0 PPC novo Em&nbsp;desenvolvimento<\/p>\n","protected":false},"author":63,"featured_media":0,"parent":0,"menu_order":0,"comment_status":"closed","ping_status":"closed","template":"","meta":{"footnotes":""},"class_list":["post-151","page","type-page","status-publish","hentry"],"_links":{"self":[{"href":"https:\/\/www.ccsa.ufpb.br\/atuariais\/wp-json\/wp\/v2\/pages\/151","targetHints":{"allow":["GET"]}}],"collection":[{"href":"https:\/\/www.ccsa.ufpb.br\/atuariais\/wp-json\/wp\/v2\/pages"}],"about":[{"href":"https:\/\/www.ccsa.ufpb.br\/atuariais\/wp-json\/wp\/v2\/types\/page"}],"author":[{"embeddable":true,"href":"https:\/\/www.ccsa.ufpb.br\/atuariais\/wp-json\/wp\/v2\/users\/63"}],"replies":[{"embeddable":true,"href":"https:\/\/www.ccsa.ufpb.br\/atuariais\/wp-json\/wp\/v2\/comments?post=151"}],"version-history":[{"count":2,"href":"https:\/\/www.ccsa.ufpb.br\/atuariais\/wp-json\/wp\/v2\/pages\/151\/revisions"}],"predecessor-version":[{"id":160,"href":"https:\/\/www.ccsa.ufpb.br\/atuariais\/wp-json\/wp\/v2\/pages\/151\/revisions\/160"}],"wp:attachment":[{"href":"https:\/\/www.ccsa.ufpb.br\/atuariais\/wp-json\/wp\/v2\/media?parent=151"}],"curies":[{"name":"wp","href":"https:\/\/api.w.org\/{rel}","templated":true}]}}