{"id":161,"date":"2025-09-26T10:06:58","date_gmt":"2025-09-26T13:06:58","guid":{"rendered":"https:\/\/www.ccsa.ufpb.br\/atuariais1\/?page_id=161"},"modified":"2025-09-26T10:06:58","modified_gmt":"2025-09-26T13:06:58","slug":"emissao-de-diploma","status":"publish","type":"page","link":"https:\/\/www.ccsa.ufpb.br\/atuariais\/emissao-de-diploma\/","title":{"rendered":"Emiss\u00e3o de Diploma"},"content":{"rendered":"\n<p><\/p>\n\n\n\n<p><strong>DOCUMENTOS NECESS\u00c1RIOS PARA ABERTURA DO PROCESSO JUNTO A COORDENA\u00c7\u00c3O*<\/strong><\/p>\n\n\n\n<p class=\" \"><strong>I<\/strong>\u00a0&#8211;\u00a0Requerimento;<br><strong>II &#8211;\u00a0<\/strong>Documenta\u00e7\u00e3o oficial de identifica\u00e7\u00e3o civil com foto (Ex. RG, CNH, Passaporte etc.) do\/a discente;<br><strong>III &#8211;\u00a0<\/strong>Certid\u00e3o de Nascimento ou de Casamento do\/a discente;<br><strong>IV &#8211;<\/strong>\u00a0T\u00edtulo de Eleitor do\/a discente;<br><strong>V &#8211;\u00a0<\/strong>Certid\u00e3o de Quita\u00e7\u00e3o Eleitoral do\/a discente;<br><strong>VI &#8211;\u00a0<\/strong>Prova de Conclus\u00e3o do Ensino M\u00e9dio (Certificado de Conclus\u00e3o de Ensino M\u00e9dio) do\/a discente;<br><strong>VII &#8211;\u00a0<\/strong>Ato de naturaliza\u00e7\u00e3o do\/a discente, publicado no Di\u00e1rio Oficial da Uni\u00e3o (exclusivamente para\u00a0estrangeiros naturalizados no Brasil);<br><strong>VIII &#8211;\u00a0<\/strong>Comprova\u00e7\u00e3o de conclus\u00e3o de est\u00e1gio curricular do\/a discente (opcional).<br><strong>IX &#8211;\u00a0<\/strong>Hist\u00f3rico Acad\u00eamico da Gradua\u00e7\u00e3o do\/a discente;<br><strong>X &#8211;\u00a0<\/strong>Prova de Cola\u00e7\u00e3o de Grau (Certificado de Conclus\u00e3o do Curso de Gradua\u00e7\u00e3o emitido no Sistema<br>Integrado de Gest\u00e3o das Atividades Acad\u00eamicas &#8211; SIGAA);<\/p>\n\n\n\n<div class=\"wp-block-file\"><a id=\"wp-block-file--media-5c1e0dc5-27c9-4fd7-aa69-b9573614a254\" href=\"https:\/\/www.ccsa.ufpb.br\/atuariais\/wp-content\/uploads\/sites\/179\/sites\/387\/2025\/09\/requerimento-de-1a-via-de-diploma.pdf\" target=\"_blank\" rel=\"noreferrer noopener\">Requerimento de 1\u00aa via de Diploma<\/a><a href=\"https:\/\/www.ccsa.ufpb.br\/atuariais\/wp-content\/uploads\/sites\/179\/sites\/387\/2025\/09\/requerimento-de-1a-via-de-diploma.pdf\" class=\"wp-block-file__button wp-element-button\" download aria-describedby=\"wp-block-file--media-5c1e0dc5-27c9-4fd7-aa69-b9573614a254\">Baixar<\/a><\/div>\n\n\n\n<p><\/p>\n\n\n\n<p class=\" \">Os documentos citados dever\u00e3o estar no formato PDF\/A (preferencialmente) ou PDF e\u00a0anexados separadamente no sistema em cada item especificado.<\/p>\n\n\n\n<p class=\" \">*Conforme instru\u00e7\u00e3o Normativa 01\/22 PRG<\/p>\n\n\n\n<div class=\"wp-block-file\"><a id=\"wp-block-file--media-2f3688a5-8baf-4c8f-92c5-8af15cfb350a\" href=\"https:\/\/www.ccsa.ufpb.br\/atuariais\/wp-content\/uploads\/sites\/179\/sites\/387\/2025\/09\/instrucao_normativa_1-2022_-_diploma_digital-1.pdf\" target=\"_blank\" rel=\"noreferrer noopener\">Instru\u00e7\u00e3o Normativa 1\/2022 &#8211; PRG<\/a><a href=\"https:\/\/www.ccsa.ufpb.br\/atuariais\/wp-content\/uploads\/sites\/179\/sites\/387\/2025\/09\/instrucao_normativa_1-2022_-_diploma_digital-1.pdf\" class=\"wp-block-file__button wp-element-button\" download aria-describedby=\"wp-block-file--media-2f3688a5-8baf-4c8f-92c5-8af15cfb350a\">Baixar<\/a><\/div>\n\n\n\n<p><\/p>\n\n\n\n<h2 class=\"wp-block-heading\"><div class=\"linha-header\"><strong>TR\u00c2MITE DO PROCESSO<\/strong><\/div><\/h2>\n\n\n\n<p class=\" \"><strong>I. Coordena\u00e7\u00e3o do Curso<\/strong><\/p>\n\n\n\n<ul class=\"wp-block-list\">\n<li>Emiss\u00e3o da ata de cola\u00e7\u00e3o de grau,<\/li>\n\n\n\n<li>Abertura de \u00fanico processo; e<\/li>\n\n\n\n<li>Encaminhamento \u00e0 CODESC\/PRG<\/li>\n<\/ul>\n\n\n\n<p>&nbsp;<strong>PRAZOS**<\/strong><\/p>\n\n\n\n<p><br>Art. 10 Os diplomas ser\u00e3o expedidos no prazo m\u00e1ximo de at\u00e9 60 (sessenta dias), contados da data de cola\u00e7\u00e3o<br>de grau do discente egresso, salvo prorroga\u00e7\u00e3o, expressamente motivada, por igual per\u00edodo.<\/p>\n\n\n\n<p>Art. 11 Os discentes egressos dever\u00e3o apresentar \u00e0 Coordena\u00e7\u00e3o do Curso, no prazo de at\u00e9 cinco dias \u00fateis,<br>anteriores \u00e0 data da cola\u00e7\u00e3o de grau, os documentos listados nos incisos II a VII do Art. 5\u00ba.<\/p>\n\n\n\n<p>Art. 12 As Coordena\u00e7\u00f5es de Curso dever\u00e3o remeter os processos de emiss\u00e3o de diploma dentro do prazo de<br>at\u00e9 quinze dias \u00fateis, contados da data de cola\u00e7\u00e3o de grau de cada um de seus egressos.<\/p>\n\n\n\n<p>Art. 13 A inobserv\u00e2ncia do prazo previsto no Art. 12 implicar\u00e1 na contagem dos prazos a partir da data do<br>envio do processo eletr\u00f4nico, devendo conter nos autos a justificativa motivadora do atraso.<\/p>\n\n\n\n<p><strong>DO ACESSO DO DISCENTE EGRESSO AO DIPLOMA DIGITAL<\/strong><\/p>\n\n\n\n<p>Art. 14 O discente egresso ter\u00e1 acesso ao diploma digital no formato Extensible Markup Language -XML ap\u00f3s a finaliza\u00e7\u00e3o do registro, utilizando os seguintes comandos no Portal Discente do SIGAA:&nbsp;Ensino &gt; Diploma Digital &gt; Diploma Digital Assinado (XML).<br><br>Art. 15 O discente poder\u00e1 baixar o arquivo em formato PDF referente \u00e0 representa\u00e7\u00e3o visual do Diploma Digital (RVDD) ap\u00f3s valida\u00e7\u00e3o do documento, utilizando os seguintes comandos no Portal Discente do SIGAA: Portal Discente &gt; Ensino &gt; Diploma Digital &gt; Visualizar Representa\u00e7\u00e3o Visual do Diploma Digital.<br><br>Art. 16 A RVDD possui o mesmo visual do diploma outrora impresso pela UFPB.<br><br><strong>VALIDA\u00c7\u00c3O DO DIPLOMA DIGITAL<\/strong><br><br>Art. 17 A valida\u00e7\u00e3o do diploma digital ser\u00e1 efetuada no Portal P\u00fablico do SIGAA (dispon\u00edvel em &lt;https:\/\/sigaa.ufpb.br\/sigaa\/public\/&gt;), por meio dos seguintes comandos: Acad\u00eamico &gt; Autentica\u00e7\u00e3o de Documentos &gt; Ensino &gt; Diploma Digital.<br><br>Art. 18 Para ter acesso ao c\u00f3digo de valida\u00e7\u00e3o, o usu\u00e1rio precisa possuir o XML do Diploma Digital ou a RVDD.<br><br>Art. 19 Caso o Diploma Digital esteja v\u00e1lido, ser\u00e3o apresentadas as seguintes informa\u00e7\u00f5es na p\u00e1gina de valida\u00e7\u00e3o: dados p\u00fablicos do registro do diploma, status e hist\u00f3rico do processo de registro, links para baixar a representa\u00e7\u00e3o visual e para que o usu\u00e1rio seja redirecionado para o validador do XML do diploma no portal do Minist\u00e9rio da Educa\u00e7\u00e3o (MEC).<br><br>Art. 20 Caso o Diploma Digital esteja suspenso ou revogado, ser\u00e1 apresentado apenas o status e o hist\u00f3rico<br>do diploma.<\/p>\n\n\n\n<p>**\u00a0Conforme instru\u00e7\u00e3o Normativa 01\/22 PRG<\/p>\n\n\n\n<div class=\"wp-block-file\"><a id=\"wp-block-file--media-2f3688a5-8baf-4c8f-92c5-8af15cfb350a\" href=\"https:\/\/www.ccsa.ufpb.br\/atuariais\/wp-content\/uploads\/sites\/179\/sites\/387\/2025\/09\/instrucao_normativa_1-2022_-_diploma_digital-1.pdf\" target=\"_blank\" rel=\"noreferrer noopener\">Instru\u00e7\u00e3o Normativa 1\/2022 &#8211; PRG<\/a><a href=\"https:\/\/www.ccsa.ufpb.br\/atuariais\/wp-content\/uploads\/sites\/179\/sites\/387\/2025\/09\/instrucao_normativa_1-2022_-_diploma_digital-1.pdf\" class=\"wp-block-file__button wp-element-button\" download aria-describedby=\"wp-block-file--media-2f3688a5-8baf-4c8f-92c5-8af15cfb350a\">Baixar<\/a><\/div>\n\n\n\n<p><\/p>\n","protected":false},"excerpt":{"rendered":"<p>DOCUMENTOS NECESS\u00c1RIOS PARA ABERTURA DO PROCESSO JUNTO A COORDENA\u00c7\u00c3O* I\u00a0&#8211;\u00a0Requerimento;II &#8211;\u00a0Documenta\u00e7\u00e3o oficial de identifica\u00e7\u00e3o civil [&hellip;]<\/p>\n","protected":false},"author":63,"featured_media":0,"parent":0,"menu_order":0,"comment_status":"closed","ping_status":"closed","template":"","meta":{"footnotes":""},"class_list":["post-161","page","type-page","status-publish","hentry"],"_links":{"self":[{"href":"https:\/\/www.ccsa.ufpb.br\/atuariais\/wp-json\/wp\/v2\/pages\/161","targetHints":{"allow":["GET"]}}],"collection":[{"href":"https:\/\/www.ccsa.ufpb.br\/atuariais\/wp-json\/wp\/v2\/pages"}],"about":[{"href":"https:\/\/www.ccsa.ufpb.br\/atuariais\/wp-json\/wp\/v2\/types\/page"}],"author":[{"embeddable":true,"href":"https:\/\/www.ccsa.ufpb.br\/atuariais\/wp-json\/wp\/v2\/users\/63"}],"replies":[{"embeddable":true,"href":"https:\/\/www.ccsa.ufpb.br\/atuariais\/wp-json\/wp\/v2\/comments?post=161"}],"version-history":[{"count":1,"href":"https:\/\/www.ccsa.ufpb.br\/atuariais\/wp-json\/wp\/v2\/pages\/161\/revisions"}],"predecessor-version":[{"id":164,"href":"https:\/\/www.ccsa.ufpb.br\/atuariais\/wp-json\/wp\/v2\/pages\/161\/revisions\/164"}],"wp:attachment":[{"href":"https:\/\/www.ccsa.ufpb.br\/atuariais\/wp-json\/wp\/v2\/media?parent=161"}],"curies":[{"name":"wp","href":"https:\/\/api.w.org\/{rel}","templated":true}]}}