{"id":171,"date":"2025-09-26T10:13:57","date_gmt":"2025-09-26T13:13:57","guid":{"rendered":"https:\/\/www.ccsa.ufpb.br\/atuariais1\/?page_id=171"},"modified":"2025-09-26T10:16:04","modified_gmt":"2025-09-26T13:16:04","slug":"mudanca-de-turno","status":"publish","type":"page","link":"https:\/\/www.ccsa.ufpb.br\/atuariais\/mudanca-de-turno\/","title":{"rendered":"Mudan\u00e7a de Turno"},"content":{"rendered":"\n<p><\/p>\n\n\n\n<p><strong>Documentos necess\u00e1rios:<\/strong><\/p>\n\n\n\n<p>I &#8211; Formul\u00e1rio de mudan\u00e7a de turno, conforme modelo dispon\u00edvel na p\u00e1gina eletr\u00f4nica da Pr\u00f3-Reitoria de Gradua\u00e7\u00e3o;<br>II &#8211; Documento comprobat\u00f3rio justificando o pedido de mudan\u00e7a de turno;<br>III &#8211; Documenta\u00e7\u00e3o oficial de identifica\u00e7\u00e3o civil com foto (Ex. RG, CNH, Passaporte etc.) do\/a discente; e<br>IV &#8211; Declara\u00e7\u00e3o de v\u00ednculo emitida via Sistema Integrado de Gest\u00e3o das Atividades Acad\u00eamicas &#8211; SIGAA.<\/p>\n\n\n\n<div class=\"wp-block-file\"><a id=\"wp-block-file--media-ecb8ef34-0a8a-4a33-9da5-98c2a7cace40\" href=\"https:\/\/www.ccsa.ufpb.br\/atuariais\/wp-content\/uploads\/sites\/179\/sites\/387\/2025\/09\/FORMULARIO-DE-MUDANCA-DE-TURNO-3.pdf\" target=\"_blank\" rel=\"noreferrer noopener\">Formul\u00e1rio de Mudan\u00e7a de Turno<\/a><a href=\"https:\/\/www.ccsa.ufpb.br\/atuariais\/wp-content\/uploads\/sites\/179\/sites\/387\/2025\/09\/FORMULARIO-DE-MUDANCA-DE-TURNO-3.pdf\" class=\"wp-block-file__button wp-element-button\" download aria-describedby=\"wp-block-file--media-ecb8ef34-0a8a-4a33-9da5-98c2a7cace40\">Baixar<\/a><\/div>\n\n\n\n<ul class=\"wp-block-list\"><\/ul>\n\n\n\n<p><strong>Informa\u00e7\u00f5es importantes:<\/strong><\/p>\n\n\n\n<div class=\"wp-block-file\"><a id=\"wp-block-file--media-beafd4f2-5c50-4c59-9e2a-6500ba7e8ce6\" href=\"https:\/\/www.ccsa.ufpb.br\/atuariais\/wp-content\/uploads\/sites\/179\/sites\/387\/2025\/09\/resp29-20-resolucao-de-graduacao-3.pdf\" target=\"_blank\" rel=\"noreferrer noopener\">Ler a Resolu\u00e7\u00e3o n\u00ba. 29\/2020 do CONSEPE<\/a><a href=\"https:\/\/www.ccsa.ufpb.br\/atuariais\/wp-content\/uploads\/sites\/179\/sites\/387\/2025\/09\/resp29-20-resolucao-de-graduacao-3.pdf\" class=\"wp-block-file__button wp-element-button\" download aria-describedby=\"wp-block-file--media-beafd4f2-5c50-4c59-9e2a-6500ba7e8ce6\">Baixar<\/a><\/div>\n\n\n\n<div class=\"wp-block-file\"><a id=\"wp-block-file--media-032b5c9c-f36f-4508-9bc8-5cd2fafed37b\" href=\"https:\/\/www.ccsa.ufpb.br\/atuariais\/wp-content\/uploads\/sites\/179\/sites\/387\/2025\/09\/instrucao-normativa-no-05-2022-prg-1-mudanca-de-turno.pdf\" target=\"_blank\" rel=\"noreferrer noopener\">Ler Instru\u00e7\u00e3o Normativa n\u00ba 05\/2022 da PRG<\/a><a href=\"https:\/\/www.ccsa.ufpb.br\/atuariais\/wp-content\/uploads\/sites\/179\/sites\/387\/2025\/09\/instrucao-normativa-no-05-2022-prg-1-mudanca-de-turno.pdf\" class=\"wp-block-file__button wp-element-button\" download aria-describedby=\"wp-block-file--media-032b5c9c-f36f-4508-9bc8-5cd2fafed37b\">Baixar<\/a><\/div>\n\n\n\n<p><\/p>\n\n\n\n<p><\/p>\n","protected":false},"excerpt":{"rendered":"<p>Documentos necess\u00e1rios: I &#8211; Formul\u00e1rio de mudan\u00e7a de turno, conforme modelo dispon\u00edvel na p\u00e1gina eletr\u00f4nica [&hellip;]<\/p>\n","protected":false},"author":63,"featured_media":0,"parent":0,"menu_order":0,"comment_status":"closed","ping_status":"closed","template":"","meta":{"footnotes":""},"class_list":["post-171","page","type-page","status-publish","hentry"],"_links":{"self":[{"href":"https:\/\/www.ccsa.ufpb.br\/atuariais\/wp-json\/wp\/v2\/pages\/171","targetHints":{"allow":["GET"]}}],"collection":[{"href":"https:\/\/www.ccsa.ufpb.br\/atuariais\/wp-json\/wp\/v2\/pages"}],"about":[{"href":"https:\/\/www.ccsa.ufpb.br\/atuariais\/wp-json\/wp\/v2\/types\/page"}],"author":[{"embeddable":true,"href":"https:\/\/www.ccsa.ufpb.br\/atuariais\/wp-json\/wp\/v2\/users\/63"}],"replies":[{"embeddable":true,"href":"https:\/\/www.ccsa.ufpb.br\/atuariais\/wp-json\/wp\/v2\/comments?post=171"}],"version-history":[{"count":2,"href":"https:\/\/www.ccsa.ufpb.br\/atuariais\/wp-json\/wp\/v2\/pages\/171\/revisions"}],"predecessor-version":[{"id":177,"href":"https:\/\/www.ccsa.ufpb.br\/atuariais\/wp-json\/wp\/v2\/pages\/171\/revisions\/177"}],"wp:attachment":[{"href":"https:\/\/www.ccsa.ufpb.br\/atuariais\/wp-json\/wp\/v2\/media?parent=171"}],"curies":[{"name":"wp","href":"https:\/\/api.w.org\/{rel}","templated":true}]}}