{"id":178,"date":"2025-09-26T10:20:00","date_gmt":"2025-09-26T13:20:00","guid":{"rendered":"https:\/\/www.ccsa.ufpb.br\/atuariais1\/?page_id=178"},"modified":"2025-09-26T10:20:19","modified_gmt":"2025-09-26T13:20:19","slug":"reingresso","status":"publish","type":"page","link":"https:\/\/www.ccsa.ufpb.br\/atuariais\/reingresso\/","title":{"rendered":"Reingresso"},"content":{"rendered":"\n<p><\/p>\n\n\n\n<p><strong>Documenta\u00e7\u00e3o necess\u00e1ria<\/strong><\/p>\n\n\n\n<ul class=\"wp-block-list\">\n<li>Requerimento de Reingresso\u00a0do(a) discente, dispon\u00edvel na p\u00e1gina da Coordena\u00e7\u00e3o do Curso<\/li>\n\n\n\n<li>Documento Oficial de Identifica\u00e7\u00e3o com foto (RG, CNH, Passaporte, etc.) digitalizado;<\/li>\n\n\n\n<li>Hist\u00f3rico Escolar atualizado.<\/li>\n<\/ul>\n\n\n\n<div class=\"wp-block-file\"><a id=\"wp-block-file--media-97648cfd-2d6a-449e-a96a-779e274ee666\" href=\"https:\/\/www.ccsa.ufpb.br\/atuariais\/wp-content\/uploads\/sites\/179\/sites\/387\/2025\/09\/reingresso-formulario.pdf\" target=\"_blank\" rel=\"noreferrer noopener\">Formul\u00e1rio de Reingresso<\/a><a href=\"https:\/\/www.ccsa.ufpb.br\/atuariais\/wp-content\/uploads\/sites\/179\/sites\/387\/2025\/09\/reingresso-formulario.pdf\" class=\"wp-block-file__button wp-element-button\" download aria-describedby=\"wp-block-file--media-97648cfd-2d6a-449e-a96a-779e274ee666\">Baixar<\/a><\/div>\n\n\n\n<p><\/p>\n\n\n\n<p><strong>Previs\u00e3o legal<\/strong><\/p>\n\n\n\n<p>Requisitos:<\/p>\n\n\n\n<p>I &#8211; Exista vaga para o curso de origem;<\/p>\n\n\n\n<p>II &#8211; Possua Coeficiente de Rendimento Acad\u00eamico (CRA) igual ou superior a 5,0 (cinco);<\/p>\n\n\n\n<p>III &#8211;&nbsp; Parecer favor\u00e1vel do Colegiado do Curso acerca da viabilidade de conclus\u00e3o do curso no per\u00edodo regulamentar.<\/p>\n\n\n\n<p>O&nbsp;abandono do curso deve ter ocorrido h\u00e1, no m\u00e1ximo, 05 (cinco) per\u00edodos letivos.<\/p>\n\n\n\n<p>O reingresso ser\u00e1 permitido uma \u00fanica vez.<\/p>\n\n\n\n<p><strong>Etapas do processo<\/strong><\/p>\n\n\n\n<p><strong>Discente<\/strong><\/p>\n\n\n\n<ol class=\"wp-block-list\">\n<li>Entregar toda a documenta\u00e7\u00e3o na Divis\u00e3o de Protocolo e Expedi\u00e7\u00e3o de Documentos (DPEX), localizada na Reitoria\/Campus I\/UFPB, ou enviar\u00a0via\u00a0Plataforma de Recebimento de Documentos Externos (PREDE), conforme orienta\u00e7\u00f5es de\u00a0envio de documentos externos;<\/li>\n\n\n\n<li>Acompanhar movimenta\u00e7\u00e3o do processo no\u00a0SIPAC.<\/li>\n<\/ol>\n\n\n\n<p><strong>Coordena\u00e7\u00e3o do Curso<\/strong><\/p>\n\n\n\n<ul class=\"wp-block-list\">\n<li>Encaminhar o processo ao Colegiado do Curso.<\/li>\n<\/ul>\n\n\n\n<p><strong>Colegiado do Curso<\/strong><\/p>\n\n\n\n<ul class=\"wp-block-list\">\n<li>\u00a0Analisar o reingresso do interessado no seu curso de origem.<\/li>\n<\/ul>\n\n\n\n<p><strong><a href=\"http:\/\/prg.ufpb.br\/\" target=\"_blank\" rel=\"noreferrer noopener\">Pr\u00f3-Reitoria de Gradua\u00e7\u00e3o<\/a>&nbsp;(PRG)<\/strong><\/p>\n\n\n\n<ul class=\"wp-block-list\">\n<li>Em caso de aprova\u00e7\u00e3o pelo Colegiado do Curso,\u00a0registrar o reingresso do interessado no seu curso de origem.<\/li>\n<\/ul>\n\n\n\n<p><strong>Base Legal<\/strong><\/p>\n\n\n\n<p>Resolu\u00e7\u00e3o CONSEPE n.\u00ba 29\/2020, artigos 115 a 119.<\/p>\n\n\n\n<div class=\"wp-block-file\"><a id=\"wp-block-file--media-e476d0c2-8d83-489e-b126-42fce82425f4\" href=\"https:\/\/www.ccsa.ufpb.br\/atuariais\/wp-content\/uploads\/sites\/179\/sites\/387\/2025\/09\/resp29-20-resolucao-de-graduacao-4.pdf\" target=\"_blank\" rel=\"noreferrer noopener\">Download Resolu\u00e7\u00e3o n\u00ba 29\/2020 CONSEPE<\/a><a href=\"https:\/\/www.ccsa.ufpb.br\/atuariais\/wp-content\/uploads\/sites\/179\/sites\/387\/2025\/09\/resp29-20-resolucao-de-graduacao-4.pdf\" class=\"wp-block-file__button wp-element-button\" download aria-describedby=\"wp-block-file--media-e476d0c2-8d83-489e-b126-42fce82425f4\">Baixar<\/a><\/div>\n","protected":false},"excerpt":{"rendered":"<p>Documenta\u00e7\u00e3o necess\u00e1ria Previs\u00e3o legal Requisitos: I &#8211; Exista vaga para o curso de origem; II [&hellip;]<\/p>\n","protected":false},"author":63,"featured_media":0,"parent":0,"menu_order":0,"comment_status":"closed","ping_status":"closed","template":"","meta":{"footnotes":""},"class_list":["post-178","page","type-page","status-publish","hentry"],"_links":{"self":[{"href":"https:\/\/www.ccsa.ufpb.br\/atuariais\/wp-json\/wp\/v2\/pages\/178","targetHints":{"allow":["GET"]}}],"collection":[{"href":"https:\/\/www.ccsa.ufpb.br\/atuariais\/wp-json\/wp\/v2\/pages"}],"about":[{"href":"https:\/\/www.ccsa.ufpb.br\/atuariais\/wp-json\/wp\/v2\/types\/page"}],"author":[{"embeddable":true,"href":"https:\/\/www.ccsa.ufpb.br\/atuariais\/wp-json\/wp\/v2\/users\/63"}],"replies":[{"embeddable":true,"href":"https:\/\/www.ccsa.ufpb.br\/atuariais\/wp-json\/wp\/v2\/comments?post=178"}],"version-history":[{"count":1,"href":"https:\/\/www.ccsa.ufpb.br\/atuariais\/wp-json\/wp\/v2\/pages\/178\/revisions"}],"predecessor-version":[{"id":181,"href":"https:\/\/www.ccsa.ufpb.br\/atuariais\/wp-json\/wp\/v2\/pages\/178\/revisions\/181"}],"wp:attachment":[{"href":"https:\/\/www.ccsa.ufpb.br\/atuariais\/wp-json\/wp\/v2\/media?parent=178"}],"curies":[{"name":"wp","href":"https:\/\/api.w.org\/{rel}","templated":true}]}}