{"id":182,"date":"2025-09-26T10:21:16","date_gmt":"2025-09-26T13:21:16","guid":{"rendered":"https:\/\/www.ccsa.ufpb.br\/atuariais1\/?page_id=182"},"modified":"2025-09-26T10:21:16","modified_gmt":"2025-09-26T13:21:16","slug":"reposicao-de-exercicio","status":"publish","type":"page","link":"https:\/\/www.ccsa.ufpb.br\/atuariais\/reposicao-de-exercicio\/","title":{"rendered":"Reposi\u00e7\u00e3o de Exerc\u00edcio"},"content":{"rendered":"\n<p><\/p>\n\n\n\n<p>De acordo com o Art. 85 da Resolu\u00e7\u00e3o Consepe 29\/2020\u00a0<strong><em>&#8220;O discente que n\u00e3o realizar \u00e0 atividade acad\u00eamica avaliativa programada, ter\u00e1 direito a um exerc\u00edcio de reposi\u00e7\u00e3o por componente curricular, por per\u00edodo letivo, devendo o conte\u00fado ser o mesmo do exerc\u00edcio anterior ao qual n\u00e3o realizou.&#8221;<\/em><\/strong><\/p>\n\n\n\n<p><\/p>\n","protected":false},"excerpt":{"rendered":"<p>De acordo com o Art. 85 da Resolu\u00e7\u00e3o Consepe 29\/2020\u00a0&#8220;O discente que n\u00e3o realizar \u00e0 [&hellip;]<\/p>\n","protected":false},"author":63,"featured_media":0,"parent":0,"menu_order":0,"comment_status":"closed","ping_status":"closed","template":"","meta":{"footnotes":""},"class_list":["post-182","page","type-page","status-publish","hentry"],"_links":{"self":[{"href":"https:\/\/www.ccsa.ufpb.br\/atuariais\/wp-json\/wp\/v2\/pages\/182","targetHints":{"allow":["GET"]}}],"collection":[{"href":"https:\/\/www.ccsa.ufpb.br\/atuariais\/wp-json\/wp\/v2\/pages"}],"about":[{"href":"https:\/\/www.ccsa.ufpb.br\/atuariais\/wp-json\/wp\/v2\/types\/page"}],"author":[{"embeddable":true,"href":"https:\/\/www.ccsa.ufpb.br\/atuariais\/wp-json\/wp\/v2\/users\/63"}],"replies":[{"embeddable":true,"href":"https:\/\/www.ccsa.ufpb.br\/atuariais\/wp-json\/wp\/v2\/comments?post=182"}],"version-history":[{"count":1,"href":"https:\/\/www.ccsa.ufpb.br\/atuariais\/wp-json\/wp\/v2\/pages\/182\/revisions"}],"predecessor-version":[{"id":183,"href":"https:\/\/www.ccsa.ufpb.br\/atuariais\/wp-json\/wp\/v2\/pages\/182\/revisions\/183"}],"wp:attachment":[{"href":"https:\/\/www.ccsa.ufpb.br\/atuariais\/wp-json\/wp\/v2\/media?parent=182"}],"curies":[{"name":"wp","href":"https:\/\/api.w.org\/{rel}","templated":true}]}}