{"id":21,"date":"2025-09-25T08:43:37","date_gmt":"2025-09-25T11:43:37","guid":{"rendered":"https:\/\/www.ccsa.ufpb.br\/atuariais1\/?page_id=21"},"modified":"2025-09-25T08:43:37","modified_gmt":"2025-09-25T11:43:37","slug":"lager","status":"publish","type":"page","link":"https:\/\/www.ccsa.ufpb.br\/atuariais\/lager\/","title":{"rendered":"LAGER"},"content":{"rendered":"\n<p><\/p>\n\n\n\n<p>O projeto intitulado<strong>&nbsp;\u201cLaborat\u00f3rio de Gerenciamento de Risco (LAGER)\u201d<\/strong>&nbsp;tem por objetivo levar \u00e0 sociedade conhecimento sobre as pr\u00e1ticas de gerenciamento de riscos. Este ano (2020) o projeto est\u00e1 disseminando conhecimento (orienta\u00e7\u00f5es) sobre gerenciamento de risco (conscientiza\u00e7\u00e3o\/uso de ferramentas) no \u00e2mbito dos Micro empres\u00e1rios individuais (MEI) e das micro e pequenas empresas (MPE). Ou seja, como as empresas podem aplicar ferramentas de Gerenciamento de riscos no aux\u00edlio das suas atividades econ\u00f4micas.<\/p>\n\n\n\n<p>Atualmente, o projeto conta com a participa\u00e7\u00e3o de 14 alunos (volunt\u00e1rios) dividindo-os em tr\u00eas grupos:<\/p>\n\n\n\n<p><strong>Grupo1:<\/strong>&nbsp;produzindo material te\u00f3rico para futuros mini cursos\/ palestras;<br><strong>Grupo2:<\/strong>&nbsp;Produzindo um material mais resumo para que possa ser entregue nas empresas;<br><strong>Grupo3:<\/strong>&nbsp;Visitas t\u00e9cnicas, buscando empresas (de todos os setores) que queiram conhecer\/aprender\/ ter a capacidade de utilizar o Gerenciamento de Riscos.<\/p>\n\n\n\n<p>Na pr\u00e1tica, os alunos passam por um treinamento, de modo que tenham condi\u00e7\u00f5es de irem \u00e0s empresas divulgar a import\u00e2ncia do gerenciamento de risco e como os empres\u00e1rios podem aplicar na sua empresa.&nbsp;<\/p>\n\n\n\n<p>A sele\u00e7\u00e3o dos participantes \u00e9 anual, baseada, principalmente, no CRA do aluno, onde ser\u00e3o analisadas algumas informa\u00e7\u00f5es necess\u00e1rias.<\/p>\n\n\n\n<p>No nosso principal canal de divulga\u00e7\u00e3o os alunos do projeto elaboram e divulgam conte\u00fados sobre o tema (MPE, informa\u00e7\u00f5es sobre gerenciamento de riscos etc.)<\/p>\n\n\n\n<p>Para mais informa\u00e7\u00f5es acesse o nosso Instagram: @lagerufpb<\/p>\n","protected":false},"excerpt":{"rendered":"<p>O projeto intitulado&nbsp;\u201cLaborat\u00f3rio de Gerenciamento de Risco (LAGER)\u201d&nbsp;tem por objetivo levar \u00e0 sociedade conhecimento sobre [&hellip;]<\/p>\n","protected":false},"author":63,"featured_media":0,"parent":0,"menu_order":0,"comment_status":"closed","ping_status":"closed","template":"","meta":{"footnotes":""},"class_list":["post-21","page","type-page","status-publish","hentry"],"_links":{"self":[{"href":"https:\/\/www.ccsa.ufpb.br\/atuariais\/wp-json\/wp\/v2\/pages\/21","targetHints":{"allow":["GET"]}}],"collection":[{"href":"https:\/\/www.ccsa.ufpb.br\/atuariais\/wp-json\/wp\/v2\/pages"}],"about":[{"href":"https:\/\/www.ccsa.ufpb.br\/atuariais\/wp-json\/wp\/v2\/types\/page"}],"author":[{"embeddable":true,"href":"https:\/\/www.ccsa.ufpb.br\/atuariais\/wp-json\/wp\/v2\/users\/63"}],"replies":[{"embeddable":true,"href":"https:\/\/www.ccsa.ufpb.br\/atuariais\/wp-json\/wp\/v2\/comments?post=21"}],"version-history":[{"count":1,"href":"https:\/\/www.ccsa.ufpb.br\/atuariais\/wp-json\/wp\/v2\/pages\/21\/revisions"}],"predecessor-version":[{"id":22,"href":"https:\/\/www.ccsa.ufpb.br\/atuariais\/wp-json\/wp\/v2\/pages\/21\/revisions\/22"}],"wp:attachment":[{"href":"https:\/\/www.ccsa.ufpb.br\/atuariais\/wp-json\/wp\/v2\/media?parent=21"}],"curies":[{"name":"wp","href":"https:\/\/api.w.org\/{rel}","templated":true}]}}