{"id":349,"date":"2025-09-26T14:36:18","date_gmt":"2025-09-26T17:36:18","guid":{"rendered":"https:\/\/www.ccsa.ufpb.br\/atuariais1\/?page_id=349"},"modified":"2025-09-26T14:36:18","modified_gmt":"2025-09-26T17:36:18","slug":"empresa-junior-de-ciencias-atuariais","status":"publish","type":"page","link":"https:\/\/www.ccsa.ufpb.br\/atuariais\/empresa-junior-de-ciencias-atuariais\/","title":{"rendered":"Empresa J\u00fanior de Ci\u00eancias Atuariais"},"content":{"rendered":"\n<p><\/p>\n\n\n\n<p>A a\u00e7\u00e3o de Extens\u00e3o &#8216;2023 &#8211; Empresa J\u00fanior de Ci\u00eancias Atuariais &#8211; Aegis Consultoria Atuarial Jr. &#8211; Cria\u00e7\u00e3o&#8217;, coordenada pelos prof. Luiz Carlos Santos J\u00fanior e Alu\u00edsio M\u00e1rio Lins Souto, e com a participa\u00e7\u00e3o do colaborador externo \u00cdtalo Igor Gomes Nascimento, foi aprovado e j\u00e1 est\u00e1 em execu\u00e7\u00e3o. A diretoria e os conselhos fiscal e de administra\u00e7\u00e3o, referentes ao per\u00edodo de 15\/06\/2023 a 31\/12\/2023, j\u00e1 est\u00e3o montados e s\u00e3o compostos por:<\/p>\n\n\n\n<p>Site:&nbsp;<a href=\"https:\/\/aegisatuarialjr.wixsite.com\/ufpb\" target=\"_blank\" rel=\"noreferrer noopener\">https:\/\/aegisatuarialjr.wixsite.com\/ufpb<\/a><\/p>\n\n\n\n<p>Participantes:&nbsp;<a href=\"https:\/\/aegisatuarialjr.wixsite.com\/ufpb\/sobre-n%C3%B3s\" target=\"_blank\" rel=\"noreferrer noopener\">https:\/\/aegisatuarialjr.wixsite.com\/ufpb\/sobre-n%C3%B3s<\/a><\/p>\n","protected":false},"excerpt":{"rendered":"<p>A a\u00e7\u00e3o de Extens\u00e3o &#8216;2023 &#8211; Empresa J\u00fanior de Ci\u00eancias Atuariais &#8211; Aegis Consultoria Atuarial [&hellip;]<\/p>\n","protected":false},"author":63,"featured_media":0,"parent":0,"menu_order":0,"comment_status":"closed","ping_status":"closed","template":"","meta":{"footnotes":""},"class_list":["post-349","page","type-page","status-publish","hentry"],"_links":{"self":[{"href":"https:\/\/www.ccsa.ufpb.br\/atuariais\/wp-json\/wp\/v2\/pages\/349","targetHints":{"allow":["GET"]}}],"collection":[{"href":"https:\/\/www.ccsa.ufpb.br\/atuariais\/wp-json\/wp\/v2\/pages"}],"about":[{"href":"https:\/\/www.ccsa.ufpb.br\/atuariais\/wp-json\/wp\/v2\/types\/page"}],"author":[{"embeddable":true,"href":"https:\/\/www.ccsa.ufpb.br\/atuariais\/wp-json\/wp\/v2\/users\/63"}],"replies":[{"embeddable":true,"href":"https:\/\/www.ccsa.ufpb.br\/atuariais\/wp-json\/wp\/v2\/comments?post=349"}],"version-history":[{"count":1,"href":"https:\/\/www.ccsa.ufpb.br\/atuariais\/wp-json\/wp\/v2\/pages\/349\/revisions"}],"predecessor-version":[{"id":350,"href":"https:\/\/www.ccsa.ufpb.br\/atuariais\/wp-json\/wp\/v2\/pages\/349\/revisions\/350"}],"wp:attachment":[{"href":"https:\/\/www.ccsa.ufpb.br\/atuariais\/wp-json\/wp\/v2\/media?parent=349"}],"curies":[{"name":"wp","href":"https:\/\/api.w.org\/{rel}","templated":true}]}}