{"id":351,"date":"2025-09-26T14:38:55","date_gmt":"2025-09-26T17:38:55","guid":{"rendered":"https:\/\/www.ccsa.ufpb.br\/atuariais1\/?page_id=351"},"modified":"2026-03-04T15:53:59","modified_gmt":"2026-03-04T18:53:59","slug":"ciencias-autuariais","status":"publish","type":"page","link":"https:\/\/www.ccsa.ufpb.br\/atuariais\/ciencias-autuariais\/","title":{"rendered":"Ci\u00eancias Atuariais"},"content":{"rendered":"\n<p><\/p>\n\n\n\n<p><a href=\"https:\/\/www.ccsa.ufpb.br\/atuariais\/sobre-o-curso\/\" data-type=\"page\" data-id=\"29\" target=\"_blank\" rel=\"noreferrer noopener\">Sobre o Curso<\/a><\/p>\n\n\n\n<p><a href=\"https:\/\/www.ccsa.ufpb.br\/atuariais\/estrutura-curricular\/\" data-type=\"page\" data-id=\"44\">Estrutura Curricular<\/a><\/p>\n\n\n\n<p><a href=\"https:\/\/www.ccsa.ufpb.br\/atuariais\/dados-da-coordenacao-e-da-universidade\/\" data-type=\"page\" data-id=\"52\">Dados da Coordena\u00e7\u00e3o e da Universidade<\/a><\/p>\n\n\n\n<p><a href=\"https:\/\/www.ccsa.ufpb.br\/atuariais\/projeto-pedagogico-do-curso-ppc\/\" data-type=\"page\" data-id=\"87\">Projeto Pedag\u00f3gico do Curso (PPC)<\/a><\/p>\n\n\n\n<p><a href=\"https:\/\/www.ccsa.ufpb.br\/atuariais\/professores-departamentos\/\" data-type=\"page\" data-id=\"60\">Professores \/ Departamentos<\/a><\/p>\n\n\n\n<p><a href=\"https:\/\/sigaa.ufpb.br\/sigaa\/public\/curso\/alunos.jsf?lc=pt_BR&amp;id=1626665\">Corpo Discente<\/a><\/p>\n\n\n\n<p><a href=\"https:\/\/www.ccsa.ufpb.br\/atuariais\/portarias-internas\/\" data-type=\"page\" data-id=\"65\">Portarias Internas<\/a><\/p>\n\n\n\n<p><a href=\"https:\/\/www.ccsa.ufpb.br\/atuariais\/nde\/\" data-type=\"page\" data-id=\"76\" target=\"_blank\" rel=\"noreferrer noopener\">NDE<\/a><\/p>\n\n\n\n<p><a href=\"https:\/\/www.ccsa.ufpb.br\/atuariais\/colegiado-do-curso\/\" data-type=\"page\" data-id=\"78\">Colegiado do Curso<\/a><\/p>\n","protected":false},"excerpt":{"rendered":"<p>Sobre o Curso Estrutura Curricular Dados da Coordena\u00e7\u00e3o e da Universidade Projeto Pedag\u00f3gico do Curso [&hellip;]<\/p>\n","protected":false},"author":63,"featured_media":0,"parent":0,"menu_order":0,"comment_status":"closed","ping_status":"closed","template":"","meta":{"footnotes":""},"class_list":["post-351","page","type-page","status-publish","hentry"],"_links":{"self":[{"href":"https:\/\/www.ccsa.ufpb.br\/atuariais\/wp-json\/wp\/v2\/pages\/351","targetHints":{"allow":["GET"]}}],"collection":[{"href":"https:\/\/www.ccsa.ufpb.br\/atuariais\/wp-json\/wp\/v2\/pages"}],"about":[{"href":"https:\/\/www.ccsa.ufpb.br\/atuariais\/wp-json\/wp\/v2\/types\/page"}],"author":[{"embeddable":true,"href":"https:\/\/www.ccsa.ufpb.br\/atuariais\/wp-json\/wp\/v2\/users\/63"}],"replies":[{"embeddable":true,"href":"https:\/\/www.ccsa.ufpb.br\/atuariais\/wp-json\/wp\/v2\/comments?post=351"}],"version-history":[{"count":7,"href":"https:\/\/www.ccsa.ufpb.br\/atuariais\/wp-json\/wp\/v2\/pages\/351\/revisions"}],"predecessor-version":[{"id":438,"href":"https:\/\/www.ccsa.ufpb.br\/atuariais\/wp-json\/wp\/v2\/pages\/351\/revisions\/438"}],"wp:attachment":[{"href":"https:\/\/www.ccsa.ufpb.br\/atuariais\/wp-json\/wp\/v2\/media?parent=351"}],"curies":[{"name":"wp","href":"https:\/\/api.w.org\/{rel}","templated":true}]}}