{"id":44,"date":"2025-09-25T09:40:34","date_gmt":"2025-09-25T12:40:34","guid":{"rendered":"https:\/\/www.ccsa.ufpb.br\/atuariais1\/?page_id=44"},"modified":"2026-04-16T18:15:07","modified_gmt":"2026-04-16T21:15:07","slug":"estrutura-curricular","status":"publish","type":"page","link":"https:\/\/www.ccsa.ufpb.br\/atuariais\/estrutura-curricular\/","title":{"rendered":"Estrutura Curricular"},"content":{"rendered":"\n<p>Explore as disciplinas e caminhos acad\u00eamicos dispon\u00edveis na Estrutura Curricular do curso<\/p>\n\n\n\n<p>O curso de Ci\u00eancias Atuariais da UFPB, ofertado de modo anual, \u00e9 estruturado sob uma carga hor\u00e1ria de 3.000 horas, equivalentes a 200&nbsp;cr\u00e9ditos (ou seja, 1 cr\u00e9dito corresponde a 15 horas), distribu\u00edda em 8 semestres;&nbsp;<br>Os conte\u00fados curriculares (obrigat\u00f3rios, optativos e flex\u00edveis) definidos no projeto Pedag\u00f3gico&nbsp;est\u00e3o divididos como&nbsp;conte\u00fados b\u00e1sicos profissionais,&nbsp; complementares obrigat\u00f3rios e&nbsp;optativos, podendo ter carga hor\u00e1ria a dist\u00e2ncia ofertada de forma integral ou parcial, desde&nbsp;que esta oferta n\u00e3o ultrapasse 20% da carga hor\u00e1ria total do curso presencial, conforme o&nbsp;\u00a73o do artigo 46 da Resolu\u00e7\u00e3o CONSEPE\/UFPB no 29\/20 (que aprova o Regulamento&nbsp;Geral de Gradua\u00e7\u00e3o da Universidade Federal da Para\u00edba, e revoga a resolu\u00e7\u00e3o no 16\/2015).<\/p>\n\n\n\n<p>A credita\u00e7\u00e3o de extens\u00e3o no curso de Ci\u00eancias Atuariais da UFPB corresponde a&nbsp;13,5% da carga hor\u00e1ria total do curso, isto \u00e9, a 405 horas ou 27 cr\u00e9ditos. Ela \u00e9 inclu\u00edda na&nbsp;&nbsp;estrutura curricular por meio dos componentes curriculares (obrigat\u00f3rios, optativos e&nbsp;flex\u00edveis) , em conformidade com a Resolu\u00e7\u00e3o CONSEPE\/UFPB no 02\/22:&nbsp;a) disciplinas; b) est\u00e1gio supervisionado n\u00e3o obrigat\u00f3rio; c) atividades de extens\u00e3o&nbsp;provenientes de editais da PROEX, desde que na condi\u00e7\u00e3o de membro da equipe&nbsp;executora; d) experi\u00eancia profissional.<\/p>\n\n\n\n<p>Em rela\u00e7\u00e3o \u00e0 credita\u00e7\u00e3o de extens\u00e3o viabilizada por meio de componentes&nbsp;obrigat\u00f3rios (disciplinas) e optativos (disciplinas), tem-se que 13 disciplinas, possuem&nbsp;propor\u00e7\u00e3o de carga hor\u00e1ria voltada para a extens\u00e3o, sendo 6 obrigat\u00f3rias e 7 optativas,&nbsp;al\u00e9m de 14 por conte\u00fado complementar flex\u00edveis.<\/p>\n\n\n\n<h2 class=\"wp-block-heading\"><div class=\"linha-header\"><strong>PROJETO PEDAG\u00d3GICO 2024.1<\/strong><\/div><\/h2>\n\n\n\n<p><\/p>\n\n\n\n<div class=\"wp-block-file\"><a id=\"wp-block-file--media-e152942b-7c45-4849-92bb-54be148d7f5b\" href=\"https:\/\/www.ccsa.ufpb.br\/atuariais\/wp-content\/uploads\/sites\/179\/sites\/387\/2025\/09\/grade.pdf\" target=\"_blank\" rel=\"noreferrer noopener\">Fluxograma Atual<\/a><a href=\"https:\/\/www.ccsa.ufpb.br\/atuariais\/wp-content\/uploads\/sites\/179\/sites\/387\/2025\/09\/grade.pdf\" class=\"wp-block-file__button wp-element-button\" download aria-describedby=\"wp-block-file--media-e152942b-7c45-4849-92bb-54be148d7f5b\">Baixar<\/a><\/div>\n\n\n\n<p><\/p>\n\n\n\n<p class=\" \"><strong><em><a href=\"https:\/\/sigaa.ufpb.br\/sigaa\/public\/curso\/curriculo.jsf?lc=pt_BR&amp;id=1626665\" target=\"_blank\" rel=\"noreferrer noopener\">Curr\u00edculos<\/a><\/em><\/strong><\/p>\n\n\n\n<p><\/p>\n\n\n\n<h2 class=\"wp-block-heading\"><div class=\"linha-header\"><strong>PROJETO PEDAG\u00d3GICO AT\u00c9 2023.2<\/strong><\/div><\/h2>\n\n\n\n<p class=\" \"><\/p>\n\n\n\n<p><a href=\"https:\/\/drive.ufpb.br\/s\/Ccz8ZgaF3cBJpyK\">Fluxograma Tarde<\/a><\/p>\n\n\n\n<p><a href=\"https:\/\/drive.ufpb.br\/s\/xXkLRbC3tZZeTKm\">Fluxograma Noite<\/a><\/p>\n\n\n\n<p class=\" \"><strong><em><a href=\"https:\/\/sigaa.ufpb.br\/sigaa\/public\/curso\/curriculo.jsf?lc=pt_BR&amp;id=1626665\" target=\"_blank\" rel=\"noreferrer noopener\">Curr\u00edculos<br><\/a><\/em><\/strong><\/p>\n\n\n\n<p><\/p>\n","protected":false},"excerpt":{"rendered":"<p>Explore as disciplinas e caminhos acad\u00eamicos dispon\u00edveis na Estrutura Curricular do curso O curso de [&hellip;]<\/p>\n","protected":false},"author":63,"featured_media":0,"parent":0,"menu_order":0,"comment_status":"closed","ping_status":"closed","template":"","meta":{"footnotes":""},"class_list":["post-44","page","type-page","status-publish","hentry"],"_links":{"self":[{"href":"https:\/\/www.ccsa.ufpb.br\/atuariais\/wp-json\/wp\/v2\/pages\/44","targetHints":{"allow":["GET"]}}],"collection":[{"href":"https:\/\/www.ccsa.ufpb.br\/atuariais\/wp-json\/wp\/v2\/pages"}],"about":[{"href":"https:\/\/www.ccsa.ufpb.br\/atuariais\/wp-json\/wp\/v2\/types\/page"}],"author":[{"embeddable":true,"href":"https:\/\/www.ccsa.ufpb.br\/atuariais\/wp-json\/wp\/v2\/users\/63"}],"replies":[{"embeddable":true,"href":"https:\/\/www.ccsa.ufpb.br\/atuariais\/wp-json\/wp\/v2\/comments?post=44"}],"version-history":[{"count":6,"href":"https:\/\/www.ccsa.ufpb.br\/atuariais\/wp-json\/wp\/v2\/pages\/44\/revisions"}],"predecessor-version":[{"id":479,"href":"https:\/\/www.ccsa.ufpb.br\/atuariais\/wp-json\/wp\/v2\/pages\/44\/revisions\/479"}],"wp:attachment":[{"href":"https:\/\/www.ccsa.ufpb.br\/atuariais\/wp-json\/wp\/v2\/media?parent=44"}],"curies":[{"name":"wp","href":"https:\/\/api.w.org\/{rel}","templated":true}]}}