{"id":56,"date":"2025-09-25T11:03:02","date_gmt":"2025-09-25T14:03:02","guid":{"rendered":"https:\/\/www.ccsa.ufpb.br\/atuariais1\/?page_id=56"},"modified":"2026-02-05T18:52:39","modified_gmt":"2026-02-05T21:52:39","slug":"projeto-pedagogico-do-curso-ppc","status":"publish","type":"page","link":"https:\/\/www.ccsa.ufpb.br\/atuariais\/projeto-pedagogico-do-curso-ppc\/","title":{"rendered":"Projeto Pedag\u00f3gico do Curso (PPC)"},"content":{"rendered":"\n<p>Confira aqui os Projetos Pedag\u00f3gicos do Curso em vigor<\/p>\n\n\n\n<p>De acordo com a Resolu\u00e7\u00e3o CONSEPE 29\/2020, os Projetos Pedag\u00f3gicos dos Cursos de Gradua\u00e7\u00e3o (PPC) presenciais e a dist\u00e2ncia da UFPB expressam os principais par\u00e2metros para a a\u00e7\u00e3o educativa, por meio de um conjunto de a\u00e7\u00f5es s\u00f3cio-pol\u00edticas e t\u00e9cnico-pedag\u00f3gicas, garantindo a forma\u00e7\u00e3o global e cr\u00edtica do indiv\u00edduo, como forma de capacit\u00e1-lo para o exerc\u00edcio da cidadania, e tomam por base:<\/p>\n\n\n\n<p>I \u2013 A pol\u00edtica de ensino, pesquisa e extens\u00e3o de gradua\u00e7\u00e3o.<\/p>\n\n\n\n<p>II \u2013 O Plano de Desenvolvimento Institucional (PDI) e o Projeto Pedag\u00f3gico Institucional<br>(PPI).<\/p>\n\n\n\n<p>III \u2013 Os dispositivos fixados no Regimento Geral da Universidade.<\/p>\n\n\n\n<p>IV \u2013 As normas emanadas dos \u00f3rg\u00e3os educacionais referentes \u00e0s Diretrizes Curriculares&nbsp;Nacionais (DCNs) dos Cursos de Gradua\u00e7\u00e3o e dos Cursos Superiores de Tecnologia.<\/p>\n\n\n\n<div class=\"wp-block-file\"><a id=\"wp-block-file--media-d710eeeb-9b51-445c-8f70-ab1da25220c7\" href=\"https:\/\/www.ccsa.ufpb.br\/atuariais\/wp-content\/uploads\/sites\/179\/sites\/387\/2025\/09\/resoluo_26-2023_consepe-1.pdf\" target=\"_blank\" rel=\"noreferrer noopener\">Projeto Pedag\u00f3gico do Curso de Gradua\u00e7\u00e3o em Ci\u00eancias Atuariais (a partir de 2024.1)<\/a><a href=\"https:\/\/www.ccsa.ufpb.br\/atuariais\/wp-content\/uploads\/sites\/179\/sites\/387\/2025\/09\/resoluo_26-2023_consepe-1.pdf\" class=\"wp-block-file__button wp-element-button\" download aria-describedby=\"wp-block-file--media-d710eeeb-9b51-445c-8f70-ab1da25220c7\">Baixar<\/a><\/div>\n\n\n\n<div class=\"wp-block-file\"><a id=\"wp-block-file--media-97e4c6a4-4d59-442d-b119-54b127254a72\" href=\"https:\/\/www.ccsa.ufpb.br\/atuariais\/wp-content\/uploads\/sites\/179\/sites\/387\/2025\/09\/rsep63_2010.pdf\" target=\"_blank\" rel=\"noreferrer noopener\">Projeto Pedag\u00f3gico do Curso de Gradua\u00e7\u00e3o em Ci\u00eancias Atuariais (at\u00e9 2023.2)<\/a><a href=\"https:\/\/www.ccsa.ufpb.br\/atuariais\/wp-content\/uploads\/sites\/179\/sites\/387\/2025\/09\/rsep63_2010.pdf\" class=\"wp-block-file__button wp-element-button\" download aria-describedby=\"wp-block-file--media-97e4c6a4-4d59-442d-b119-54b127254a72\">Baixar<\/a><\/div>\n\n\n\n<p><\/p>\n","protected":false},"excerpt":{"rendered":"<p>Confira aqui os Projetos Pedag\u00f3gicos do Curso em vigor De acordo com a Resolu\u00e7\u00e3o CONSEPE [&hellip;]<\/p>\n","protected":false},"author":63,"featured_media":0,"parent":0,"menu_order":0,"comment_status":"closed","ping_status":"closed","template":"","meta":{"footnotes":""},"class_list":["post-56","page","type-page","status-publish","hentry"],"_links":{"self":[{"href":"https:\/\/www.ccsa.ufpb.br\/atuariais\/wp-json\/wp\/v2\/pages\/56","targetHints":{"allow":["GET"]}}],"collection":[{"href":"https:\/\/www.ccsa.ufpb.br\/atuariais\/wp-json\/wp\/v2\/pages"}],"about":[{"href":"https:\/\/www.ccsa.ufpb.br\/atuariais\/wp-json\/wp\/v2\/types\/page"}],"author":[{"embeddable":true,"href":"https:\/\/www.ccsa.ufpb.br\/atuariais\/wp-json\/wp\/v2\/users\/63"}],"replies":[{"embeddable":true,"href":"https:\/\/www.ccsa.ufpb.br\/atuariais\/wp-json\/wp\/v2\/comments?post=56"}],"version-history":[{"count":1,"href":"https:\/\/www.ccsa.ufpb.br\/atuariais\/wp-json\/wp\/v2\/pages\/56\/revisions"}],"predecessor-version":[{"id":59,"href":"https:\/\/www.ccsa.ufpb.br\/atuariais\/wp-json\/wp\/v2\/pages\/56\/revisions\/59"}],"wp:attachment":[{"href":"https:\/\/www.ccsa.ufpb.br\/atuariais\/wp-json\/wp\/v2\/media?parent=56"}],"curies":[{"name":"wp","href":"https:\/\/api.w.org\/{rel}","templated":true}]}}