{"id":60,"date":"2025-09-25T11:04:19","date_gmt":"2025-09-25T14:04:19","guid":{"rendered":"https:\/\/www.ccsa.ufpb.br\/atuariais1\/?page_id=60"},"modified":"2025-09-25T11:05:26","modified_gmt":"2025-09-25T14:05:26","slug":"professores-departamentos","status":"publish","type":"page","link":"https:\/\/www.ccsa.ufpb.br\/atuariais\/professores-departamentos\/","title":{"rendered":"Professores \/ Departamentos"},"content":{"rendered":"\n<p>Confira lista de professores por Departamentos que integram o curso de Ci\u00eancias Atuariais<\/p>\n\n\n\n<p><strong>PROJETO PEDAG\u00d3GICO EM VIGOR<\/strong><\/p>\n\n\n\n<p><strong>DEPARTAMENTO DE FINAN\u00c7AS E CONTABILIDADE \/ CCSA<br>Corpo Docente:&nbsp;<a href=\"https:\/\/sigaa.ufpb.br\/sigaa\/public\/departamento\/professores.jsf?id=1332\" target=\"_blank\" rel=\"noreferrer noopener\">SIGAA DFC<\/a><br><\/strong>Disciplinas ofertadas pelo Departamento<\/p>\n\n\n\n<ul class=\"wp-block-list\">\n<li>INTRODU\u00c7\u00c3O \u00c0S CI\u00caNCIAS ATUARIAIS &#8211; 60h<\/li>\n\n\n\n<li>CONTABILIDADE GERAL PARA ATU\u00c1RIA I &#8211; 60h<\/li>\n\n\n\n<li>INTRODU\u00c7\u00c3O AO ESTUDO DO DIREITO APLICADO \u00c0 ATU\u00c1RIA &#8211; 60h<\/li>\n\n\n\n<li>CONTABILIDADE GERAL PARA ATU\u00c1RIA II &#8211; 60h<\/li>\n\n\n\n<li>MATEM\u00c1TICA FINANCEIRA &#8211; 60h<\/li>\n\n\n\n<li>CONTABILIDADE ATUARIAL I &#8211; 60h<\/li>\n\n\n\n<li>DEMOGRAFIA APLICADA \u00c0 ATU\u00c1RIA &#8211; 60h\u00a0<\/li>\n\n\n\n<li>LEGISLA\u00c7\u00c3O EM PREVID\u00caNCIA &#8211; 30h<\/li>\n\n\n\n<li>MERCADO DE CAPITAIS &#8211; 30h<\/li>\n\n\n\n<li>MATEM\u00c1TICA ATUARIAL I &#8211; 60h\u00a0<\/li>\n\n\n\n<li>CONTABILIDADE ATUARIAL II &#8211; 30h<\/li>\n\n\n\n<li>MANIPULA\u00c7\u00c3O DE DADOS ATUARIAIS E FINANCEIROS &#8211; 60h\u00a0<\/li>\n\n\n\n<li>PESQUISA APLICADA \u00c0S CI\u00caNCIAS ATUARIAIS &#8211; 30h<\/li>\n\n\n\n<li>MATEM\u00c1TICA ATUARIAL II &#8211; 60h\u00a0<\/li>\n\n\n\n<li>AN\u00c1LISE DAS DEMONSTRA\u00c7\u00d5ES CONT\u00c1BEIS PARA ATU\u00c1RIA &#8211; 60h<\/li>\n\n\n\n<li>INFER\u00caNCIA PARA ATU\u00c1RIA &#8211; 60h<\/li>\n\n\n\n<li>FINAN\u00c7AS EMPRESARIAIS I &#8211; 60h<\/li>\n\n\n\n<li>EST\u00c1GIO SUPERVISIONADO I &#8211; PREVID\u00caNCIA &#8211; 60h<\/li>\n\n\n\n<li>EST\u00c1GIO SUPERVISIONADO II &#8211; TEORIA DO RISCO &#8211; 60h<\/li>\n\n\n\n<li>\u00c9TICA GERAL E PROFISSIONAL EM ATU\u00c1RIA &#8211; 30h<\/li>\n\n\n\n<li>LEGISLA\u00c7\u00c3O EM SEGUROS &#8211; 30h<\/li>\n\n\n\n<li>FINAN\u00c7AS EMPRESARIAIS II &#8211; 60h<\/li>\n\n\n\n<li>EST\u00c1GIO SUPERVISIONADO III &#8211; SEGUROS &#8211; 60h<\/li>\n\n\n\n<li>EST\u00c1GIO SUPERVISIONADO IV &#8211; FUNDOS DE PENS\u00c3O &#8211; 60h<\/li>\n\n\n\n<li>TRABALHO DE CONCLUS\u00c3O DE CURSO I &#8211; 90h<\/li>\n\n\n\n<li>EST\u00c1GIO SUPERVISIONADO V &#8211; SEGURO, SA\u00daDE E CAPITALIZA\u00c7\u00c3O &#8211; 60h<\/li>\n\n\n\n<li>AN\u00c1LISE MULTIVARIADA PARA ATU\u00c1RIA &#8211; 60h\u00a0<\/li>\n\n\n\n<li>AN\u00c1LISE DE S\u00c9RIES TEMPORAIS PARA ATU\u00c1RIA &#8211; 60h\u00a0<\/li>\n\n\n\n<li>TRABALHO DE CONCLUS\u00c3O DE CURSO II &#8211; 90h\u00a0<\/li>\n<\/ul>\n\n\n\n<p><strong>DEPARTAMENTO DE ECONOMIA \/ CCSA<br>Corpo Docente:&nbsp;<a href=\"https:\/\/sigaa.ufpb.br\/sigaa\/public\/departamento\/professores.jsf?id=1329\" target=\"_blank\" rel=\"noreferrer noopener\">SIGAA DECON<\/a><\/strong><br>Disciplinas ofertadas pelo Departamento:<\/p>\n\n\n\n<ul class=\"wp-block-list\">\n<li>PRINC\u00cdPIOS DE MICROECONOMIA &#8211; 60h<\/li>\n\n\n\n<li>PRINC\u00cdPIOS DE MACROECONOMIA &#8211; 60h<\/li>\n\n\n\n<li>ECONOMETRIA I &#8211; 60h<\/li>\n\n\n\n<li>ECONOMETRIA II &#8211; 60h<\/li>\n<\/ul>\n\n\n\n<p><strong>DEPARTAMENTO DE CI\u00caNCIA DA INFORMA\u00c7\u00c3O\/ CCSA<br>Corpo Docente:&nbsp;<a href=\"https:\/\/sigaa.ufpb.br\/sigaa\/public\/departamento\/professores.jsf?id=1331\" target=\"_blank\" rel=\"noreferrer noopener\">SIGAA DCI<\/a><br><\/strong>Disciplinas ofertadas pelo Departamento:&nbsp;<\/p>\n\n\n\n<ul class=\"wp-block-list\">\n<li>METODOLOGIA DO TRABALHO CIENTIFICO<\/li>\n<\/ul>\n\n\n\n<p><strong>DEPARTAMENTO DE MATEM\u00c1TICA \/ CCEN<br>Corpo Docente:&nbsp;<a href=\"https:\/\/sigaa.ufpb.br\/sigaa\/public\/departamento\/professores.jsf?id=1337\" target=\"_blank\" rel=\"noreferrer noopener\">SIGAA DM<\/a><\/strong><br>Disciplinas ofertadas pelo Departamento:<\/p>\n\n\n\n<ul class=\"wp-block-list\">\n<li>C\u00c1LCULO VETORIAL E GEOMETRIA ANAL\u00cdTICA &#8211; 60h<\/li>\n\n\n\n<li>C\u00c1LCULO DIFERENCIAL E INTEGRAL I &#8211; 60h<\/li>\n\n\n\n<li>INTRODU\u00c7\u00c3O \u00c0 \u00c1LGEBRA LINEAR &#8211; 60h<\/li>\n<\/ul>\n\n\n\n<p><strong>DEPARTAMENTO DE ESTAT\u00cdSTICA\/ CCEN<br>Corpo Docente:&nbsp;<a href=\"https:\/\/sigaa.ufpb.br\/sigaa\/public\/departamento\/professores.jsf?id=1341\" target=\"_blank\" rel=\"noreferrer noopener\">SIGAA DE<\/a><\/strong><br>Disciplinas ofertadas pelo Departamento:<\/p>\n\n\n\n<ul class=\"wp-block-list\">\n<li>AN\u00c1LISE EXPLORAT\u00d3RIA DE DADOS &#8211; 60h<\/li>\n\n\n\n<li>FUNDAMENTOS DE PROBABILIDADE &#8211; 60h<\/li>\n\n\n\n<li>PROBABILIDADE I &#8211; 60h<\/li>\n<\/ul>\n\n\n\n<p><strong>PROJETO PEDAG\u00d3GICO AT\u00c9 2023.2<\/strong><\/p>\n\n\n\n<p><strong>DEPARTAMENTO DE FINAN\u00c7AS E CONTABILIDADE \/ CCSA<br>Corpo Docente:&nbsp;<a href=\"https:\/\/sigaa.ufpb.br\/sigaa\/public\/departamento\/professores.jsf?id=1332\" target=\"_blank\" rel=\"noreferrer noopener\">SIGAA DFC<\/a><br><\/strong>Disciplinas ofertadas pelo Departamento<\/p>\n\n\n\n<ul class=\"wp-block-list\">\n<li>AN\u00c1LISE DAS DEMONSTRA\u00c7\u00d5ES CONT\u00c1BEIS<\/li>\n\n\n\n<li>CONTABILIDADE ATUARIAL I<\/li>\n\n\n\n<li>CONTABILIDADE ATUARIAL II<\/li>\n\n\n\n<li>CONTABILIDADE I<\/li>\n\n\n\n<li>CONTABILIDADE II<\/li>\n\n\n\n<li>CONTABILIDADE III<\/li>\n\n\n\n<li>CONTABILIDADE IV<\/li>\n\n\n\n<li>DEMOGRAFIA APLICADA A ATU\u00c1RIA<\/li>\n\n\n\n<li>DIREITO EMPRESARIAL EM ATU\u00c1RIA<\/li>\n\n\n\n<li>ELABORA\u00c7\u00c3O E AN\u00c1LISE DE PROJETOS<\/li>\n\n\n\n<li>EST\u00c1GIO SUPERVISIONADO III &#8211; AUDITORIA ATUARIAL<\/li>\n\n\n\n<li>EST\u00c1GIO SUPERVISIONADO II-SEGUROS, CAPITALIZA\u00c7\u00c3O E RESSEGURO<\/li>\n\n\n\n<li>EST\u00c1GIO SUPERVISIONADO I-PR\u00c1TICAS ATUARIAIS<\/li>\n\n\n\n<li>EST\u00c1GIO SUPERVISIONADO IV &#8211; MATEM\u00c1TICA ATUARIAL III<\/li>\n\n\n\n<li>\u00c9TICA GERAL E PROFISSIONAL EM ATUARIAL<\/li>\n\n\n\n<li>FINAN\u00c7AS APLICADAS I<\/li>\n\n\n\n<li>FINAN\u00c7AS APLICADAS II<\/li>\n\n\n\n<li>FINAN\u00c7AS APLICADAS III<\/li>\n\n\n\n<li>FUNDAMENTOS EMPRESARIAIS<\/li>\n\n\n\n<li>INTRODU\u00c7\u00c3O AS CI\u00caNCIAS ATUARIAIS<\/li>\n\n\n\n<li>LEGISLA\u00c7\u00c3O DE SEGUROS<\/li>\n\n\n\n<li>MATEM\u00c1TICA ATUARIAL I<\/li>\n\n\n\n<li>MATEM\u00c1TICA ATUARIAL II<\/li>\n\n\n\n<li>MATEM\u00c1TICA\u00a0FINANCEIRA<\/li>\n\n\n\n<li>PESQUISA APLIC. \u00c0S CI\u00caNCIAS ATUARIAIS<\/li>\n\n\n\n<li>PREVID\u00caNCIA B\u00c1SICA E COMPLEMENTAR<\/li>\n\n\n\n<li>TEORIA ATUARIAL I<\/li>\n\n\n\n<li>TEORIA ATUARIAL II<\/li>\n\n\n\n<li>TRABALHO DE CONCLUS\u00c3O I<\/li>\n\n\n\n<li>TRABALHO DE CONCLUS\u00c3O II<\/li>\n<\/ul>\n\n\n\n<p><strong>DEPARTAMENTO DE ECONOMIA \/ CCSA<br>Corpo Docente:&nbsp;<a href=\"https:\/\/sigaa.ufpb.br\/sigaa\/public\/departamento\/professores.jsf?id=1329\" target=\"_blank\" rel=\"noreferrer noopener\">SIGAA DECON<\/a><\/strong><br>Disciplinas ofertadas pelo Departamento:<\/p>\n\n\n\n<ul class=\"wp-block-list\">\n<li>INTRODU\u00c7\u00c3O A ECONOMIA<\/li>\n\n\n\n<li>ANALISE MACROECONOMICA 1<\/li>\n\n\n\n<li>ANALISE MICROECONOMICA 1<\/li>\n\n\n\n<li>ANALISE MICROECONOMICA 2<\/li>\n\n\n\n<li>ANALISE MICROECONOMICA 3<\/li>\n\n\n\n<li>MERCADO FINANCEIRO E DE CAPITAIS<\/li>\n\n\n\n<li>INTRODU\u00c7\u00c3O A ECONOMETRIA<\/li>\n\n\n\n<li>ECONOMETRIA<\/li>\n<\/ul>\n\n\n\n<p><strong>DEPARTAMENTO DE CI\u00caNCIA DA INFORMA\u00c7\u00c3O\/ CCSA<br>Corpo Docente:&nbsp;<a href=\"https:\/\/sigaa.ufpb.br\/sigaa\/public\/departamento\/professores.jsf?id=1331\" target=\"_blank\" rel=\"noreferrer noopener\">SIGAA DCI<\/a><br><\/strong>Disciplinas ofertadas pelo Departamento:&nbsp;<\/p>\n\n\n\n<ul class=\"wp-block-list\">\n<li>METODOLOGIA DO TRABALHO CIENTIFICO<\/li>\n<\/ul>\n\n\n\n<p><strong>DEPARTAMENTO DE MATEM\u00c1TICA \/ CCEN<br>Corpo Docente:&nbsp;<a href=\"https:\/\/sigaa.ufpb.br\/sigaa\/public\/departamento\/professores.jsf?id=1337\" target=\"_blank\" rel=\"noreferrer noopener\">SIGAA DM<\/a><\/strong><br>Disciplinas ofertadas pelo Departamento:<\/p>\n\n\n\n<ul class=\"wp-block-list\">\n<li>ALGEBRA LINEAR E GEOMETRIA ANAL\u00cdTICA<\/li>\n\n\n\n<li>CALCULO DIFERENCIAL E INTEGRAL 1<\/li>\n\n\n\n<li>CALCULO DIFERENCIAL E INTEGRAL 2<\/li>\n\n\n\n<li>S\u00c9RIES E EQUA\u00c7\u00d5ES DIFERENCIAS ORDIN\u00c1RIAS<\/li>\n<\/ul>\n\n\n\n<p><strong>DEPARTAMENTO DE ESTAT\u00cdSTICA\/ CCEN<br>Corpo Docente:&nbsp;<a href=\"https:\/\/sigaa.ufpb.br\/sigaa\/public\/departamento\/professores.jsf?id=1341\" target=\"_blank\" rel=\"noreferrer noopener\">SIGAA DE<\/a><\/strong><br>Disciplinas ofertadas pelo Departamento:<\/p>\n\n\n\n<ul class=\"wp-block-list\">\n<li>C\u00c1LCULO DAS PROBABILIDADES E ESTATISTICA 1<\/li>\n\n\n\n<li>C\u00c1LCULO DAS PROBABILIDADES E ESTATISTICA 2<\/li>\n<\/ul>\n\n\n\n<p>&nbsp;<strong>DEPARTAMENTO DE INFORM\u00c1TICA\/ CI<\/strong><\/p>\n\n\n\n<p><strong>Corpo Docente:&nbsp;<a href=\"https:\/\/sigaa.ufpb.br\/sigaa\/public\/departamento\/professores.jsf?id=2151\" target=\"_blank\" rel=\"noreferrer noopener\">SIGAA DI<\/a><\/strong><br>Disciplinas ofertadas pelo Departamento:<\/p>\n\n\n\n<ul class=\"wp-block-list\">\n<li>INTRODU\u00c7\u00c3O A PROGRAMA\u00c7\u00c3O<\/li>\n<\/ul>\n\n\n\n<p><\/p>\n","protected":false},"excerpt":{"rendered":"<p>Confira lista de professores por Departamentos que integram o curso de Ci\u00eancias Atuariais PROJETO PEDAG\u00d3GICO [&hellip;]<\/p>\n","protected":false},"author":63,"featured_media":0,"parent":0,"menu_order":0,"comment_status":"closed","ping_status":"closed","template":"","meta":{"footnotes":""},"class_list":["post-60","page","type-page","status-publish","hentry"],"_links":{"self":[{"href":"https:\/\/www.ccsa.ufpb.br\/atuariais\/wp-json\/wp\/v2\/pages\/60","targetHints":{"allow":["GET"]}}],"collection":[{"href":"https:\/\/www.ccsa.ufpb.br\/atuariais\/wp-json\/wp\/v2\/pages"}],"about":[{"href":"https:\/\/www.ccsa.ufpb.br\/atuariais\/wp-json\/wp\/v2\/types\/page"}],"author":[{"embeddable":true,"href":"https:\/\/www.ccsa.ufpb.br\/atuariais\/wp-json\/wp\/v2\/users\/63"}],"replies":[{"embeddable":true,"href":"https:\/\/www.ccsa.ufpb.br\/atuariais\/wp-json\/wp\/v2\/comments?post=60"}],"version-history":[{"count":3,"href":"https:\/\/www.ccsa.ufpb.br\/atuariais\/wp-json\/wp\/v2\/pages\/60\/revisions"}],"predecessor-version":[{"id":63,"href":"https:\/\/www.ccsa.ufpb.br\/atuariais\/wp-json\/wp\/v2\/pages\/60\/revisions\/63"}],"wp:attachment":[{"href":"https:\/\/www.ccsa.ufpb.br\/atuariais\/wp-json\/wp\/v2\/media?parent=60"}],"curies":[{"name":"wp","href":"https:\/\/api.w.org\/{rel}","templated":true}]}}