{"id":85,"date":"2025-09-25T11:18:40","date_gmt":"2025-09-25T14:18:40","guid":{"rendered":"https:\/\/www.ccsa.ufpb.br\/atuariais1\/?page_id=85"},"modified":"2025-09-25T11:18:40","modified_gmt":"2025-09-25T14:18:40","slug":"departamentos","status":"publish","type":"page","link":"https:\/\/www.ccsa.ufpb.br\/atuariais\/departamentos\/","title":{"rendered":"Departamentos"},"content":{"rendered":"\n<p><\/p>\n\n\n\n<p><strong>Departamentos que ofertam disciplinas para o Curso de Gradua\u00e7\u00e3o em Ci\u00eancias Atuariais<\/strong><\/p>\n\n\n\n<p>Departamento de Finan\u00e7as e Contabilidade (DFC \/ CCSA)&nbsp; &#8211;&nbsp;<a href=\"https:\/\/www.ccsa.ufpb.br\/dfc\" target=\"_blank\" rel=\"noreferrer noopener\">https:\/\/www.ccsa.ufpb.br\/dfc<\/a><\/p>\n\n\n\n<p>Departamento de Economia (DE \/ CCSA) &#8211;&nbsp;&nbsp;<a href=\"http:\/\/www.ccsa.ufpb.br\/de\/\" target=\"_blank\" rel=\"noreferrer noopener\">http:\/\/www.ccsa.ufpb.br\/de\/<\/a><\/p>\n\n\n\n<p>Departamento de Matem\u00e1tica (DM \/ CCEN) &#8211;&nbsp;<a href=\"http:\/\/www.mat.ufpb.br\/dm\/\" target=\"_blank\" rel=\"noreferrer noopener\">http:\/\/www.mat.ufpb.br\/dm\/<\/a><\/p>\n\n\n\n<p>Departamento de Estat\u00edstica (DE\/CCEN) &#8211;&nbsp;<a href=\"https:\/\/www.ufpb.br\/de\" target=\"_blank\" rel=\"noreferrer noopener\">https:\/\/www.ufpb.br\/de<\/a><\/p>\n\n\n\n<p>Departamento de Ci\u00eancias da Informa\u00e7\u00e3o (DCI \/ CCSA) &#8211;&nbsp;<a href=\"http:\/\/www.ccsa.ufpb.br\/dci\" target=\"_blank\" rel=\"noreferrer noopener\">http:\/\/www.ccsa.ufpb.br\/dci<\/a><\/p>\n\n\n\n<p>Departamento de Inform\u00e1tica (DI\/CI) &#8211;\u00a0<a href=\"https:\/\/sigaa.ufpb.br\/sigaa\/public\/departamento\/portal.jsf?lc=pt_BR&amp;id=2151\" target=\"_blank\" rel=\"noreferrer noopener\">https:\/\/sigaa.ufpb.br\/sigaa\/public\/departamento\/portal.jsf?lc=pt_BR&amp;id=2151<\/a><\/p>\n","protected":false},"excerpt":{"rendered":"<p>Departamentos que ofertam disciplinas para o Curso de Gradua\u00e7\u00e3o em Ci\u00eancias Atuariais Departamento de Finan\u00e7as [&hellip;]<\/p>\n","protected":false},"author":63,"featured_media":0,"parent":0,"menu_order":0,"comment_status":"closed","ping_status":"closed","template":"","meta":{"footnotes":""},"class_list":["post-85","page","type-page","status-publish","hentry"],"_links":{"self":[{"href":"https:\/\/www.ccsa.ufpb.br\/atuariais\/wp-json\/wp\/v2\/pages\/85","targetHints":{"allow":["GET"]}}],"collection":[{"href":"https:\/\/www.ccsa.ufpb.br\/atuariais\/wp-json\/wp\/v2\/pages"}],"about":[{"href":"https:\/\/www.ccsa.ufpb.br\/atuariais\/wp-json\/wp\/v2\/types\/page"}],"author":[{"embeddable":true,"href":"https:\/\/www.ccsa.ufpb.br\/atuariais\/wp-json\/wp\/v2\/users\/63"}],"replies":[{"embeddable":true,"href":"https:\/\/www.ccsa.ufpb.br\/atuariais\/wp-json\/wp\/v2\/comments?post=85"}],"version-history":[{"count":1,"href":"https:\/\/www.ccsa.ufpb.br\/atuariais\/wp-json\/wp\/v2\/pages\/85\/revisions"}],"predecessor-version":[{"id":86,"href":"https:\/\/www.ccsa.ufpb.br\/atuariais\/wp-json\/wp\/v2\/pages\/85\/revisions\/86"}],"wp:attachment":[{"href":"https:\/\/www.ccsa.ufpb.br\/atuariais\/wp-json\/wp\/v2\/media?parent=85"}],"curies":[{"name":"wp","href":"https:\/\/api.w.org\/{rel}","templated":true}]}}