{"id":96,"date":"2025-09-25T11:31:18","date_gmt":"2025-09-25T14:31:18","guid":{"rendered":"https:\/\/www.ccsa.ufpb.br\/atuariais1\/?page_id=96"},"modified":"2026-03-04T16:08:15","modified_gmt":"2026-03-04T19:08:15","slug":"informacoes-e-processos-academicos","status":"publish","type":"page","link":"https:\/\/www.ccsa.ufpb.br\/atuariais\/informacoes-e-processos-academicos\/","title":{"rendered":"Informa\u00e7\u00f5es e Processos Acad\u00eamicos"},"content":{"rendered":"\n<p><strong>Abertura de Processo \u2013 Orienta\u00e7\u00f5es Importantes<\/strong><\/p>\n\n\n\n<p>Para solicitar a abertura de um processo, o interessado ou seu procurador pode optar por&nbsp;<strong>duas formas de entrega dos documentos<\/strong>:<\/p>\n\n\n\n<ol class=\"wp-block-list\">\n<li><strong>Entrega Presencial<\/strong>:\n<ul class=\"wp-block-list\">\n<li>O interessado ou seu procurador dever\u00e1 comparecer pessoalmente \u00e0&nbsp;<strong>Secretaria da Coordena\u00e7\u00e3o do Curso<\/strong>.<\/li>\n\n\n\n<li>\u00c9 necess\u00e1rio apresentar o&nbsp;<strong>documento original<\/strong>&nbsp;para confer\u00eancia e digitaliza\u00e7\u00e3o imediata. O documento ser\u00e1 devolvido no ato.<\/li>\n\n\n\n<li>Os&nbsp;<strong>requerimentos<\/strong>&nbsp;devem ser&nbsp;<strong>preenchidos e assinados \u00e0 m\u00e3o<\/strong>.<br><\/li>\n<\/ul>\n<\/li>\n\n\n\n<li><strong>Envio de Documentos Digitalizados<\/strong>:\n<ul class=\"wp-block-list\">\n<li>Caso n\u00e3o seja poss\u00edvel a entrega presencial, os documentos podem ser&nbsp;<strong>digitalizados e enviados por e-mail para a Coordena\u00e7\u00e3o<\/strong>,&nbsp;<strong>desde que contenham assinatura eletr\u00f4nica v\u00e1lida<\/strong>&nbsp;(realizada por meio do sistema&nbsp;<strong><a href=\"https:\/\/www.gov.br\/governodigital\/pt-br\/identidade\/assinatura-eletronica\" target=\"_blank\" rel=\"noreferrer noopener\">gov.br<\/a><\/strong>).<\/li>\n\n\n\n<li>Os documentos devem ser enviados em&nbsp;<strong>formato PDF<\/strong>, em um&nbsp;<strong>\u00fanico arquivo<\/strong>, sendo o&nbsp;<strong>requerimento o primeiro documento<\/strong>.<\/li>\n\n\n\n<li><strong>N\u00c3O SER\u00c3O ACEITOS DOCUMENTOS EM OUTRO FORMATO OU SEM ASSINATURA ELETR\u00d4NICA<\/strong>, sob hip\u00f3tese alguma.<\/li>\n\n\n\n<li><strong>EXCE\u00c7\u00c3O<\/strong>: A solicita\u00e7\u00e3o de&nbsp;<strong>1\u00aa Via de Diploma<\/strong>&nbsp;deve ter os documentos enviados de forma separada.<\/li>\n\n\n\n<li>Todos os documentos devem ser enviados para o e-mail:&nbsp;<a>coordenacaoatuariais@gmail.com<\/a>.<br><\/li>\n<\/ul>\n<\/li>\n<\/ol>\n\n\n\n<p><strong>Consulta de Processos<\/strong>:<\/p>\n\n\n\n<p>Acompanhe o andamento do seu processo diretamente no portal SIPAC atrav\u00e9s do link:&nbsp;<a href=\"https:\/\/sipac.ufpb.br\/public\/jsp\/portal.jsf\" rel=\"noreferrer noopener\" target=\"_blank\">https:\/\/sipac.ufpb.br\/public\/jsp\/portal.jsf<\/a>.<\/p>\n\n\n\n<p><strong>Modelo de requerimentos e fluxos<\/strong><\/p>\n\n\n\n<p><strong><a href=\"https:\/\/www.ccsa.ufpb.br\/atuariais\/aproveitamento-de-estudos\/\" data-type=\"page\" data-id=\"98\" target=\"_blank\" rel=\"noreferrer noopener\">1. Aproveitamento de Estudos e dispensa de disciplinas&nbsp;<\/a><\/strong><\/p>\n\n\n\n<p><strong><a href=\"https:\/\/www.ccsa.ufpb.br\/atuariais\/optativa-de-livre-escolha\/\" data-type=\"page\" data-id=\"107\" target=\"_blank\" rel=\"noreferrer noopener\">2. Aproveitamento de disciplina Optativa de Livre Escolha<\/a><\/strong><\/p>\n\n\n\n<p><a href=\"https:\/\/www.ccsa.ufpb.br\/atuariais\/curriculares-flexiveis-atividades-complementares\/\" data-type=\"page\" data-id=\"113\" target=\"_blank\" rel=\"noreferrer noopener\"><strong>3 &#8211; Atividades <\/strong>Curriculares Flex\u00edveis (Atividades Complementares)<\/a><\/p>\n\n\n\n<p><strong><a href=\"https:\/\/drive.ufpb.br\/s\/TZKiBrJcs7rzHzE\" target=\"_blank\" rel=\"noreferrer noopener\">4 &#8211; Atualiza\u00e7\u00e3o de Dados Cadastrais<\/a><\/strong><\/p>\n\n\n\n<p><strong><a href=\"https:\/\/www.ccsa.ufpb.br\/atuariais\/cadastro-de-estagio-no-sigaa\/\" data-type=\"page\" data-id=\"134\" target=\"_blank\" rel=\"noreferrer noopener\">5 &#8211; Cadastro de Est\u00e1gio no SIGAA<\/a><\/strong><\/p>\n\n\n\n<p><strong><a href=\"https:\/\/drive.ufpb.br\/s\/aG9obWESqGfdBcS\" target=\"_blank\" rel=\"noreferrer noopener\">6 &#8211; Cancelamento de Matr\u00edcula em Componente<\/a><\/strong><\/p>\n\n\n\n<p><strong><a href=\"https:\/\/www.ccsa.ufpb.br\/atuariais\/cancelamento-de-vinculo\/\" data-type=\"page\" data-id=\"142\" target=\"_blank\" rel=\"noreferrer noopener\">7 &#8211; Cancelamento de V\u00ednculo<\/a><\/strong><\/p>\n\n\n\n<p><strong><a href=\"https:\/\/www.ccsa.ufpb.br\/atuariais\/colacao-de-grau-em-separado\/\" data-type=\"page\" data-id=\"145\">8 &#8211; Cola\u00e7\u00e3o de Grau em separado<\/a><\/strong><\/p>\n\n\n\n<p><strong><a href=\"https:\/\/sipac.ufpb.br\/public\/jsp\/portal.jsf\" target=\"_blank\" rel=\"noreferrer noopener\">9 &#8211; Consulta p\u00fablica a processos no SIPAC<\/a><\/strong><\/p>\n\n\n\n<p><strong><a href=\"https:\/\/drive.ufpb.br\/s\/J9tGGxXaNYPkSTT\" target=\"_blank\" rel=\"noreferrer noopener\">10- Dilata\u00e7\u00e3o de prazo<\/a><\/strong><\/p>\n\n\n\n<p><strong><a href=\"https:\/\/www.ccsa.ufpb.br\/atuariais\/documentos-para-o-tcc\/\" data-type=\"page\" data-id=\"151\" target=\"_blank\" rel=\"noreferrer noopener\">11- Documentos para TCC<\/a><\/strong><\/p>\n\n\n\n<p><strong><a href=\"https:\/\/www.ccsa.ufpb.br\/atuariais\/emissao-de-diploma\/\" data-type=\"page\" data-id=\"161\" target=\"_blank\" rel=\"noreferrer noopener\">12- Emiss\u00e3o 1\u00aa via de Diploma<\/a><\/strong><\/p>\n\n\n\n<p><strong><a href=\"https:\/\/www.ccsa.ufpb.br\/atuariais\/exercicios-domiciliares\/\" data-type=\"page\" data-id=\"165\">13- Exerc\u00edcios Domiciliares (Requerimento e Orienta\u00e7\u00f5es)<\/a><\/strong><\/p>\n\n\n\n<p><strong><a href=\"https:\/\/www.ccsa.ufpb.br\/atuariais\/mudanca-de-turno\/\" data-type=\"page\" data-id=\"171\" target=\"_blank\" rel=\"noreferrer noopener\">14 &#8211; Mudan\u00e7a de Turno<\/a><\/strong><\/p>\n\n\n\n<p><strong><a href=\"https:\/\/www.ccsa.ufpb.br\/atuariais\/reingresso\/\" data-type=\"page\" data-id=\"178\">15 &#8211; Reingresso<\/a><\/strong><\/p>\n\n\n\n<p><strong><a href=\"https:\/\/www.ccsa.ufpb.br\/atuariais\/reposicao-de-exercicio\/\" data-type=\"page\" data-id=\"182\">16 &#8211;&nbsp;Reposi\u00e7\u00e3o de Exerc\u00edcio&nbsp;<\/a><\/strong><\/p>\n\n\n\n<p><strong><a href=\"http:\/\/www.ccsa.ufpb.br\/atuariais\/wp-content\/uploads\/sites\/179\/sites\/387\/2025\/09\/Formulario-de-RECURSO-AO-CONSEPE.pdf\" target=\"_blank\" rel=\"noreferrer noopener\">17 &#8211; Requerimento de Recurso ao Consepe<\/a><\/strong><\/p>\n\n\n\n<p><strong><a href=\"http:\/\/www.ccsa.ufpb.br\/atuariais1\/wp-content\/uploads\/sites\/179\/sites\/387\/2025\/09\/nome-social.pdf\" target=\"_blank\" rel=\"noreferrer noopener\">18 &#8211; Requerimento de Inclus\u00e3o\/Exclus\u00e3o de Nome Social nos Registros Acad\u00eamicos<\/a><\/strong><\/p>\n\n\n\n<p><strong><a href=\"https:\/\/www.ccsa.ufpb.br\/atuariais\/trancamento\/\" data-type=\"page\" data-id=\"184\" target=\"_blank\" rel=\"noreferrer noopener\">19 &#8211;&nbsp;&nbsp;Trancamento<\/a><\/strong><\/p>\n\n\n\n<p><\/p>\n","protected":false},"excerpt":{"rendered":"<p>Abertura de Processo \u2013 Orienta\u00e7\u00f5es Importantes Para solicitar a abertura de um processo, o interessado [&hellip;]<\/p>\n","protected":false},"author":63,"featured_media":0,"parent":0,"menu_order":0,"comment_status":"closed","ping_status":"closed","template":"","meta":{"footnotes":""},"class_list":["post-96","page","type-page","status-publish","hentry"],"_links":{"self":[{"href":"https:\/\/www.ccsa.ufpb.br\/atuariais\/wp-json\/wp\/v2\/pages\/96","targetHints":{"allow":["GET"]}}],"collection":[{"href":"https:\/\/www.ccsa.ufpb.br\/atuariais\/wp-json\/wp\/v2\/pages"}],"about":[{"href":"https:\/\/www.ccsa.ufpb.br\/atuariais\/wp-json\/wp\/v2\/types\/page"}],"author":[{"embeddable":true,"href":"https:\/\/www.ccsa.ufpb.br\/atuariais\/wp-json\/wp\/v2\/users\/63"}],"replies":[{"embeddable":true,"href":"https:\/\/www.ccsa.ufpb.br\/atuariais\/wp-json\/wp\/v2\/comments?post=96"}],"version-history":[{"count":15,"href":"https:\/\/www.ccsa.ufpb.br\/atuariais\/wp-json\/wp\/v2\/pages\/96\/revisions"}],"predecessor-version":[{"id":444,"href":"https:\/\/www.ccsa.ufpb.br\/atuariais\/wp-json\/wp\/v2\/pages\/96\/revisions\/444"}],"wp:attachment":[{"href":"https:\/\/www.ccsa.ufpb.br\/atuariais\/wp-json\/wp\/v2\/media?parent=96"}],"curies":[{"name":"wp","href":"https:\/\/api.w.org\/{rel}","templated":true}]}}