{"id":21,"date":"2025-09-26T14:44:23","date_gmt":"2025-09-26T17:44:23","guid":{"rendered":"https:\/\/www.ccsa.ufpb.br\/bap\/?page_id=21"},"modified":"2025-10-01T14:29:06","modified_gmt":"2025-10-01T17:29:06","slug":"coordenacao","status":"publish","type":"page","link":"https:\/\/www.ccsa.ufpb.br\/bap\/coordenacao\/","title":{"rendered":"Coordena\u00e7\u00e3o"},"content":{"rendered":"\n<p><\/p>\n\n\n\n<div class=\"wp-block-media-text is-stacked-on-mobile\" style=\"grid-template-columns:26% auto\"><figure class=\"wp-block-media-text__media\"><img loading=\"lazy\" decoding=\"async\" width=\"768\" height=\"1024\" src=\"https:\/\/www.ccsa.ufpb.br\/bap\/wp-content\/uploads\/sites\/179\/sites\/392\/2025\/09\/Carla--768x1024.jpg\" alt=\"\" class=\"wp-image-79 size-full\" srcset=\"https:\/\/www.ccsa.ufpb.br\/bap\/wp-content\/uploads\/sites\/179\/sites\/392\/2025\/09\/Carla--768x1024.jpg 768w, https:\/\/www.ccsa.ufpb.br\/bap\/wp-content\/uploads\/sites\/179\/sites\/392\/2025\/09\/Carla--225x300.jpg 225w, https:\/\/www.ccsa.ufpb.br\/bap\/wp-content\/uploads\/sites\/179\/sites\/392\/2025\/09\/Carla--1152x1536.jpg 1152w, https:\/\/www.ccsa.ufpb.br\/bap\/wp-content\/uploads\/sites\/179\/sites\/392\/2025\/09\/Carla-.jpg 1188w\" sizes=\"auto, (max-width: 768px) 100vw, 768px\" \/><\/figure><div class=\"wp-block-media-text__content\">\n<h2 class=\"wp-block-heading\"><div class=\"linha-header\"><strong>Coordenadora:&nbsp;Prof.\u00aa&nbsp;Dra. Carla Calixto&nbsp;<\/strong><\/div><\/h2>\n\n\n\n<p>Possui Gradua\u00e7\u00e3o em Economia pela Universidade Federal da Para\u00edba (2006), Mestrado em Economia pela Universidade Federal da Para\u00edba (2008) e Doutorado em Economia pela Universidade Federal de Pernambuco (2014). Atualmente \u00e9 Profa. Adjunta do Departamento de Gest\u00e3o P\u00fablica da Universidade Federal da Para\u00edba.&nbsp;Lattes:&nbsp;<a href=\"http:\/\/lattes.cnpq.br\/1089580734117273\">http:\/\/lattes.cnpq.br\/1089580734117273<\/a> <\/p>\n<\/div><\/div>\n\n\n\n<div class=\"wp-block-media-text is-stacked-on-mobile\" style=\"grid-template-columns:26% auto\"><figure class=\"wp-block-media-text__media\"><img loading=\"lazy\" decoding=\"async\" width=\"768\" height=\"1024\" src=\"https:\/\/www.ccsa.ufpb.br\/bap\/wp-content\/uploads\/sites\/179\/sites\/392\/2025\/09\/Profa.-Juliana-1-768x1024.jpeg\" alt=\"\" class=\"wp-image-80 size-full\" srcset=\"https:\/\/www.ccsa.ufpb.br\/bap\/wp-content\/uploads\/sites\/179\/sites\/392\/2025\/09\/Profa.-Juliana-1-768x1024.jpeg 768w, https:\/\/www.ccsa.ufpb.br\/bap\/wp-content\/uploads\/sites\/179\/sites\/392\/2025\/09\/Profa.-Juliana-1-225x300.jpeg 225w, https:\/\/www.ccsa.ufpb.br\/bap\/wp-content\/uploads\/sites\/179\/sites\/392\/2025\/09\/Profa.-Juliana-1.jpeg 791w\" sizes=\"auto, (max-width: 768px) 100vw, 768px\" \/><\/figure><div class=\"wp-block-media-text__content\">\n<h2 class=\"wp-block-heading\"><div class=\"linha-header\">Vice-coordenadora: Prof.\u00aa Dra. Juliana Moreira<\/div><\/h2>\n\n\n\n<p>Professora Associada I da Universidade Federal da Para\u00edba. Docente do Departamento de Gest\u00e3o P\u00fablica do CCSA\/UFPB. Doutora em Desenvolvimento e Meio Ambiente pelo PRODEMA\/ UFPB. Mestre em Desenvolvimento e Meio Ambiente pelo PRODEMA\/ UFPB. Especialista em Direito Administrativo Econ\u00f4mico pela Mackenzie\/SP. Lattes:<a href=\"http:\/\/lattes.cnpq.br\/6763618902327008\"> http:\/\/lattes.cnpq.br\/6763618902327008<\/a><\/p>\n<\/div><\/div>\n\n\n\n<div class=\"wp-block-media-text is-stacked-on-mobile\" style=\"grid-template-columns:26% auto\"><figure class=\"wp-block-media-text__media\"><img loading=\"lazy\" decoding=\"async\" width=\"768\" height=\"1024\" src=\"https:\/\/www.ccsa.ufpb.br\/bap\/wp-content\/uploads\/sites\/179\/sites\/392\/2025\/09\/Ana-Patricia-768x1024.jpeg\" alt=\"\" class=\"wp-image-81 size-full\" srcset=\"https:\/\/www.ccsa.ufpb.br\/bap\/wp-content\/uploads\/sites\/179\/sites\/392\/2025\/09\/Ana-Patricia-768x1023.jpeg 768w, https:\/\/www.ccsa.ufpb.br\/bap\/wp-content\/uploads\/sites\/179\/sites\/392\/2025\/09\/Ana-Patricia-225x300.jpeg 225w, https:\/\/www.ccsa.ufpb.br\/bap\/wp-content\/uploads\/sites\/179\/sites\/392\/2025\/09\/Ana-Patricia.jpeg 803w\" sizes=\"auto, (max-width: 768px) 100vw, 768px\" \/><\/figure><div class=\"wp-block-media-text__content\">\n<h2 class=\"wp-block-heading\"><div class=\"linha-header\">Secret\u00e1ria: Ana Patr\u00edcia de Oliveira Silva<\/div><\/h2>\n\n\n\n<p>Servidora T\u00e9cnica Administrativa em Educa\u00e7\u00e3o na Universidade Federal da Para\u00edba (UFPB). Bacharela em Administra\u00e7\u00e3o pela Universidade Federal do Rio Grande do Norte (2012). Especialista em Gerenciamento de Projetos pelo Centro Universit\u00e1rio SENAC (2023).<\/p>\n<\/div><\/div>\n\n\n\n<p><\/p>\n","protected":false},"excerpt":{"rendered":"<p>Coordenadora:&nbsp;Prof.\u00aa&nbsp;Dra. Carla Calixto&nbsp; Possui Gradua\u00e7\u00e3o em Economia pela Universidade Federal da Para\u00edba (2006), Mestrado em [&hellip;]<\/p>\n","protected":false},"author":423,"featured_media":0,"parent":0,"menu_order":0,"comment_status":"closed","ping_status":"closed","template":"","meta":{"footnotes":""},"class_list":["post-21","page","type-page","status-publish","hentry"],"_links":{"self":[{"href":"https:\/\/www.ccsa.ufpb.br\/bap\/wp-json\/wp\/v2\/pages\/21","targetHints":{"allow":["GET"]}}],"collection":[{"href":"https:\/\/www.ccsa.ufpb.br\/bap\/wp-json\/wp\/v2\/pages"}],"about":[{"href":"https:\/\/www.ccsa.ufpb.br\/bap\/wp-json\/wp\/v2\/types\/page"}],"author":[{"embeddable":true,"href":"https:\/\/www.ccsa.ufpb.br\/bap\/wp-json\/wp\/v2\/users\/423"}],"replies":[{"embeddable":true,"href":"https:\/\/www.ccsa.ufpb.br\/bap\/wp-json\/wp\/v2\/comments?post=21"}],"version-history":[{"count":4,"href":"https:\/\/www.ccsa.ufpb.br\/bap\/wp-json\/wp\/v2\/pages\/21\/revisions"}],"predecessor-version":[{"id":170,"href":"https:\/\/www.ccsa.ufpb.br\/bap\/wp-json\/wp\/v2\/pages\/21\/revisions\/170"}],"wp:attachment":[{"href":"https:\/\/www.ccsa.ufpb.br\/bap\/wp-json\/wp\/v2\/media?parent=21"}],"curies":[{"name":"wp","href":"https:\/\/api.w.org\/{rel}","templated":true}]}}