{"id":23,"date":"2025-09-26T14:46:23","date_gmt":"2025-09-26T17:46:23","guid":{"rendered":"https:\/\/www.ccsa.ufpb.br\/bap\/?page_id=23"},"modified":"2025-10-01T14:38:29","modified_gmt":"2025-10-01T17:38:29","slug":"legislacao","status":"publish","type":"page","link":"https:\/\/www.ccsa.ufpb.br\/bap\/legislacao\/","title":{"rendered":"Legisla\u00e7\u00e3o"},"content":{"rendered":"\n<ul class=\"wp-block-list\">\n<li><strong><a href=\"https:\/\/www.planalto.gov.br\/ccivil_03\/leis\/l9394.htm#:~:text=L9394&amp;text=Estabelece%20as%20diretrizes%20e%20bases%20da%20educa%C3%A7%C3%A3o%20nacional.&amp;text=Art.%201%C2%BA%20A%20educa%C3%A7%C3%A3o%20abrange,civil%20e%20nas%20manifesta%C3%A7%C3%B5es%20culturais.\" target=\"_blank\" rel=\"noreferrer noopener\">Lei de Diretrizes e Bases da Educa\u00e7\u00e3o (LDB), Lei n\u00ba9394\/96<\/a><\/strong><\/li>\n\n\n\n<li><a href=\"http:\/\/www.ccsa.ufpb.br\/bap\/wp-content\/uploads\/sites\/179\/sites\/392\/2025\/09\/1.regimento-geral-ufpb.pdf\" data-type=\"link\" data-id=\"https:\/\/www.ufpb.br\/sods\/contents\/menu\/copy_of_regimentos\/regimento-geral\">Regimento Geral da UFPB<\/a><\/li>\n\n\n\n<li><a href=\"http:\/\/www.ccsa.ufpb.br\/bap\/wp-content\/uploads\/sites\/179\/sites\/392\/2025\/09\/RESOLUCAO_29-2020-Regulamento_Geral_de_Graduacao.pdf\" data-type=\"link\" data-id=\"http:\/\/www.ccsa.ufpb.br\/bap\/wp-content\/uploads\/sites\/179\/sites\/392\/2025\/09\/RESOLUCAO_29-2020-Regulamento_Geral_de_Graduacao.pdf\">RESOLU\u00c7\u00c3O N\u00ba 29\/2020 &#8211; Regulamento Geral de Gradua\u00e7\u00e3o da UFPB<\/a><\/li>\n\n\n\n<li><a href=\"http:\/\/www.ccsa.ufpb.br\/bap\/wp-content\/uploads\/sites\/179\/sites\/392\/2025\/09\/2.1-Res._Consepe_24.2021-Pandemia.pdf\" data-type=\"link\" data-id=\"http:\/\/www.ccsa.ufpb.br\/bap\/wp-content\/uploads\/sites\/179\/sites\/392\/2025\/09\/2.1-Res._Consepe_24.2021-Pandemia.pdf\">RESOLU\u00c7\u00c3O N\u00ba 24\/2021 &#8211; Regulamenta\u00e7\u00e3o de ajustes per\u00edodo 2021.1 EAD<\/a> <\/li>\n\n\n\n<li><a href=\"http:\/\/www.ccsa.ufpb.br\/bap\/wp-content\/uploads\/sites\/179\/sites\/392\/2025\/09\/2.2-Res._Consepe_29.2021-pandemia.pdf\" data-type=\"link\" data-id=\"http:\/\/www.ccsa.ufpb.br\/bap\/wp-content\/uploads\/sites\/179\/sites\/392\/2025\/09\/2.2-Res._Consepe_29.2021-pandemia.pdf\">RESOLU\u00c7\u00c3O N\u00ba 29\/2021 &#8211; Regulamenta\u00e7\u00e3o de ajustes no Per\u00edodo 2021.2 EAD<\/a><\/li>\n\n\n\n<li><a href=\"http:\/\/www.ccsa.ufpb.br\/bap\/wp-content\/uploads\/sites\/179\/sites\/392\/2025\/09\/2.3-Resolucaon.10de2022CONSEPEAlteraRegulamentoGeraldeGraduacao.pdf\" data-type=\"link\" data-id=\"http:\/\/www.ccsa.ufpb.br\/bap\/wp-content\/uploads\/sites\/179\/sites\/392\/2025\/09\/2.3-Resolucaon.10de2022CONSEPEAlteraRegulamentoGeraldeGraduacao.pdf\">RESOLU\u00c7\u00c3O N\u00ba 10\/2022 &#8211; Altera os Artigos da Resolu\u00e7\u00e3o 29\/2020<\/a><\/li>\n\n\n\n<li><a href=\"http:\/\/www.ccsa.ufpb.br\/bap\/wp-content\/uploads\/sites\/179\/sites\/392\/2025\/09\/3.0Resolucao-de-Criacao-BAP.pdf\" data-type=\"link\" data-id=\"http:\/\/www.ccsa.ufpb.br\/bap\/wp-content\/uploads\/sites\/179\/sites\/392\/2025\/09\/3.0Resolucao-de-Criacao-BAP.pdf\">RESOLU\u00c7\u00c3O N\u00ba 01\/ 2013 &#8211; Autoriza a cria\u00e7\u00e3o do Curso de Administra\u00e7\u00e3o P\u00fablica Bacharelado<\/a><\/li>\n\n\n\n<li><a href=\"http:\/\/www.ccsa.ufpb.br\/bap\/wp-content\/uploads\/sites\/179\/sites\/392\/2025\/09\/3.1PORTARIA-SERES_MEC-No-391-DE-13-DE-AGOSTO-DE-2024-Renovacao-de-reconhecimento-Administracao-Publica-Bacharelado.pdf\" data-type=\"link\" data-id=\"http:\/\/www.ccsa.ufpb.br\/bap\/wp-content\/uploads\/sites\/179\/sites\/392\/2025\/09\/3.1PORTARIA-SERES_MEC-No-391-DE-13-DE-AGOSTO-DE-2024-Renovacao-de-reconhecimento-Administracao-Publica-Bacharelado.pdf\">PORTARIA SERES_MEC N\u00ba 391 &#8211; Renova\u00e7\u00e3o de reconhecimento<\/a><\/li>\n\n\n\n<li><a href=\"http:\/\/www.ccsa.ufpb.br\/bap\/wp-content\/uploads\/sites\/179\/sites\/392\/2025\/09\/4.PPC-BAP.pdf\" data-type=\"link\" data-id=\"http:\/\/www.ccsa.ufpb.br\/bap\/wp-content\/uploads\/sites\/179\/sites\/392\/2025\/09\/4.PPC-BAP.pdf\">RESOLU\u00c7\u00c3O N\u00b0 04A\/ 2013 &#8211; Aprova o Projeto Pedag\u00f3gico do Curso de Administra\u00e7\u00e3o P\u00fablica<\/a><\/li>\n\n\n\n<li><a href=\"http:\/\/www.ccsa.ufpb.br\/bap\/wp-content\/uploads\/sites\/179\/sites\/392\/2025\/09\/5.Resolucao-Estagio_Supervisionado_Obrigatorio.pdf\" data-type=\"link\" data-id=\"http:\/\/www.ccsa.ufpb.br\/bap\/wp-content\/uploads\/sites\/179\/sites\/392\/2025\/09\/5.Resolucao-Estagio_Supervisionado_Obrigatorio.pdf\">RESOLU\u00c7\u00c3O DTG N\u00ba 01\/2014 &#8211; Regulamenta o Est\u00e1gio Supervisionado obrigat\u00f3rio<\/a><\/li>\n\n\n\n<li><a href=\"http:\/\/www.ccsa.ufpb.br\/bap\/wp-content\/uploads\/sites\/179\/sites\/392\/2025\/09\/6.Resolucao-01_2021-Regulamentacao_Trabalho_de_Conclusao_de_Curso-vigente.pdf\" data-type=\"link\" data-id=\"http:\/\/www.ccsa.ufpb.br\/bap\/wp-content\/uploads\/sites\/179\/sites\/392\/2025\/09\/6.Resolucao-01_2021-Regulamentacao_Trabalho_de_Conclusao_de_Curso-vigente.pdf\">RESOLU\u00c7\u00c3O N\u00ba 01\/2021 \u2013 BAP &#8211; Regulamenta o Trabalho de Conclus\u00e3o de Curso<\/a><\/li>\n\n\n\n<li><a href=\"http:\/\/www.ccsa.ufpb.br\/bap\/wp-content\/uploads\/sites\/179\/sites\/392\/2025\/09\/7.1Resoluo_n_06.2022_Consuni-Laurea-Academica.pdf\" data-type=\"link\" data-id=\"http:\/\/www.ccsa.ufpb.br\/bap\/wp-content\/uploads\/sites\/179\/sites\/392\/2025\/09\/7.1Resoluo_n_06.2022_Consuni-Laurea-Academica.pdf\">RESOLU\u00c7\u00c3O N\u00ba 06\/2022 &#8211; Atualiza as normas acerca da concess\u00e3o do pr\u00eamio \u201cL\u00e1urea Acad\u00eamica Destaque da Gradua\u00e7\u00e3o\u201d<\/a><\/li>\n\n\n\n<li><a href=\"http:\/\/www.ccsa.ufpb.br\/bap\/wp-content\/uploads\/sites\/179\/sites\/392\/2025\/09\/7.INSTRUCAO-NORMATIVA_2-2025-PRG-Laurea_Academica.pdf\" data-type=\"link\" data-id=\"http:\/\/www.ccsa.ufpb.br\/bap\/wp-content\/uploads\/sites\/179\/sites\/392\/2025\/09\/7.INSTRUCAO-NORMATIVA_2-2025-PRG-Laurea_Academica.pdf\">IN PRG\/UFPB N\u00ba 2\/2025 &#8211; Estabelece os padr\u00f5es administrativos relacionados \u00e0 concess\u00e3o do Pr\u00eamio \u201cL\u00e1urea Acad\u00eamica Destaque da Gradua\u00e7\u00e3o\u201d<\/a><\/li>\n\n\n\n<li><a href=\"http:\/\/www.ccsa.ufpb.br\/bap\/wp-content\/uploads\/sites\/179\/sites\/392\/2025\/09\/8.INSTRUCAONORMATIVA-3-2025-_-DIPLOMADIGITAL.pdf\" data-type=\"link\" data-id=\"http:\/\/www.ccsa.ufpb.br\/bap\/wp-content\/uploads\/sites\/179\/sites\/392\/2025\/09\/8.INSTRUCAONORMATIVA-3-2025-_-DIPLOMADIGITAL.pdf\">IN PRG\/UFPB N\u00ba 3\/2025 &#8211; Estabelece procedimentos administrativos relacionados a emiss\u00e3o de diploma digital<\/a><\/li>\n\n\n\n<li><a href=\"http:\/\/www.ccsa.ufpb.br\/bap\/wp-content\/uploads\/sites\/179\/sites\/392\/2025\/09\/9.PORTARIA-PRG-No-012016-Colacao-de-Grau-Separado.pdf\" data-type=\"link\" data-id=\"http:\/\/www.ccsa.ufpb.br\/bap\/wp-content\/uploads\/sites\/179\/sites\/392\/2025\/09\/9.PORTARIA-PRG-No-012016-Colacao-de-Grau-Separado.pdf\">PORTARIA PRG\/UFPB N\u00b0 01\/2016 &#8211; Cola\u00e7\u00e3o de Grau em Separado<\/a><\/li>\n<\/ul>\n\n\n\n<p><\/p>\n","protected":false},"excerpt":{"rendered":"","protected":false},"author":423,"featured_media":0,"parent":0,"menu_order":0,"comment_status":"closed","ping_status":"closed","template":"","meta":{"footnotes":""},"class_list":["post-23","page","type-page","status-publish","hentry"],"_links":{"self":[{"href":"https:\/\/www.ccsa.ufpb.br\/bap\/wp-json\/wp\/v2\/pages\/23","targetHints":{"allow":["GET"]}}],"collection":[{"href":"https:\/\/www.ccsa.ufpb.br\/bap\/wp-json\/wp\/v2\/pages"}],"about":[{"href":"https:\/\/www.ccsa.ufpb.br\/bap\/wp-json\/wp\/v2\/types\/page"}],"author":[{"embeddable":true,"href":"https:\/\/www.ccsa.ufpb.br\/bap\/wp-json\/wp\/v2\/users\/423"}],"replies":[{"embeddable":true,"href":"https:\/\/www.ccsa.ufpb.br\/bap\/wp-json\/wp\/v2\/comments?post=23"}],"version-history":[{"count":32,"href":"https:\/\/www.ccsa.ufpb.br\/bap\/wp-json\/wp\/v2\/pages\/23\/revisions"}],"predecessor-version":[{"id":296,"href":"https:\/\/www.ccsa.ufpb.br\/bap\/wp-json\/wp\/v2\/pages\/23\/revisions\/296"}],"wp:attachment":[{"href":"https:\/\/www.ccsa.ufpb.br\/bap\/wp-json\/wp\/v2\/media?parent=23"}],"curies":[{"name":"wp","href":"https:\/\/api.w.org\/{rel}","templated":true}]}}