{"id":299,"date":"2025-05-29T12:42:00","date_gmt":"2025-05-29T15:42:00","guid":{"rendered":"https:\/\/www.ccsa.ufpb.br\/bap\/?page_id=299"},"modified":"2025-10-10T16:56:58","modified_gmt":"2025-10-10T19:56:58","slug":"conheca-o-polo-uab-de-duas-estradas-pb","status":"publish","type":"page","link":"https:\/\/www.ccsa.ufpb.br\/bap\/conheca-o-polo-uab-de-duas-estradas-pb\/","title":{"rendered":"Conhe\u00e7a o Polo UAB de Duas Estradas &#8211; PB"},"content":{"rendered":"<div class=\"wp-block-image\">\n<figure class=\"aligncenter size-full\"><img loading=\"lazy\" decoding=\"async\" width=\"946\" height=\"563\" src=\"https:\/\/www.ccsa.ufpb.br\/bap\/wp-content\/uploads\/sites\/179\/sites\/392\/2025\/10\/1.jpeg\" alt=\"\" class=\"wp-image-417\" srcset=\"https:\/\/www.ccsa.ufpb.br\/bap\/wp-content\/uploads\/sites\/179\/sites\/392\/2025\/10\/1.jpeg 946w, https:\/\/www.ccsa.ufpb.br\/bap\/wp-content\/uploads\/sites\/179\/sites\/392\/2025\/10\/1-300x179.jpeg 300w, https:\/\/www.ccsa.ufpb.br\/bap\/wp-content\/uploads\/sites\/179\/sites\/392\/2025\/10\/1-768x457.jpeg 768w\" sizes=\"auto, (max-width: 946px) 100vw, 946px\" \/><figcaption class=\"wp-element-caption\"><strong>Escola Municipal de Ensino Fundamental\u00a0Diva Lira de Carvalho\u00a0&#8211; Polo Duas Estradas<\/strong><\/figcaption><\/figure>\n<\/div>\n\n\n<p>O Polo UAB de Duas Estradas est\u00e1 localizado na Escola Municipal de Ensino Fundamental Diva Lira de Carvalho, na Rua Presidente M\u00e9dici, 154, Centro, Duas Estradas\/PB, CEP 58.265-000. Este espa\u00e7o \u00e9 dedicado ao ensino a dist\u00e2ncia do nosso curso de Administra\u00e7\u00e3o P\u00fablica, oferecendo um ambiente acolhedor e bem equipado para nossos estudantes.<\/p>\n\n\n<div class=\"wp-block-image\">\n<figure class=\"aligncenter size-large\"><img loading=\"lazy\" decoding=\"async\" width=\"1024\" height=\"529\" src=\"https:\/\/www.ccsa.ufpb.br\/bap\/wp-content\/uploads\/sites\/179\/sites\/392\/2025\/10\/2-1024x529.jpeg\" alt=\"\" class=\"wp-image-418\" srcset=\"https:\/\/www.ccsa.ufpb.br\/bap\/wp-content\/uploads\/sites\/179\/sites\/392\/2025\/10\/2-1024x529.jpeg 1024w, https:\/\/www.ccsa.ufpb.br\/bap\/wp-content\/uploads\/sites\/179\/sites\/392\/2025\/10\/2-300x155.jpeg 300w, https:\/\/www.ccsa.ufpb.br\/bap\/wp-content\/uploads\/sites\/179\/sites\/392\/2025\/10\/2-768x397.jpeg 768w, https:\/\/www.ccsa.ufpb.br\/bap\/wp-content\/uploads\/sites\/179\/sites\/392\/2025\/10\/2.jpeg 1115w\" sizes=\"auto, (max-width: 1024px) 100vw, 1024px\" \/><figcaption class=\"wp-element-caption\"><strong>Laborat\u00f3rio de Inform\u00e1tica &#8211; Polo Duas Estradas<\/strong><\/figcaption><\/figure>\n<\/div>\n\n\n<p>O Polo conta com uma estrutura moderna, incluindo 6 computadores e 4 notebooks dispon\u00edveis para uso dos alunos. A internet \u00e9 considerada de boa qualidade, garantindo acesso \u00e0s plataformas de estudo e atividades online. O ambiente da sala de inform\u00e1tica \u00e9 amplo, com mesas e cadeiras em bom estado, proporcionando conforto para as atividades acad\u00eamicas.<\/p>\n\n\n<div class=\"wp-block-image\">\n<figure class=\"aligncenter size-large\"><img loading=\"lazy\" decoding=\"async\" width=\"1024\" height=\"461\" src=\"https:\/\/www.ccsa.ufpb.br\/bap\/wp-content\/uploads\/sites\/179\/sites\/392\/2025\/10\/3-1024x461.jpeg\" alt=\"\" class=\"wp-image-419\" srcset=\"https:\/\/www.ccsa.ufpb.br\/bap\/wp-content\/uploads\/sites\/179\/sites\/392\/2025\/10\/3-1024x461.jpeg 1024w, https:\/\/www.ccsa.ufpb.br\/bap\/wp-content\/uploads\/sites\/179\/sites\/392\/2025\/10\/3-300x135.jpeg 300w, https:\/\/www.ccsa.ufpb.br\/bap\/wp-content\/uploads\/sites\/179\/sites\/392\/2025\/10\/3-768x346.jpeg 768w, https:\/\/www.ccsa.ufpb.br\/bap\/wp-content\/uploads\/sites\/179\/sites\/392\/2025\/10\/3.jpeg 1280w\" sizes=\"auto, (max-width: 1024px) 100vw, 1024px\" \/><figcaption class=\"wp-element-caption\"><strong>Biblioteca &#8211; Polo Duas Estradas<\/strong><\/figcaption><\/figure>\n<\/div>\n\n\n<p>As provas presenciais do curso acontecem semestralmente no Polo, em dois s\u00e1bados seguidos, al\u00e9m de um s\u00e1bado dedicado \u00e0 reposi\u00e7\u00e3o de todas as provas. Assim, buscamos facilitar a participa\u00e7\u00e3o dos estudantes e garantir a realiza\u00e7\u00e3o das avalia\u00e7\u00f5es de forma organizada.<\/p>\n\n\n<div class=\"wp-block-image\">\n<figure class=\"aligncenter size-large\"><img loading=\"lazy\" decoding=\"async\" width=\"1024\" height=\"461\" src=\"https:\/\/www.ccsa.ufpb.br\/bap\/wp-content\/uploads\/sites\/179\/sites\/392\/2025\/10\/4-1024x461.jpeg\" alt=\"\" class=\"wp-image-420\" srcset=\"https:\/\/www.ccsa.ufpb.br\/bap\/wp-content\/uploads\/sites\/179\/sites\/392\/2025\/10\/4-1024x461.jpeg 1024w, https:\/\/www.ccsa.ufpb.br\/bap\/wp-content\/uploads\/sites\/179\/sites\/392\/2025\/10\/4-300x135.jpeg 300w, https:\/\/www.ccsa.ufpb.br\/bap\/wp-content\/uploads\/sites\/179\/sites\/392\/2025\/10\/4-768x346.jpeg 768w, https:\/\/www.ccsa.ufpb.br\/bap\/wp-content\/uploads\/sites\/179\/sites\/392\/2025\/10\/4.jpeg 1280w\" sizes=\"auto, (max-width: 1024px) 100vw, 1024px\" \/><figcaption class=\"wp-element-caption\"><strong>Sala de Aula &#8211; Polo Duas Estradas<\/strong><\/figcaption><\/figure>\n<\/div>\n\n\n<p>O funcionamento do Polo de Duas Estradas \u00e9 \u00e0s ter\u00e7as, quintas e sextas, das 8h \u00e0s 11h, e \u00e0s segundas e quartas, das 8h \u00e0s 11h e das 13h \u00e0s 17h. Estamos sempre empenhados em fortalecer a presen\u00e7a dos estudantes e oferecer um espa\u00e7o cada vez mais eficiente e acolhedor.<\/p>\n\n\n\n<p>A equipe do Polo \u00e9 composta pela Coordenadora Gislaine Muniz de Lima e pelo Tutor presencial Ronaldo Adriano da Costa Xavier. Para contato, voc\u00ea pode ligar para o telefone (83) 99374-9678 ou enviar um e-mail para&nbsp;<a href=\"mailto:gmunizdelima@gmail.com\">gmunizdelima@gmail.com<\/a>. Estamos \u00e0 disposi\u00e7\u00e3o para esclarecer d\u00favidas e melhorar a experi\u00eancia de todos.<\/p>\n\n\n\n<p>Acreditamos que a presen\u00e7a e o engajamento dos discentes no Polo s\u00e3o essenciais para o sucesso do nosso curso. Por isso, estamos sempre abertos a sugest\u00f5es e buscando formas de melhorar a estrutura e as atividades oferecidas. Venha nos visitar e fazer parte dessa comunidade de aprendizagem!<\/p>\n","protected":false},"excerpt":{"rendered":"<p>O Polo UAB de Duas Estradas est\u00e1 localizado na Escola Municipal de Ensino Fundamental Diva [&hellip;]<\/p>\n","protected":false},"author":423,"featured_media":0,"parent":0,"menu_order":0,"comment_status":"closed","ping_status":"closed","template":"","meta":{"footnotes":""},"class_list":["post-299","page","type-page","status-publish","hentry"],"_links":{"self":[{"href":"https:\/\/www.ccsa.ufpb.br\/bap\/wp-json\/wp\/v2\/pages\/299","targetHints":{"allow":["GET"]}}],"collection":[{"href":"https:\/\/www.ccsa.ufpb.br\/bap\/wp-json\/wp\/v2\/pages"}],"about":[{"href":"https:\/\/www.ccsa.ufpb.br\/bap\/wp-json\/wp\/v2\/types\/page"}],"author":[{"embeddable":true,"href":"https:\/\/www.ccsa.ufpb.br\/bap\/wp-json\/wp\/v2\/users\/423"}],"replies":[{"embeddable":true,"href":"https:\/\/www.ccsa.ufpb.br\/bap\/wp-json\/wp\/v2\/comments?post=299"}],"version-history":[{"count":2,"href":"https:\/\/www.ccsa.ufpb.br\/bap\/wp-json\/wp\/v2\/pages\/299\/revisions"}],"predecessor-version":[{"id":421,"href":"https:\/\/www.ccsa.ufpb.br\/bap\/wp-json\/wp\/v2\/pages\/299\/revisions\/421"}],"wp:attachment":[{"href":"https:\/\/www.ccsa.ufpb.br\/bap\/wp-json\/wp\/v2\/media?parent=299"}],"curies":[{"name":"wp","href":"https:\/\/api.w.org\/{rel}","templated":true}]}}