{"id":453,"date":"2025-05-29T12:42:00","date_gmt":"2025-05-29T15:42:00","guid":{"rendered":"https:\/\/www.ccsa.ufpb.br\/bap\/?page_id=453"},"modified":"2025-10-16T16:33:12","modified_gmt":"2025-10-16T19:33:12","slug":"conheca-o-polo-uab-de-taperoa-pb","status":"publish","type":"page","link":"https:\/\/www.ccsa.ufpb.br\/bap\/conheca-o-polo-uab-de-taperoa-pb\/","title":{"rendered":"Conhe\u00e7a o Polo UAB de Tapero\u00e1 &#8211; PB"},"content":{"rendered":"<div class=\"wp-block-image\">\n<figure class=\"aligncenter size-large\"><img loading=\"lazy\" decoding=\"async\" width=\"1024\" height=\"512\" src=\"https:\/\/www.ccsa.ufpb.br\/bap\/wp-content\/uploads\/sites\/179\/sites\/392\/2025\/10\/Frente-do-Polo-1024x512.jpeg\" alt=\"\" class=\"wp-image-457\" style=\"object-fit:cover\" srcset=\"https:\/\/www.ccsa.ufpb.br\/bap\/wp-content\/uploads\/sites\/179\/sites\/392\/2025\/10\/Frente-do-Polo-1024x512.jpeg 1024w, https:\/\/www.ccsa.ufpb.br\/bap\/wp-content\/uploads\/sites\/179\/sites\/392\/2025\/10\/Frente-do-Polo-300x150.jpeg 300w, https:\/\/www.ccsa.ufpb.br\/bap\/wp-content\/uploads\/sites\/179\/sites\/392\/2025\/10\/Frente-do-Polo-768x384.jpeg 768w, https:\/\/www.ccsa.ufpb.br\/bap\/wp-content\/uploads\/sites\/179\/sites\/392\/2025\/10\/Frente-do-Polo-1536x768.jpeg 1536w, https:\/\/www.ccsa.ufpb.br\/bap\/wp-content\/uploads\/sites\/179\/sites\/392\/2025\/10\/Frente-do-Polo.jpeg 1600w\" sizes=\"auto, (max-width: 1024px) 100vw, 1024px\" \/><figcaption class=\"wp-element-caption\"><strong>Polo de Apoio Presencial&nbsp;do Munic\u00edpio de Tapero\u00e1&nbsp;Monsenhor Manoel Vieira<\/strong><\/figcaption><\/figure>\n<\/div>\n\n\n<p>O Polo UAB de Tapero\u00e1 \u00e9 um espa\u00e7o dedicado ao ensino a dist\u00e2ncia do nosso curso de Administra\u00e7\u00e3o P\u00fablica, oferecendo uma estrutura moderna e acolhedora para nossos estudantes. Localizado no Polo de Apoio Presencial UAB Monsenhor Manoel Vieira, na Rua Cel. Dorgival Vilar Filho, 187, Alto da Concei\u00e7\u00e3o, Tapero\u00e1\/PB, o polo conta com uma sala de aula, laborat\u00f3rio de inform\u00e1tica, biblioteca, sala de reuni\u00f5es e espa\u00e7o para notebooks.<\/p>\n\n\n<div class=\"wp-block-image\">\n<figure class=\"aligncenter size-large\"><img loading=\"lazy\" decoding=\"async\" width=\"1024\" height=\"557\" src=\"https:\/\/www.ccsa.ufpb.br\/bap\/wp-content\/uploads\/sites\/179\/sites\/392\/2025\/10\/Sala-de-Aula-2-1024x557.jpeg\" alt=\"\" class=\"wp-image-458\" style=\"object-fit:cover\" srcset=\"https:\/\/www.ccsa.ufpb.br\/bap\/wp-content\/uploads\/sites\/179\/sites\/392\/2025\/10\/Sala-de-Aula-2-1024x557.jpeg 1024w, https:\/\/www.ccsa.ufpb.br\/bap\/wp-content\/uploads\/sites\/179\/sites\/392\/2025\/10\/Sala-de-Aula-2-300x163.jpeg 300w, https:\/\/www.ccsa.ufpb.br\/bap\/wp-content\/uploads\/sites\/179\/sites\/392\/2025\/10\/Sala-de-Aula-2-768x418.jpeg 768w, https:\/\/www.ccsa.ufpb.br\/bap\/wp-content\/uploads\/sites\/179\/sites\/392\/2025\/10\/Sala-de-Aula-2-1536x836.jpeg 1536w, https:\/\/www.ccsa.ufpb.br\/bap\/wp-content\/uploads\/sites\/179\/sites\/392\/2025\/10\/Sala-de-Aula-2.jpeg 1600w\" sizes=\"auto, (max-width: 1024px) 100vw, 1024px\" \/><figcaption class=\"wp-element-caption\"><strong>Sala de Aula &#8211; Polo Tapero\u00e1<\/strong><\/figcaption><\/figure>\n<\/div>\n\n\n<p>O ambiente \u00e9 amplo, com mesas e cadeiras em bom estado, al\u00e9m de nove computadores em funcionamento, uma impressora e uma internet de alta qualidade, garantindo conforto e praticidade para os estudos. O polo funciona de segunda a sexta-feira, das 8h \u00e0s 17h, e aos s\u00e1bados, das 8h \u00e0s 12h, atendendo \u00e0s demandas dos cursos.<\/p>\n\n\n<div class=\"wp-block-image\">\n<figure class=\"aligncenter size-large\"><img loading=\"lazy\" decoding=\"async\" width=\"1024\" height=\"569\" src=\"https:\/\/www.ccsa.ufpb.br\/bap\/wp-content\/uploads\/sites\/179\/sites\/392\/2025\/10\/Laboratorio-Informatica-3-1024x569.jpeg\" alt=\"\" class=\"wp-image-459\" srcset=\"https:\/\/www.ccsa.ufpb.br\/bap\/wp-content\/uploads\/sites\/179\/sites\/392\/2025\/10\/Laboratorio-Informatica-3-1024x569.jpeg 1024w, https:\/\/www.ccsa.ufpb.br\/bap\/wp-content\/uploads\/sites\/179\/sites\/392\/2025\/10\/Laboratorio-Informatica-3-300x167.jpeg 300w, https:\/\/www.ccsa.ufpb.br\/bap\/wp-content\/uploads\/sites\/179\/sites\/392\/2025\/10\/Laboratorio-Informatica-3-768x427.jpeg 768w, https:\/\/www.ccsa.ufpb.br\/bap\/wp-content\/uploads\/sites\/179\/sites\/392\/2025\/10\/Laboratorio-Informatica-3-1536x853.jpeg 1536w, https:\/\/www.ccsa.ufpb.br\/bap\/wp-content\/uploads\/sites\/179\/sites\/392\/2025\/10\/Laboratorio-Informatica-3.jpeg 1600w\" sizes=\"auto, (max-width: 1024px) 100vw, 1024px\" \/><figcaption class=\"wp-element-caption\"><strong>Laborat\u00f3rio de Inform\u00e1tica &#8211; Polo Tapero\u00e1<\/strong><\/figcaption><\/figure>\n<\/div>\n\n\n<p>As provas presenciais acontecem semestralmente em dois s\u00e1bados seguidos, al\u00e9m de um s\u00e1bado dedicado \u00e0 reposi\u00e7\u00e3o de provas. A equipe do polo \u00e9 composta pelo coordenador Vamberto Fl\u00e1vio Te\u00f3filo de Oliveira, pela tutora Ivoneide Veronica da Silva e pela assistente Maria Alcileide da Silva.&nbsp;Para contato, voc\u00ea pode ligar para o telefone (83) 99971-8143 ou enviar um e-mail para uabtaperoapb@yahoo.com.br. Estamos sempre \u00e0 disposi\u00e7\u00e3o para esclarecer d\u00favidas, receber sugest\u00f5es e melhorar a experi\u00eancia de todos.<\/p>\n\n\n\n<figure class=\"wp-block-gallery has-nested-images columns-default is-cropped wp-block-gallery-1 is-layout-flex wp-block-gallery-is-layout-flex\">\n<figure class=\"wp-block-image size-large\"><img loading=\"lazy\" decoding=\"async\" width=\"1024\" height=\"872\" data-id=\"460\" src=\"https:\/\/www.ccsa.ufpb.br\/bap\/wp-content\/uploads\/sites\/179\/sites\/392\/2025\/10\/Biblioteca-6-1024x872.jpeg\" alt=\"\" class=\"wp-image-460\" srcset=\"https:\/\/www.ccsa.ufpb.br\/bap\/wp-content\/uploads\/sites\/179\/sites\/392\/2025\/10\/Biblioteca-6-1024x872.jpeg 1024w, https:\/\/www.ccsa.ufpb.br\/bap\/wp-content\/uploads\/sites\/179\/sites\/392\/2025\/10\/Biblioteca-6-300x255.jpeg 300w, https:\/\/www.ccsa.ufpb.br\/bap\/wp-content\/uploads\/sites\/179\/sites\/392\/2025\/10\/Biblioteca-6-768x654.jpeg 768w, https:\/\/www.ccsa.ufpb.br\/bap\/wp-content\/uploads\/sites\/179\/sites\/392\/2025\/10\/Biblioteca-6.jpeg 1384w\" sizes=\"auto, (max-width: 1024px) 100vw, 1024px\" \/><\/figure>\n\n\n\n<figure class=\"wp-block-image size-large\"><img loading=\"lazy\" decoding=\"async\" width=\"1024\" height=\"821\" data-id=\"461\" src=\"https:\/\/www.ccsa.ufpb.br\/bap\/wp-content\/uploads\/sites\/179\/sites\/392\/2025\/10\/Biblioteca-7-1024x821.jpeg\" alt=\"\" class=\"wp-image-461\" srcset=\"https:\/\/www.ccsa.ufpb.br\/bap\/wp-content\/uploads\/sites\/179\/sites\/392\/2025\/10\/Biblioteca-7-1024x821.jpeg 1024w, https:\/\/www.ccsa.ufpb.br\/bap\/wp-content\/uploads\/sites\/179\/sites\/392\/2025\/10\/Biblioteca-7-300x240.jpeg 300w, https:\/\/www.ccsa.ufpb.br\/bap\/wp-content\/uploads\/sites\/179\/sites\/392\/2025\/10\/Biblioteca-7-768x616.jpeg 768w, https:\/\/www.ccsa.ufpb.br\/bap\/wp-content\/uploads\/sites\/179\/sites\/392\/2025\/10\/Biblioteca-7.jpeg 1406w\" sizes=\"auto, (max-width: 1024px) 100vw, 1024px\" \/><\/figure>\n<\/figure>\n\n\n\n<figure class=\"wp-block-image size-large\"><img loading=\"lazy\" decoding=\"async\" width=\"1024\" height=\"584\" src=\"https:\/\/www.ccsa.ufpb.br\/bap\/wp-content\/uploads\/sites\/179\/sites\/392\/2025\/10\/Biblioteca-11-1024x584.jpeg\" alt=\"\" class=\"wp-image-462\" srcset=\"https:\/\/www.ccsa.ufpb.br\/bap\/wp-content\/uploads\/sites\/179\/sites\/392\/2025\/10\/Biblioteca-11-1024x584.jpeg 1024w, https:\/\/www.ccsa.ufpb.br\/bap\/wp-content\/uploads\/sites\/179\/sites\/392\/2025\/10\/Biblioteca-11-300x171.jpeg 300w, https:\/\/www.ccsa.ufpb.br\/bap\/wp-content\/uploads\/sites\/179\/sites\/392\/2025\/10\/Biblioteca-11-768x438.jpeg 768w, https:\/\/www.ccsa.ufpb.br\/bap\/wp-content\/uploads\/sites\/179\/sites\/392\/2025\/10\/Biblioteca-11-1536x876.jpeg 1536w, https:\/\/www.ccsa.ufpb.br\/bap\/wp-content\/uploads\/sites\/179\/sites\/392\/2025\/10\/Biblioteca-11.jpeg 1600w\" sizes=\"auto, (max-width: 1024px) 100vw, 1024px\" \/><figcaption class=\"wp-element-caption\"><strong>Biblioteca &#8211; Polo Tapero\u00e1<\/strong><\/figcaption><\/figure>\n\n\n\n<p>Acreditamos que a presen\u00e7a e o engajamento dos discentes no Polo s\u00e3o essenciais para o sucesso do nosso curso.&nbsp;Venha nos visitar e fazer parte dessa comunidade de aprendizagem!<\/p>\n\n\n\n<figure class=\"wp-block-image size-large\"><img loading=\"lazy\" decoding=\"async\" width=\"1024\" height=\"755\" src=\"http:\/\/www.ccsa.ufpb.br\/bap\/wp-content\/uploads\/sites\/179\/sites\/392\/2025\/09\/Quadro-de-alunos-1024x755.jpeg\" alt=\"\" class=\"wp-image-49\" style=\"object-fit:cover\" srcset=\"https:\/\/www.ccsa.ufpb.br\/bap\/wp-content\/uploads\/sites\/179\/sites\/392\/2025\/09\/Quadro-de-alunos-1024x755.jpeg 1024w, https:\/\/www.ccsa.ufpb.br\/bap\/wp-content\/uploads\/sites\/179\/sites\/392\/2025\/09\/Quadro-de-alunos-300x221.jpeg 300w, https:\/\/www.ccsa.ufpb.br\/bap\/wp-content\/uploads\/sites\/179\/sites\/392\/2025\/09\/Quadro-de-alunos-768x566.jpeg 768w, https:\/\/www.ccsa.ufpb.br\/bap\/wp-content\/uploads\/sites\/179\/sites\/392\/2025\/09\/Quadro-de-alunos.jpeg 1270w\" sizes=\"auto, (max-width: 1024px) 100vw, 1024px\" \/><\/figure>\n\n\n\n<p><\/p>\n","protected":false},"excerpt":{"rendered":"<p>O Polo UAB de Tapero\u00e1 \u00e9 um espa\u00e7o dedicado ao ensino a dist\u00e2ncia do nosso [&hellip;]<\/p>\n","protected":false},"author":423,"featured_media":0,"parent":0,"menu_order":0,"comment_status":"closed","ping_status":"closed","template":"","meta":{"footnotes":""},"class_list":["post-453","page","type-page","status-publish","hentry"],"_links":{"self":[{"href":"https:\/\/www.ccsa.ufpb.br\/bap\/wp-json\/wp\/v2\/pages\/453","targetHints":{"allow":["GET"]}}],"collection":[{"href":"https:\/\/www.ccsa.ufpb.br\/bap\/wp-json\/wp\/v2\/pages"}],"about":[{"href":"https:\/\/www.ccsa.ufpb.br\/bap\/wp-json\/wp\/v2\/types\/page"}],"author":[{"embeddable":true,"href":"https:\/\/www.ccsa.ufpb.br\/bap\/wp-json\/wp\/v2\/users\/423"}],"replies":[{"embeddable":true,"href":"https:\/\/www.ccsa.ufpb.br\/bap\/wp-json\/wp\/v2\/comments?post=453"}],"version-history":[{"count":3,"href":"https:\/\/www.ccsa.ufpb.br\/bap\/wp-json\/wp\/v2\/pages\/453\/revisions"}],"predecessor-version":[{"id":464,"href":"https:\/\/www.ccsa.ufpb.br\/bap\/wp-json\/wp\/v2\/pages\/453\/revisions\/464"}],"wp:attachment":[{"href":"https:\/\/www.ccsa.ufpb.br\/bap\/wp-json\/wp\/v2\/media?parent=453"}],"curies":[{"name":"wp","href":"https:\/\/api.w.org\/{rel}","templated":true}]}}