{"id":494,"date":"2025-06-12T09:42:00","date_gmt":"2025-06-12T12:42:00","guid":{"rendered":"https:\/\/www.ccsa.ufpb.br\/bap\/?page_id=494"},"modified":"2025-11-07T10:19:33","modified_gmt":"2025-11-07T13:19:33","slug":"conheca-o-polo-uab-de-conde-pb","status":"publish","type":"page","link":"https:\/\/www.ccsa.ufpb.br\/bap\/conheca-o-polo-uab-de-conde-pb\/","title":{"rendered":"Conhe\u00e7a o Polo UAB de Conde &#8211; PB"},"content":{"rendered":"\n<figure class=\"wp-block-image size-full\"><img loading=\"lazy\" decoding=\"async\" width=\"659\" height=\"371\" src=\"https:\/\/www.ccsa.ufpb.br\/bap\/wp-content\/uploads\/sites\/179\/sites\/392\/2025\/11\/Entrada-do-Polo.jpeg\" alt=\"\" class=\"wp-image-495\" srcset=\"https:\/\/www.ccsa.ufpb.br\/bap\/wp-content\/uploads\/sites\/179\/sites\/392\/2025\/11\/Entrada-do-Polo.jpeg 659w, https:\/\/www.ccsa.ufpb.br\/bap\/wp-content\/uploads\/sites\/179\/sites\/392\/2025\/11\/Entrada-do-Polo-300x169.jpeg 300w\" sizes=\"auto, (max-width: 659px) 100vw, 659px\" \/><\/figure>\n\n\n\n<p>O Polo UAB Conde \u00e9 um espa\u00e7o dedicado ao ensino a dist\u00e2ncia do nosso curso de Administra\u00e7\u00e3o P\u00fablica na Universidade Federal da Para\u00edba (UFPB). O polo oferece atualmente oito cursos de gradua\u00e7\u00e3o na modalidade EaD, todos vinculados \u00e0 nossa institui\u00e7\u00e3o, proporcionando uma forma\u00e7\u00e3o de qualidade com flexibilidade e acessibilidade.<\/p>\n\n\n\n<figure class=\"wp-block-image size-large\"><img loading=\"lazy\" decoding=\"async\" width=\"1024\" height=\"488\" src=\"https:\/\/www.ccsa.ufpb.br\/bap\/wp-content\/uploads\/sites\/179\/sites\/392\/2025\/11\/Laboratorio-de-Informatica-2-1024x488.jpeg\" alt=\"\" class=\"wp-image-496\" srcset=\"https:\/\/www.ccsa.ufpb.br\/bap\/wp-content\/uploads\/sites\/179\/sites\/392\/2025\/11\/Laboratorio-de-Informatica-2-1024x488.jpeg 1024w, https:\/\/www.ccsa.ufpb.br\/bap\/wp-content\/uploads\/sites\/179\/sites\/392\/2025\/11\/Laboratorio-de-Informatica-2-300x143.jpeg 300w, https:\/\/www.ccsa.ufpb.br\/bap\/wp-content\/uploads\/sites\/179\/sites\/392\/2025\/11\/Laboratorio-de-Informatica-2-768x366.jpeg 768w, https:\/\/www.ccsa.ufpb.br\/bap\/wp-content\/uploads\/sites\/179\/sites\/392\/2025\/11\/Laboratorio-de-Informatica-2.jpeg 1040w\" sizes=\"auto, (max-width: 1024px) 100vw, 1024px\" \/><figcaption class=\"wp-element-caption\"><strong>Laborat\u00f3rio de Inform\u00e1tica do Polo Conde<\/strong>\u00a0<\/figcaption><\/figure>\n\n\n\n<p>Localizado na Rodovia PB 018, Km 3.5, Centro \u2013 CEP: 58322-00, o Polo Conde est\u00e1 agregado \u00e0 Secretaria de Educa\u00e7\u00e3o de Conde\/PB. Nosso espa\u00e7o conta com uma estrutura moderna e acolhedora, incluindo sala de aula, laborat\u00f3rio de inform\u00e1tica e biblioteca. O ambiente \u00e9 amplo, com mesas e cadeiras em bom estado, al\u00e9m de computadores com internet de alta velocidade, garantindo conforto e praticidade para seus estudos.<\/p>\n\n\n\n<figure class=\"wp-block-image size-large\"><img loading=\"lazy\" decoding=\"async\" width=\"1024\" height=\"581\" src=\"https:\/\/www.ccsa.ufpb.br\/bap\/wp-content\/uploads\/sites\/179\/sites\/392\/2025\/11\/Biblioteca-2-1024x581.jpeg\" alt=\"\" class=\"wp-image-497\" srcset=\"https:\/\/www.ccsa.ufpb.br\/bap\/wp-content\/uploads\/sites\/179\/sites\/392\/2025\/11\/Biblioteca-2-1024x581.jpeg 1024w, https:\/\/www.ccsa.ufpb.br\/bap\/wp-content\/uploads\/sites\/179\/sites\/392\/2025\/11\/Biblioteca-2-300x170.jpeg 300w, https:\/\/www.ccsa.ufpb.br\/bap\/wp-content\/uploads\/sites\/179\/sites\/392\/2025\/11\/Biblioteca-2-768x436.jpeg 768w, https:\/\/www.ccsa.ufpb.br\/bap\/wp-content\/uploads\/sites\/179\/sites\/392\/2025\/11\/Biblioteca-2.jpeg 1040w\" sizes=\"auto, (max-width: 1024px) 100vw, 1024px\" \/><figcaption class=\"wp-element-caption\"><strong>Biblioteca do Polo Conde<\/strong><\/figcaption><\/figure>\n\n\n\n<p>Nossas provas presenciais ocorrem semestralmente em dois s\u00e1bados seguidos, al\u00e9m de um s\u00e1bado dedicado \u00e0 reposi\u00e7\u00e3o de provas, sempre buscando facilitar a participa\u00e7\u00e3o dos estudantes. Acreditamos que a presen\u00e7a e o engajamento dos discentes no polo s\u00e3o essenciais para o sucesso do curso.<\/p>\n\n\n\n<figure class=\"wp-block-image size-large\"><img loading=\"lazy\" decoding=\"async\" width=\"1024\" height=\"555\" src=\"https:\/\/www.ccsa.ufpb.br\/bap\/wp-content\/uploads\/sites\/179\/sites\/392\/2025\/11\/Sala-de-Aula-1024x555.jpeg\" alt=\"\" class=\"wp-image-498\" srcset=\"https:\/\/www.ccsa.ufpb.br\/bap\/wp-content\/uploads\/sites\/179\/sites\/392\/2025\/11\/Sala-de-Aula-1024x555.jpeg 1024w, https:\/\/www.ccsa.ufpb.br\/bap\/wp-content\/uploads\/sites\/179\/sites\/392\/2025\/11\/Sala-de-Aula-300x163.jpeg 300w, https:\/\/www.ccsa.ufpb.br\/bap\/wp-content\/uploads\/sites\/179\/sites\/392\/2025\/11\/Sala-de-Aula-768x416.jpeg 768w, https:\/\/www.ccsa.ufpb.br\/bap\/wp-content\/uploads\/sites\/179\/sites\/392\/2025\/11\/Sala-de-Aula-1536x832.jpeg 1536w, https:\/\/www.ccsa.ufpb.br\/bap\/wp-content\/uploads\/sites\/179\/sites\/392\/2025\/11\/Sala-de-Aula.jpeg 1600w\" sizes=\"auto, (max-width: 1024px) 100vw, 1024px\" \/><figcaption class=\"wp-element-caption\"><strong>Sala de Aula do Polo Conde<\/strong><\/figcaption><\/figure>\n\n\n\n<p class=\" \">Para mais informa\u00e7\u00f5es, entre em contato conosco pelo e-mail uabpolocondepb@gmail.com ou pelo telefone (83) 98707-0811. Nosso hor\u00e1rio de atendimento \u00e9 de segunda a quinta-feira, das 12h \u00e0s 18h, e \u00e0s sextas-feiras, das 8h \u00e0s 14h.<\/p>\n\n\n\n<p class=\" \">Siga-nos no Instagram @polouabcondepb e venha fazer parte dessa comunidade de aprendizagem! Esperamos por voc\u00ea para juntos construirmos uma educa\u00e7\u00e3o de qualidade e acess\u00edvel a todos.<\/p>\n","protected":false},"excerpt":{"rendered":"<p>O Polo UAB Conde \u00e9 um espa\u00e7o dedicado ao ensino a dist\u00e2ncia do nosso curso [&hellip;]<\/p>\n","protected":false},"author":423,"featured_media":0,"parent":0,"menu_order":0,"comment_status":"closed","ping_status":"closed","template":"","meta":{"footnotes":""},"class_list":["post-494","page","type-page","status-publish","hentry"],"_links":{"self":[{"href":"https:\/\/www.ccsa.ufpb.br\/bap\/wp-json\/wp\/v2\/pages\/494","targetHints":{"allow":["GET"]}}],"collection":[{"href":"https:\/\/www.ccsa.ufpb.br\/bap\/wp-json\/wp\/v2\/pages"}],"about":[{"href":"https:\/\/www.ccsa.ufpb.br\/bap\/wp-json\/wp\/v2\/types\/page"}],"author":[{"embeddable":true,"href":"https:\/\/www.ccsa.ufpb.br\/bap\/wp-json\/wp\/v2\/users\/423"}],"replies":[{"embeddable":true,"href":"https:\/\/www.ccsa.ufpb.br\/bap\/wp-json\/wp\/v2\/comments?post=494"}],"version-history":[{"count":1,"href":"https:\/\/www.ccsa.ufpb.br\/bap\/wp-json\/wp\/v2\/pages\/494\/revisions"}],"predecessor-version":[{"id":499,"href":"https:\/\/www.ccsa.ufpb.br\/bap\/wp-json\/wp\/v2\/pages\/494\/revisions\/499"}],"wp:attachment":[{"href":"https:\/\/www.ccsa.ufpb.br\/bap\/wp-json\/wp\/v2\/media?parent=494"}],"curies":[{"name":"wp","href":"https:\/\/api.w.org\/{rel}","templated":true}]}}