{"id":97,"date":"2026-01-16T15:57:15","date_gmt":"2026-01-16T18:57:15","guid":{"rendered":"https:\/\/www.ccsa.ufpb.br\/bap\/?page_id=97"},"modified":"2026-01-16T15:57:16","modified_gmt":"2026-01-16T18:57:16","slug":"calendarios","status":"publish","type":"page","link":"https:\/\/www.ccsa.ufpb.br\/bap\/calendarios\/","title":{"rendered":"Calend\u00e1rios"},"content":{"rendered":"\n<div class=\"wp-block-media-text is-stacked-on-mobile\" style=\"grid-template-columns:22% auto\"><figure class=\"wp-block-media-text__media\"><img loading=\"lazy\" decoding=\"async\" width=\"640\" height=\"640\" src=\"https:\/\/www.ccsa.ufpb.br\/bap\/wp-content\/uploads\/sites\/179\/sites\/392\/2026\/01\/calendar-2027122_640.png\" alt=\"\" class=\"wp-image-541 size-full\" srcset=\"https:\/\/www.ccsa.ufpb.br\/bap\/wp-content\/uploads\/sites\/179\/sites\/392\/2026\/01\/calendar-2027122_640.png 640w, https:\/\/www.ccsa.ufpb.br\/bap\/wp-content\/uploads\/sites\/179\/sites\/392\/2026\/01\/calendar-2027122_640-300x300.png 300w, https:\/\/www.ccsa.ufpb.br\/bap\/wp-content\/uploads\/sites\/179\/sites\/392\/2026\/01\/calendar-2027122_640-150x150.png 150w\" sizes=\"auto, (max-width: 640px) 100vw, 640px\" \/><\/figure><div class=\"wp-block-media-text__content\">\n<h2 class=\"wp-block-heading\"><div class=\"linha-header\"><a href=\"https:\/\/www.prg.ufpb.br\/calendarios-academicos-cursos-ead\/\" data-type=\"link\" data-id=\"https:\/\/www.prg.ufpb.br\/calendarios-academicos-cursos-ead\/\">Calend\u00e1rio Acad\u00eamico<\/a><\/div><\/h2>\n<\/div><\/div>\n\n\n\n<div class=\"wp-block-media-text is-stacked-on-mobile\" style=\"grid-template-columns:22% auto\"><figure class=\"wp-block-media-text__media\"><img loading=\"lazy\" decoding=\"async\" width=\"640\" height=\"640\" src=\"http:\/\/www.ccsa.ufpb.br\/bap\/wp-content\/uploads\/sites\/179\/sites\/392\/2026\/01\/calendar-2027122_640.png\" alt=\"\" class=\"wp-image-541 size-full\" srcset=\"https:\/\/www.ccsa.ufpb.br\/bap\/wp-content\/uploads\/sites\/179\/sites\/392\/2026\/01\/calendar-2027122_640.png 640w, https:\/\/www.ccsa.ufpb.br\/bap\/wp-content\/uploads\/sites\/179\/sites\/392\/2026\/01\/calendar-2027122_640-300x300.png 300w, https:\/\/www.ccsa.ufpb.br\/bap\/wp-content\/uploads\/sites\/179\/sites\/392\/2026\/01\/calendar-2027122_640-150x150.png 150w\" sizes=\"auto, (max-width: 640px) 100vw, 640px\" \/><\/figure><div class=\"wp-block-media-text__content\">\n<h2 class=\"wp-block-heading\"><div class=\"linha-header\"><a href=\"https:\/\/www.prg.ufpb.br\/calendarios-administrativos-cursos-ead\/\" data-type=\"link\" data-id=\"https:\/\/www.prg.ufpb.br\/calendarios-administrativos-cursos-ead\/\">Calend\u00e1rio Administrativo<\/a><\/div><\/h2>\n<\/div><\/div>\n\n\n\n<p><\/p>\n","protected":false},"excerpt":{"rendered":"<p>Calend\u00e1rio Acad\u00eamico Calend\u00e1rio Administrativo<\/p>\n","protected":false},"author":423,"featured_media":0,"parent":0,"menu_order":0,"comment_status":"closed","ping_status":"closed","template":"","meta":{"footnotes":""},"class_list":["post-97","page","type-page","status-publish","hentry"],"_links":{"self":[{"href":"https:\/\/www.ccsa.ufpb.br\/bap\/wp-json\/wp\/v2\/pages\/97","targetHints":{"allow":["GET"]}}],"collection":[{"href":"https:\/\/www.ccsa.ufpb.br\/bap\/wp-json\/wp\/v2\/pages"}],"about":[{"href":"https:\/\/www.ccsa.ufpb.br\/bap\/wp-json\/wp\/v2\/types\/page"}],"author":[{"embeddable":true,"href":"https:\/\/www.ccsa.ufpb.br\/bap\/wp-json\/wp\/v2\/users\/423"}],"replies":[{"embeddable":true,"href":"https:\/\/www.ccsa.ufpb.br\/bap\/wp-json\/wp\/v2\/comments?post=97"}],"version-history":[{"count":3,"href":"https:\/\/www.ccsa.ufpb.br\/bap\/wp-json\/wp\/v2\/pages\/97\/revisions"}],"predecessor-version":[{"id":542,"href":"https:\/\/www.ccsa.ufpb.br\/bap\/wp-json\/wp\/v2\/pages\/97\/revisions\/542"}],"wp:attachment":[{"href":"https:\/\/www.ccsa.ufpb.br\/bap\/wp-json\/wp\/v2\/media?parent=97"}],"curies":[{"name":"wp","href":"https:\/\/api.w.org\/{rel}","templated":true}]}}