{"id":99,"date":"2025-09-29T15:59:04","date_gmt":"2025-09-29T18:59:04","guid":{"rendered":"https:\/\/www.ccsa.ufpb.br\/bap\/?page_id=99"},"modified":"2026-01-21T16:33:25","modified_gmt":"2026-01-21T19:33:25","slug":"formularios-e-tutoriais","status":"publish","type":"page","link":"https:\/\/www.ccsa.ufpb.br\/bap\/formularios-e-tutoriais\/","title":{"rendered":"Formul\u00e1rios e Tutoriais"},"content":{"rendered":"\n<h2 class=\"wp-block-heading\"><div class=\"linha-header\"><strong>Primeiro Acesso ao SIGAA<\/strong><\/div><\/h2>\n\n\n\n<p><a href=\"https:\/\/conhecimento.sti.ufpb.br\/books\/acesso-aos-sistemas-sig-manual\/page\/manual-de-acesso-ao-sigaa-discente\" data-type=\"link\" data-id=\"https:\/\/conhecimento.sti.ufpb.br\/books\/acesso-aos-sistemas-sig-manual\/page\/manual-de-acesso-ao-sigaa-discente\">Tutorial de primeiro acesso ao SIGAA<\/a><\/p>\n\n\n\n<h2 class=\"wp-block-heading\"><div class=\"linha-header\"><strong>Primeiro Acesso ao Sistema MOODLE<\/strong><\/div><\/h2>\n\n\n\n<p><a href=\"https:\/\/www.youtube.com\/watch?v=LJvunUF1ahk\" data-type=\"link\" data-id=\"https:\/\/www.youtube.com\/watch?v=LJvunUF1ahk\">Tutorial de primeiro acesso ao Moodle<\/a><\/p>\n\n\n\n<h2 class=\"wp-block-heading\"><div class=\"linha-header\">Formul\u00e1rios Acad\u00eamicos<\/div><\/h2>\n\n\n\n<ul class=\"wp-block-list\">\n<li><a href=\"http:\/\/www.ccsa.ufpb.br\/bap\/wp-content\/uploads\/sites\/179\/sites\/392\/2025\/11\/1.GERAL_requerimento-discente.docx\">Requerimento Geral<\/a><\/li>\n\n\n\n<li><a href=\"http:\/\/www.ccsa.ufpb.br\/bap\/wp-content\/uploads\/sites\/179\/sites\/392\/2025\/11\/Formulario-de-Atualizacao-de-Dados-Cadastrais.docx\" data-type=\"link\" data-id=\"http:\/\/www.ccsa.ufpb.br\/bap\/wp-content\/uploads\/sites\/179\/sites\/392\/2025\/11\/Formulario-de-Atualizacao-de-Dados-Cadastrais.docx\">Formul\u00e1rio de Atualiza\u00e7\u00e3o de Dados Cadastrais<\/a><\/li>\n\n\n\n<li><a href=\"http:\/\/www.ccsa.ufpb.br\/bap\/wp-content\/uploads\/sites\/179\/sites\/392\/2025\/11\/Cancelamento-de-Vinculo-Formulario.docx\" data-type=\"link\" data-id=\"http:\/\/www.ccsa.ufpb.br\/bap\/wp-content\/uploads\/sites\/179\/sites\/392\/2025\/11\/Cancelamento-de-Vinculo-Formulario.docx\">Formul\u00e1rio de cancelamento de V\u00ednculo<\/a><\/li>\n\n\n\n<li><a href=\"http:\/\/www.ccsa.ufpb.br\/bap\/wp-content\/uploads\/sites\/179\/sites\/392\/2025\/11\/Formulario-de-Dilatacao-de-Prazo-do-Curso.docx\" data-type=\"link\" data-id=\"http:\/\/www.ccsa.ufpb.br\/bap\/wp-content\/uploads\/sites\/179\/sites\/392\/2025\/11\/Formulario-de-Dilatacao-de-Prazo-do-Curso.docx\">Formul\u00e1rio de Dilata\u00e7\u00e3o de Prazo de Curso<\/a><\/li>\n\n\n\n<li><a href=\"http:\/\/www.ccsa.ufpb.br\/bap\/wp-content\/uploads\/sites\/179\/sites\/392\/2025\/11\/Reingresso-Formulario-PRG.pdf\" data-type=\"link\" data-id=\"http:\/\/www.ccsa.ufpb.br\/bap\/wp-content\/uploads\/sites\/179\/sites\/392\/2025\/11\/Reingresso-Formulario-PRG.pdf\">Formul\u00e1rio de Reingresso no Curso<\/a><\/li>\n\n\n\n<li><a href=\"http:\/\/www.ccsa.ufpb.br\/bap\/wp-content\/uploads\/sites\/179\/sites\/392\/2025\/11\/Requerimento_para_Reativacao_Vinculo.docx\" data-type=\"link\" data-id=\"http:\/\/www.ccsa.ufpb.br\/bap\/wp-content\/uploads\/sites\/179\/sites\/392\/2025\/11\/Requerimento_para_Reativacao_Vinculo.docx\">Requerimento para Reativa\u00e7\u00e3o V\u00ednculo<\/a><\/li>\n\n\n\n<li><a href=\"http:\/\/www.ccsa.ufpb.br\/bap\/wp-content\/uploads\/sites\/179\/sites\/392\/2025\/11\/solicitacao-de-reposicao-2.pdf\" data-type=\"link\" data-id=\"http:\/\/www.ccsa.ufpb.br\/bap\/wp-content\/uploads\/sites\/179\/sites\/392\/2025\/11\/solicitacao-de-reposicao-2.pdf\">Solicita\u00e7\u00e3o de Reposi\u00e7\u00e3o de Atividade<\/a><\/li>\n<\/ul>\n\n\n\n<h2 class=\"wp-block-heading\"><div class=\"linha-header\"><strong>Aproveitamento de Disciplina<\/strong><\/div><\/h2>\n\n\n\n<ul class=\"wp-block-list\">\n<li><a href=\"http:\/\/www.ccsa.ufpb.br\/bap\/wp-content\/uploads\/sites\/179\/sites\/392\/2025\/11\/Aproveitamento-disciplina.docx\" data-type=\"link\" data-id=\"http:\/\/www.ccsa.ufpb.br\/bap\/wp-content\/uploads\/sites\/179\/sites\/392\/2025\/11\/Aproveitamento-disciplina.docx\">Formul\u00e1rio de Aproveitamento de Estudos de outras institui\u00e7\u00f5es de ensino superior<\/a><\/li>\n\n\n\n<li><a href=\"http:\/\/www.ccsa.ufpb.br\/bap\/wp-content\/uploads\/sites\/179\/sites\/392\/2025\/11\/Aproveitamento-disciplina-2.docx\" data-type=\"link\" data-id=\"http:\/\/www.ccsa.ufpb.br\/bap\/wp-content\/uploads\/sites\/179\/sites\/392\/2025\/11\/Aproveitamento-disciplina-2.docx\">Formul\u00e1rio de Aproveitamento de Estudos cursadas no \u00e2mbito da UFPB<\/a><\/li>\n<\/ul>\n\n\n\n<h2 class=\"wp-block-heading\"><div class=\"linha-header\"><strong><strong>Trabalho Conclus\u00e3o de Curso<\/strong><\/strong><\/div><\/h2>\n\n\n\n<ul class=\"wp-block-list\">\n<li><a href=\"http:\/\/www.ccsa.ufpb.br\/bap\/wp-content\/uploads\/sites\/179\/sites\/392\/2026\/01\/Termo-de-aceite-de-orientacao-TCC.docx\">Termo de aceite de orienta\u00e7\u00e3o<\/a><\/li>\n\n\n\n<li><a href=\"http:\/\/www.ccsa.ufpb.br\/bap\/wp-content\/uploads\/sites\/179\/sites\/392\/2026\/01\/requerimento-substituicao-orientacao.pdf\">Requerimento Substitui\u00e7\u00e3o de Orientador<\/a><\/li>\n\n\n\n<li><a href=\"http:\/\/www.ccsa.ufpb.br\/bap\/wp-content\/uploads\/sites\/179\/sites\/392\/2026\/01\/AUTORIZACAO-DE-DEFESA-DE-TCC.docx\" data-type=\"link\" data-id=\"http:\/\/www.ccsa.ufpb.br\/bap\/wp-content\/uploads\/sites\/179\/sites\/392\/2026\/01\/AUTORIZACAO-DE-DEFESA-DE-TCC.docx\">Termo de Autoriza\u00e7\u00e3o de defesa<\/a><\/li>\n\n\n\n<li><a href=\"http:\/\/www.ccsa.ufpb.br\/bap\/wp-content\/uploads\/sites\/179\/sites\/392\/2026\/01\/FICHA-DE-AVALIACAO-DA-BANCA-DO-TCC.docx\">Ficha de Avalia\u00e7\u00e3o da Banca do TCC<\/a><\/li>\n\n\n\n<li><a href=\"http:\/\/www.ccsa.ufpb.br\/bap\/wp-content\/uploads\/sites\/179\/sites\/392\/2026\/01\/ATA-DE-DEFESA-DE-TCC.docx\">Ata de defesa do TCC<\/a><\/li>\n\n\n\n<li><a href=\"http:\/\/www.ccsa.ufpb.br\/bap\/wp-content\/uploads\/sites\/179\/sites\/392\/2026\/01\/TERMO-DE-AUTORIZACAO-DO-TCC-PARA-BIBLIOTECA-E-UFPB.pdf\" data-type=\"link\" data-id=\"http:\/\/www.ccsa.ufpb.br\/bap\/wp-content\/uploads\/sites\/179\/sites\/392\/2026\/01\/TERMO-DE-AUTORIZACAO-DO-TCC-PARA-BIBLIOTECA-E-UFPB.pdf\">Termo de Autoriza\u00e7\u00e3o para Publica\u00e7\u00e3o para biblioteca<\/a><\/li>\n\n\n\n<li><a href=\"http:\/\/www.ccsa.ufpb.br\/bap\/wp-content\/uploads\/sites\/179\/sites\/392\/2026\/01\/AUTORIZACAO-DO-AUTOR-PARA-A-PUBLICACAO-DO-TRABALHO-PARA-O-DGP.docx\">Termo de Autoriza\u00e7\u00e3o do Autor para a Publica\u00e7\u00e3o do Trabalho para o DGP<\/a><\/li>\n\n\n\n<li><a href=\"http:\/\/www.ccsa.ufpb.br\/bap\/wp-content\/uploads\/sites\/179\/sites\/392\/2026\/01\/6.Resolucao-01_2021-Regulamentacao_Trabalho_de_Conclusao_de_Curso-vigente.pdf\">Resolu\u00e7\u00e3o 01\/2021 &#8211; Regulamenta\u00e7\u00e3o Trabalho de Conclus\u00e3o de Curso<\/a><\/li>\n<\/ul>\n\n\n\n<h2 class=\"wp-block-heading\"><div class=\"linha-header\"><strong>Est\u00e1gio Supervisionado<\/strong><\/div><\/h2>\n\n\n\n<ul class=\"wp-block-list\">\n<li><a href=\"http:\/\/www.ccsa.ufpb.br\/bap\/wp-content\/uploads\/sites\/179\/sites\/392\/2025\/09\/5.Resolucao-Estagio_Supervisionado_Obrigatorio.pdf\" data-type=\"link\" data-id=\"http:\/\/www.ccsa.ufpb.br\/bap\/wp-content\/uploads\/sites\/179\/sites\/392\/2025\/09\/5.Resolucao-Estagio_Supervisionado_Obrigatorio.pdf\">Resolu\u00e7\u00e3o Est\u00e1gio Supervisionado Obrigat\u00f3rio<\/a><\/li>\n\n\n\n<li><a href=\"http:\/\/www.ccsa.ufpb.br\/bap\/wp-content\/uploads\/sites\/179\/sites\/392\/2026\/01\/Requerimento-para-dispensa-de-disciplina-Estagio-Supervisionado.docx\">Requerimento para dispensa de disciplina Est\u00e1gio Supervisionado<\/a><\/li>\n\n\n\n<li><a href=\"http:\/\/www.ccsa.ufpb.br\/bap\/wp-content\/uploads\/sites\/179\/sites\/392\/2026\/01\/Modelo-de-declaracao-da-Unidade-Empregadora.docx\">Modelo de declara\u00e7\u00e3o da Unidade Empregadora<\/a><\/li>\n\n\n\n<li><a href=\"http:\/\/www.ccsa.ufpb.br\/bap\/wp-content\/uploads\/sites\/179\/sites\/392\/2026\/01\/formulario_aproveitamento_experiencia_profissional.docx\">Formul\u00e1rio para aproveitamento de experi\u00eancia profissional<\/a><\/li>\n\n\n\n<li><a href=\"http:\/\/www.ccsa.ufpb.br\/bap\/wp-content\/uploads\/sites\/179\/sites\/392\/2026\/01\/Modelo-de-Relatorio-de-Estagio-Supervisionado.docx\">Modelo de Relat\u00f3rio de Est\u00e1gio Supervisionado<\/a><\/li>\n\n\n\n<li><a href=\"http:\/\/www.ccsa.ufpb.br\/bap\/wp-content\/uploads\/sites\/179\/sites\/392\/2026\/01\/passo-a-passo_discente-04-09-17.pdf\">Tutorial para cadastro de Est\u00e1gio no SIGAA<\/a><\/li>\n\n\n\n<li><a href=\"http:\/\/www.ccsa.ufpb.br\/bap\/wp-content\/uploads\/sites\/179\/sites\/392\/2026\/01\/CartilhaDeEstagio-UFPB.pdf\">Cartilha de Est\u00e1gio &#8211; Guia do estudante<\/a><\/li>\n<\/ul>\n\n\n\n<h2 class=\"wp-block-heading\"><div class=\"linha-header\"><strong>Diploma<\/strong><\/div><\/h2>\n\n\n\n<ul class=\"wp-block-list\">\n<li><a href=\"http:\/\/www.ccsa.ufpb.br\/bap\/wp-content\/uploads\/sites\/179\/sites\/392\/2025\/11\/Requerimento-de-1a-via-de-Diploma-PRG.pdf\" data-type=\"link\" data-id=\"http:\/\/www.ccsa.ufpb.br\/bap\/wp-content\/uploads\/sites\/179\/sites\/392\/2025\/11\/Requerimento-de-1a-via-de-Diploma-PRG.pdf\">Formul\u00e1rio de Requerimento 1\u00aa Via de Diploma<\/a><\/li>\n\n\n\n<li><a href=\"http:\/\/www.ccsa.ufpb.br\/bap\/wp-content\/uploads\/sites\/179\/sites\/392\/2025\/11\/requerimento-de-2a-via-de-diploma-PRG.pdf\" data-type=\"link\" data-id=\"http:\/\/www.ccsa.ufpb.br\/bap\/wp-content\/uploads\/sites\/179\/sites\/392\/2025\/11\/requerimento-de-2a-via-de-diploma-PRG.pdf\">Requerimento 2\u00aa via do Diploma<\/a><\/li>\n\n\n\n<li><a href=\"http:\/\/www.ccsa.ufpb.br\/bap\/wp-content\/uploads\/sites\/179\/sites\/392\/2025\/11\/requerimento_colacao_grau_separado.docx\" data-type=\"link\" data-id=\"http:\/\/www.ccsa.ufpb.br\/bap\/wp-content\/uploads\/sites\/179\/sites\/392\/2025\/11\/requerimento_colacao_grau_separado.docx\">Requerimento cola\u00e7\u00e3o de grau separado<\/a><\/li>\n\n\n\n<li><a href=\"http:\/\/www.ccsa.ufpb.br\/bap\/wp-content\/uploads\/sites\/179\/sites\/392\/2025\/11\/tutorialparaemissaodedeclaracaodenadaconstadabibliotecacentral.pdf\" data-type=\"link\" data-id=\"http:\/\/www.ccsa.ufpb.br\/bap\/wp-content\/uploads\/sites\/179\/sites\/392\/2025\/11\/tutorialparaemissaodedeclaracaodenadaconstadabibliotecacentral.pdf\">Tutorial para Emiss\u00e3o da Declara\u00e7\u00e3o de Nada Consta da Biblioteca<\/a><\/li>\n<\/ul>\n\n\n\n<p><\/p>\n","protected":false},"excerpt":{"rendered":"<p>Primeiro Acesso ao SIGAA Tutorial de primeiro acesso ao SIGAA Primeiro Acesso ao Sistema MOODLE [&hellip;]<\/p>\n","protected":false},"author":423,"featured_media":0,"parent":0,"menu_order":0,"comment_status":"closed","ping_status":"closed","template":"","meta":{"footnotes":""},"class_list":["post-99","page","type-page","status-publish","hentry"],"_links":{"self":[{"href":"https:\/\/www.ccsa.ufpb.br\/bap\/wp-json\/wp\/v2\/pages\/99","targetHints":{"allow":["GET"]}}],"collection":[{"href":"https:\/\/www.ccsa.ufpb.br\/bap\/wp-json\/wp\/v2\/pages"}],"about":[{"href":"https:\/\/www.ccsa.ufpb.br\/bap\/wp-json\/wp\/v2\/types\/page"}],"author":[{"embeddable":true,"href":"https:\/\/www.ccsa.ufpb.br\/bap\/wp-json\/wp\/v2\/users\/423"}],"replies":[{"embeddable":true,"href":"https:\/\/www.ccsa.ufpb.br\/bap\/wp-json\/wp\/v2\/comments?post=99"}],"version-history":[{"count":35,"href":"https:\/\/www.ccsa.ufpb.br\/bap\/wp-json\/wp\/v2\/pages\/99\/revisions"}],"predecessor-version":[{"id":574,"href":"https:\/\/www.ccsa.ufpb.br\/bap\/wp-json\/wp\/v2\/pages\/99\/revisions\/574"}],"wp:attachment":[{"href":"https:\/\/www.ccsa.ufpb.br\/bap\/wp-json\/wp\/v2\/media?parent=99"}],"curies":[{"name":"wp","href":"https:\/\/api.w.org\/{rel}","templated":true}]}}