{"id":19,"date":"2026-03-21T10:03:01","date_gmt":"2026-03-21T13:03:01","guid":{"rendered":"https:\/\/www.ccsa.ufpb.br\/biblioteconomia\/?page_id=19"},"modified":"2026-03-28T21:15:14","modified_gmt":"2026-03-29T00:15:14","slug":"apresentacao","status":"publish","type":"page","link":"https:\/\/www.ccsa.ufpb.br\/biblioteconomia\/apresentacao\/","title":{"rendered":"Apresenta\u00e7\u00e3o"},"content":{"rendered":"\n<p>O Curso de Biblioteconomia da Universidade Federal da Para\u00edba (UFPB) foi criado em 06 de janeiro de 1969, e est\u00e1 vinculado ao Departamento de Ci\u00eancia da Informa\u00e7\u00e3o (DCI) e faz parte do Centro de Ci\u00eancias Sociais Aplicadas (CCSA). <\/p>\n\n\n\n<p>Objetivo do curso: Formar profissionais com habilidades e compet\u00eancias, te\u00f3ricas e pr\u00e1ticas, pautadas no compromisso \u00e9tico e capacitados a atuar na organiza\u00e7\u00e3o, gest\u00e3o, media\u00e7\u00e3o e dissemina\u00e7\u00e3o da informa\u00e7\u00e3o em diferentes contextos sociais, culturais, educacionais, tecnol\u00f3gicos e de inova\u00e7\u00e3o.<\/p>\n\n\n\n<p>O Curso tem dura\u00e7\u00e3o de 10 semestre \u00e9 ofertado no noturno.<\/p>\n\n\n\n<p>E-mail: biblio.ccsa.ufpb@gmail.com<\/p>\n\n\n\n<div style=\"height:100px\" aria-hidden=\"true\" class=\"wp-block-spacer\"><\/div>\n\n\n\n<div class=\"wp-block-file\"><a id=\"wp-block-file--media-b5469e57-693c-4c1a-9bb6-d8bac4a45625\" href=\"http:\/\/www.ccsa.ufpb.br\/biblioteconomia\/wp-content\/uploads\/sites\/179\/sites\/467\/2026\/03\/ppp-do-curso-de-biblioteconomia.pdf\" target=\"_blank\" rel=\"noreferrer noopener\">Projeto Pol\u00edtico Pedag\u00f3gico do Curso de Gradua\u00e7\u00e3o em Biblioteconomia<br><\/a><a href=\"http:\/\/www.ccsa.ufpb.br\/biblioteconomia\/wp-content\/uploads\/sites\/179\/sites\/467\/2026\/03\/ppp-do-curso-de-biblioteconomia.pdf\" class=\"wp-block-file__button wp-element-button\" download aria-describedby=\"wp-block-file--media-b5469e57-693c-4c1a-9bb6-d8bac4a45625\">Baixar<\/a><\/div>\n\n\n\n<div class=\"wp-block-file\"><a id=\"wp-block-file--media-8582869d-39d2-4f98-85a3-e7f28d08bdc6\" href=\"http:\/\/www.ccsa.ufpb.br\/biblioteconomia\/wp-content\/uploads\/sites\/179\/sites\/467\/2026\/03\/FluxogramadoCursodeGraduaoemBiblioteconomia1.pdf\" target=\"_blank\" rel=\"noreferrer noopener\">fluxograma do curso de gradua\u00e7\u00e3o em biblioteconomia<\/a><a href=\"http:\/\/www.ccsa.ufpb.br\/biblioteconomia\/wp-content\/uploads\/sites\/179\/sites\/467\/2026\/03\/FluxogramadoCursodeGraduaoemBiblioteconomia1.pdf\" class=\"wp-block-file__button wp-element-button\" download aria-describedby=\"wp-block-file--media-8582869d-39d2-4f98-85a3-e7f28d08bdc6\">Baixar<\/a><\/div>\n\n\n\n<p><\/p>\n\n\n\n<p><\/p>\n","protected":false},"excerpt":{"rendered":"<p>O Curso de Biblioteconomia da Universidade Federal da Para\u00edba (UFPB) foi criado em 06 de [&hellip;]<\/p>\n","protected":false},"author":47,"featured_media":0,"parent":0,"menu_order":0,"comment_status":"closed","ping_status":"closed","template":"","meta":{"footnotes":""},"class_list":["post-19","page","type-page","status-publish","hentry"],"_links":{"self":[{"href":"https:\/\/www.ccsa.ufpb.br\/biblioteconomia\/wp-json\/wp\/v2\/pages\/19","targetHints":{"allow":["GET"]}}],"collection":[{"href":"https:\/\/www.ccsa.ufpb.br\/biblioteconomia\/wp-json\/wp\/v2\/pages"}],"about":[{"href":"https:\/\/www.ccsa.ufpb.br\/biblioteconomia\/wp-json\/wp\/v2\/types\/page"}],"author":[{"embeddable":true,"href":"https:\/\/www.ccsa.ufpb.br\/biblioteconomia\/wp-json\/wp\/v2\/users\/47"}],"replies":[{"embeddable":true,"href":"https:\/\/www.ccsa.ufpb.br\/biblioteconomia\/wp-json\/wp\/v2\/comments?post=19"}],"version-history":[{"count":6,"href":"https:\/\/www.ccsa.ufpb.br\/biblioteconomia\/wp-json\/wp\/v2\/pages\/19\/revisions"}],"predecessor-version":[{"id":237,"href":"https:\/\/www.ccsa.ufpb.br\/biblioteconomia\/wp-json\/wp\/v2\/pages\/19\/revisions\/237"}],"wp:attachment":[{"href":"https:\/\/www.ccsa.ufpb.br\/biblioteconomia\/wp-json\/wp\/v2\/media?parent=19"}],"curies":[{"name":"wp","href":"https:\/\/api.w.org\/{rel}","templated":true}]}}