{"id":24,"date":"2026-03-21T10:05:09","date_gmt":"2026-03-21T13:05:09","guid":{"rendered":"https:\/\/www.ccsa.ufpb.br\/biblioteconomia\/?page_id=24"},"modified":"2026-03-25T11:13:33","modified_gmt":"2026-03-25T14:13:33","slug":"equipe-administrativa","status":"publish","type":"page","link":"https:\/\/www.ccsa.ufpb.br\/biblioteconomia\/equipe-administrativa\/","title":{"rendered":"Equipe Administrativa"},"content":{"rendered":"\n<h2 class=\"wp-block-heading\"><div class=\"linha-header\">Coordena\u00e7\u00e3o do Curso<\/div><\/h2>\n\n\n\n<p>Prof\u00aa Dr\u00aa J\u00e9ssica Bedin &#8211; Coordenadora <\/p>\n\n\n\n<p>Prof\u00aa Dr\u00aa Rosa Zuleide Lima de Brito &#8211; Vice-Coordenadora<\/p>\n\n\n\n<p><\/p>\n\n\n\n<h2 class=\"wp-block-heading\"><div class=\"linha-header\">T\u00e9cnico-Administrativo<\/div><\/h2>\n\n\n\n<p>F\u00e1bio Jos\u00e9 Interaminense de Santana &#8211; Assistente em Administra\u00e7\u00e3o<\/p>\n\n\n\n<p>Gersonilson Ribeiro Honorato &#8211; Administrador<\/p>\n\n\n\n<p>Jozineide Gomes De Medeiros Barbosa &#8211; Assistente em Administra\u00e7\u00e3o<\/p>\n\n\n\n<p>Leonardo de Oliveira Cavalcante &#8211; Bibliotec\u00e1rio<\/p>\n\n\n\n<p>Luiz Carlos da Silva Neto &#8211; Assistente em Administra\u00e7\u00e3o<\/p>\n\n\n\n<p><\/p>\n\n\n\n<p><\/p>\n\n\n\n<p><\/p>\n","protected":false},"excerpt":{"rendered":"<p>Coordena\u00e7\u00e3o do Curso Prof\u00aa Dr\u00aa J\u00e9ssica Bedin &#8211; Coordenadora Prof\u00aa Dr\u00aa Rosa Zuleide Lima de [&hellip;]<\/p>\n","protected":false},"author":47,"featured_media":0,"parent":0,"menu_order":0,"comment_status":"closed","ping_status":"closed","template":"","meta":{"footnotes":""},"class_list":["post-24","page","type-page","status-publish","hentry"],"_links":{"self":[{"href":"https:\/\/www.ccsa.ufpb.br\/biblioteconomia\/wp-json\/wp\/v2\/pages\/24","targetHints":{"allow":["GET"]}}],"collection":[{"href":"https:\/\/www.ccsa.ufpb.br\/biblioteconomia\/wp-json\/wp\/v2\/pages"}],"about":[{"href":"https:\/\/www.ccsa.ufpb.br\/biblioteconomia\/wp-json\/wp\/v2\/types\/page"}],"author":[{"embeddable":true,"href":"https:\/\/www.ccsa.ufpb.br\/biblioteconomia\/wp-json\/wp\/v2\/users\/47"}],"replies":[{"embeddable":true,"href":"https:\/\/www.ccsa.ufpb.br\/biblioteconomia\/wp-json\/wp\/v2\/comments?post=24"}],"version-history":[{"count":4,"href":"https:\/\/www.ccsa.ufpb.br\/biblioteconomia\/wp-json\/wp\/v2\/pages\/24\/revisions"}],"predecessor-version":[{"id":140,"href":"https:\/\/www.ccsa.ufpb.br\/biblioteconomia\/wp-json\/wp\/v2\/pages\/24\/revisions\/140"}],"wp:attachment":[{"href":"https:\/\/www.ccsa.ufpb.br\/biblioteconomia\/wp-json\/wp\/v2\/media?parent=24"}],"curies":[{"name":"wp","href":"https:\/\/api.w.org\/{rel}","templated":true}]}}