{"id":26,"date":"2026-03-21T10:05:46","date_gmt":"2026-03-21T13:05:46","guid":{"rendered":"https:\/\/www.ccsa.ufpb.br\/biblioteconomia\/?page_id=26"},"modified":"2026-03-28T21:21:09","modified_gmt":"2026-03-29T00:21:09","slug":"disciplinas","status":"publish","type":"page","link":"https:\/\/www.ccsa.ufpb.br\/biblioteconomia\/disciplinas\/","title":{"rendered":"Disciplinas"},"content":{"rendered":"\n<div data-wp-interactive=\"core\/file\" class=\"wp-block-file\"><object data-wp-bind--hidden=\"!state.hasPdfPreview\" hidden class=\"wp-block-file__embed\" data=\"https:\/\/www.ccsa.ufpb.br\/biblioteconomia\/wp-content\/uploads\/sites\/179\/sites\/467\/2026\/03\/Matriz-Curricular-Antiga.xlsx-Planilha1.pdf\" type=\"application\/pdf\" style=\"width:100%;height:650px\" aria-label=\"Incorporado de Matriz Curricular .\"><\/object><a id=\"wp-block-file--media-c65db80f-1cee-4383-a7c7-d7cbcdd0d345\" href=\"https:\/\/www.ccsa.ufpb.br\/biblioteconomia\/wp-content\/uploads\/sites\/179\/sites\/467\/2026\/03\/Matriz-Curricular-Antiga.xlsx-Planilha1.pdf\" target=\"_blank\" rel=\"noreferrer noopener\">Matriz Curricular <\/a><a href=\"https:\/\/www.ccsa.ufpb.br\/biblioteconomia\/wp-content\/uploads\/sites\/179\/sites\/467\/2026\/03\/Matriz-Curricular-Antiga.xlsx-Planilha1.pdf\" class=\"wp-block-file__button wp-element-button\" download aria-describedby=\"wp-block-file--media-c65db80f-1cee-4383-a7c7-d7cbcdd0d345\">Baixar<\/a><\/div>\n\n\n\n<p><\/p>\n\n\n\n<p><strong>\u00c1rea 1<\/strong>&nbsp;&#8211; Fundamentos Te\u00f3ricos da Ci\u00eancia da Informa\u00e7\u00e3o Informa\u00e7\u00e3o, cultura e sociedade. Ci\u00eancia da Informa\u00e7\u00e3o e \u00e1reas afins: Biblioteconomia, Documenta\u00e7\u00e3o, Arquivologia e Museologia. Unidades e servi\u00e7os de informa\u00e7\u00e3o. O profissional da informa\u00e7\u00e3o: forma\u00e7\u00e3o e atua\u00e7\u00e3o. Hist\u00f3ria e tend\u00eancias da produ\u00e7\u00e3o dos registros do conhecimento, das unidades e dos sistemas nacionais e internacionais de informa\u00e7\u00e3o.<\/p>\n\n\n\n<p>DISCIPLINAS:<\/p>\n\n\n\n<ul class=\"wp-block-list\">\n<li>\u00c9tica da Informa\u00e7\u00e3o<\/li>\n\n\n\n<li>Fundamentos Cient\u00edficos da Comunica\u00e7\u00e3o<\/li>\n\n\n\n<li>Fundamentos da Biblioteconomia<\/li>\n\n\n\n<li>Fundamentos da Ci\u00eancia da Informa\u00e7\u00e3o<\/li>\n\n\n\n<li>Hist\u00f3ria da Leitura e dos Registros do Conhecimento<\/li>\n\n\n\n<li>Informa\u00e7\u00e3o, Mem\u00f3ria e Sociedade.<\/li>\n\n\n\n<li>Leitura e Produ\u00e7\u00e3o de Textos<\/li>\n\n\n\n<li>L\u00f3gica Formal<\/li>\n\n\n\n<li>Produ\u00e7\u00e3o dos Registros do Conhecimento&nbsp;<\/li>\n<\/ul>\n\n\n\n<p><strong>\u00c1rea 2<\/strong>&nbsp;\u2013 Organiza\u00e7\u00e3o e Tratamento da Informa\u00e7\u00e3o Organiza\u00e7\u00e3o do conhecimento e tratamento da informa\u00e7\u00e3o. Tratamento descritivo dos documentos. Tratamento tem\u00e1tico; teoria da classifica\u00e7\u00e3o; an\u00e1lise da informa\u00e7\u00e3o; teoria da indexa\u00e7\u00e3o. Pr\u00e1ticas, tecnologias, processos do tratamento da informa\u00e7\u00e3o e produtos. Gera\u00e7\u00e3o e organiza\u00e7\u00e3o de instrumentos de recupera\u00e7\u00e3o da informa\u00e7\u00e3o.<\/p>\n\n\n\n<p>DISCIPLINAS<\/p>\n\n\n\n<ul class=\"wp-block-list\">\n<li>Representa\u00e7\u00e3o e An\u00e1lise da Informa\u00e7\u00e3o<\/li>\n\n\n\n<li>Representa\u00e7\u00e3o Descritiva da Informa\u00e7\u00e3o I<\/li>\n\n\n\n<li>Representa\u00e7\u00e3o Descritiva da Informa\u00e7\u00e3o II<\/li>\n\n\n\n<li>Representa\u00e7\u00e3o Tem\u00e1tica da Informa\u00e7\u00e3o I<\/li>\n\n\n\n<li>Representa\u00e7\u00e3o Tem\u00e1tica da Informa\u00e7\u00e3o II&nbsp;<\/li>\n<\/ul>\n\n\n\n<p><strong>\u00c1rea 3<\/strong>&nbsp;&#8211; Recursos e Servi\u00e7os de Informa\u00e7\u00e3o Fontes de informa\u00e7\u00f5es documentais e virtuais: conceitos, tipologias, caracter\u00edsticas, acesso, utiliza\u00e7\u00e3o e avalia\u00e7\u00e3o. A ind\u00fastria da informa\u00e7\u00e3o: gera\u00e7\u00e3o, produ\u00e7\u00e3o e distribui\u00e7\u00e3o de documentos, fontes e servi\u00e7os de informa\u00e7\u00e3o. Servi\u00e7os de refer\u00eancia e informa\u00e7\u00e3o. Servi\u00e7os de extens\u00e3o e a\u00e7\u00e3o cultural.&nbsp;<\/p>\n\n\n\n<p>DISCIPLINAS<\/p>\n\n\n\n<ul class=\"wp-block-list\">\n<li>Dissemina\u00e7\u00e3o e Transfer\u00eancia da Informa\u00e7\u00e3o<\/li>\n\n\n\n<li>Fontes Especializadas de Informa\u00e7\u00e3o<\/li>\n\n\n\n<li>Fontes Gerais de Informa\u00e7\u00e3o&nbsp;<\/li>\n<\/ul>\n\n\n\n<p><strong>\u00c1rea 4<\/strong>&nbsp;&#8211; Gest\u00e3o de Unidades de Informa\u00e7\u00e3o Teoria Geral da Administra\u00e7\u00e3o. Gest\u00e3o da informa\u00e7\u00e3o e do conhecimento. Gest\u00e3o de cole\u00e7\u00f5es e servi\u00e7os de informa\u00e7\u00e3o. Planejamento em unidades de informa\u00e7\u00e3o. Preserva\u00e7\u00e3o e conserva\u00e7\u00e3o de unidades de informa\u00e7\u00e3o. Marketing em unidades de informa\u00e7\u00e3o. Avalia\u00e7\u00e3o de servi\u00e7os em unidades de informa\u00e7\u00e3o.&nbsp;<\/p>\n\n\n\n<p>DISCIPLINAS<\/p>\n\n\n\n<ul class=\"wp-block-list\">\n<li>Gest\u00e3o da Informa\u00e7\u00e3o e do Conhecimento<\/li>\n\n\n\n<li>Gest\u00e3o de Cole\u00e7\u00f5es<\/li>\n\n\n\n<li>Marketing em Unidades de Informa\u00e7\u00e3o<\/li>\n\n\n\n<li>Organiza\u00e7\u00e3o, Sistemas e M\u00e9todos em Unidades de Informa\u00e7\u00e3o<\/li>\n\n\n\n<li>Planejamento em Unidades de Informa\u00e7\u00e3o<\/li>\n\n\n\n<li>Preserva\u00e7\u00e3o e Conserva\u00e7\u00e3o de Unidades de Informa\u00e7\u00e3o<\/li>\n\n\n\n<li>Teoria Geral da Administra\u00e7\u00e3o&nbsp;<\/li>\n<\/ul>\n\n\n\n<p><strong>\u00c1rea 5<\/strong>&nbsp;&#8211; Tecnologia da Informa\u00e7\u00e3o A inform\u00e1tica em unidades de informa\u00e7\u00e3o. An\u00e1lise e avalia\u00e7\u00e3o de software. Desenvolvimento de bancos e bases de dados. Redes de informa\u00e7\u00e3o e comunica\u00e7\u00e3o.<\/p>\n\n\n\n<p>DISCIPLINAS<\/p>\n\n\n\n<ul class=\"wp-block-list\">\n<li>Automa\u00e7\u00e3o em Unidades de Informa\u00e7\u00e3o<\/li>\n\n\n\n<li>Gera\u00e7\u00e3o de Bancos e Bases de Dados<\/li>\n\n\n\n<li>Tecnologia da Informa\u00e7\u00e3o I<\/li>\n\n\n\n<li>Tecnologia da Informa\u00e7\u00e3o II<\/li>\n<\/ul>\n\n\n\n<p><strong>\u00c1rea 6<\/strong>&nbsp;&#8211; Pesquisa Epistemologia da investiga\u00e7\u00e3o cient\u00edfica. Metodologia da pesquisa social. Pesquisa em Biblioteconomia e Ci\u00eancia da Informa\u00e7\u00e3o: produ\u00e7\u00e3o, tend\u00eancias te\u00f3ricas e comunica\u00e7\u00e3o cient\u00edfica. Estudo de usu\u00e1rios, clientes e ambiente social.<\/p>\n\n\n\n<p>DISCIPLINAS<\/p>\n\n\n\n<ul class=\"wp-block-list\">\n<li>Estat\u00edstica III<\/li>\n\n\n\n<li>Estudo de Usu\u00e1rio da Informa\u00e7\u00e3o<\/li>\n\n\n\n<li>Metodologia do Trabalho Cient\u00edfico<\/li>\n\n\n\n<li>Pesquisa Aplicada \u00e0 Ci\u00eancia da Informa\u00e7\u00e3o<\/li>\n\n\n\n<li>Trabalho de Conclus\u00e3o de Curso&nbsp;<\/li>\n<\/ul>\n","protected":false},"excerpt":{"rendered":"<p>\u00c1rea 1&nbsp;&#8211; Fundamentos Te\u00f3ricos da Ci\u00eancia da Informa\u00e7\u00e3o Informa\u00e7\u00e3o, cultura e sociedade. Ci\u00eancia da Informa\u00e7\u00e3o [&hellip;]<\/p>\n","protected":false},"author":47,"featured_media":0,"parent":0,"menu_order":0,"comment_status":"closed","ping_status":"closed","template":"","meta":{"footnotes":""},"class_list":["post-26","page","type-page","status-publish","hentry"],"_links":{"self":[{"href":"https:\/\/www.ccsa.ufpb.br\/biblioteconomia\/wp-json\/wp\/v2\/pages\/26","targetHints":{"allow":["GET"]}}],"collection":[{"href":"https:\/\/www.ccsa.ufpb.br\/biblioteconomia\/wp-json\/wp\/v2\/pages"}],"about":[{"href":"https:\/\/www.ccsa.ufpb.br\/biblioteconomia\/wp-json\/wp\/v2\/types\/page"}],"author":[{"embeddable":true,"href":"https:\/\/www.ccsa.ufpb.br\/biblioteconomia\/wp-json\/wp\/v2\/users\/47"}],"replies":[{"embeddable":true,"href":"https:\/\/www.ccsa.ufpb.br\/biblioteconomia\/wp-json\/wp\/v2\/comments?post=26"}],"version-history":[{"count":4,"href":"https:\/\/www.ccsa.ufpb.br\/biblioteconomia\/wp-json\/wp\/v2\/pages\/26\/revisions"}],"predecessor-version":[{"id":246,"href":"https:\/\/www.ccsa.ufpb.br\/biblioteconomia\/wp-json\/wp\/v2\/pages\/26\/revisions\/246"}],"wp:attachment":[{"href":"https:\/\/www.ccsa.ufpb.br\/biblioteconomia\/wp-json\/wp\/v2\/media?parent=26"}],"curies":[{"name":"wp","href":"https:\/\/api.w.org\/{rel}","templated":true}]}}