{"id":290,"date":"2026-04-27T14:01:49","date_gmt":"2026-04-27T17:01:49","guid":{"rendered":"https:\/\/www.ccsa.ufpb.br\/biblioteconomia\/?page_id=290"},"modified":"2026-04-28T09:58:02","modified_gmt":"2026-04-28T12:58:02","slug":"calendario-academico","status":"publish","type":"page","link":"https:\/\/www.ccsa.ufpb.br\/biblioteconomia\/calendario-academico\/","title":{"rendered":"Calend\u00e1rio Acad\u00eamico"},"content":{"rendered":"\n<p>O Calend\u00e1rio Acad\u00eamico re\u00fane as principais datas e prazos que orientam o funcionamento do semestre letivo para os cursos presenciais da UFPB. Nele, estudantes e docentes podem acompanhar per\u00edodos importantes como in\u00edcio e t\u00e9rmino das aulas, matr\u00edculas, trancamentos, avalia\u00e7\u00f5es, solicita\u00e7\u00f5es acad\u00eamicas e demais atividades institucionais.<\/p>\n\n\n\n<p>\u00c9 fundamental que todos estejam atentos \u00e0s datas estabelecidas, pois o cumprimento dos prazos garante a organiza\u00e7\u00e3o das atividades acad\u00eamicas e o bom andamento do curso.<\/p>\n\n\n\n<div class=\"wp-block-file\"><a id=\"wp-block-file--media-bb451be8-5bc8-4a79-b0a4-6aa7cfcab4ed\" href=\"https:\/\/www.ccsa.ufpb.br\/biblioteconomia\/wp-content\/uploads\/sites\/179\/sites\/467\/2026\/04\/CALENDARIO-ACADEMICO-CURSOS-PRESENCIAIS-2026.1-retificado.pdf\" target=\"_blank\" rel=\"noreferrer noopener\">CALEND\u00c1RIO ACAD\u00caMICO CURSOS PRESENCIAIS 2026.1 retificado<\/a><a href=\"https:\/\/www.ccsa.ufpb.br\/biblioteconomia\/wp-content\/uploads\/sites\/179\/sites\/467\/2026\/04\/CALENDARIO-ACADEMICO-CURSOS-PRESENCIAIS-2026.1-retificado.pdf\" class=\"wp-block-file__button wp-element-button\" download aria-describedby=\"wp-block-file--media-bb451be8-5bc8-4a79-b0a4-6aa7cfcab4ed\">Baixar<\/a><\/div>\n\n\n\n<p><\/p>\n\n\n\n<div class=\"wp-block-file\"><a id=\"wp-block-file--media-fb789f4d-5b1d-4362-bab3-bb7eadb3a72f\" href=\"https:\/\/www.ccsa.ufpb.br\/biblioteconomia\/wp-content\/uploads\/sites\/179\/sites\/467\/2026\/04\/CALENDARIO-ACADEMICO-CURSOS-PRESENCIAIS-2026.2-retificado.pdf\" target=\"_blank\" rel=\"noreferrer noopener\">CALEND\u00c1RIO ACAD\u00caMICO CURSOS PRESENCIAIS 2026.2 retificado<\/a><a href=\"https:\/\/www.ccsa.ufpb.br\/biblioteconomia\/wp-content\/uploads\/sites\/179\/sites\/467\/2026\/04\/CALENDARIO-ACADEMICO-CURSOS-PRESENCIAIS-2026.2-retificado.pdf\" class=\"wp-block-file__button wp-element-button\" download aria-describedby=\"wp-block-file--media-fb789f4d-5b1d-4362-bab3-bb7eadb3a72f\">Baixar<\/a><\/div>\n\n\n\n<p><\/p>\n","protected":false},"excerpt":{"rendered":"<p>O Calend\u00e1rio Acad\u00eamico re\u00fane as principais datas e prazos que orientam o funcionamento do semestre [&hellip;]<\/p>\n","protected":false},"author":63,"featured_media":0,"parent":0,"menu_order":0,"comment_status":"closed","ping_status":"closed","template":"","meta":{"footnotes":""},"class_list":["post-290","page","type-page","status-publish","hentry"],"_links":{"self":[{"href":"https:\/\/www.ccsa.ufpb.br\/biblioteconomia\/wp-json\/wp\/v2\/pages\/290","targetHints":{"allow":["GET"]}}],"collection":[{"href":"https:\/\/www.ccsa.ufpb.br\/biblioteconomia\/wp-json\/wp\/v2\/pages"}],"about":[{"href":"https:\/\/www.ccsa.ufpb.br\/biblioteconomia\/wp-json\/wp\/v2\/types\/page"}],"author":[{"embeddable":true,"href":"https:\/\/www.ccsa.ufpb.br\/biblioteconomia\/wp-json\/wp\/v2\/users\/63"}],"replies":[{"embeddable":true,"href":"https:\/\/www.ccsa.ufpb.br\/biblioteconomia\/wp-json\/wp\/v2\/comments?post=290"}],"version-history":[{"count":4,"href":"https:\/\/www.ccsa.ufpb.br\/biblioteconomia\/wp-json\/wp\/v2\/pages\/290\/revisions"}],"predecessor-version":[{"id":320,"href":"https:\/\/www.ccsa.ufpb.br\/biblioteconomia\/wp-json\/wp\/v2\/pages\/290\/revisions\/320"}],"wp:attachment":[{"href":"https:\/\/www.ccsa.ufpb.br\/biblioteconomia\/wp-json\/wp\/v2\/media?parent=290"}],"curies":[{"name":"wp","href":"https:\/\/api.w.org\/{rel}","templated":true}]}}