{"id":33,"date":"2026-03-21T10:10:40","date_gmt":"2026-03-21T13:10:40","guid":{"rendered":"https:\/\/www.ccsa.ufpb.br\/biblioteconomia\/?page_id=33"},"modified":"2026-03-28T11:17:23","modified_gmt":"2026-03-28T14:17:23","slug":"estagios","status":"publish","type":"page","link":"https:\/\/www.ccsa.ufpb.br\/biblioteconomia\/estagios\/","title":{"rendered":"Est\u00e1gios"},"content":{"rendered":"\n<p>O Est\u00e1gio no curso de Bacharelado em Biblioteconomia da Universidade Federal da Para\u00edba (UFPB) \u00e9 desenvolvido em conformidade ao disposto na LEI N\u00ba 11.788, de 25 de setembro de 2008, que em seu<\/p>\n\n\n\n<blockquote class=\"wp-block-quote is-layout-flow wp-block-quote-is-layout-flow\">\n<blockquote class=\"wp-block-quote is-layout-flow wp-block-quote-is-layout-flow\">\n<blockquote class=\"wp-block-quote is-layout-flow wp-block-quote-is-layout-flow\">\n<p class=\"has-small-font-size\">Art. 1<sup>o<\/sup>&nbsp;define est\u00e1gio como um \u201cato educativo escolar supervisionado, desenvolvido no ambiente de trabalho, que visa \u00e0 prepara\u00e7\u00e3o para o trabalho produtivo de educandos que estejam frequentando o ensino regular em institui\u00e7\u00f5es de educa\u00e7\u00e3o superior, de educa\u00e7\u00e3o profissional, de ensino m\u00e9dio, da educa\u00e7\u00e3o especial e dos anos finais do ensino fundamental, na modalidade profissional da educa\u00e7\u00e3o de jovens e adultos.\u201d (Brasil, 2008, p.1). &nbsp;<\/p>\n<\/blockquote>\n<\/blockquote>\n<\/blockquote>\n\n\n\n<p><\/p>\n\n\n\n<p>Independente da modalidade de est\u00e1gio a ser desenvolvida pelo discente torna-se importante ressaltar que o est\u00e1gio caracteriza-se como sendo um momento fundamental para que o discente vivencie de forma pr\u00e1tica o que foi estudado na teoria. Atrav\u00e9s do est\u00e1gio, ser\u00e1 poss\u00edvel adquirir experi\u00eancias pr\u00e1ticas relacionadas \u00e0 atua\u00e7\u00e3o profissional, que resultar\u00e3o na aquisi\u00e7\u00e3o de experi\u00eancias, desenvolvimento e crescimento profissional. Atrav\u00e9s do est\u00e1gio, o discente poder\u00e1 ter uma vis\u00e3o mais ampla de sua atua\u00e7\u00e3o profissional e poder\u00e1 contribuir com as unidades de informa\u00e7\u00e3o nas quais estar\u00e1 estagiando.<\/p>\n\n\n\n<p><\/p>\n\n\n\n<p>Para mais informa\u00e7\u00f5es entre em contato com a Coordena\u00e7\u00e3o de Est\u00e1gio em Biblioteconomia.<\/p>\n\n\n\n<p><strong>Coordenadora de Est\u00e1gio:<\/strong>\u00a0Prof\u00aa Dr\u00aa Rosa Zuleide Lima de Brito<\/p>\n\n\n\n<p><strong>Telefone<\/strong>: 3216-7484<\/p>\n\n\n\n<p><strong>E-mail<\/strong>: biblio.ccsa.ufpb@gmail.com<\/p>\n\n\n\n<p><\/p>\n","protected":false},"excerpt":{"rendered":"<p>O Est\u00e1gio no curso de Bacharelado em Biblioteconomia da Universidade Federal da Para\u00edba (UFPB) \u00e9 [&hellip;]<\/p>\n","protected":false},"author":47,"featured_media":0,"parent":0,"menu_order":0,"comment_status":"closed","ping_status":"closed","template":"","meta":{"footnotes":""},"class_list":["post-33","page","type-page","status-publish","hentry"],"_links":{"self":[{"href":"https:\/\/www.ccsa.ufpb.br\/biblioteconomia\/wp-json\/wp\/v2\/pages\/33","targetHints":{"allow":["GET"]}}],"collection":[{"href":"https:\/\/www.ccsa.ufpb.br\/biblioteconomia\/wp-json\/wp\/v2\/pages"}],"about":[{"href":"https:\/\/www.ccsa.ufpb.br\/biblioteconomia\/wp-json\/wp\/v2\/types\/page"}],"author":[{"embeddable":true,"href":"https:\/\/www.ccsa.ufpb.br\/biblioteconomia\/wp-json\/wp\/v2\/users\/47"}],"replies":[{"embeddable":true,"href":"https:\/\/www.ccsa.ufpb.br\/biblioteconomia\/wp-json\/wp\/v2\/comments?post=33"}],"version-history":[{"count":4,"href":"https:\/\/www.ccsa.ufpb.br\/biblioteconomia\/wp-json\/wp\/v2\/pages\/33\/revisions"}],"predecessor-version":[{"id":225,"href":"https:\/\/www.ccsa.ufpb.br\/biblioteconomia\/wp-json\/wp\/v2\/pages\/33\/revisions\/225"}],"wp:attachment":[{"href":"https:\/\/www.ccsa.ufpb.br\/biblioteconomia\/wp-json\/wp\/v2\/media?parent=33"}],"curies":[{"name":"wp","href":"https:\/\/api.w.org\/{rel}","templated":true}]}}