{"id":35,"date":"2026-03-21T10:11:25","date_gmt":"2026-03-21T13:11:25","guid":{"rendered":"https:\/\/www.ccsa.ufpb.br\/biblioteconomia\/?page_id=35"},"modified":"2026-03-25T11:16:25","modified_gmt":"2026-03-25T14:16:25","slug":"colegiado","status":"publish","type":"page","link":"https:\/\/www.ccsa.ufpb.br\/biblioteconomia\/colegiado\/","title":{"rendered":"Colegiado de Curso"},"content":{"rendered":"\n<p><\/p>\n\n\n\n<p>A Coordenadora do Curso de Biblioteconomia, no uso de suas atribui\u00e7\u00f5es e, considerando a indica\u00e7\u00e3o do Departamento de Ci\u00eancia da Informa\u00e7\u00e3o contida na Certid\u00e3o no 3\/2026 &#8211; CCSA &#8211; DCI, resolve:<br>Art. 1o &#8211; Designar os membros abaixo listados para compor o Colegiado do Curso de Biblioteconomia:<\/p>\n\n\n\n<p><br>J\u00e9ssica Bedin &#8211; Presidente<br>Rosa Zuleide Lima de Brito &#8211; Vice-presidente<br>Ediane Toscano Galdino de Carvalho &#8211; Representante DCI<br>Alba L\u00edgia de Almeida Silva, matr\u00edcula &#8211; Representante DCI<br>Kemmilly Oliveira F\u00e9lix da Silva &#8211; Discente<br><\/p>\n\n\n\n<p>Art. 2o &#8211; Os representantes docentes exercer\u00e3o mandato por 2 (dois) anos, em conformidade com o Art. 20o, \u00a72o, do Regimento Geral da UFPB.<br>Art. 3o &#8211; Os representantes discentes exercer\u00e3o mandato por 1 (um) ano, em conformidade com o Art. 20o, \u00a74o, do Regimento Geral da UFPB.<\/p>\n\n\n\n<p class=\"has-text-align-right\"><br>Jo\u00e3o Pessoa-PB, 09 de Fevereiro de 2026.<\/p>\n\n\n\n<p><\/p>\n","protected":false},"excerpt":{"rendered":"<p>A Coordenadora do Curso de Biblioteconomia, no uso de suas atribui\u00e7\u00f5es e, considerando a indica\u00e7\u00e3o [&hellip;]<\/p>\n","protected":false},"author":47,"featured_media":0,"parent":0,"menu_order":0,"comment_status":"closed","ping_status":"closed","template":"","meta":{"footnotes":""},"class_list":["post-35","page","type-page","status-publish","hentry"],"_links":{"self":[{"href":"https:\/\/www.ccsa.ufpb.br\/biblioteconomia\/wp-json\/wp\/v2\/pages\/35","targetHints":{"allow":["GET"]}}],"collection":[{"href":"https:\/\/www.ccsa.ufpb.br\/biblioteconomia\/wp-json\/wp\/v2\/pages"}],"about":[{"href":"https:\/\/www.ccsa.ufpb.br\/biblioteconomia\/wp-json\/wp\/v2\/types\/page"}],"author":[{"embeddable":true,"href":"https:\/\/www.ccsa.ufpb.br\/biblioteconomia\/wp-json\/wp\/v2\/users\/47"}],"replies":[{"embeddable":true,"href":"https:\/\/www.ccsa.ufpb.br\/biblioteconomia\/wp-json\/wp\/v2\/comments?post=35"}],"version-history":[{"count":8,"href":"https:\/\/www.ccsa.ufpb.br\/biblioteconomia\/wp-json\/wp\/v2\/pages\/35\/revisions"}],"predecessor-version":[{"id":144,"href":"https:\/\/www.ccsa.ufpb.br\/biblioteconomia\/wp-json\/wp\/v2\/pages\/35\/revisions\/144"}],"wp:attachment":[{"href":"https:\/\/www.ccsa.ufpb.br\/biblioteconomia\/wp-json\/wp\/v2\/media?parent=35"}],"curies":[{"name":"wp","href":"https:\/\/api.w.org\/{rel}","templated":true}]}}