{"id":37,"date":"2026-03-21T10:11:48","date_gmt":"2026-03-21T13:11:48","guid":{"rendered":"https:\/\/www.ccsa.ufpb.br\/biblioteconomia\/?page_id=37"},"modified":"2026-03-25T11:15:49","modified_gmt":"2026-03-25T14:15:49","slug":"nucleo-docente-estruturante","status":"publish","type":"page","link":"https:\/\/www.ccsa.ufpb.br\/biblioteconomia\/nucleo-docente-estruturante\/","title":{"rendered":"N\u00facleo Docente Estruturante (NDE)"},"content":{"rendered":"\n<p>A Coordenadora do Curso de Biblioteconomia, no uso de suas atribui\u00e7\u00f5es e, considerando a indica\u00e7\u00e3o do Departamento de Ci\u00eancia da Informa\u00e7\u00e3o contida na Certid\u00e3o n\u00ba 2\/2026 &#8211; CCSA &#8211; DCI, resolve:<br>Art. 1\u00ba &#8211; Designar as professoras abaixo listados para compor o N\u00facleo Docente Estruturante (NDE) do Curso de Biblioteconomia:<\/p>\n\n\n\n<p><br>J\u00e9ssica Bedin &#8211; Presidente<br>Rosa Zuleide Lima de Brito &#8211; Vice-presidente<br>Julianne Teixeira e Silva <br>Patr\u00edcia Maria da Silva <br>Ana Cl\u00e1udia Medeiros de Sousa <br>Deise Santos do Nascimento <br>Genoveva Batista do Nascimento <\/p>\n\n\n\n<p><br>Art. 2\u00ba &#8211; Os membros do NDE exercer\u00e3o mandato por 2 (dois) anos, em conformidade com o Art. 5\u00ba, \u00a74\u00ba, da Resolu\u00e7\u00e3o n\u00ba29\/2020 &#8211; CONSEPE\/UFPB.<\/p>\n\n\n\n<p><\/p>\n\n\n\n<p class=\"has-text-align-right\">Jo\u00e3o Pessoa-PB, 09 de Fevereiro de 2026<\/p>\n","protected":false},"excerpt":{"rendered":"<p>A Coordenadora do Curso de Biblioteconomia, no uso de suas atribui\u00e7\u00f5es e, considerando a indica\u00e7\u00e3o [&hellip;]<\/p>\n","protected":false},"author":47,"featured_media":0,"parent":0,"menu_order":0,"comment_status":"closed","ping_status":"closed","template":"","meta":{"footnotes":""},"class_list":["post-37","page","type-page","status-publish","hentry"],"_links":{"self":[{"href":"https:\/\/www.ccsa.ufpb.br\/biblioteconomia\/wp-json\/wp\/v2\/pages\/37","targetHints":{"allow":["GET"]}}],"collection":[{"href":"https:\/\/www.ccsa.ufpb.br\/biblioteconomia\/wp-json\/wp\/v2\/pages"}],"about":[{"href":"https:\/\/www.ccsa.ufpb.br\/biblioteconomia\/wp-json\/wp\/v2\/types\/page"}],"author":[{"embeddable":true,"href":"https:\/\/www.ccsa.ufpb.br\/biblioteconomia\/wp-json\/wp\/v2\/users\/47"}],"replies":[{"embeddable":true,"href":"https:\/\/www.ccsa.ufpb.br\/biblioteconomia\/wp-json\/wp\/v2\/comments?post=37"}],"version-history":[{"count":4,"href":"https:\/\/www.ccsa.ufpb.br\/biblioteconomia\/wp-json\/wp\/v2\/pages\/37\/revisions"}],"predecessor-version":[{"id":143,"href":"https:\/\/www.ccsa.ufpb.br\/biblioteconomia\/wp-json\/wp\/v2\/pages\/37\/revisions\/143"}],"wp:attachment":[{"href":"https:\/\/www.ccsa.ufpb.br\/biblioteconomia\/wp-json\/wp\/v2\/media?parent=37"}],"curies":[{"name":"wp","href":"https:\/\/api.w.org\/{rel}","templated":true}]}}