{"id":44,"date":"2026-03-21T10:14:55","date_gmt":"2026-03-21T13:14:55","guid":{"rendered":"https:\/\/www.ccsa.ufpb.br\/biblioteconomia\/?page_id=44"},"modified":"2026-03-28T11:31:49","modified_gmt":"2026-03-28T14:31:49","slug":"formularios-da-disciplina-lpi","status":"publish","type":"page","link":"https:\/\/www.ccsa.ufpb.br\/biblioteconomia\/formularios-da-disciplina-lpi\/","title":{"rendered":"Laborat\u00f3rio de Pr\u00e1ticas Integrativas (LPI)"},"content":{"rendered":"\n<p>O Est\u00e1gio Supervisionado \u00e9 um componente curricular obrigat\u00f3rio do curso de Biblioteconomia, orientado pela integra\u00e7\u00e3o entre teoria e pr\u00e1tica e pela articula\u00e7\u00e3o entre ensino, pesquisa e extens\u00e3o. Est\u00e1 previsto que o referido est\u00e1gio se desenvolva em 4 fases, nas disciplinas denominadas Laborat\u00f3rio de Pr\u00e1ticas Integrativas (LPI) totalizando 300 horas\/aula. <\/p>\n\n\n\n<p><\/p>\n\n\n\n<p>Laborat\u00f3rio de Pr\u00e1ticas Integrativas I (LPI-I) &#8211; 90h<\/p>\n\n\n\n<p>Laborat\u00f3rio de Pr\u00e1ticas Integrativas II (LPI-II) &#8211; 60h<\/p>\n\n\n\n<p>Laborat\u00f3rio de Pr\u00e1ticas Integrativas III (LPI-III) &#8211; 60h<\/p>\n\n\n\n<p>Laborat\u00f3rio de Pr\u00e1ticas Integrativas IV (LPI-IV) &#8211; 90h<\/p>\n\n\n\n<p><\/p>\n\n\n\n<hr class=\"wp-block-separator has-alpha-channel-opacity\" \/>\n\n\n\n<h2 class=\"wp-block-heading\"><div class=\"linha-header\">Formul\u00e1rios <\/div><\/h2>\n\n\n\n<p><\/p>\n\n\n\n<div class=\"wp-block-file\"><a id=\"wp-block-file--media-54332c7f-c503-4cd9-b8de-884212a744a4\" href=\"https:\/\/www.ccsa.ufpb.br\/biblioteconomia\/wp-content\/uploads\/sites\/179\/sites\/467\/2026\/03\/Acompanhamento-de-frequencia-LPI.doc\">Ficha de Acompanhamento de Frequ\u00eancia LPI<\/a><a href=\"https:\/\/www.ccsa.ufpb.br\/biblioteconomia\/wp-content\/uploads\/sites\/179\/sites\/467\/2026\/03\/Acompanhamento-de-frequencia-LPI.doc\" class=\"wp-block-file__button wp-element-button\" download aria-describedby=\"wp-block-file--media-54332c7f-c503-4cd9-b8de-884212a744a4\">Baixar<\/a><\/div>\n\n\n\n<div class=\"wp-block-file\"><a id=\"wp-block-file--media-1b033d95-69c0-47b1-a9ba-6daebb8a2216\" href=\"https:\/\/www.ccsa.ufpb.br\/biblioteconomia\/wp-content\/uploads\/sites\/179\/sites\/467\/2026\/03\/Avaliacao-LPI.doc\">Avaliac\u00e3o LPI<\/a><a href=\"https:\/\/www.ccsa.ufpb.br\/biblioteconomia\/wp-content\/uploads\/sites\/179\/sites\/467\/2026\/03\/Avaliacao-LPI.doc\" class=\"wp-block-file__button wp-element-button\" download aria-describedby=\"wp-block-file--media-1b033d95-69c0-47b1-a9ba-6daebb8a2216\">Baixar<\/a><\/div>\n\n\n\n<div class=\"wp-block-file\"><a id=\"wp-block-file--media-7f8eef07-dac1-440d-a964-5656cc2fa51c\" href=\"https:\/\/www.ccsa.ufpb.br\/biblioteconomia\/wp-content\/uploads\/sites\/179\/sites\/467\/2026\/03\/declaracao-de-nota-estagio-1.docx\">Declara\u00e7\u00e3o de Nota de Est\u00e1gio<\/a><a href=\"https:\/\/www.ccsa.ufpb.br\/biblioteconomia\/wp-content\/uploads\/sites\/179\/sites\/467\/2026\/03\/declaracao-de-nota-estagio-1.docx\" class=\"wp-block-file__button wp-element-button\" download aria-describedby=\"wp-block-file--media-7f8eef07-dac1-440d-a964-5656cc2fa51c\">Baixar<\/a><\/div>\n\n\n\n<p><\/p>\n","protected":false},"excerpt":{"rendered":"<p>O Est\u00e1gio Supervisionado \u00e9 um componente curricular obrigat\u00f3rio do curso de Biblioteconomia, orientado pela integra\u00e7\u00e3o [&hellip;]<\/p>\n","protected":false},"author":47,"featured_media":0,"parent":0,"menu_order":0,"comment_status":"closed","ping_status":"closed","template":"","meta":{"footnotes":""},"class_list":["post-44","page","type-page","status-publish","hentry"],"_links":{"self":[{"href":"https:\/\/www.ccsa.ufpb.br\/biblioteconomia\/wp-json\/wp\/v2\/pages\/44","targetHints":{"allow":["GET"]}}],"collection":[{"href":"https:\/\/www.ccsa.ufpb.br\/biblioteconomia\/wp-json\/wp\/v2\/pages"}],"about":[{"href":"https:\/\/www.ccsa.ufpb.br\/biblioteconomia\/wp-json\/wp\/v2\/types\/page"}],"author":[{"embeddable":true,"href":"https:\/\/www.ccsa.ufpb.br\/biblioteconomia\/wp-json\/wp\/v2\/users\/47"}],"replies":[{"embeddable":true,"href":"https:\/\/www.ccsa.ufpb.br\/biblioteconomia\/wp-json\/wp\/v2\/comments?post=44"}],"version-history":[{"count":7,"href":"https:\/\/www.ccsa.ufpb.br\/biblioteconomia\/wp-json\/wp\/v2\/pages\/44\/revisions"}],"predecessor-version":[{"id":236,"href":"https:\/\/www.ccsa.ufpb.br\/biblioteconomia\/wp-json\/wp\/v2\/pages\/44\/revisions\/236"}],"wp:attachment":[{"href":"https:\/\/www.ccsa.ufpb.br\/biblioteconomia\/wp-json\/wp\/v2\/media?parent=44"}],"curies":[{"name":"wp","href":"https:\/\/api.w.org\/{rel}","templated":true}]}}