{"id":54,"date":"2026-03-21T10:18:03","date_gmt":"2026-03-21T13:18:03","guid":{"rendered":"https:\/\/www.ccsa.ufpb.br\/biblioteconomia\/?page_id=54"},"modified":"2026-03-28T21:45:34","modified_gmt":"2026-03-29T00:45:34","slug":"links-uteis","status":"publish","type":"page","link":"https:\/\/www.ccsa.ufpb.br\/biblioteconomia\/links-uteis\/","title":{"rendered":"Links \u00dateis"},"content":{"rendered":"\n<p><\/p>\n\n\n\n<p><a href=\"http:\/\/Conselho Federal da Biblioteconomia\">Conselho Federal de Biblioteconomia (CFB)<\/a><\/p>\n\n\n\n<p><a href=\"https:\/\/www.crb15.org.br\/sobre\/\">Conselho Regional de Biblioteconomia (CRB) 15\u00aa regi\u00e3o &#8211; PB e RN<\/a><\/p>\n\n\n\n<p><\/p>\n\n\n\n<p><a href=\"https:\/\/apbpb.febab.org\/\" data-type=\"link\" data-id=\"https:\/\/apbpb.febab.org\/\">Associa\u00e7\u00e3o Profissional de Bibliotec\u00e1rios da Para\u00edba (APB-PB)\u00a0<\/a><\/p>\n\n\n\n<p><a href=\"https:\/\/febab.org\/\" data-type=\"link\" data-id=\"https:\/\/febab.org\/\">Federa\u00e7\u00e3o Brasileira de Associa\u00e7\u00f5es de Bibliotec\u00e1rios, Cientistas de Informa\u00e7\u00e3o e Institui\u00e7\u00f5es<\/a> (<a href=\"https:\/\/febab.org\/\" data-type=\"link\" data-id=\"https:\/\/febab.org\/\">FEBAB)<\/a><\/p>\n\n\n\n<p><\/p>\n\n\n\n<p><a href=\"https:\/\/abecin.org.br\/\" data-type=\"link\" data-id=\"https:\/\/abecin.org.br\/\">Associa\u00e7\u00e3o Brasileira de Educa\u00e7\u00e3o em Ci\u00eancia da Informa\u00e7\u00e3o (ABECIN)<\/a><\/p>\n\n\n\n<p><\/p>\n","protected":false},"excerpt":{"rendered":"<p>Conselho Federal de Biblioteconomia (CFB) Conselho Regional de Biblioteconomia (CRB) 15\u00aa regi\u00e3o &#8211; PB e [&hellip;]<\/p>\n","protected":false},"author":47,"featured_media":0,"parent":0,"menu_order":0,"comment_status":"closed","ping_status":"closed","template":"","meta":{"footnotes":""},"class_list":["post-54","page","type-page","status-publish","hentry"],"_links":{"self":[{"href":"https:\/\/www.ccsa.ufpb.br\/biblioteconomia\/wp-json\/wp\/v2\/pages\/54","targetHints":{"allow":["GET"]}}],"collection":[{"href":"https:\/\/www.ccsa.ufpb.br\/biblioteconomia\/wp-json\/wp\/v2\/pages"}],"about":[{"href":"https:\/\/www.ccsa.ufpb.br\/biblioteconomia\/wp-json\/wp\/v2\/types\/page"}],"author":[{"embeddable":true,"href":"https:\/\/www.ccsa.ufpb.br\/biblioteconomia\/wp-json\/wp\/v2\/users\/47"}],"replies":[{"embeddable":true,"href":"https:\/\/www.ccsa.ufpb.br\/biblioteconomia\/wp-json\/wp\/v2\/comments?post=54"}],"version-history":[{"count":4,"href":"https:\/\/www.ccsa.ufpb.br\/biblioteconomia\/wp-json\/wp\/v2\/pages\/54\/revisions"}],"predecessor-version":[{"id":245,"href":"https:\/\/www.ccsa.ufpb.br\/biblioteconomia\/wp-json\/wp\/v2\/pages\/54\/revisions\/245"}],"wp:attachment":[{"href":"https:\/\/www.ccsa.ufpb.br\/biblioteconomia\/wp-json\/wp\/v2\/media?parent=54"}],"curies":[{"name":"wp","href":"https:\/\/api.w.org\/{rel}","templated":true}]}}