{"id":109,"date":"2025-02-05T10:33:17","date_gmt":"2025-02-05T10:33:17","guid":{"rendered":"https:\/\/www.ccsa.ufpb.br\/bsccsa2\/?page_id=109"},"modified":"2025-05-13T23:26:57","modified_gmt":"2025-05-13T23:26:57","slug":"bibliografias","status":"publish","type":"page","link":"https:\/\/www.ccsa.ufpb.br\/bsccsa\/bibliografias\/","title":{"rendered":"Bibliografias\/ CCSA"},"content":{"rendered":"\n<h3 class=\"wp-block-heading\"><strong>Livros Dispon\u00edveis nas Bibliografias dos Cursos de Gradua\u00e7\u00e3o do CCSA<\/strong><\/h3>\n\n\n\n<p>Nesta se\u00e7\u00e3o, voc\u00ea encontra a lista de livros indicados nas bibliografias b\u00e1sica e complementar dos cursos de gradua\u00e7\u00e3o do Centro de Ci\u00eancias Sociais Aplicadas (CCSA), acess\u00edveis atrav\u00e9s das plataformas de livros digitais assinadas pelo Sistema de Bibliotecas da UFPB.<\/p>\n\n\n\n<p>Cada livro est\u00e1 vinculado a um link direto. Por\u00e9m, o acesso pode variar conforme a plataforma digital:<\/p>\n\n\n\n<ul class=\"wp-block-list\">\n<li><strong>Pelo SIGAA<\/strong>: Acesso pela \u00e1rea do aluno, no menu Biblioteca.<\/li>\n\n\n\n<li><strong>Acesso externo (fora da UFPB)<\/strong>: Utiliza\u00e7\u00e3o do navegador Firefox UFPB para acessar diretamente a base digital.<\/li>\n<\/ul>\n\n\n\n<p>Tutoriais sobre o uso de cada base est\u00e3o dispon\u00edveis em nosso site, na se\u00e7\u00e3o <strong>Servi\u00e7os &gt; Portais de Pesquisa e Bases de Dados<\/strong>, e tamb\u00e9m em <strong>Tutoriais<\/strong>.<\/p>\n\n\n\n<p><\/p>\n\n\n\n<div class=\"wp-block-columns is-layout-flex wp-container-core-columns-is-layout-9d6595d7 wp-block-columns-is-layout-flex\">\n<div class=\"wp-block-column is-layout-flow wp-block-column-is-layout-flow\"><div class=\"wp-block-image\">\n<figure class=\"aligncenter size-full\"><a href=\"http:\/\/plone.ufpb.br\/bsccsa\/contents\/documentos\/bibliografia-do-curso-de-ciencias-atuariais_livros-digitais.pdf\" target=\"_blank\" rel=\" noreferrer noopener\"><img loading=\"lazy\" decoding=\"async\" width=\"200\" height=\"114\" src=\"https:\/\/www.ccsa.ufpb.br\/bsccsa\/wp-content\/uploads\/sites\/179\/sites\/248\/2025\/02\/ea2f4e50-e55d-4afa-893c-c323d5ffa75d.png\" alt=\"\" class=\"wp-image-110\" \/><\/a><\/figure>\n<\/div><\/div>\n\n\n\n<div class=\"wp-block-column is-layout-flow wp-block-column-is-layout-flow\"><div class=\"wp-block-image\">\n<figure class=\"aligncenter size-full\"><a href=\"http:\/\/plone.ufpb.br\/bsccsa\/contents\/documentos\/bibliografia-do-curso-de-ciencias-contabeis_livros-digitais.pdf\" target=\"_blank\" rel=\" noreferrer noopener\"><img loading=\"lazy\" decoding=\"async\" width=\"200\" height=\"114\" src=\"https:\/\/www.ccsa.ufpb.br\/bsccsa\/wp-content\/uploads\/sites\/179\/sites\/248\/2025\/02\/11dd781d-3013-4e7f-90e8-2edc4e93715b.png\" alt=\"\" class=\"wp-image-111\" \/><\/a><\/figure>\n<\/div><\/div>\n<\/div>\n\n\n\n<p><\/p>\n\n\n\n<div class=\"wp-block-columns is-layout-flex wp-container-core-columns-is-layout-9d6595d7 wp-block-columns-is-layout-flex\">\n<div class=\"wp-block-column is-layout-flow wp-block-column-is-layout-flow\"><div class=\"wp-block-image\">\n<figure class=\"aligncenter size-full\"><a href=\"http:\/\/plone.ufpb.br\/bsccsa\/contents\/documentos\/bibliografia-do-curso-de-ciencia-de-dados-para-negocios_livros-digitais.pdf\" target=\"_blank\" rel=\" noreferrer noopener\"><img loading=\"lazy\" decoding=\"async\" width=\"200\" height=\"114\" src=\"https:\/\/www.ccsa.ufpb.br\/bsccsa\/wp-content\/uploads\/sites\/179\/sites\/248\/2025\/02\/146fdab2-5ef7-4930-a22c-7a35b0468513.png\" alt=\"\" class=\"wp-image-112\" \/><\/a><\/figure>\n<\/div><\/div>\n\n\n\n<div class=\"wp-block-column is-layout-flow wp-block-column-is-layout-flow\"><div class=\"wp-block-image\">\n<figure class=\"aligncenter size-full\"><a href=\"http:\/\/plone.ufpb.br\/bsccsa\/contents\/documentos\/bibliografia-do-curso-de-gestao-publica_livros-digitais.pdf\" target=\"_blank\" rel=\" noreferrer noopener\"><img loading=\"lazy\" decoding=\"async\" width=\"200\" height=\"114\" src=\"https:\/\/www.ccsa.ufpb.br\/bsccsa\/wp-content\/uploads\/sites\/179\/sites\/248\/2025\/02\/146fdab2-5ef7-4930-a22c-7a35b0468513-1.png\" alt=\"\" class=\"wp-image-113\" \/><\/a><\/figure>\n<\/div><\/div>\n\n\n\n<div class=\"wp-block-column is-layout-flow wp-block-column-is-layout-flow\"><div class=\"wp-block-image\">\n<figure class=\"aligncenter size-full\"><a href=\"http:\/\/plone.ufpb.br\/bsccsa\/contents\/documentos\/bibliografia-do-curso-de-relacoes-internacionais_livros-digitais.pdf\" target=\"_blank\" rel=\" noreferrer noopener\"><img loading=\"lazy\" decoding=\"async\" width=\"200\" height=\"114\" src=\"https:\/\/www.ccsa.ufpb.br\/bsccsa\/wp-content\/uploads\/sites\/179\/sites\/248\/2025\/02\/ea2ab90d-17d8-4c15-9e38-27b6c5b8029b.png\" alt=\"\" class=\"wp-image-114\" \/><\/a><\/figure>\n<\/div><\/div>\n<\/div>\n\n\n\n<p><\/p>\n","protected":false},"excerpt":{"rendered":"<p>Livros Dispon\u00edveis nas Bibliografias dos Cursos de Gradua\u00e7\u00e3o do CCSA Nesta se\u00e7\u00e3o, voc\u00ea encontra a [&hellip;]<\/p>\n","protected":false},"author":63,"featured_media":0,"parent":0,"menu_order":0,"comment_status":"closed","ping_status":"closed","template":"","meta":{"footnotes":""},"class_list":["post-109","page","type-page","status-publish","hentry"],"_links":{"self":[{"href":"https:\/\/www.ccsa.ufpb.br\/bsccsa\/wp-json\/wp\/v2\/pages\/109","targetHints":{"allow":["GET"]}}],"collection":[{"href":"https:\/\/www.ccsa.ufpb.br\/bsccsa\/wp-json\/wp\/v2\/pages"}],"about":[{"href":"https:\/\/www.ccsa.ufpb.br\/bsccsa\/wp-json\/wp\/v2\/types\/page"}],"author":[{"embeddable":true,"href":"https:\/\/www.ccsa.ufpb.br\/bsccsa\/wp-json\/wp\/v2\/users\/63"}],"replies":[{"embeddable":true,"href":"https:\/\/www.ccsa.ufpb.br\/bsccsa\/wp-json\/wp\/v2\/comments?post=109"}],"version-history":[{"count":3,"href":"https:\/\/www.ccsa.ufpb.br\/bsccsa\/wp-json\/wp\/v2\/pages\/109\/revisions"}],"predecessor-version":[{"id":464,"href":"https:\/\/www.ccsa.ufpb.br\/bsccsa\/wp-json\/wp\/v2\/pages\/109\/revisions\/464"}],"wp:attachment":[{"href":"https:\/\/www.ccsa.ufpb.br\/bsccsa\/wp-json\/wp\/v2\/media?parent=109"}],"curies":[{"name":"wp","href":"https:\/\/api.w.org\/{rel}","templated":true}]}}