{"id":118,"date":"2025-02-05T10:40:34","date_gmt":"2025-02-05T10:40:34","guid":{"rendered":"https:\/\/www.ccsa.ufpb.br\/bsccsa2\/?page_id=118"},"modified":"2025-05-13T23:26:34","modified_gmt":"2025-05-13T23:26:34","slug":"periodicos","status":"publish","type":"page","link":"https:\/\/www.ccsa.ufpb.br\/bsccsa\/periodicos\/","title":{"rendered":"Peri\u00f3dicos\/ CCSA"},"content":{"rendered":"\n<p>Para facilitar e divulgar os per\u00edodicos eletr\u00f4nicos da UFPB, listamos abaixo, os principais peri\u00f3dicos nas \u00e1reas dos cursos do CCSA. Tamb\u00e9m \u00e9 possivel ir direto para o Portal de Peri\u00f3dicos da UFPB, clicando <a href=\"https:\/\/periodicos.ufpb.br\/capa\/periodicos.php\">aqui.<\/a><\/p>\n\n\n\n<p><\/p>\n\n\n\n<p><strong><a href=\"https:\/\/periodicos.ufpb.br\/index.php\/archeion\" target=\"_blank\" rel=\"noreferrer noopener\">ARCHEION ONLINE<\/a><\/strong><\/p>\n\n\n\n<p><\/p>\n\n\n\n<p>Escopo: A revista Archeion Online \u00e9 um peri\u00f3dico eletr\u00f4nico na \u00e1rea de Arquivologia e tem por objetivo estimular e publicizar artigos produzidos pelos discentes, docentes e pesquisadores em geral da \u00e1rea de Arquivologia e\/ou \u00e1reas afins. \u00c9 de periodicidade semestral publicando artigos originais, como tamb\u00e9m resultados da pesquisa de Teses, disserta\u00e7\u00f5es, inicia\u00e7\u00e3o cient\u00edfica, da pr\u00e1tica nos est\u00e1gios, da extens\u00e3o universit\u00e1ria, dos Trabalhos de Conclus\u00e3o de Curso e outras pesquisas que enrique\u00e7am a \u00e1rea. Com o prop\u00f3sito de difundir o ensino, a pesquisa e a extens\u00e3o, o peri\u00f3dico contribui para o alinhamento entre teoria e pr\u00e1tica profissional atendendo \u00e0 natureza da Arquivologia bem como da interdisciplinaridade com \u00e1reas afins.<\/p>\n\n\n\n<p>e-ISSN: 2318-6186<\/p>\n\n\n\n<p>Contato:&nbsp;<a href=\"mailto:archeionline@gmail.com\">archeionline@gmail.com<\/a><\/p>\n\n\n\n<p><\/p>\n\n\n\n<p>&nbsp;<strong><a href=\"https:\/\/periodicos.ufpb.br\/index.php\/biblio\" target=\"_blank\" rel=\"noreferrer noopener\">BIBLIONLINE<\/a><\/strong><\/p>\n\n\n\n<p>&nbsp;Escopo: Biblionline \u00e9 uma revista eletr\u00f4nica voltada para as \u00e1reas de Biblioteconomia, Arquivologia, Ci\u00eancia da Informa\u00e7\u00e3o e Museologia. Vinculada ao Departamento de Ci\u00eancia da Informa\u00e7\u00e3o da Umiversidade Federal da Para\u00edba, vem sendo publicada ininterruptamente desde 2005. Inicialmente tinha periodicidade semestral, entretanto devido \u00e0 grande demanda, passou a ter periodicidade trimestral a partir de 2017. Adota o sistema de avalia\u00e7\u00e3o pelos pares e obedece aos preceitos do acesso aberto ao conhecimento.<\/p>\n\n\n\n<p>&nbsp;e-ISSN: 1809-4775<\/p>\n\n\n\n<p>&nbsp;Contato:&nbsp;<a href=\"mailto:marynice.autran@gmail.com\">marynice.autran@gmail.com<\/a><\/p>\n\n\n\n<p><\/p>\n\n\n\n<p><strong><a href=\"https:\/\/periodicos.ufpb.br\/index.php\/ciab\" target=\"_blank\" rel=\"noreferrer noopener\">CI\u00caNCIA DA INFORMA\u00c7\u00c3O EM ABERTO (CIAB)<\/a><\/strong><\/p>\n\n\n\n<p>Escopo: ci\u00eancia da informa\u00e7\u00e3o em aberto (ciab) \u2013 peri\u00f3dico cient\u00edfico na \u00e1rea de Ci\u00eancia da Informa\u00e7\u00e3o (CI) vinculado aos Grupos de Pesquisa: \u201cDa Informa\u00e7\u00e3o e do Conhecimento\u201d e \u201cInclusos\u201d, certificados pelo CNPq, cuja miss\u00e3o \u00e9 divulgar trabalhos que possibilitem contribui\u00e7\u00e3o para o desenvolvimento de conhecimentos em CI, Biblioteconomia, Arquivologia, Museologia e \u00e1reas afins, entre pesquisadores, docentes, discentes e demais profissionais, independentemente de sua vincula\u00e7\u00e3o profissional e local de origem.<\/p>\n\n\n\n<p>e-ISSN:<\/p>\n\n\n\n<p>Contato: nacoeli@gmail.com<\/p>\n\n\n\n<p><\/p>\n\n\n\n<p><strong><a href=\"https:\/\/periodicos.ufpb.br\/index.php\/ies\" target=\"_blank\" rel=\"noreferrer noopener\">INFORMA\u00c7\u00c3O E SOCIEDADE&nbsp;<\/a><\/strong><\/p>\n\n\n\n<p><strong>Escopo:&nbsp;<\/strong>Informa\u00e7\u00e3o &amp; Sociedade: Estudos (I&amp;S) \u00e9 um peri\u00f3dico na \u00e1rea da Ci\u00eancia da Informa\u00e7\u00e3o vinculado ao Programa de P\u00f3s-Gradua\u00e7\u00e3o em Ci\u00eancia da Informa\u00e7\u00e3o da Universidade Federal da Para\u00edba. I&amp;S est\u00e1 avaliado na base de dados&nbsp;<a href=\"https:\/\/periodicos.ufpb.br\/capa\/periodicos.php\" target=\"_blank\" rel=\"noreferrer noopener\">Qualis da CAPES como A1.<\/a>&nbsp;\u00c9 publicada ininterruptamente desde 1991 &#8211; quando foi criada pela Universidade Federal da Para\u00edba, e foi uma das primeiras a ser publicada no Portal de Peri\u00f3dicos da UFPB. Atualmente, \u00e9 uma das tr\u00eas revistas brasileiras da \u00e1rea de Ci\u00eancia da Informa\u00e7\u00e3o inclu\u00eddas no Journal Citation Reports (JCR Web) do Institute for Scienti\ufb01c Information (ISI Web of Knowledge).<\/p>\n\n\n\n<p><strong>e-ISSN:&nbsp;<\/strong>1809-4783<br><strong>Contato:&nbsp;<\/strong><a href=\"mailto:ghafreire@gmail.com\">ghafreire@gmail.com<\/a><strong>&nbsp;<\/strong><\/p>\n\n\n\n<p><\/p>\n\n\n\n<p><strong><a href=\"https:\/\/periodicos.ufpb.br\/index.php\/itec\">INFORMA\u00c7\u00c3O &amp; TECNOLOGIA<\/a><\/strong><\/p>\n\n\n\n<p>Escopo: Informa\u00e7\u00e3o &amp; Tecnologia (Itec) \u00e9 uma publica\u00e7\u00e3o semestral da Associa\u00e7\u00e3o Nacional de Pesquisa e P\u00f3s-Gradua\u00e7\u00e3o em Ci\u00eancia da Informa\u00e7\u00e3o &#8211; ANCIB. Idealizada pelos grupos de pesquisa UNESP e UFPB para o GT8-Ancib, tem como objetivos veicular artigos originais e favorecer a troca de informa\u00e7\u00f5es e pontos de vista sobre informa\u00e7\u00e3o e tecnologia no dominio da Ci\u00eancia da Informa\u00e7\u00e3o em todo o mundo. Dada a abrang\u00eancia e complexidade dessa tem\u00e1tica, a compreens\u00e3o dos distintos aspectos relacionados ao tema exige que as abordagens te\u00f3rico-metodol\u00f3gicas e emp\u00edricas sejam na dire\u00e7\u00e3o da inter e da transdisciplinaridade, com estudos e pesquisas que contemplem contribui\u00e7\u00f5es de pesquisadores de diferentes \u00e1reas.<\/p>\n\n\n\n<p>e-ISSN: 2358-3908<\/p>\n\n\n\n<p>&nbsp;Contato:&nbsp;<a href=\"mailto:santarem@usp.br\">santarem@usp.br<\/a><\/p>\n\n\n\n<p><\/p>\n\n\n\n<p><strong><a href=\"https:\/\/periodicos.ufpb.br\/index.php\/mepad\">M\u00c9TODOS E PESQUISA EM ADMINISTRA\u00c7\u00c3O<\/a><\/strong><\/p>\n\n\n\n<p>Escopo: Os trabalhos mais bem avaliados no WIDaT 2018 (II Workshop de Informa\u00e7\u00e3o, Dados e Tecnologia) podem ser encaminhados para fast-track na MEPAD. Os trabalhados indicados para o fast-track automaticamente superam a fase de desk review e passam diretamente para a fase de blind review da MEPAD, podendo assim concluir mais rapidamente os processos de avalia\u00e7\u00e3o e publica\u00e7\u00e3o. Para maiores informa\u00e7\u00f5es sobre o evento: http:\/\/www.ufpb.br\/widat<\/p>\n\n\n\n<p>e-ISSN: 2525-3867<\/p>\n\n\n\n<p>&nbsp;Contato:&nbsp;<a href=\"mailto:stephanieisb@gmail.com\">stephanieisb@gmail.com<\/a><\/p>\n\n\n\n<p><\/p>\n\n\n\n<p>&nbsp;<strong><a href=\"https:\/\/periodicos.ufpb.br\/index.php\/pgc\" target=\"_blank\" rel=\"noreferrer noopener\">PERSPECTIVAS EM GEST\u00c3O &amp; CONHECIMENTO<\/a><\/strong>&nbsp;<\/p>\n\n\n\n<p>De iniciativa da&nbsp;<a href=\"http:\/\/ufpb.br\/\" target=\"_blank\" rel=\"noreferrer noopener\">Universidade Federal da Para\u00edba<\/a>&nbsp;com a coopera\u00e7\u00e3o t\u00e9cnico-cient\u00edfica do&nbsp;<a href=\"http:\/\/www.ibict.br\/\" target=\"_blank\" rel=\"noreferrer noopener\">Instituto Brasileiro de Informa\u00e7\u00e3o em Ci\u00eancia<\/a>&nbsp;e Tecnologia, a revista Perspectivas em Gest\u00e3o &amp; Conhecimento (PG&amp;C) tem por objetivo publicar trabalhos originais e in\u00e9ditos relacionados com as tem\u00e1ticas Gest\u00e3o e Conhecimento sob abordagens que priorizem di\u00e1logos inter\/pluri\/multi\/transdisciplinares e representem contribui\u00e7\u00e3o para o desenvolvimento de novos conhecimentos e\/ou para aplica\u00e7\u00e3o nos diversos setores e organiza\u00e7\u00f5es da sociedade.&nbsp;<\/p>\n\n\n\n<p><strong>Dispon\u00edvel<\/strong>&nbsp;a partir de 2011<\/p>\n\n\n\n<p><strong>Periodicidade<\/strong>: Quadrimestral&nbsp;<\/p>\n\n\n\n<p><strong>\u00c1rea de conhecimento<\/strong>: Ci\u00eancias Sociais Aplicadas: Ci\u00eancia da Informa\u00e7\u00e3o<\/p>\n\n\n\n<p><br><strong>e-ISSN:&nbsp;<\/strong>2236-417X&nbsp;<br><strong>Contato:&nbsp;<\/strong>lucianna.costa@yahoo.com.br&nbsp;<\/p>\n\n\n\n<p><\/p>\n\n\n\n<p><strong><a href=\"https:\/\/www.pbcib.com\/index.php\/pbcib\" target=\"_blank\" rel=\"noreferrer noopener\">PESQUISA BRASILEIRA EM CI\u00caNCIA DA INFORMA\u00c7\u00c3O E BIBLIOTECONOMIA<\/a><\/strong><\/p>\n\n\n\n<p>A revista Pesquisa Brasileira em Ci\u00eancia da Informa\u00e7\u00e3o e Biblioteconomia (PBCIB), editada pelo Grupo de Pesquisa Informa\u00e7\u00e3o e Inclus\u00e3o Social (CNPq), \u00e9 publicada no Portal de Peri\u00f3dicos da Universidade Federal da Para\u00edba (UFPB), em parceria com o Laborat\u00f3rio de Tecnologias Intelectuais \u2013 LTi do Departamento de Ci\u00eancia da Informa\u00e7\u00e3o. Classificada como B4 no Web Qualis da Capes.<\/p>\n\n\n\n<p><strong>Dispon\u00edvel&nbsp;<\/strong>a partir de 2006<\/p>\n\n\n\n<p><strong>Peridodicidade:&nbsp;<\/strong><\/p>\n\n\n\n<p><strong>\u00c1rea de conhecimento:<\/strong>&nbsp;Ci\u00eancias Sociais Aplicadas: Ci\u00eancia da Informa\u00e7\u00e3o<\/p>\n\n\n\n<p><strong>e-ISSN:<\/strong>&nbsp;1981-0695<\/p>\n\n\n\n<p><strong>Contato:<\/strong>&nbsp;<a href=\"mailto:isafreire@globo.com\">isafreire@globo.com<\/a><strong>&nbsp;<\/strong><\/p>\n\n\n\n<p><\/p>\n\n\n\n<p><strong><a href=\"https:\/\/periodicos.ufpb.br\/index.php\/rppi\" target=\"_blank\" rel=\"noreferrer noopener\">REVISTA BRASILEIRA DE POL\u00cdTICAS P\u00daBLICAS E INTERNACIONAIS &#8211; RPPI<\/a><\/strong><\/p>\n\n\n\n<p>Escopo: A RPPI \u2013 Revista Brasileira de Pol\u00edticas P\u00fablicas e Internacionais (ISSN 2525-5584) \u00e9 um peri\u00f3dico cient\u00edfico vinculado ao Programa de P\u00f3s-Gradua\u00e7\u00e3o em Gest\u00e3o P\u00fablica e Coopera\u00e7\u00e3o Internacional (PGPCI) da Universidade Federal da Para\u00edba (UFPB). Criada em 2016, seu principal objetivo \u00e9 ser um ve\u00edculo in\u00e9dito de divulga\u00e7\u00e3o de pesquisas que abordam temas de Gest\u00e3o P\u00fablica e Pol\u00edticas P\u00fablicas sob dois n\u00edveis: o dom\u00e9stico e o internacional.<\/p>\n\n\n\n<p>&nbsp;<strong>e-ISSN:<\/strong>&nbsp;2525-5584<\/p>\n\n\n\n<p>&nbsp;<strong>Contato<\/strong>:&nbsp;<a href=\"mailto:rppi.ufpb@gmail.com\">rppi.ufpb@gmail.com<\/a><\/p>\n\n\n\n<p><\/p>\n\n\n\n<p><strong><a href=\"http:\/\/periodicos.ufpb.br\/index.php\/abet\" target=\"_blank\" rel=\"noreferrer noopener\">REVISTA DA ABET<\/a>&nbsp;<\/strong><\/p>\n\n\n\n<p>Escopo:&nbsp;A Revista da ABET, peri\u00f3dico mantido pela Associa\u00e7\u00e3o Brasileira de Estudos (ABET), tem como objetivo veicular estudos sobre o mundo do trabalho. Dada a abrang\u00eancia e complexidade dessa tem\u00e1tica, a compreens\u00e3o dos distintos aspectos relacionados ao tema exige que os estudos e pesquisas contenham contribui\u00e7\u00f5es de pesquisadores de diferentes \u00e1reas, tais como Economia, Sociologia, Ci\u00eancia Pol\u00edtica, Direito, Hist\u00f3ria, Administra\u00e7\u00e3o, Educa\u00e7\u00e3o, Engenharia, Geografia, Demografia, Ci\u00eancias da Sa\u00fade, entre outras. Requer, ao mesmo tempo, que a constru\u00e7\u00e3o das abordagens te\u00f3rico-metodol\u00f3gicas e emp\u00edricas caminhe na dire\u00e7\u00e3o da interdisciplinaridade e transdisciplinaridade.&nbsp;<br>e-ISSN:&nbsp;1679-2483&nbsp;<br>Contato:&nbsp;ivantarginomoreira@yahoo.com.br&nbsp;<\/p>\n\n\n\n<p><\/p>\n\n\n\n<p><strong><a href=\"http:\/\/periodicos.ufpb.br\/index.php\/ricri\" target=\"_blank\" rel=\"noreferrer noopener\">REVISTA DE INICIA\u00c7\u00c3O CIENT\u00cdFICA EM RELA\u00c7\u00d5ES INTERNACIONAIS<\/a><\/strong><\/p>\n\n\n\n<p>&nbsp;Escopo: A Revista de Inicia\u00e7\u00e3o Cient\u00edfica em Rela\u00e7\u00f5es Internacionais \u00e9 uma publica\u00e7\u00e3o semestral do Departamento de Rela\u00e7\u00f5es Internacionais da Universidade Federal da Para\u00edba. O principal objetivo da RIC \u00e9 divulgar as pesquisas que abordam temas das rela\u00e7\u00f5es internacionais realizadas nos cursos de gradua\u00e7\u00e3o e p\u00f3s-gradua\u00e7\u00e3o do Brasil e exterior, incentivando essa modalidade de produ\u00e7\u00e3o cient\u00edfica. Buscamos contribuir para a amplia\u00e7\u00e3o do debate sobre as rela\u00e7\u00f5es internacionais em suas distintas abordagens epistemol\u00f3gica e metodol\u00f3gica.<\/p>\n\n\n\n<p>&nbsp;e-ISSN: 2318-9452<\/p>\n\n\n\n<p>&nbsp;Contato:&nbsp;<a href=\"mailto:ricri.ufpb@gmail.com\">ricri.ufpb@gmail.com<\/a><\/p>\n\n\n\n<p><\/p>\n\n\n\n<p>&nbsp;<strong><a href=\"https:\/\/periodicos.ufpb.br\/index.php\/economia\">REVISTA ECONOMIA E DESENVOLVIMENTO<\/a><\/strong><\/p>\n\n\n\n<p>Escopo: A Revista Economia e Desenvolvimento \u00e9 vinculada ao Programa de P\u00f3s-Gradua\u00e7\u00e3o em Economia da Universidade Federal de Pernambuco (PIMES). Seu primeiro n\u00famero foi editado em 1997. O peri\u00f3dico \u00e9 dedicado, prioritariamente, \u00e0 an\u00e1lise de temas e quest\u00f5es relacionados com o processo de desenvolvimento econ\u00f4mico e social (Qualis B2 &#8211; PLANEJAMENTO URBANO E REGIONAL\/DEMOGRAFIA; Qualis B4 &#8211; ECONOMIA; Qualis B5 &#8211; GEOGRAFIA).<\/p>\n\n\n\n<p>e-ISSN: 1517-9354<\/p>\n\n\n\n<p>&nbsp;Contato:&nbsp;<a href=\"mailto:cassiodanobrega@yahoo.com.br\">cassiodanobrega@yahoo.com.br<\/a><\/p>\n\n\n\n<p><\/p>\n\n\n\n<p><\/p>\n\n\n\n<p><strong><a href=\"https:\/\/periodicos.ufpb.br\/index.php\/recfin\">REVISTA EVIDENCIA\u00c7\u00c3O CONT\u00c1BIL &amp; FINAN\u00c7AS<\/a><\/strong><\/p>\n\n\n\n<p>Escopo: Revista do Programa de P\u00f3s-Gradua\u00e7\u00e3o em Ci\u00eancias Cont\u00e1beis da UFPB, em parceria com o Departamento de Finan\u00e7as e Contabilidade dessa institui\u00e7\u00e3o, estando atualmente classificada no estrato Qualis B3. Consta em Indexadores e Diret\u00f3rios como: SPELL, DOAJ, Ebsco, e-Revist@s, Latindex, Sum\u00e1rios, entre outros. A RECFin \u00e9 publicada quadrimestralmente, com oito artigos identificados pelo DOI (Digital Object Identifier), sendo ainda disponibilizados na modalidade ahead of print.<\/p>\n\n\n\n<p>&nbsp;e-ISSN: 2318-1001<\/p>\n\n\n\n<p>&nbsp;Contato:&nbsp;<a href=\"mailto:recfin@ccsa.ufpb.br\">recfin@ccsa.ufpb.br<\/a><\/p>\n\n\n\n<p><\/p>\n\n\n\n<p><strong><a href=\"https:\/\/periodicos.ufpb.br\/index.php\/tpa\">TPA &#8211; TEORIA E PR\u00c1TICA EM ADMINISTRA\u00c7\u00c3O<\/a><\/strong><\/p>\n\n\n\n<p>Escopo: A revista Teoria e Pr\u00e1tica em Administra\u00e7\u00e3o \u00e9 um peri\u00f3dico acad\u00eamico vinculado ao Programa de P\u00f3s-Gradua\u00e7\u00e3o em Administra\u00e7\u00e3o da UFPB, e tem por finalidade disseminar conhecimentos voltados a contribuir com a pr\u00e1tica de profissionais de Administra\u00e7\u00e3o, sejam estes executivos empresariais, gestores p\u00fablicos ou sociais, empreendedores ou docentes da \u00e1rea. A TPA tem Qualis B2 na \u00e1rea de avalia\u00e7\u00e3o de Administra\u00e7\u00e3o P\u00fablica e de Empresas, Ci\u00eancias Cont\u00e1beis e Turismo.<\/p>\n\n\n\n<p>e-ISSN: 2238-104X<\/p>\n\n\n\n<p>Contato:&nbsp;<a href=\"mailto:franze.mq@gmail.com\">franze.mq@gmail.com<\/a><\/p>\n\n\n\n<p>O SIBI\/UFPB trabalha com o&nbsp;<a href=\"http:\/\/www-periodicos-capes-gov-br.ezl.periodicos.capes.gov.br\/index.php\" target=\"_blank\" rel=\"noreferrer noopener\">Portal de Peri\u00f3dicos da CAPES<\/a>&nbsp;e por isso deixou de fazer assinaturas impressas dos peri\u00f3dicos que est\u00e3o no Portal. Para maiores informa\u00e7\u00f5es de como acessar o Portal de Peri\u00f3dicos da CAPES click&nbsp;<a href=\"http:\/\/www.ccsa.ufpb.br\/bsccsa\/contents\/documentos\/portal_periodicos_capes_guia_2014-12-08.pdf\">aqui<\/a>.<\/p>\n\n\n\n<p><\/p>\n\n\n\n<p><strong>Disponibiliza\u00e7\u00e3o Online do Acervo de Peri\u00f3dicos da BSBB\/CCSA<\/strong><\/p>\n\n\n\n<p>Considerando as limita\u00e7\u00f5es de espa\u00e7o f\u00edsico para armazenamento do acervo de peri\u00f3dicos, em 2018 a BS CCSA tomou a decis\u00e3o de substituir parte do acervo f\u00edsico pela disponibiliza\u00e7\u00e3o de links para as vers\u00f5es online desses t\u00edtulos. Abaixo, apresentamos uma lista organizada por curso, com acesso direto \u00e0s revistas correspondentes.<\/p>\n\n\n\n<p>Essa transi\u00e7\u00e3o foi realizada conforme a disponibilidade dos peri\u00f3dicos na internet. Aqueles t\u00edtulos e fasc\u00edculos que ainda n\u00e3o est\u00e3o acess\u00edveis online foram encaminhados para o setor de peri\u00f3dicos da Biblioteca Central, respons\u00e1vel pela guarda f\u00edsica dos peri\u00f3dicos do Sistema de Bibliotecas da UFPB (SIB\/UFPB).<\/p>\n\n\n\n<p>A BSBB, por sua vez, continuar\u00e1 preservando os peri\u00f3dicos impressos publicados por programas do CCSA, garantindo a preserva\u00e7\u00e3o de sua mem\u00f3ria institucional. Estamos atualmente catalogando esses t\u00edtulos e inserindo os dados em nosso sistema online. Assim que esse processo for conclu\u00eddo, publicaremos aqui a lista completa para consulta.<\/p>\n\n\n\n<p><\/p>\n\n\n\n<p><strong>ADMINISTRA\u00c7\u00c3O<\/strong><\/p>\n\n\n\n<p><strong><a href=\"https:\/\/www.emeraldinsight.com\/toc\/jbs\/15\/3\" target=\"_blank\" rel=\"noreferrer noopener\">Journal of Business Strategy<\/a><\/strong><\/p>\n\n\n\n<p><a href=\"http:\/\/rae.fgv.br\/\" target=\"_blank\" rel=\"noreferrer noopener\">Revista de Administra\u00e7\u00e3o de Empresa &#8211; RAE<\/a><\/p>\n\n\n\n<p><a href=\"https:\/\/portalseer.ufba.br\/index.php\/rebap\/issue\/view\/1208\" target=\"_blank\" rel=\"noreferrer noopener\">Revista Brasileira de Administra\u00e7\u00e3o Pol\u00edtica &#8211; REBAP<\/a><\/p>\n\n\n\n<p><a href=\"http:\/\/www.anpad.org.br\/periodicos\/content\/frame_base.php?revista=1\" target=\"_blank\" rel=\"noreferrer noopener\">Revista de Administra\u00e7\u00e3o Contempor\u00e2nea<\/a><\/p>\n\n\n\n<p><a href=\"https:\/\/periodicos.ufsc.br\/index.php\/adm\/index\" target=\"_blank\" rel=\"noreferrer noopener\">Revista de Ci\u00eancias da Administra\u00e7\u00e3o &#8211; RCA<\/a><\/p>\n\n\n\n<p><\/p>\n\n\n\n<p><strong>ARQUIVOLOGIA<\/strong><\/p>\n\n\n\n<p><a href=\"https:\/\/bell.unochapeco.edu.br\/revistas\/index.php\/rcc\" target=\"_blank\" rel=\"noreferrer noopener\">Revista Cadernos do CEOM<\/a><\/p>\n\n\n\n<p><a href=\"http:\/\/revista.arquivonacional.gov.br\/index.php\/revistaacervo\/issue\/archive\" target=\"_blank\" rel=\"noreferrer noopener\">Acervo &#8211; Revista do Arquivo Nacional<\/a><\/p>\n\n\n\n<p><\/p>\n\n\n\n<p><strong>BIBLIOTECONOMIA<\/strong><\/p>\n\n\n\n<p><a href=\"http:\/\/revista.ibict.br\/ciinf\/issue\/archive?issuesPage=1#issues\" target=\"_blank\" rel=\"noreferrer noopener\">Ci\u00eancia da Informa\u00e7\u00e3o<\/a><\/p>\n\n\n\n<p><a href=\"https:\/\/crl.acrl.org\/index.php\/crl\/index\" target=\"_blank\" rel=\"noreferrer noopener\">College &amp; Research Libraries<\/a><\/p>\n\n\n\n<p><a href=\"http:\/\/seer.ufrgs.br\/index.php\/EmQuestao\/issue\/archive\" target=\"_blank\" rel=\"noreferrer noopener\">Em Quest\u00e3o<\/a><\/p>\n\n\n\n<p><a href=\"http:\/\/www.ies.ufpb.br\/ojs2\/index.php\/ies\/issue\/archive?issuesPage=1#issues\" target=\"_blank\" rel=\"noreferrer noopener\">Informa\u00e7\u00e3o &amp; Sociedade: Estudos<\/a><\/p>\n\n\n\n<p><a href=\"https:\/\/rbbd.febab.org.br\/rbbd\/issue\/archive?issuesPage=1#issues\" target=\"_blank\" rel=\"noreferrer noopener\">Revista Brasileira de Biblioteconomia e Documenta\u00e7\u00e3o&nbsp;&#8211; RBBD<\/a><\/p>\n\n\n\n<p><a href=\"http:\/\/portaldeperiodicos.eci.ufmg.br\/reb\/\" target=\"_blank\" rel=\"noreferrer noopener\">Revista da Escola de Biblioteconomia da UFMG<\/a><\/p>\n\n\n\n<p><a href=\"http:\/\/www.scielo.br\/scielo.php?script=sci_issues&amp;pid=0103-3786&amp;lng=en&amp;nrm=iso\" target=\"_blank\" rel=\"noreferrer noopener\">Transinforma\u00e7\u00e3o<\/a><\/p>\n\n\n\n<p><\/p>\n\n\n\n<p><strong>CI\u00caNCIAS CONT\u00c1BEIS<\/strong><\/p>\n\n\n\n<p><a href=\"http:\/\/revistas.face.ufmg.br\/index.php\/contabilidadevistaerevista\/issue\/archive\" target=\"_blank\" rel=\"noreferrer noopener\">Contabilidade: vista &amp; revista<\/a><\/p>\n\n\n\n<p><a href=\"http:\/\/www.atena.org.br\/revista\/ojs-2.2.3-06\/index.php\/pensarcontabil\/index\" target=\"_blank\" rel=\"noreferrer noopener\">Pensar Cont\u00e1bil<\/a><\/p>\n\n\n\n<p><a href=\"http:\/\/rbc.cfc.org.br\/index.php\/rbc\" target=\"_blank\" rel=\"noreferrer noopener\">Revista Brasileira de Contabilidade &#8211; RBC<\/a><\/p>\n\n\n\n<p><a href=\"http:\/\/www.scielo.br\/scielo.php?script=sci_serial&amp;pid=1519-7077&amp;lng=en&amp;nrm=iso\" target=\"_blank\" rel=\"noreferrer noopener\">Revista Contabilidade &amp; Finan\u00e7as<\/a><\/p>\n\n\n\n<p><\/p>\n\n\n\n<p><strong>ECONOMIA<\/strong><\/p>\n\n\n\n<p><a href=\"http:\/\/seer.ufrgs.br\/AnaliseEconomica\" target=\"_blank\" rel=\"noreferrer noopener\">An\u00e1lise Econ\u00f4mica<\/a><\/p>\n\n\n\n<p><a href=\"https:\/\/web.bndes.gov.br\/bib\/jspui\/handle\/1408\/821\/browse?type=title&amp;submit_browse=T%C3%ADtulo\" target=\"_blank\" rel=\"noreferrer noopener\">BNDES Setorial<\/a><\/p>\n\n\n\n<p><a href=\"https:\/\/www.bcb.gov.br\/?BOLETIMHIST\" target=\"_blank\" rel=\"noreferrer noopener\">Boletim do Banco Central<\/a><\/p>\n\n\n\n<p><a href=\"http:\/\/www.centrocelsofurtado.org.br\/interna.php?ID_S=96\" target=\"_blank\" rel=\"noreferrer noopener\">Cadernos do Desenvolvimento<\/a>&nbsp;<\/p>\n\n\n\n<p><a href=\"https:\/\/www.revistas.usp.br\/ecoa\/index\" target=\"_blank\" rel=\"noreferrer noopener\">Economia Aplicada<\/a><\/p>\n\n\n\n<p><a href=\"https:\/\/periodicos.ufsm.br\/eed\" target=\"_blank\" rel=\"noreferrer noopener\">Economia e Desenvolvimento<\/a><\/p>\n\n\n\n<p><a href=\"https:\/\/www.revistas.usp.br\/ee\/index\" target=\"_blank\" rel=\"noreferrer noopener\">Estudos Econ\u00f4micos<\/a><\/p>\n\n\n\n<p><a href=\"http:\/\/revistas.face.ufmg.br\/index.php\/novaeconomia\/index\" target=\"_blank\" rel=\"noreferrer noopener\">Nova Economia<\/a><\/p>\n\n\n\n<p><a href=\"http:\/\/revistas.face.ufmg.br\/index.php\/novaeconomia\/index\" target=\"_blank\" rel=\"noreferrer noopener\">Nova Econ\u00f4mica: Revista do Departamento de Ci\u00eancia Econ\u00f4micas da UFMG<\/a><\/p>\n\n\n\n<p><a href=\"http:\/\/ppe.ipea.gov.br\/index.php\/ppe\/index\" target=\"_blank\" rel=\"noreferrer noopener\">Pesquisa e Planejamento Econ\u00f4mico &#8211; PPE<\/a><\/p>\n\n\n\n<p><a href=\"http:\/\/www.anpec.org.br\/revista\/volume1.htm\" target=\"_blank\" rel=\"noreferrer noopener\">Revista da ANPEC<\/a><\/p>\n\n\n\n<p><a href=\"https:\/\/www.bnb.gov.br\/projwebren\/Exec\/rce.aspx\" target=\"_blank\" rel=\"noreferrer noopener\">Revista BNB Conjuntura Econ\u00f4mica<\/a><\/p>\n\n\n\n<p><a href=\"https:\/\/periodicos.ufpb.br\/index.php\/economia\" target=\"_blank\" rel=\"noreferrer noopener\">Revista Economia e Desenvolvimento<\/a><\/p>\n\n\n\n<p><a href=\"http:\/\/www.economiaetecnologia.ufpr.br\/revista.html\" target=\"_blank\" rel=\"noreferrer noopener\">Revista Economia &amp; Tecnologia<\/a><\/p>\n\n\n\n<p><a href=\"http:\/\/www.revistaeconomica.uff.br\/index.php\/revistaeconomica\/issue\/archive\" target=\"_blank\" rel=\"noreferrer noopener\">Revista Econ\u00f4mica<\/a><\/p>\n\n\n\n<p><a href=\"http:\/\/www.scielo.br\/scielo.php?script=sci_issues&amp;pid=1415-9848&amp;lng=pt&amp;nrm=iso\" target=\"_blank\" rel=\"noreferrer noopener\">Revista de Economia Contempor\u00e2nea<\/a><\/p>\n\n\n\n<p><a href=\"http:\/\/www.faap.br\/faculdades\/economia\/revista.asp\" target=\"_blank\" rel=\"noreferrer noopener\">Revista de Economia e Rela\u00e7\u00f5es Internacionais<\/a><\/p>\n\n\n\n<p><a href=\"http:\/\/www.rep.org.br\/all_issue.asp\" target=\"_blank\" rel=\"noreferrer noopener\">Revista de Economia Pol\u00edtica<\/a><\/p>\n\n\n\n<p><a href=\"http:\/\/revistas.ufpr.br\/economia\/issue\/archive\" target=\"_blank\" rel=\"noreferrer noopener\">Revista de Economia UFPR&nbsp;<\/a><\/p>\n\n\n\n<p><a href=\"https:\/\/ren.emnuvens.com.br\/ren\/index\" target=\"_blank\" rel=\"noreferrer noopener\">Revista Econ\u00f4mica do Nordeste<\/a><\/p>\n\n\n\n<p><a href=\"http:\/\/www.revistasep.org.br\/index.php\/SEP\/index\" target=\"_blank\" rel=\"noreferrer noopener\">Revista da Sociedade Brasileira de Economia Pol\u00edtica<\/a><\/p>\n\n\n\n<p><a href=\"http:\/\/www.bcb.gov.br\/pt-br\/#!\/c\/FOCUSPERG\/\" target=\"_blank\" rel=\"noreferrer noopener\">S\u00e9rie Perguntas mais Frequentes<\/a><\/p>\n","protected":false},"excerpt":{"rendered":"<p>Para facilitar e divulgar os per\u00edodicos eletr\u00f4nicos da UFPB, listamos abaixo, os principais peri\u00f3dicos nas [&hellip;]<\/p>\n","protected":false},"author":63,"featured_media":0,"parent":0,"menu_order":0,"comment_status":"closed","ping_status":"closed","template":"","meta":{"footnotes":""},"class_list":["post-118","page","type-page","status-publish","hentry"],"_links":{"self":[{"href":"https:\/\/www.ccsa.ufpb.br\/bsccsa\/wp-json\/wp\/v2\/pages\/118","targetHints":{"allow":["GET"]}}],"collection":[{"href":"https:\/\/www.ccsa.ufpb.br\/bsccsa\/wp-json\/wp\/v2\/pages"}],"about":[{"href":"https:\/\/www.ccsa.ufpb.br\/bsccsa\/wp-json\/wp\/v2\/types\/page"}],"author":[{"embeddable":true,"href":"https:\/\/www.ccsa.ufpb.br\/bsccsa\/wp-json\/wp\/v2\/users\/63"}],"replies":[{"embeddable":true,"href":"https:\/\/www.ccsa.ufpb.br\/bsccsa\/wp-json\/wp\/v2\/comments?post=118"}],"version-history":[{"count":11,"href":"https:\/\/www.ccsa.ufpb.br\/bsccsa\/wp-json\/wp\/v2\/pages\/118\/revisions"}],"predecessor-version":[{"id":463,"href":"https:\/\/www.ccsa.ufpb.br\/bsccsa\/wp-json\/wp\/v2\/pages\/118\/revisions\/463"}],"wp:attachment":[{"href":"https:\/\/www.ccsa.ufpb.br\/bsccsa\/wp-json\/wp\/v2\/media?parent=118"}],"curies":[{"name":"wp","href":"https:\/\/api.w.org\/{rel}","templated":true}]}}