{"id":121,"date":"2025-02-05T10:47:40","date_gmt":"2025-02-05T10:47:40","guid":{"rendered":"https:\/\/www.ccsa.ufpb.br\/bsccsa2\/?page_id=121"},"modified":"2025-11-17T12:53:11","modified_gmt":"2025-11-17T12:53:11","slug":"trabalhos-de-conclusao-de-curso-ccsa","status":"publish","type":"page","link":"https:\/\/www.ccsa.ufpb.br\/bsccsa\/trabalhos-de-conclusao-de-curso-ccsa\/","title":{"rendered":"Trabalhos de Conclus\u00e3o de Curso\/CCSA"},"content":{"rendered":"\n<p>A Biblioteca Setorial Berilo Borba (BSBB) disponibiliza os Trabalhos de Conclus\u00e3o de Curso (TCC) dos cursos de gradua\u00e7\u00e3o e especializa\u00e7\u00e3o do Centro de Ci\u00eancias Sociais Aplicadas (CCSA\/UFPB), em conformidade com a Resolu\u00e7\u00e3o n\u00ba 06\/2018, Art. 11 (que regulamenta a Pol\u00edtica de Internacionaliza\u00e7\u00e3o da UFPB), e com o Instrumento de Avalia\u00e7\u00e3o de Cursos de Gradua\u00e7\u00e3o Presencial e a Dist\u00e2ncia \u2013 reconhecimento e renova\u00e7\u00e3o de reconhecimento, do Sistema Nacional de Avalia\u00e7\u00e3o da Educa\u00e7\u00e3o Superior (SINAES).<\/p>\n\n\n\n<p>\ud83d\udcc4 <a href=\"https:\/\/drive.google.com\/file\/d\/1TlrPH_1i7KDzOyWWH5JQ7fewJx-5jiQW\/view?usp=sharing\">Acesse aqui a <strong>Resolu\u00e7\u00e3o n\u00ba 06\/2018<\/strong>.<\/a><br>\ud83d\udcd8 <a href=\"https:\/\/drive.google.com\/file\/d\/108jFLNh4UOLpA1BcAnmIGP5xya2pI9Pw\/view?usp=sharing\">Acesse aqui o <strong>Instrumento de Avalia\u00e7\u00e3o de Cursos de Gradua\u00e7\u00e3o<\/strong>.<\/a><\/p>\n\n\n\n<h2 class=\"wp-block-heading\"><div class=\"linha-header\">Cole\u00e7\u00f5es dos TCCs dos Cursos de Gradua\u00e7\u00e3o e Especializa\u00e7\u00e3o do CCSA<\/div><\/h2>\n\n\n\n<p><a href=\"https:\/\/repositorio.ufpb.br\/jspui\/handle\/123456789\/11097\">Administra\u00e7\u00e3o<\/a><\/p>\n\n\n\n<p><a href=\"https:\/\/repositorio.ufpb.br\/jspui\/handle\/123456789\/21756\">Administra\u00e7\u00e3o P\u00fablica (EAD)<\/a><\/p>\n\n\n\n<p><a href=\"https:\/\/repositorio.ufpb.br\/jspui\/handle\/123456789\/11115\">Arquivologia<\/a><\/p>\n\n\n\n<p><a href=\"https:\/\/repositorio.ufpb.br\/jspui\/handle\/123456789\/11116\">Biblioteconomia<\/a><\/p>\n\n\n\n<p><a href=\"https:\/\/repositorio.ufpb.br\/jspui\/handle\/123456789\/11120\">Ci\u00eancias Atuariais<\/a><\/p>\n\n\n\n<p><a href=\"https:\/\/repositorio.ufpb.br\/jspui\/handle\/123456789\/11121\">Ci\u00eancias Cont\u00e1beis<\/a><\/p>\n\n\n\n<p><strong><a href=\"https:\/\/repositorio.ufpb.br\/jspui\/handle\/123456789\/36517\">Ci\u00eancias de Dados para Neg\u00f3cios<\/a><\/strong><\/p>\n\n\n\n<p><a href=\"https:\/\/repositorio.ufpb.br\/jspui\/handle\/123456789\/11118\">Ci\u00eancias Econ\u00f4micas<\/a><\/p>\n\n\n\n<p><a href=\"https:\/\/repositorio.ufpb.br\/jspui\/handle\/123456789\/23266\">Gest\u00e3o P\u00fablica (Bacharelado)<\/a><\/p>\n\n\n\n<p><a href=\"https:\/\/repositorio.ufpb.br\/jspui\/handle\/123456789\/11123\">Gest\u00e3o P\u00fablica (Tecn\u00f3logo)<\/a><\/p>\n\n\n\n<p><a href=\"https:\/\/repositorio.ufpb.br\/jspui\/handle\/123456789\/1099\">Rela\u00e7\u00f5es Internacionais<\/a><\/p>\n\n\n\n<p><a href=\"https:\/\/repositorio.ufpb.br\/jspui\/handle\/123456789\/29286\">Especializa\u00e7\u00e3o em Gest\u00e3o P\u00fablica Municipal (EAD)<\/a><\/p>\n\n\n\n<hr class=\"wp-block-separator has-alpha-channel-opacity\" \/>\n\n\n\n<h2 class=\"wp-block-heading\"><div class=\"linha-header\">TCCs a partir de 2012<\/div><\/h2>\n\n\n\n<p>Desde 2012, os TCCs passaram a ser recebidos <strong>exclusivamente em formato digital (PDF)<\/strong>, enviados em <strong>CD-ROM<\/strong> e acompanhados do <strong>termo de autoriza\u00e7\u00e3o para publica\u00e7\u00e3o<\/strong>.<\/p>\n\n\n\n<p>Esses trabalhos est\u00e3o sendo <strong>gradualmente inseridos no Reposit\u00f3rio Institucional da UFPB (REI\/UFPB)<\/strong>, onde podem ser consultados na \u00edntegra.<br>Alguns TCCs entregues digitalmente em 2011 tamb\u00e9m est\u00e3o dispon\u00edveis no reposit\u00f3rio.<\/p>\n\n\n\n<p><a href=\"https:\/\/repositorio.ufpb.br\/jspui\/\">\ud83d\udd17 Acesse o Reposit\u00f3rio Institucional da UFPB (REI\/UFPB).<\/a><\/p>\n\n\n\n<hr class=\"wp-block-separator has-alpha-channel-opacity\" \/>\n\n\n\n<h2 class=\"wp-block-heading\"><div class=\"linha-header\">TCCs anteriores a 2012<\/div><\/h2>\n\n\n\n<p>Os TCCs entregues <strong>at\u00e9 2011<\/strong> est\u00e3o dispon\u00edveis <strong>apenas em formato impresso<\/strong> e podem ser consultados presencialmente na BSBB.<\/p>\n\n\n\n<p>Para localizar um trabalho, utilize o <strong>Cat\u00e1logo Online<\/strong> dispon\u00edvel no <strong>SIGAA<\/strong> e solicite a consulta no balc\u00e3o de atendimento.<br>Esses trabalhos <strong>n\u00e3o est\u00e3o dispon\u00edveis para empr\u00e9stimo<\/strong>.<\/p>\n\n\n\n<hr class=\"wp-block-separator has-alpha-channel-opacity\" \/>\n\n\n\n<h2 class=\"wp-block-heading\"><div class=\"linha-header\">Publica\u00e7\u00e3o e consulta no reposit\u00f3rio<\/div><\/h2>\n\n\n\n<p>Somente os TCCs acompanhados do <strong>termo de autoriza\u00e7\u00e3o de publica\u00e7\u00e3o<\/strong> s\u00e3o disponibilizados no <strong>REI\/UFPB<\/strong>.<\/p>\n\n\n\n<p>Se voc\u00ea \u00e9 <strong>egresso do CCSA<\/strong> e n\u00e3o encontrou seu trabalho digital no reposit\u00f3rio, pode solicitar sua publica\u00e7\u00e3o enviando um e-mail para:<br>\ud83d\udce7 <strong><a>biblioteca@ccsa.ufpb.br<\/a><\/strong><\/p>\n\n\n\n<hr class=\"wp-block-separator has-alpha-channel-opacity\" \/>\n\n\n\n<h2 class=\"wp-block-heading\"><div class=\"linha-header\">Formas de acesso<\/div><\/h2>\n\n\n\n<ul class=\"wp-block-list\">\n<li><strong>TCCs impressos:<\/strong> consulta local na BSBB, mediante solicita\u00e7\u00e3o no balc\u00e3o de atendimento.<\/li>\n\n\n\n<li><strong>TCCs digitais:<\/strong> acesso online no <a href=\"https:\/\/repositorio.ufpb.br\/jspui\/\">Reposit\u00f3rio Institucional da UFPB (REI\/UFPB)<\/a>.<\/li>\n<\/ul>\n\n\n\n<p><\/p>\n\n\n\n<p><\/p>\n\n\n\n<p><\/p>\n\n\n\n<p><\/p>\n","protected":false},"excerpt":{"rendered":"<p>A Biblioteca Setorial Berilo Borba (BSBB) disponibiliza os Trabalhos de Conclus\u00e3o de Curso (TCC) dos [&hellip;]<\/p>\n","protected":false},"author":63,"featured_media":0,"parent":0,"menu_order":0,"comment_status":"closed","ping_status":"closed","template":"","meta":{"footnotes":""},"class_list":["post-121","page","type-page","status-publish","hentry"],"_links":{"self":[{"href":"https:\/\/www.ccsa.ufpb.br\/bsccsa\/wp-json\/wp\/v2\/pages\/121","targetHints":{"allow":["GET"]}}],"collection":[{"href":"https:\/\/www.ccsa.ufpb.br\/bsccsa\/wp-json\/wp\/v2\/pages"}],"about":[{"href":"https:\/\/www.ccsa.ufpb.br\/bsccsa\/wp-json\/wp\/v2\/types\/page"}],"author":[{"embeddable":true,"href":"https:\/\/www.ccsa.ufpb.br\/bsccsa\/wp-json\/wp\/v2\/users\/63"}],"replies":[{"embeddable":true,"href":"https:\/\/www.ccsa.ufpb.br\/bsccsa\/wp-json\/wp\/v2\/comments?post=121"}],"version-history":[{"count":22,"href":"https:\/\/www.ccsa.ufpb.br\/bsccsa\/wp-json\/wp\/v2\/pages\/121\/revisions"}],"predecessor-version":[{"id":998,"href":"https:\/\/www.ccsa.ufpb.br\/bsccsa\/wp-json\/wp\/v2\/pages\/121\/revisions\/998"}],"wp:attachment":[{"href":"https:\/\/www.ccsa.ufpb.br\/bsccsa\/wp-json\/wp\/v2\/media?parent=121"}],"curies":[{"name":"wp","href":"https:\/\/api.w.org\/{rel}","templated":true}]}}