{"id":143,"date":"2025-02-05T11:07:21","date_gmt":"2025-02-05T11:07:21","guid":{"rendered":"https:\/\/www.ccsa.ufpb.br\/bsccsa2\/?page_id=143"},"modified":"2025-10-31T21:03:19","modified_gmt":"2025-10-31T21:03:19","slug":"doacoes-de-materiais","status":"publish","type":"page","link":"https:\/\/www.ccsa.ufpb.br\/bsccsa\/doacoes-de-materiais\/","title":{"rendered":"Doa\u00e7\u00e3o de Livros"},"content":{"rendered":"\n<p><strong>Doa\u00e7\u00e3o<\/strong> <strong>de livros<\/strong><\/p>\n\n\n\n<p>A Biblioteca Setorial do CCSA recebe doa\u00e7\u00f5es de livros, contribuindo para a amplia\u00e7\u00e3o e atualiza\u00e7\u00e3o de seu acervo. No entanto, \u00e9 importante que o doador esteja ciente de que o material doado passar\u00e1 por um processo de sele\u00e7\u00e3o, baseado nos seguintes crit\u00e9rios:<\/p>\n\n\n\n<ul class=\"wp-block-list\">\n<li>Relev\u00e2ncia e adequa\u00e7\u00e3o ao acervo da biblioteca;<\/li>\n\n\n\n<li>Disponibilidade de espa\u00e7o f\u00edsico para acomoda\u00e7\u00e3o;<\/li>\n\n\n\n<li>Atualiza\u00e7\u00e3o e pertin\u00eancia do conte\u00fado;<\/li>\n\n\n\n<li>Quantidade de exemplares j\u00e1 dispon\u00edveis;<\/li>\n\n\n\n<li>Estado de conserva\u00e7\u00e3o do material.<\/li>\n<\/ul>\n\n\n\n<p>Caso o material doado n\u00e3o seja incorporado ao acervo da Biblioteca Setorial do CCSA, ele ser\u00e1 oferecido \u00e0s demais bibliotecas que comp\u00f5em o Sistema de Bibliotecas da UFPB. Se n\u00e3o houver interesse por parte dessas unidades, os exemplares ser\u00e3o disponibilizados \u00e0 comunidade acad\u00eamica por meio do <strong>Projeto Pegue e Leve<\/strong>, iniciativa da Biblioteca Setorial que busca incentivar a circula\u00e7\u00e3o do conhecimento.<\/p>\n\n\n\n<p>Para realizar a doa\u00e7\u00e3o, \u00e9 necess\u00e1rio preencher e assinar o <strong><a href=\"https:\/\/docs.google.com\/document\/d\/1DEA5ufuE_i2dXuHG6yvcEQUYeATaGxqPAEopPhyH8xw\/edit?usp=sharing\" data-type=\"link\" data-id=\"https:\/\/docs.google.com\/document\/d\/1DEA5ufuE_i2dXuHG6yvcEQUYeATaGxqPAEopPhyH8xw\/edit?usp=sharing\">Termo de Doa\u00e7\u00e3o<\/a><\/strong>, que deve ser entregue junto com o material.<\/p>\n\n\n\n<p>Agradecemos sua iniciativa em contribuir para o fortalecimento do acesso \u00e0 informa\u00e7\u00e3o e ao conhecimento.<\/p>\n\n\n\n<p><\/p>\n\n\n\n<p><strong>Permuta de Livros<\/strong><\/p>\n\n\n\n<p>A Biblioteca Setorial do CCSA realiza tamb\u00e9m permutas de livros com outras institui\u00e7\u00f5es, com o objetivo de diversificar e enriquecer seu acervo, promovendo a circula\u00e7\u00e3o do conhecimento.<\/p>\n\n\n\n<p>As solicita\u00e7\u00f5es de permuta s\u00e3o avaliadas com base nos seguintes crit\u00e9rios:<\/p>\n\n\n\n<ul class=\"wp-block-list\">\n<li>Relev\u00e2ncia e adequa\u00e7\u00e3o ao acervo da biblioteca;<\/li>\n\n\n\n<li>Atualiza\u00e7\u00e3o e pertin\u00eancia do conte\u00fado;<\/li>\n\n\n\n<li>Quantidade de exemplares j\u00e1 dispon\u00edveis;<\/li>\n\n\n\n<li>Estado de conserva\u00e7\u00e3o do material.<\/li>\n<\/ul>\n\n\n\n<p>Institui\u00e7\u00f5es interessadas em realizar permutas devem entrar em contato com a biblioteca para verificar a disponibilidade de t\u00edtulos e formalizar o processo. Abaixo segue lista de livros da Editora da UFPB para permuta<\/p>\n\n\n\n<p><strong><a href=\"https:\/\/docs.google.com\/spreadsheets\/d\/1NkfZgC5rW-Tdle60qolmcYyLKFuCRuhDaJLUTYR1uJk\/edit?usp=sharing\" target=\"_blank\" rel=\"noreferrer noopener\">Lista de livros da Editora da UFPB para permuta<\/a><\/strong><\/p>\n\n\n\n<p>Para mais informa\u00e7\u00f5es, entre em contato conosco<\/p>\n\n\n\n<p>E-mail: biblioteca@ccsa.ufpb.br<\/p>\n\n\n\n<p>WhatsApp (83) 99804-1536<\/p>\n\n\n\n<p><\/p>\n\n\n\n<p><\/p>\n","protected":false},"excerpt":{"rendered":"<p>Doa\u00e7\u00e3o de livros A Biblioteca Setorial do CCSA recebe doa\u00e7\u00f5es de livros, contribuindo para a [&hellip;]<\/p>\n","protected":false},"author":63,"featured_media":0,"parent":0,"menu_order":0,"comment_status":"closed","ping_status":"closed","template":"","meta":{"footnotes":""},"class_list":["post-143","page","type-page","status-publish","hentry"],"_links":{"self":[{"href":"https:\/\/www.ccsa.ufpb.br\/bsccsa\/wp-json\/wp\/v2\/pages\/143","targetHints":{"allow":["GET"]}}],"collection":[{"href":"https:\/\/www.ccsa.ufpb.br\/bsccsa\/wp-json\/wp\/v2\/pages"}],"about":[{"href":"https:\/\/www.ccsa.ufpb.br\/bsccsa\/wp-json\/wp\/v2\/types\/page"}],"author":[{"embeddable":true,"href":"https:\/\/www.ccsa.ufpb.br\/bsccsa\/wp-json\/wp\/v2\/users\/63"}],"replies":[{"embeddable":true,"href":"https:\/\/www.ccsa.ufpb.br\/bsccsa\/wp-json\/wp\/v2\/comments?post=143"}],"version-history":[{"count":6,"href":"https:\/\/www.ccsa.ufpb.br\/bsccsa\/wp-json\/wp\/v2\/pages\/143\/revisions"}],"predecessor-version":[{"id":916,"href":"https:\/\/www.ccsa.ufpb.br\/bsccsa\/wp-json\/wp\/v2\/pages\/143\/revisions\/916"}],"wp:attachment":[{"href":"https:\/\/www.ccsa.ufpb.br\/bsccsa\/wp-json\/wp\/v2\/media?parent=143"}],"curies":[{"name":"wp","href":"https:\/\/api.w.org\/{rel}","templated":true}]}}