{"id":148,"date":"2025-02-05T11:10:19","date_gmt":"2025-02-05T11:10:19","guid":{"rendered":"https:\/\/www.ccsa.ufpb.br\/bsccsa2\/?page_id=148"},"modified":"2026-04-07T17:08:01","modified_gmt":"2026-04-07T17:08:01","slug":"fonte-de-informacoes","status":"publish","type":"page","link":"https:\/\/www.ccsa.ufpb.br\/bsccsa\/fonte-de-informacoes\/","title":{"rendered":"Dep\u00f3sito do TCC"},"content":{"rendered":"\n<p>A vers\u00e3o final do TCC juntamente com o <a href=\"https:\/\/drive.google.com\/file\/d\/1nfDFp59W5iE18FWj7wUYVfqlA4wZJjJj\/view\">Termo de Autoriza\u00e7\u00e3o para Publica\u00e7\u00e3o\/ Divulga\u00e7\u00e3o de Documento Eletr\u00f4nico<\/a>,&nbsp;dever\u00e1 sem entregue \u00e0 coordena\u00e7\u00e3o de curso, para que esta encaminhe para a Biblioteca Setorial.&nbsp;<\/p>\n\n\n\n<p>&nbsp;\u00c9 essencial o envio do TCC para a biblioteca, em atendimento&nbsp; \u00e0s orienta\u00e7\u00f5es do Instrumento de&nbsp;<a href=\"http:\/\/plone.ufpb.br\/bsccsa\/contents\/documentos\/instrumento-de-avaliacao-de-cursos-de-graduacao-presencial-e-a-distancia.pdf\" target=\"_blank\" rel=\"noreferrer noopener\">Avalia\u00e7\u00e3o de Cursos de Gradua\u00e7\u00e3o Presencial e \u00e0 Dist\u00e2ncia &#8211; Reconhecimento &#8211; Renova\u00e7\u00e3o de Reconhecimento<\/a>&nbsp;(Indicador 1.11)&nbsp;e tamb\u00e9m de acordo com&nbsp; \u00e0&nbsp;&nbsp;<a href=\"http:\/\/plone.ufpb.br\/bsccsa\/contents\/documentos\/resolucao-no-062018_consuni_ufpb.pdf\" target=\"_blank\" rel=\"noreferrer noopener\">RESOLU\u00c7\u00c3O N\u00ba 06\/2018<\/a>&nbsp; do Conselho Universit\u00e1rio (CONSUNI) da UFPB (Art. 11).<\/p>\n\n\n\n<p>A vers\u00e3o final do TCC deve conter:<\/p>\n\n\n\n<ul class=\"wp-block-list\">\n<li>Elementos pr\u00e9-textuais de acordo com o padr\u00e3o estabelecido pela Biblioteca Setorial do CCSA;<\/li>\n\n\n\n<li>Fica catalogr\u00e1fica devidamente atendida pela Biblioteca Setorial do CCSA;<\/li>\n\n\n\n<li>Folha de aprova\u00e7\u00e3o com as devidas assinaturas da banca avaliadora do TCC.<\/li>\n<\/ul>\n\n\n\n<p>O&nbsp;Termo de Autoriza\u00e7\u00e3o para Publica\u00e7\u00e3o\/ Divulga\u00e7\u00e3o de Documento Eletr\u00f4nico precisa estar devidamente assinado pelo aluno e pelo professor orientador,&nbsp;para que o TCC seja disponibilizado no Reposit\u00f3rio Institucional da UFPB. <\/p>\n\n\n\n<p>Orientamos, com o intuito de garantir a autenticidade e validade jur\u00eddica do documento eletr\u00f4nico, o uso de Assinatura Digital ou Eletr\u00f4nica, tanto na folha de aprova\u00e7\u00e3o e demais assinaturas constantes nos TCCs, como no Termo de Autoriza\u00e7\u00e3o, que podem ser realizadas atrav\u00e9s do <a href=\"https:\/\/www.gov.br\/governodigital\/pt-br\/identidade\/assinatura-eletronica\">S<\/a><a href=\"https:\/\/sipac.ufpb.br\/public\/jsp\/portal.jsf\">IPAC\/UFPB<\/a> ou mesmo pelo <a href=\"https:\/\/www.gov.br\/governodigital\/pt-br\/identidade\/assinatura-eletronica\">Gov.Br<\/a>.<\/p>\n\n\n\n<p>Para ter acesso ao Termo de Autoriza\u00e7\u00e3o <a href=\"https:\/\/drive.google.com\/file\/d\/1nfDFp59W5iE18FWj7wUYVfqlA4wZJjJj\/view?usp=sharing\" target=\"_blank\" rel=\"noreferrer noopener\">clique aqui.<\/a><\/p>\n\n\n\n<p><\/p>\n","protected":false},"excerpt":{"rendered":"<p>A vers\u00e3o final do TCC juntamente com o Termo de Autoriza\u00e7\u00e3o para Publica\u00e7\u00e3o\/ Divulga\u00e7\u00e3o de [&hellip;]<\/p>\n","protected":false},"author":63,"featured_media":0,"parent":0,"menu_order":0,"comment_status":"closed","ping_status":"closed","template":"","meta":{"footnotes":""},"class_list":["post-148","page","type-page","status-publish","hentry"],"_links":{"self":[{"href":"https:\/\/www.ccsa.ufpb.br\/bsccsa\/wp-json\/wp\/v2\/pages\/148","targetHints":{"allow":["GET"]}}],"collection":[{"href":"https:\/\/www.ccsa.ufpb.br\/bsccsa\/wp-json\/wp\/v2\/pages"}],"about":[{"href":"https:\/\/www.ccsa.ufpb.br\/bsccsa\/wp-json\/wp\/v2\/types\/page"}],"author":[{"embeddable":true,"href":"https:\/\/www.ccsa.ufpb.br\/bsccsa\/wp-json\/wp\/v2\/users\/63"}],"replies":[{"embeddable":true,"href":"https:\/\/www.ccsa.ufpb.br\/bsccsa\/wp-json\/wp\/v2\/comments?post=148"}],"version-history":[{"count":6,"href":"https:\/\/www.ccsa.ufpb.br\/bsccsa\/wp-json\/wp\/v2\/pages\/148\/revisions"}],"predecessor-version":[{"id":1038,"href":"https:\/\/www.ccsa.ufpb.br\/bsccsa\/wp-json\/wp\/v2\/pages\/148\/revisions\/1038"}],"wp:attachment":[{"href":"https:\/\/www.ccsa.ufpb.br\/bsccsa\/wp-json\/wp\/v2\/media?parent=148"}],"curies":[{"name":"wp","href":"https:\/\/api.w.org\/{rel}","templated":true}]}}