{"id":153,"date":"2025-02-05T11:13:32","date_gmt":"2025-02-05T11:13:32","guid":{"rendered":"https:\/\/www.ccsa.ufpb.br\/bsccsa2\/?page_id=153"},"modified":"2025-09-26T23:31:47","modified_gmt":"2025-09-26T23:31:47","slug":"novas-aquisicoes","status":"publish","type":"page","link":"https:\/\/www.ccsa.ufpb.br\/bsccsa\/novas-aquisicoes\/","title":{"rendered":"Novas Aquisi\u00e7\u00f5es"},"content":{"rendered":"\n<p>Listagem anual dos livros aquiridos atrav\u00e9s de doa\u00e7\u00e3o e incorparados no acervo da Biblioteca.<\/p>\n\n\n\n<p><a href=\"https:\/\/drive.google.com\/file\/d\/1Bgr5l1Ab_xHoBm5uFx8EombMiONc_EWa\/view?usp=sharing\">Doa\u00e7\u00f5es 2024<\/a><\/p>\n\n\n\n<p><a href=\"https:\/\/drive.google.com\/file\/d\/1OK8Mng7wu9goQeZTubfLDEavZRLjwVOb\/view?usp=sharing\">Doa\u00e7\u00f5es 2023<\/a><\/p>\n\n\n\n<p><a href=\"https:\/\/www.ccsa.ufpb.br\/bsccsa\/wp-content\/uploads\/sites\/179\/sites\/248\/2025\/02\/doacoes-de-livros-2022-total-560-titulos-e-612-materiais.pdf\">Doa\u00e7\u00f5es 2022<\/a><\/p>\n\n\n\n<p><a href=\"https:\/\/www.ccsa.ufpb.br\/bsccsa\/wp-content\/uploads\/sites\/179\/sites\/248\/2025\/02\/doacoes-de-livros-2021-total-10-titulos-e-30-materiais.pdf\">Doa\u00e7\u00f5es 2021<\/a><\/p>\n\n\n\n<p><a href=\"https:\/\/www.ccsa.ufpb.br\/bsccsa\/wp-content\/uploads\/sites\/179\/sites\/248\/2025\/02\/doacoes-de-livros-2021-total-10-titulos-e-30-materiais.pdf\">Doa\u00e7\u00f5es 2020<\/a><\/p>\n\n\n\n<div class=\"wp-block-columns is-layout-flex wp-container-core-columns-is-layout-9d6595d7 wp-block-columns-is-layout-flex\">\n<div class=\"wp-block-column is-layout-flow wp-block-column-is-layout-flow\"><\/div>\n\n\n\n<div class=\"wp-block-column is-layout-flow wp-block-column-is-layout-flow\"><\/div>\n<\/div>\n\n\n\n<p><\/p>\n","protected":false},"excerpt":{"rendered":"<p>Listagem anual dos livros aquiridos atrav\u00e9s de doa\u00e7\u00e3o e incorparados no acervo da Biblioteca. Doa\u00e7\u00f5es [&hellip;]<\/p>\n","protected":false},"author":63,"featured_media":0,"parent":0,"menu_order":0,"comment_status":"closed","ping_status":"closed","template":"","meta":{"footnotes":""},"class_list":["post-153","page","type-page","status-publish","hentry"],"_links":{"self":[{"href":"https:\/\/www.ccsa.ufpb.br\/bsccsa\/wp-json\/wp\/v2\/pages\/153","targetHints":{"allow":["GET"]}}],"collection":[{"href":"https:\/\/www.ccsa.ufpb.br\/bsccsa\/wp-json\/wp\/v2\/pages"}],"about":[{"href":"https:\/\/www.ccsa.ufpb.br\/bsccsa\/wp-json\/wp\/v2\/types\/page"}],"author":[{"embeddable":true,"href":"https:\/\/www.ccsa.ufpb.br\/bsccsa\/wp-json\/wp\/v2\/users\/63"}],"replies":[{"embeddable":true,"href":"https:\/\/www.ccsa.ufpb.br\/bsccsa\/wp-json\/wp\/v2\/comments?post=153"}],"version-history":[{"count":7,"href":"https:\/\/www.ccsa.ufpb.br\/bsccsa\/wp-json\/wp\/v2\/pages\/153\/revisions"}],"predecessor-version":[{"id":766,"href":"https:\/\/www.ccsa.ufpb.br\/bsccsa\/wp-json\/wp\/v2\/pages\/153\/revisions\/766"}],"wp:attachment":[{"href":"https:\/\/www.ccsa.ufpb.br\/bsccsa\/wp-json\/wp\/v2\/media?parent=153"}],"curies":[{"name":"wp","href":"https:\/\/api.w.org\/{rel}","templated":true}]}}