{"id":166,"date":"2025-02-05T11:19:12","date_gmt":"2025-02-05T11:19:12","guid":{"rendered":"https:\/\/www.ccsa.ufpb.br\/bsccsa2\/?page_id=166"},"modified":"2025-08-31T16:01:58","modified_gmt":"2025-08-31T16:01:58","slug":"acesso-wireless-rede-sem-fio","status":"publish","type":"page","link":"https:\/\/www.ccsa.ufpb.br\/bsccsa\/acesso-wireless-rede-sem-fio\/","title":{"rendered":"Acesso Wireless (rede sem fio)"},"content":{"rendered":"\n<p>A Biblioteca Setorial do CCSA, oferece ambiente com acesso \u00e0 Internet por meio das redes UFPBSemFios, Eduroam e WI-FI local para a comunidade externa, al\u00e9m de dispor de cabo de internet nas cabines de estudos. Veja como configurar seu dispositivo:<\/p>\n\n\n\n<p><strong>UFPBSemFios<\/strong><\/p>\n\n\n\n<p>Para acesso \u00e0 rede UFPBSemFios, de uso restrito \u00e0 alunos, professores e servidores t\u00e9cnico-administrativos, as orienta\u00e7\u00f5es para configura\u00e7\u00e3o dos dispositivos m\u00f3veis s\u00e3o \u00e0s seguintes:<\/p>\n\n\n\n<div class=\"wp-block-columns is-layout-flex wp-container-core-columns-is-layout-9d6595d7 wp-block-columns-is-layout-flex\">\n<div class=\"wp-block-column is-layout-flow wp-block-column-is-layout-flow\"><\/div>\n\n\n\n<div class=\"wp-block-column is-layout-flow wp-block-column-is-layout-flow\"><\/div>\n\n\n\n<div class=\"wp-block-column is-layout-flow wp-block-column-is-layout-flow\"><\/div>\n<\/div>\n\n\n\n<div class=\"wp-block-columns is-layout-flex wp-container-core-columns-is-layout-9d6595d7 wp-block-columns-is-layout-flex\">\n<div class=\"wp-block-column is-layout-flow wp-block-column-is-layout-flow\">\n<p class=\"has-text-align-center\"><strong>Sistema Operacional<\/strong><\/p>\n<\/div>\n\n\n\n<div class=\"wp-block-column is-layout-flow wp-block-column-is-layout-flow\">\n<p class=\"has-text-align-center\"><strong>Configura\u00e7\u00e3o<\/strong><\/p>\n<\/div>\n\n\n\n<div class=\"wp-block-column is-layout-flow wp-block-column-is-layout-flow\">\n<p class=\"has-text-align-center\"><strong>Tela demonstrativa<\/strong><\/p>\n<\/div>\n<\/div>\n\n\n\n<div class=\"wp-block-columns are-vertically-aligned-top is-layout-flex wp-container-core-columns-is-layout-9d6595d7 wp-block-columns-is-layout-flex\">\n<div class=\"wp-block-column is-vertically-aligned-top is-layout-flow wp-block-column-is-layout-flow\">\n<p class=\"has-text-align-left\"><strong>Android<\/strong><\/p>\n<\/div>\n\n\n\n<div class=\"wp-block-column is-vertically-aligned-top is-layout-flow wp-block-column-is-layout-flow\">\n<p>Procure pela rede <strong>UfpbSemFios<\/strong>.&nbsp;<br><strong>Selecione M\u00e9todo EAP<\/strong>: PEAP.<br><strong>Autentica\u00e7\u00e3o de Fase 2<\/strong>: MSCHAPV2<br><strong>Certificado CA<\/strong>: (n\u00e3o especificado).<br><strong>Identidade<\/strong>: seu usu\u00e1rio do sistema SIGAA \/ SIGRH.<br><strong>Identidade an\u00f4nima<\/strong>: deixe em branco.<br><strong>Senha<\/strong>: senha do sistema SIGAA.<br><strong>Conectar<\/strong>!<\/p>\n<\/div>\n\n\n\n<div class=\"wp-block-column is-vertically-aligned-top is-layout-flow wp-block-column-is-layout-flow\"><div class=\"wp-block-image\">\n<figure class=\"alignright size-full\"><img loading=\"lazy\" decoding=\"async\" width=\"251\" height=\"448\" src=\"http:\/\/www.ccsa.ufpb.br\/bsccsa\/wp-content\/uploads\/sites\/179\/sites\/248\/2025\/02\/ufpbsemfio-android-web-peq.jpg\" alt=\"\" class=\"wp-image-168\" srcset=\"https:\/\/www.ccsa.ufpb.br\/bsccsa\/wp-content\/uploads\/sites\/179\/sites\/248\/2025\/02\/ufpbsemfio-android-web-peq.jpg 251w, https:\/\/www.ccsa.ufpb.br\/bsccsa\/wp-content\/uploads\/sites\/179\/sites\/248\/2025\/02\/ufpbsemfio-android-web-peq-168x300.jpg 168w\" sizes=\"auto, (max-width: 251px) 100vw, 251px\" \/><\/figure>\n<\/div><\/div>\n<\/div>\n\n\n\n<div class=\"wp-block-columns are-vertically-aligned-top is-layout-flex wp-container-core-columns-is-layout-9d6595d7 wp-block-columns-is-layout-flex\">\n<div class=\"wp-block-column is-vertically-aligned-top is-layout-flow wp-block-column-is-layout-flow\">\n<p class=\"has-text-align-left\"><strong>Smartphones Motorola com Android<\/strong><\/p>\n<\/div>\n\n\n\n<div class=\"wp-block-column is-vertically-aligned-top is-layout-flow wp-block-column-is-layout-flow\">\n<p>Procure pela rede<strong>&nbsp;UfpbSemFios<\/strong>.&nbsp;<\/p>\n\n\n\n<p><strong>Selecione M\u00e9todo EAP<\/strong>: PEAP.<\/p>\n\n\n\n<p><strong>Autentica\u00e7\u00e3o de Fase 2<\/strong>: MSCHAPV2<\/p>\n\n\n\n<p><strong>*Certificado CA:<\/strong>&nbsp;Usar Certificados do Sistema.<br><strong><\/strong><\/p>\n\n\n\n<p><strong>*Dom\u00ednio:<\/strong>&nbsp;ufpb.br<\/p>\n\n\n\n<p><strong>Identidade<\/strong>: seu usu\u00e1rio do sistema SIGAA \/ SIGRH.<\/p>\n\n\n\n<p><strong>Identidade an\u00f4nima<\/strong>: deixe em branco.<\/p>\n\n\n\n<p><strong>Senha:<\/strong>&nbsp;senha do sistema SIGAA \/ SIGRH.<br><strong>Conectar<\/strong>!<\/p>\n<\/div>\n\n\n\n<div class=\"wp-block-column is-vertically-aligned-top is-layout-flow wp-block-column-is-layout-flow\">\n<div class=\"wp-block-columns is-layout-flex wp-container-core-columns-is-layout-9d6595d7 wp-block-columns-is-layout-flex\">\n<div class=\"wp-block-column is-layout-flow wp-block-column-is-layout-flow\">\n<figure class=\"wp-block-image size-large\"><img decoding=\"async\" src=\"https:\/\/cchsa.ufpb.br\/cchsa\/contents\/imagens\/WhatsAppImage20230822at12.13.54.jpeg\" alt=\"\" \/><\/figure>\n<\/div>\n<\/div>\n<\/div>\n<\/div>\n\n\n\n<div class=\"wp-block-columns are-vertically-aligned-top is-layout-flex wp-container-core-columns-is-layout-9d6595d7 wp-block-columns-is-layout-flex\">\n<div class=\"wp-block-column is-vertically-aligned-top is-layout-flow wp-block-column-is-layout-flow\">\n<p><strong>Linux<\/strong><\/p>\n<\/div>\n\n\n\n<div class=\"wp-block-column is-vertically-aligned-top is-layout-flow wp-block-column-is-layout-flow\">\n<p><strong>UfpbSemFios.<\/strong><br><strong>Seguran\u00e7a Wi-FI<\/strong>: WPA &amp; WPA2 empresas.<br>Autentica\u00e7\u00e3o: TLS encapsulado.<br><strong>Identidade an\u00f4nima<\/strong>: deixe em branco.<br><strong>Certificado CA<\/strong>: (Nenhum). Marque a op\u00e7\u00e3o \u201cNenhum certificado CA \u00e9 necess\u00e1rio.<br><strong>Autentica\u00e7\u00e3o interna<\/strong>: MSCHAPv2.<br><strong>Nome de usu\u00e1rio<\/strong>: seu usu\u00e1rio do sistema SIGAA \/ SIGRH.<br><strong>Senha<\/strong>: senha do sistema SIGAA \/ SIGRH.<br><strong>Conectar<\/strong>!<\/p>\n<\/div>\n\n\n\n<div class=\"wp-block-column is-vertically-aligned-top is-layout-flow wp-block-column-is-layout-flow\"><div class=\"wp-block-image\">\n<figure class=\"alignright size-full\"><img loading=\"lazy\" decoding=\"async\" width=\"416\" height=\"336\" src=\"https:\/\/www.ccsa.ufpb.br\/bsccsa\/wp-content\/uploads\/sites\/179\/sites\/248\/2025\/02\/ufpbsemfio-linux-web-peq.jpg\" alt=\"\" class=\"wp-image-173\" srcset=\"https:\/\/www.ccsa.ufpb.br\/bsccsa\/wp-content\/uploads\/sites\/179\/sites\/248\/2025\/02\/ufpbsemfio-linux-web-peq.jpg 416w, https:\/\/www.ccsa.ufpb.br\/bsccsa\/wp-content\/uploads\/sites\/179\/sites\/248\/2025\/02\/ufpbsemfio-linux-web-peq-300x242.jpg 300w\" sizes=\"auto, (max-width: 416px) 100vw, 416px\" \/><\/figure>\n<\/div><\/div>\n<\/div>\n\n\n\n<div class=\"wp-block-columns are-vertically-aligned-top is-layout-flex wp-container-core-columns-is-layout-9d6595d7 wp-block-columns-is-layout-flex\">\n<div class=\"wp-block-column is-vertically-aligned-top is-layout-flow wp-block-column-is-layout-flow\">\n<p><strong>Windows<\/strong><\/p>\n<\/div>\n\n\n\n<div class=\"wp-block-column is-vertically-aligned-top is-layout-flow wp-block-column-is-layout-flow\">\n<p>Baixar e executar o aplicativo de configura\u00e7\u00e3o da rede UfpbSemFios dispon\u00edvel no endere\u00e7o: <a href=\"http:\/\/www.sti.ufpb.br\/ftp\/wifi\/ConfiguraUfpbSemFios.exe\" target=\"_blank\" rel=\"noreferrer noopener\">http:\/\/www.sti.ufpb.br\/ftp\/wifi\/ConfiguraUfpbSemFios.exe<\/a> Procure pela rede UfpbSemFios.&nbsp;<br><strong>Nome de usu\u00e1rio<\/strong>: seu usu\u00e1rio do sistema SIGAA \/ SIGRH.<br><strong>Senha<\/strong>: senha do sistema SIGAA \/ SIGRH.<br><strong>Conectar<\/strong>!<\/p>\n<\/div>\n\n\n\n<div class=\"wp-block-column is-vertically-aligned-top is-layout-flow wp-block-column-is-layout-flow\"><div class=\"wp-block-image\">\n<figure class=\"alignright size-full\"><img loading=\"lazy\" decoding=\"async\" width=\"430\" height=\"336\" src=\"https:\/\/www.ccsa.ufpb.br\/bsccsa\/wp-content\/uploads\/sites\/179\/sites\/248\/2025\/02\/ufpbsem-fios-windows-2.jpg\" alt=\"\" class=\"wp-image-174\" srcset=\"https:\/\/www.ccsa.ufpb.br\/bsccsa\/wp-content\/uploads\/sites\/179\/sites\/248\/2025\/02\/ufpbsem-fios-windows-2.jpg 430w, https:\/\/www.ccsa.ufpb.br\/bsccsa\/wp-content\/uploads\/sites\/179\/sites\/248\/2025\/02\/ufpbsem-fios-windows-2-300x234.jpg 300w\" sizes=\"auto, (max-width: 430px) 100vw, 430px\" \/><\/figure>\n<\/div><\/div>\n<\/div>\n\n\n\n<div class=\"wp-block-columns are-vertically-aligned-top is-layout-flex wp-container-core-columns-is-layout-9d6595d7 wp-block-columns-is-layout-flex\">\n<div class=\"wp-block-column is-vertically-aligned-top is-layout-flow wp-block-column-is-layout-flow\">\n<p>iOS e macOS<\/p>\n<\/div>\n\n\n\n<div class=\"wp-block-column is-vertically-aligned-top is-layout-flow wp-block-column-is-layout-flow\">\n<p>Procure pela rede UfpbSemFios.<br><strong>Nome de usu\u00e1rio<\/strong>: seu usu\u00e1rio do sistema SIGAA \/ SIGRH.<br><strong>Senha<\/strong>: senha do sistema SIGAA \/ SIGRH.<br><strong>Conectar<\/strong>!<\/p>\n<\/div>\n\n\n\n<div class=\"wp-block-column is-vertically-aligned-top is-layout-flow wp-block-column-is-layout-flow\">\n<figure class=\"wp-block-image size-large\"><img decoding=\"async\" src=\"https:\/\/cchsa.ufpb.br\/cchsa\/contents\/imagens\/cchsa-1\/iosufpbsemfios.jpg\" alt=\"\" \/><\/figure>\n<\/div>\n<\/div>\n\n\n\n<div class=\"wp-block-columns is-layout-flex wp-container-core-columns-is-layout-9d6595d7 wp-block-columns-is-layout-flex\">\n<div class=\"wp-block-column is-layout-flow wp-block-column-is-layout-flow\" style=\"flex-basis:100%\"><\/div>\n<\/div>\n\n\n\n<figure class=\"wp-block-image size-full\"><img loading=\"lazy\" decoding=\"async\" width=\"200\" height=\"75\" src=\"https:\/\/www.ccsa.ufpb.br\/bsccsa\/wp-content\/uploads\/sites\/179\/sites\/248\/2025\/02\/b75a386b-e6a4-450d-ae61-db5b3b092e54.jpeg\" alt=\"\" class=\"wp-image-170\" \/><\/figure>\n\n\n\n<p>O eduroam \u00e9 mais do que um servi\u00e7o de Wi-Fi; \u00e9 uma solu\u00e7\u00e3o global que une institui\u00e7\u00f5es de ensino e pesquisa em uma rede confi\u00e1vel e segura. Com acesso simplificado por credenciais institucionais, ele oferece a estudantes, professores e pesquisadores a liberdade de se conectar \u00e0 internet em qualquer lugar, garantindo praticidade e prote\u00e7\u00e3o de dados em todos os momentos.<\/p>\n\n\n\n<p class=\"has-text-align-center\"><strong>Configura\u00e7\u00e3o Wi-Fi eduroam<\/strong><\/p>\n\n\n\n<p class=\"has-text-align-left\">Selecione M\u00e9todo EAP:<strong> PEAP<\/strong><br>Autentica\u00e7\u00e3o de Fase 2: <strong>MSCHAPV2<\/strong><br>Certificado CA: <strong>N\u00e3o validar \/ n\u00e3o especificado<\/strong><br>Identidade: <strong>usu\u00e1rio do sistema SIGAA \/ SIGRH<\/strong><br>Identidade an\u00f4nima: <strong>deixe em branco<\/strong><br>Senha: <strong>senha do sistema SIGAA \/ SIGRH<\/strong><br><strong>Conectar<\/strong>!<\/p>\n\n\n\n<p class=\"has-text-align-left\"><br><strong>No computador:<\/strong><br>1 &#8211; Entre no endere\u00e7o: <strong><a href=\"https:\/\/cat.eduroam.org \">https:\/\/cat.eduroam.org <\/a><\/strong>e clique no bot\u00e3o azul<br>para descarregar o seu instalador eduroam\u00ae.<br>2 &#8211; Na pr\u00f3xima tela selecione a UFPB e em seguida seu sistema<br>operacional.<br>3 &#8211; Ap\u00f3s baixar abra o arquivo de instala\u00e7\u00e3o.<br>Username: <strong>usu\u00e1rio_SIGAA_SIGRH@ufpb.br<\/strong><br>Password: <strong>sua senha do sistema SIGAA \/ SIGRH<\/strong><br>Ap\u00f3s a conclus\u00e3o da configura\u00e7\u00e3o a rede \u201ceduroam\u201d vai aparecer e<br>conectar automaticamente. (<a href=\"https:\/\/eduplay.rnp.br\/portal\/video\/187933\">Ver v\u00eddeo)<\/a><\/p>\n\n\n\n<p class=\" \"><\/p>\n\n\n\n<p><strong>Fonte:<\/strong>\u00a0STI\/UFPB e RNP<\/p>\n\n\n\n<p><strong>WI-FI da Biblioteca\/ Cabo de rede \/ Comunidade externa da UFPB<\/strong><\/p>\n\n\n\n<p>A Biblioteca Setorial do CCSA disponibiliza ainda de uma rede de WI-FI (Biblioteca_CCSA \/ senha UFPBCCSA), al\u00e9m de cabos de rede dispon\u00edveis nas cabines de estudos&nbsp;para a comunidade externa que n\u00e3o possui v\u00ednculo com a UFPB.&nbsp;<\/p>\n\n\n\n<p><a href=\"http:\/\/plone.ufpb.br\/bsccsa\/contents\/menu\/servicos\/acesso-wireless-rede-sem-fio#wrapper\"><\/a><\/p>\n\n\n\n<p><\/p>\n","protected":false},"excerpt":{"rendered":"<p>A Biblioteca Setorial do CCSA, oferece ambiente com acesso \u00e0 Internet por meio das redes [&hellip;]<\/p>\n","protected":false},"author":63,"featured_media":0,"parent":0,"menu_order":0,"comment_status":"closed","ping_status":"closed","template":"","meta":{"footnotes":""},"class_list":["post-166","page","type-page","status-publish","hentry"],"_links":{"self":[{"href":"https:\/\/www.ccsa.ufpb.br\/bsccsa\/wp-json\/wp\/v2\/pages\/166","targetHints":{"allow":["GET"]}}],"collection":[{"href":"https:\/\/www.ccsa.ufpb.br\/bsccsa\/wp-json\/wp\/v2\/pages"}],"about":[{"href":"https:\/\/www.ccsa.ufpb.br\/bsccsa\/wp-json\/wp\/v2\/types\/page"}],"author":[{"embeddable":true,"href":"https:\/\/www.ccsa.ufpb.br\/bsccsa\/wp-json\/wp\/v2\/users\/63"}],"replies":[{"embeddable":true,"href":"https:\/\/www.ccsa.ufpb.br\/bsccsa\/wp-json\/wp\/v2\/comments?post=166"}],"version-history":[{"count":5,"href":"https:\/\/www.ccsa.ufpb.br\/bsccsa\/wp-json\/wp\/v2\/pages\/166\/revisions"}],"predecessor-version":[{"id":685,"href":"https:\/\/www.ccsa.ufpb.br\/bsccsa\/wp-json\/wp\/v2\/pages\/166\/revisions\/685"}],"wp:attachment":[{"href":"https:\/\/www.ccsa.ufpb.br\/bsccsa\/wp-json\/wp\/v2\/media?parent=166"}],"curies":[{"name":"wp","href":"https:\/\/api.w.org\/{rel}","templated":true}]}}