{"id":19,"date":"2025-02-04T13:35:50","date_gmt":"2025-02-04T13:35:50","guid":{"rendered":"https:\/\/www.ccsa.ufpb.br\/bsccsa2\/?page_id=19"},"modified":"2025-11-03T20:00:41","modified_gmt":"2025-11-03T20:00:41","slug":"apresentacao","status":"publish","type":"page","link":"https:\/\/www.ccsa.ufpb.br\/bsccsa\/apresentacao\/","title":{"rendered":"Apresenta\u00e7\u00e3o"},"content":{"rendered":"\n<p>A Biblioteca Setorial Berilo Borba (BS\/CCSA), fundada em 1993, integra o Sistema de Bibliotecas da Universidade Federal da Para\u00edba (SIBI\/UFPB), cuja miss\u00e3o \u00e9 promover a integra\u00e7\u00e3o e a harmonia das atividades de coleta, tratamento, armazenamento, recupera\u00e7\u00e3o e dissemina\u00e7\u00e3o da informa\u00e7\u00e3o, em apoio ao ensino, \u00e0 pesquisa e \u00e0 extens\u00e3o do Centro de Ci\u00eancias Sociais e Aplicadas (CCSA\/UFPB).<\/p>\n\n\n<div class=\"wp-block-image is-style-default\">\n<figure class=\"aligncenter size-medium is-resized\"><img loading=\"lazy\" decoding=\"async\" width=\"300\" height=\"225\" src=\"http:\/\/www.ccsa.ufpb.br\/bsccsa\/wp-content\/uploads\/sites\/179\/sites\/248\/2025\/02\/WhatsApp-Image-2025-02-27-at-15.42.13-300x225.jpeg\" alt=\"\" class=\"wp-image-295\" style=\"width:442px;height:auto\" srcset=\"https:\/\/www.ccsa.ufpb.br\/bsccsa\/wp-content\/uploads\/sites\/179\/sites\/248\/2025\/02\/WhatsApp-Image-2025-02-27-at-15.42.13-300x225.jpeg 300w, https:\/\/www.ccsa.ufpb.br\/bsccsa\/wp-content\/uploads\/sites\/179\/sites\/248\/2025\/02\/WhatsApp-Image-2025-02-27-at-15.42.13-1024x768.jpeg 1024w, https:\/\/www.ccsa.ufpb.br\/bsccsa\/wp-content\/uploads\/sites\/179\/sites\/248\/2025\/02\/WhatsApp-Image-2025-02-27-at-15.42.13-768x576.jpeg 768w, https:\/\/www.ccsa.ufpb.br\/bsccsa\/wp-content\/uploads\/sites\/179\/sites\/248\/2025\/02\/WhatsApp-Image-2025-02-27-at-15.42.13-1536x1152.jpeg 1536w, https:\/\/www.ccsa.ufpb.br\/bsccsa\/wp-content\/uploads\/sites\/179\/sites\/248\/2025\/02\/WhatsApp-Image-2025-02-27-at-15.42.13.jpeg 1600w\" sizes=\"auto, (max-width: 300px) 100vw, 300px\" \/><figcaption class=\"wp-element-caption\">\u00c1rea interna da biblioteca Setoroial do CCSA<\/figcaption><\/figure>\n<\/div>\n\n\n<p class=\" \">Atendendo a uma m\u00e9dia de 500 usu\u00e1rios por dia, a Biblioteca recebe estudantes dos 10 cursos de gradua\u00e7\u00e3o do CCSA, alunos da p\u00f3s-gradua\u00e7\u00e3o, docentes, servidores t\u00e9cnico-administrativos, al\u00e9m de membros da comunidade acad\u00eamica em geral e do p\u00fablico externo.<\/p>\n\n\n\n<p class=\" \">&nbsp;<strong>HOR\u00c1RIO DE FUNCIONAMENTO<\/strong><\/p>\n\n\n\n<p class=\" \">A Biblioteca funciona de segunda a sexta-feira, das 8h00 \u00e0s 21h30, sem intervalo, permanecendo aberta de forma ininterrupta durante todo o expediente.<\/p>\n\n\n\n<p class=\" \"><strong>INFRAESTRUTURA E ACERVO<\/strong><\/p>\n\n\n\n<p class=\" \">Localizada no t\u00e9rreo do Bloco B do CCSA, a Biblioteca Setorial Berilo Borba disp\u00f5e de uma \u00e1rea de 373,95 m\u00b2, organizada para proporcionar conforto e funcionalidade aos seus usu\u00e1rios. O espa\u00e7o conta com:<\/p>\n\n\n\n<p>18 cabines individuais de estudo;<\/p>\n\n\n\n<p>2 bancadas coletivas com 4 lugares cada;<\/p>\n\n\n\n<p>9 mesas de estudo em grupo com 3 lugares cada;<\/p>\n\n\n\n<p>1 computador para pesquisa no cat\u00e1logo;<\/p>\n\n\n\n<p>54 lugares dispon\u00edveis ao todo.<\/p>\n\n\n<div class=\"wp-block-image\">\n<figure class=\"aligncenter size-medium is-resized\"><img loading=\"lazy\" decoding=\"async\" width=\"300\" height=\"225\" src=\"https:\/\/www.ccsa.ufpb.br\/bsccsa\/wp-content\/uploads\/sites\/179\/sites\/248\/2025\/02\/bsccsac-300x225.jpeg\" alt=\"\" class=\"wp-image-20\" style=\"width:404px;height:auto\" srcset=\"https:\/\/www.ccsa.ufpb.br\/bsccsa\/wp-content\/uploads\/sites\/179\/sites\/248\/2025\/02\/bsccsac-300x225.jpeg 300w, https:\/\/www.ccsa.ufpb.br\/bsccsa\/wp-content\/uploads\/sites\/179\/sites\/248\/2025\/02\/bsccsac-1024x768.jpeg 1024w, https:\/\/www.ccsa.ufpb.br\/bsccsa\/wp-content\/uploads\/sites\/179\/sites\/248\/2025\/02\/bsccsac-768x576.jpeg 768w, https:\/\/www.ccsa.ufpb.br\/bsccsa\/wp-content\/uploads\/sites\/179\/sites\/248\/2025\/02\/bsccsac.jpeg 1280w\" sizes=\"auto, (max-width: 300px) 100vw, 300px\" \/><figcaption class=\"wp-element-caption\">Foto 2 &#8211; \u00c1rea externa da Biblioteca<\/figcaption><\/figure>\n<\/div>\n\n\n<p>O ambiente \u00e9 totalmente climatizado, oferece internet Wi-Fi local, al\u00e9m das redes \u00a0<a href=\"http:\/\/www.nti.ufpb.br\/ftp\/wifi\/Tutorial-Wifi-UfpbSemFios.pdf\" target=\"_blank\" rel=\"noreferrer noopener\">UFPB sem fios<\/a> e <strong><a href=\"https:\/\/www.sti.ufpb.br\/ftp\/wifi\/Tutorial-Wifi-Eduroam.pdf\" target=\"_blank\" rel=\"noreferrer noopener\">Eduroam<\/a><\/strong>. O acervo e os usu\u00e1rios contam com sistema de seguran\u00e7a e monitoramento por c\u00e2meras, garantindo um espa\u00e7o seguro e acolhedor.<\/p>\n\n\n<div class=\"wp-block-image\">\n<figure class=\"aligncenter size-medium is-resized\"><img loading=\"lazy\" decoding=\"async\" width=\"300\" height=\"225\" src=\"https:\/\/www.ccsa.ufpb.br\/bsccsa\/wp-content\/uploads\/sites\/179\/sites\/248\/2025\/03\/WhatsApp-Image-2025-03-19-at-17.05.25-300x225.jpeg\" alt=\"\" class=\"wp-image-311\" style=\"width:400px;height:auto\" srcset=\"https:\/\/www.ccsa.ufpb.br\/bsccsa\/wp-content\/uploads\/sites\/179\/sites\/248\/2025\/03\/WhatsApp-Image-2025-03-19-at-17.05.25-300x225.jpeg 300w, https:\/\/www.ccsa.ufpb.br\/bsccsa\/wp-content\/uploads\/sites\/179\/sites\/248\/2025\/03\/WhatsApp-Image-2025-03-19-at-17.05.25-1024x768.jpeg 1024w, https:\/\/www.ccsa.ufpb.br\/bsccsa\/wp-content\/uploads\/sites\/179\/sites\/248\/2025\/03\/WhatsApp-Image-2025-03-19-at-17.05.25-768x576.jpeg 768w, https:\/\/www.ccsa.ufpb.br\/bsccsa\/wp-content\/uploads\/sites\/179\/sites\/248\/2025\/03\/WhatsApp-Image-2025-03-19-at-17.05.25.jpeg 1280w\" sizes=\"auto, (max-width: 300px) 100vw, 300px\" \/><figcaption class=\"wp-element-caption\">Foto 3 &#8211; \u00c1rea de Estudo da Biblioteca<\/figcaption><\/figure>\n<\/div>\n\n\n<p>O acervo \u00e9 de livre acesso para consulta e estudo local, sendo o empr\u00e9stimo domiciliar exclusivo para usu\u00e1rios com v\u00ednculo ativo no SIGAA\/UFPB.<\/p>\n\n\n\n<p>Ele \u00e9 composto por:<\/p>\n\n\n\n<ul class=\"wp-block-list\">\n<li>Cole\u00e7\u00f5es especiais, como os Trabalhos de Conclus\u00e3o de Curso (TCCs) de gradua\u00e7\u00e3o do CCSA (em formato impresso e digital);<\/li>\n\n\n\n<li>Dicion\u00e1rios e obras de refer\u00eancia;<\/li>\n\n\n\n<li>Cole\u00e7\u00f5es espec\u00edficas das \u00e1reas de conhecimento do Centro;<\/li>\n\n\n\n<li>Acervo geral, dispon\u00edvel para empr\u00e9stimo domiciliar.<\/li>\n<\/ul>\n\n\n<div class=\"wp-block-image\">\n<figure class=\"aligncenter size-medium is-resized\"><img loading=\"lazy\" decoding=\"async\" width=\"1200\" height=\"900\" src=\"https:\/\/www.ccsa.ufpb.br\/bsccsa\/wp-content\/uploads\/sites\/179\/sites\/248\/2025\/03\/WhatsApp-Image-2025-03-19-at-17.05.54-edited.jpeg\" alt=\"\" class=\"wp-image-307\" style=\"width:404px;height:auto\" srcset=\"https:\/\/www.ccsa.ufpb.br\/bsccsa\/wp-content\/uploads\/sites\/179\/sites\/248\/2025\/03\/WhatsApp-Image-2025-03-19-at-17.05.54-edited.jpeg 1200w, https:\/\/www.ccsa.ufpb.br\/bsccsa\/wp-content\/uploads\/sites\/179\/sites\/248\/2025\/03\/WhatsApp-Image-2025-03-19-at-17.05.54-edited-300x225.jpeg 300w, https:\/\/www.ccsa.ufpb.br\/bsccsa\/wp-content\/uploads\/sites\/179\/sites\/248\/2025\/03\/WhatsApp-Image-2025-03-19-at-17.05.54-edited-1024x768.jpeg 1024w, https:\/\/www.ccsa.ufpb.br\/bsccsa\/wp-content\/uploads\/sites\/179\/sites\/248\/2025\/03\/WhatsApp-Image-2025-03-19-at-17.05.54-edited-768x576.jpeg 768w\" sizes=\"auto, (max-width: 1200px) 100vw, 1200px\" \/><figcaption class=\"wp-element-caption\">Foto 4 &#8211; Acervo da Biblioteca<\/figcaption><\/figure>\n<\/div>\n\n\n<p><strong>PRINCIPAIS SERVI\u00c7OS\/PRODUTOS<\/strong><\/p>\n\n\n\n<p><strong><a href=\"https:\/\/www.ccsa.ufpb.br\/bsccsa\/emprestimo-domiciliar-e-renovacao-online\/\">Empr\u00e9stimo Domiciliar<\/a><\/strong><\/p>\n\n\n\n<p><a href=\"https:\/\/www.ccsa.ufpb.br\/bsccsa\/cadastro-na-biblioteca\/\">Cadastro na Biblioteca<\/a><\/p>\n\n\n\n<p><a href=\"https:\/\/www.ccsa.ufpb.br\/bsccsa\/renovacao-online\/\">Renova\u00e7\u00e3o online<\/a><\/p>\n\n\n\n<p><a href=\"https:\/\/sigaa.ufpb.br\/sigaa\/public\/biblioteca\/buscaPublicaAcervo.jsf?aba=p-biblioteca\">Catalogo online<\/a><\/p>\n\n\n\n<p><a href=\"https:\/\/widgets.ebscohost.com\/prod\/customerspecific\/ns016829\/searchbox\/\">Sistema de busca integrada <\/a><\/p>\n\n\n\n<p><a href=\"https:\/\/www.ccsa.ufpb.br\/bsccsa\/treinamentos\/\">Treinamentos<\/a><\/p>\n\n\n\n<p><a href=\"https:\/\/www.ccsa.ufpb.br\/bsccsa\/ficha-catalografica-e-tcc\/\">Ficha catalogr\u00e1fica<\/a><\/p>\n\n\n\n<p><a href=\"https:\/\/www.ccsa.ufpb.br\/bsccsa\/treinamentos\/\">Orienta\u00e7\u00e3o para normaliza\u00e7\u00e3o de trabalhos academicos<\/a><\/p>\n\n\n\n<p><a href=\"https:\/\/www.ccsa.ufpb.br\/bsccsa\/quitacao-nada-consta\/\">Declara\u00e7\u00e3o de nada consta da biblioteca<\/a><\/p>\n\n\n\n<p><a href=\"https:\/\/www.ccsa.ufpb.br\/bsccsa\/portais-de-pesquisa-e-bases-de-dados\/\">Portais e Bases de dados<\/a><\/p>\n\n\n\n<h2 class=\"wp-block-heading\"><div class=\"linha-header\">Direitos e deveres<\/div><\/h2>\n\n\n\n<p><strong>\u00c9 permitido ao usu\u00e1rio:<\/strong><\/p>\n\n\n\n<ul class=\"wp-block-list\">\n<li>Acesso com bolsas e mochilas;*<\/li>\n\n\n\n<li>Acesso ao acervo geral para toda comunidade;<\/li>\n\n\n\n<li>Permanecer por tempo indeterminado, desde que dentro do hor\u00e1rio de funcionamento da biblioteca;<\/li>\n\n\n\n<li>Estudo coletivo, desde que n\u00e3o prejudique o sil\u00eancio e a concentra\u00e7\u00e3o dos demais usu\u00e1rios;<\/li>\n\n\n\n<li>Uso da internet wifi e conex\u00e3o de internet por cabo, nos pontos disponibilizados na \u00e1rea de estudos;<\/li>\n\n\n\n<li>Utilizar o espa\u00e7o da biblioteca para descanso, desde que n\u00e3o atrapalhe o uso das mesas e cabines para estudo, nem perturbe o sil\u00eancio do ambiente;<\/li>\n\n\n\n<li>\u00c9 permitido o uso do terminal de consulta para consultar o cat\u00e1logo online, fazer cadastro, renovar livros, e consultar rapidamente as bases digitais assinadas pela UFPB.**<\/li>\n<\/ul>\n\n\n\n<p>*Em caso de falta de energia, ser\u00e1 necess\u00e1rio realizar&nbsp;<em>check out<\/em>&nbsp;nas mochilas e bolsas de usu\u00e1rios que estejam saindo da biblioteca no momento.<\/p>\n\n\n\n<p>&nbsp;**S\u00f3 realizar cadastro, renova\u00e7\u00e3o de livros e consulta \u00e0 bases digitais caso n\u00e3o haja nenhum outro usu\u00e1rio aguardando para consultar o cat\u00e1logo online.<\/p>\n\n\n\n<p><strong>N\u00c3O \u00e9 permitido ao usu\u00e1rio:<\/strong><\/p>\n\n\n\n<ul class=\"wp-block-list\">\n<li>Alimentar-se dentro da biblioteca;<\/li>\n\n\n\n<li>Realizar estudos em grupo de forma que perturbe os demais usu\u00e1rios da biblioteca, com barulho;<\/li>\n\n\n\n<li>Promover ru\u00eddos como atender telefone ou conversar em voz alta seja na \u00e1rea de estudos, no atendimento ou no acervo , ouvir m\u00fasica no celular, sem o fone;<\/li>\n\n\n\n<li>Promover qualquer outro tipo de situa\u00e7\u00e3o que perturbe o sil\u00eancio e a concentra\u00e7\u00e3o dos demais usu\u00e1rios;<\/li>\n\n\n\n<li>Acessar \u00e1reas restritas aos servidores da biblioteca;<\/li>\n\n\n\n<li>Danificar os livros do acervo como rasgar p\u00e1ginas, rabiscar com caneta ou grafite;<\/li>\n\n\n\n<li>Danificar qualquer outro patrim\u00f4nio da biblioteca como mesas, cadeiras etc.;<\/li>\n\n\n\n<li>Ocupar mesas e\/ou cabines de estudo com os pertences e se ausentar do ambiente por mais de 30 minutos , estando sujeito a ter os objetos recolhidos;<\/li>\n\n\n\n<li>Utilizar os terminais destinados \u00e0 consulta do acervo local, para fins pessoais (acesso \u00e0 outras p\u00e1ginas de internet que n\u00e3o sejam&nbsp; SIGAA e portais de pesquisa assinados pela UFPB);<\/li>\n\n\n\n<li>Sair da biblioteca com livros do acervo sem tom\u00e1-los por empr\u00e9stimo domiciliar;<\/li>\n\n\n\n<li>Permanecer dentro da biblioteca fora do hor\u00e1rio estabelecido para funcionamento aberto ao p\u00fablico;<\/li>\n\n\n\n<li>Desacatar o servidor que esteja no uso de suas fun\u00e7\u00f5es, sujeito \u00e0s san\u00e7\u00f5es previstas em lei.<\/li>\n<\/ul>\n","protected":false},"excerpt":{"rendered":"<p>A Biblioteca Setorial Berilo Borba (BS\/CCSA), fundada em 1993, integra o Sistema de Bibliotecas da [&hellip;]<\/p>\n","protected":false},"author":63,"featured_media":295,"parent":0,"menu_order":0,"comment_status":"closed","ping_status":"closed","template":"","meta":{"footnotes":""},"class_list":["post-19","page","type-page","status-publish","has-post-thumbnail","hentry"],"_links":{"self":[{"href":"https:\/\/www.ccsa.ufpb.br\/bsccsa\/wp-json\/wp\/v2\/pages\/19","targetHints":{"allow":["GET"]}}],"collection":[{"href":"https:\/\/www.ccsa.ufpb.br\/bsccsa\/wp-json\/wp\/v2\/pages"}],"about":[{"href":"https:\/\/www.ccsa.ufpb.br\/bsccsa\/wp-json\/wp\/v2\/types\/page"}],"author":[{"embeddable":true,"href":"https:\/\/www.ccsa.ufpb.br\/bsccsa\/wp-json\/wp\/v2\/users\/63"}],"replies":[{"embeddable":true,"href":"https:\/\/www.ccsa.ufpb.br\/bsccsa\/wp-json\/wp\/v2\/comments?post=19"}],"version-history":[{"count":12,"href":"https:\/\/www.ccsa.ufpb.br\/bsccsa\/wp-json\/wp\/v2\/pages\/19\/revisions"}],"predecessor-version":[{"id":915,"href":"https:\/\/www.ccsa.ufpb.br\/bsccsa\/wp-json\/wp\/v2\/pages\/19\/revisions\/915"}],"wp:featuredmedia":[{"embeddable":true,"href":"https:\/\/www.ccsa.ufpb.br\/bsccsa\/wp-json\/wp\/v2\/media\/295"}],"wp:attachment":[{"href":"https:\/\/www.ccsa.ufpb.br\/bsccsa\/wp-json\/wp\/v2\/media?parent=19"}],"curies":[{"name":"wp","href":"https:\/\/api.w.org\/{rel}","templated":true}]}}