{"id":27,"date":"2025-02-04T13:50:53","date_gmt":"2025-02-04T13:50:53","guid":{"rendered":"https:\/\/www.ccsa.ufpb.br\/bsccsa2\/?page_id=27"},"modified":"2025-12-05T13:15:09","modified_gmt":"2025-12-05T13:15:09","slug":"equipe","status":"publish","type":"page","link":"https:\/\/www.ccsa.ufpb.br\/bsccsa\/equipe\/","title":{"rendered":"Equipe"},"content":{"rendered":"\n<p>Conhe\u00e7a nossa equipe:<\/p>\n\n\n\n<h2 class=\"wp-block-heading alignwide has-text-align-center\" id=\"we-re-a-studio-in-berlin-with-an-international-practice-in-architecture-urban-planning-and-interior-design-we-believe-in-sharing-knowledge-and-promoting-dialogue-to-increase-the-creative-potential-of-collaboration\" style=\"font-size:48px;line-height:1.1\"><div class=\"linha-header\"><strong><sub><sup>BIBLIOTEC\u00c1RIOS(AS)<\/sup><\/sub><\/strong><\/div><\/h2>\n\n\n\n<p><\/p>\n\n\n\n<div class=\"wp-block-columns is-layout-flex wp-container-core-columns-is-layout-9d6595d7 wp-block-columns-is-layout-flex\">\n<div class=\"wp-block-column is-layout-flow wp-block-column-is-layout-flow\"><div class=\"wp-block-image\">\n<figure class=\"aligncenter size-large\"><img loading=\"lazy\" decoding=\"async\" width=\"1051\" height=\"1401\" src=\"https:\/\/www.ccsa.ufpb.br\/bsccsa\/wp-content\/uploads\/sites\/179\/sites\/248\/2025\/03\/servletrecuperafoto-7-edited.jpg\" alt=\"\" class=\"wp-image-353\" srcset=\"https:\/\/www.ccsa.ufpb.br\/bsccsa\/wp-content\/uploads\/sites\/179\/sites\/248\/2025\/03\/servletrecuperafoto-7-edited.jpg 1051w, https:\/\/www.ccsa.ufpb.br\/bsccsa\/wp-content\/uploads\/sites\/179\/sites\/248\/2025\/03\/servletrecuperafoto-7-edited-225x300.jpg 225w, https:\/\/www.ccsa.ufpb.br\/bsccsa\/wp-content\/uploads\/sites\/179\/sites\/248\/2025\/03\/servletrecuperafoto-7-edited-768x1024.jpg 768w\" sizes=\"auto, (max-width: 1051px) 100vw, 1051px\" \/><figcaption class=\"wp-element-caption\"><strong>Ana Cl\u00e1udia Lopes de Almeida<\/strong><br>analopes@ccsa.ufpb.br<br><a href=\"http:\/\/lattes.cnpq.br\/3188386929661002\" target=\"_blank\" rel=\"noreferrer noopener\"><mark style=\"background-color:#ffffff\" class=\"has-inline-color has-vivid-cyan-blue-color\">Curr\u00edculo Lattes<\/mark><\/a><\/figcaption><\/figure>\n<\/div><\/div>\n\n\n\n<div class=\"wp-block-column is-layout-flow wp-block-column-is-layout-flow\"><div class=\"wp-block-image\">\n<figure class=\"aligncenter size-large\"><img loading=\"lazy\" decoding=\"async\" width=\"768\" height=\"1024\" src=\"http:\/\/www.ccsa.ufpb.br\/bsccsa\/wp-content\/uploads\/sites\/179\/sites\/248\/2025\/03\/ANDRE-FOTO-768x1024.jpg\" alt=\"\" class=\"wp-image-340\" srcset=\"https:\/\/www.ccsa.ufpb.br\/bsccsa\/wp-content\/uploads\/sites\/179\/sites\/248\/2025\/03\/ANDRE-FOTO-768x1024.jpg 768w, https:\/\/www.ccsa.ufpb.br\/bsccsa\/wp-content\/uploads\/sites\/179\/sites\/248\/2025\/03\/ANDRE-FOTO-225x300.jpg 225w, https:\/\/www.ccsa.ufpb.br\/bsccsa\/wp-content\/uploads\/sites\/179\/sites\/248\/2025\/03\/ANDRE-FOTO.jpg 1104w\" sizes=\"auto, (max-width: 768px) 100vw, 768px\" \/><figcaption class=\"wp-element-caption\"><strong>Andr\u00e9 Domingos Fernandes<\/strong><br><strong>Coordenador<\/strong><br>andredomingos@ccsa.ufpb.br<br><a href=\"http:\/\/lattes.cnpq.br\/4380851488205019\" target=\"_blank\" rel=\"noreferrer noopener\"><mark style=\"background-color:#ffffff\" class=\"has-inline-color has-vivid-cyan-blue-color\">Curr\u00edculo Lattes<\/mark><\/a><\/figcaption><\/figure>\n<\/div><\/div>\n\n\n\n<div class=\"wp-block-column is-layout-flow wp-block-column-is-layout-flow\"><div class=\"wp-block-image\">\n<figure class=\"aligncenter size-full\"><img loading=\"lazy\" decoding=\"async\" width=\"450\" height=\"600\" src=\"https:\/\/www.ccsa.ufpb.br\/bsccsa\/wp-content\/uploads\/sites\/179\/sites\/248\/2025\/03\/1000232087_1a1e85d373732a8bdf84f7de6e356b6c-10_12_2024-17_35_26_11zon-edited-1.jpg\" alt=\"\" class=\"wp-image-354\" srcset=\"https:\/\/www.ccsa.ufpb.br\/bsccsa\/wp-content\/uploads\/sites\/179\/sites\/248\/2025\/03\/1000232087_1a1e85d373732a8bdf84f7de6e356b6c-10_12_2024-17_35_26_11zon-edited-1.jpg 450w, https:\/\/www.ccsa.ufpb.br\/bsccsa\/wp-content\/uploads\/sites\/179\/sites\/248\/2025\/03\/1000232087_1a1e85d373732a8bdf84f7de6e356b6c-10_12_2024-17_35_26_11zon-edited-1-225x300.jpg 225w\" sizes=\"auto, (max-width: 450px) 100vw, 450px\" \/><figcaption class=\"wp-element-caption\"><strong>Katiane da Cunha Souza&nbsp;<\/strong><br><strong>Vice-coordenadora<\/strong><br>katiane@ccsa.ufpb.br<br><a href=\"http:\/\/lattes.cnpq.br\/0641243404422141\" target=\"_blank\" rel=\"noreferrer noopener\"><mark style=\"background-color:#ffffff\" class=\"has-inline-color has-vivid-cyan-blue-color\">Curr\u00edculo Lattes<\/mark><\/a><\/figcaption><\/figure>\n<\/div><\/div>\n<\/div>\n\n\n\n<h2 class=\"wp-block-heading alignwide has-text-align-center\" id=\"we-re-a-studio-in-berlin-with-an-international-practice-in-architecture-urban-planning-and-interior-design-we-believe-in-sharing-knowledge-and-promoting-dialogue-to-increase-the-creative-potential-of-collaboration\" style=\"font-size:48px;line-height:1.1\"><div class=\"linha-header\"><sup><sub>RECEP\u00c7\u00c3O E ATENDIMENTO<\/sub><\/sup><\/div><\/h2>\n\n\n\n<p><\/p>\n\n\n\n<div class=\"wp-block-columns is-layout-flex wp-container-core-columns-is-layout-9d6595d7 wp-block-columns-is-layout-flex\">\n<div class=\"wp-block-column is-layout-flow wp-block-column-is-layout-flow\"><div class=\"wp-block-image\">\n<figure class=\"aligncenter size-full is-resized\"><img loading=\"lazy\" decoding=\"async\" width=\"670\" height=\"893\" src=\"https:\/\/www.ccsa.ufpb.br\/bsccsa\/wp-content\/uploads\/sites\/179\/sites\/248\/2025\/03\/image-1-1-edited.png\" alt=\"\" class=\"wp-image-345\" style=\"width:205px;height:auto\" srcset=\"https:\/\/www.ccsa.ufpb.br\/bsccsa\/wp-content\/uploads\/sites\/179\/sites\/248\/2025\/03\/image-1-1-edited.png 670w, https:\/\/www.ccsa.ufpb.br\/bsccsa\/wp-content\/uploads\/sites\/179\/sites\/248\/2025\/03\/image-1-1-edited-225x300.png 225w\" sizes=\"auto, (max-width: 670px) 100vw, 670px\" \/><figcaption class=\"wp-element-caption\"><strong>Ant\u00f4nio G. Sousa Filho<\/strong><\/figcaption><\/figure>\n<\/div><\/div>\n\n\n\n<div class=\"wp-block-column is-layout-flow wp-block-column-is-layout-flow\"><div class=\"wp-block-image\">\n<figure class=\"aligncenter size-large is-resized\"><img loading=\"lazy\" decoding=\"async\" width=\"768\" height=\"1024\" src=\"http:\/\/www.ccsa.ufpb.br\/bsccsa\/wp-content\/uploads\/sites\/179\/sites\/248\/2025\/03\/1000221453_42f014bf8349a857a5996ad8c1ef57fa-19_11_2024-10_57_54_11zon-edited-768x1024.jpg\" alt=\"\" class=\"wp-image-342\" style=\"width:206px;height:auto\" srcset=\"https:\/\/www.ccsa.ufpb.br\/bsccsa\/wp-content\/uploads\/sites\/179\/sites\/248\/2025\/03\/1000221453_42f014bf8349a857a5996ad8c1ef57fa-19_11_2024-10_57_54_11zon-edited-768x1024.jpg 768w, https:\/\/www.ccsa.ufpb.br\/bsccsa\/wp-content\/uploads\/sites\/179\/sites\/248\/2025\/03\/1000221453_42f014bf8349a857a5996ad8c1ef57fa-19_11_2024-10_57_54_11zon-edited-225x300.jpg 225w, https:\/\/www.ccsa.ufpb.br\/bsccsa\/wp-content\/uploads\/sites\/179\/sites\/248\/2025\/03\/1000221453_42f014bf8349a857a5996ad8c1ef57fa-19_11_2024-10_57_54_11zon-edited-1152x1536.jpg 1152w, https:\/\/www.ccsa.ufpb.br\/bsccsa\/wp-content\/uploads\/sites\/179\/sites\/248\/2025\/03\/1000221453_42f014bf8349a857a5996ad8c1ef57fa-19_11_2024-10_57_54_11zon-edited.jpg 1496w\" sizes=\"auto, (max-width: 768px) 100vw, 768px\" \/><figcaption class=\"wp-element-caption\"><strong>Maria Ivonete Marques<\/strong><\/figcaption><\/figure>\n<\/div><\/div>\n<\/div>\n\n\n\n<div class=\"wp-block-columns is-layout-flex wp-container-core-columns-is-layout-9d6595d7 wp-block-columns-is-layout-flex\">\n<div class=\"wp-block-column is-vertically-aligned-center is-layout-flow wp-block-column-is-layout-flow\"><\/div>\n<\/div>\n\n\n\n<div class=\"wp-block-columns is-layout-flex wp-container-core-columns-is-layout-9d6595d7 wp-block-columns-is-layout-flex\">\n<div class=\"wp-block-column is-layout-flow wp-block-column-is-layout-flow\"><div class=\"wp-block-image\">\n<figure class=\"aligncenter size-large is-resized\"><img loading=\"lazy\" decoding=\"async\" width=\"720\" height=\"719\" src=\"https:\/\/www.ccsa.ufpb.br\/bsccsa\/wp-content\/uploads\/sites\/179\/sites\/248\/2025\/09\/1000198079_52f68118584d43d61d295a133dade6d6-05_10_2024-19_49_49-edited.jpg\" alt=\"\" class=\"wp-image-711\" style=\"aspect-ratio:1;width:264px;height:auto\" srcset=\"https:\/\/www.ccsa.ufpb.br\/bsccsa\/wp-content\/uploads\/sites\/179\/sites\/248\/2025\/09\/1000198079_52f68118584d43d61d295a133dade6d6-05_10_2024-19_49_49-edited.jpg 720w, https:\/\/www.ccsa.ufpb.br\/bsccsa\/wp-content\/uploads\/sites\/179\/sites\/248\/2025\/09\/1000198079_52f68118584d43d61d295a133dade6d6-05_10_2024-19_49_49-edited-300x300.jpg 300w, https:\/\/www.ccsa.ufpb.br\/bsccsa\/wp-content\/uploads\/sites\/179\/sites\/248\/2025\/09\/1000198079_52f68118584d43d61d295a133dade6d6-05_10_2024-19_49_49-edited-150x150.jpg 150w\" sizes=\"auto, (max-width: 720px) 100vw, 720px\" \/><figcaption class=\"wp-element-caption\"><strong>Nat\u00e1lia Maritan U. de Ara\u00fajo<\/strong><\/figcaption><\/figure>\n<\/div><\/div>\n\n\n\n<div class=\"wp-block-column is-layout-flow wp-block-column-is-layout-flow\"><div class=\"wp-block-image\">\n<figure class=\"aligncenter size-full is-resized\"><img loading=\"lazy\" decoding=\"async\" width=\"125\" height=\"167\" src=\"https:\/\/www.ccsa.ufpb.br\/bsccsa\/wp-content\/uploads\/sites\/179\/sites\/248\/2025\/03\/image-2-1-edited.png\" alt=\"\" class=\"wp-image-346\" style=\"width:199px;height:auto\" \/><figcaption class=\"wp-element-caption\"><strong>Rivald\u00e1via C de Andrade<\/strong><\/figcaption><\/figure>\n<\/div><\/div>\n<\/div>\n\n\n\n<h2 class=\"wp-block-heading alignwide has-text-align-center\" id=\"we-re-a-studio-in-berlin-with-an-international-practice-in-architecture-urban-planning-and-interior-design-we-believe-in-sharing-knowledge-and-promoting-dialogue-to-increase-the-creative-potential-of-collaboration\" style=\"font-size:48px;line-height:1.1\"><div class=\"linha-header\"><sup><sub>ESTAGI\u00c1RIA <\/sub><\/sup><\/div><\/h2>\n\n\n\n<div class=\"wp-block-columns is-layout-flex wp-container-core-columns-is-layout-9d6595d7 wp-block-columns-is-layout-flex\">\n<div class=\"wp-block-column is-layout-flow wp-block-column-is-layout-flow\" style=\"flex-basis:25%\"><\/div>\n\n\n\n<div class=\"wp-block-column is-layout-flow wp-block-column-is-layout-flow\" style=\"flex-basis:50%\"><div class=\"wp-block-image\">\n<figure class=\"aligncenter size-large is-resized\"><img loading=\"lazy\" decoding=\"async\" width=\"768\" height=\"1024\" src=\"https:\/\/www.ccsa.ufpb.br\/bsccsa\/wp-content\/uploads\/sites\/179\/sites\/248\/2025\/03\/IMG_0565_11zon-768x1024.jpg\" alt=\"\" class=\"wp-image-347\" style=\"width:211px;height:auto\" srcset=\"https:\/\/www.ccsa.ufpb.br\/bsccsa\/wp-content\/uploads\/sites\/179\/sites\/248\/2025\/03\/IMG_0565_11zon-768x1024.jpg 768w, https:\/\/www.ccsa.ufpb.br\/bsccsa\/wp-content\/uploads\/sites\/179\/sites\/248\/2025\/03\/IMG_0565_11zon-225x300.jpg 225w, https:\/\/www.ccsa.ufpb.br\/bsccsa\/wp-content\/uploads\/sites\/179\/sites\/248\/2025\/03\/IMG_0565_11zon-1152x1536.jpg 1152w, https:\/\/www.ccsa.ufpb.br\/bsccsa\/wp-content\/uploads\/sites\/179\/sites\/248\/2025\/03\/IMG_0565_11zon-1536x2048.jpg 1536w, https:\/\/www.ccsa.ufpb.br\/bsccsa\/wp-content\/uploads\/sites\/179\/sites\/248\/2025\/03\/IMG_0565_11zon-scaled.jpg 1920w\" sizes=\"auto, (max-width: 768px) 100vw, 768px\" \/><figcaption class=\"wp-element-caption\"><strong>M\u00aa Erika A. D. de Oliveira<\/strong><br>Curso de Biblioteconomia<br><a href=\"https:\/\/lattes.cnpq.br\/0758396194675248\" data-type=\"link\" data-id=\"https:\/\/buscatextual.cnpq.br\/buscatextual\/visualizacv.do;jsessionid=8B8EE67EF7C7606AE1EA4A58D06EEAD7.buscatextual_0\"><mark style=\"background-color:#ffffff\" class=\"has-inline-color has-vivid-cyan-blue-color\">Curr\u00edculo Lattes<\/mark><\/a><br><strong> <\/strong><\/figcaption><\/figure>\n<\/div>\n\n\n<p class=\"has-text-align-center\"><\/p>\n<\/div>\n\n\n\n<div class=\"wp-block-column is-layout-flow wp-block-column-is-layout-flow\" style=\"flex-basis:25%\"><\/div>\n<\/div>\n\n\n\n<p><\/p>\n","protected":false},"excerpt":{"rendered":"<p>Conhe\u00e7a nossa equipe: BIBLIOTEC\u00c1RIOS(AS) RECEP\u00c7\u00c3O E ATENDIMENTO ESTAGI\u00c1RIA<\/p>\n","protected":false},"author":63,"featured_media":0,"parent":0,"menu_order":0,"comment_status":"closed","ping_status":"closed","template":"","meta":{"footnotes":""},"class_list":["post-27","page","type-page","status-publish","hentry"],"_links":{"self":[{"href":"https:\/\/www.ccsa.ufpb.br\/bsccsa\/wp-json\/wp\/v2\/pages\/27","targetHints":{"allow":["GET"]}}],"collection":[{"href":"https:\/\/www.ccsa.ufpb.br\/bsccsa\/wp-json\/wp\/v2\/pages"}],"about":[{"href":"https:\/\/www.ccsa.ufpb.br\/bsccsa\/wp-json\/wp\/v2\/types\/page"}],"author":[{"embeddable":true,"href":"https:\/\/www.ccsa.ufpb.br\/bsccsa\/wp-json\/wp\/v2\/users\/63"}],"replies":[{"embeddable":true,"href":"https:\/\/www.ccsa.ufpb.br\/bsccsa\/wp-json\/wp\/v2\/comments?post=27"}],"version-history":[{"count":22,"href":"https:\/\/www.ccsa.ufpb.br\/bsccsa\/wp-json\/wp\/v2\/pages\/27\/revisions"}],"predecessor-version":[{"id":1012,"href":"https:\/\/www.ccsa.ufpb.br\/bsccsa\/wp-json\/wp\/v2\/pages\/27\/revisions\/1012"}],"wp:attachment":[{"href":"https:\/\/www.ccsa.ufpb.br\/bsccsa\/wp-json\/wp\/v2\/media?parent=27"}],"curies":[{"name":"wp","href":"https:\/\/api.w.org\/{rel}","templated":true}]}}