{"id":479,"date":"2025-05-22T19:07:48","date_gmt":"2025-05-22T19:07:48","guid":{"rendered":"https:\/\/www.ccsa.ufpb.br\/bsccsa\/?page_id=479"},"modified":"2025-08-29T18:04:53","modified_gmt":"2025-08-29T18:04:53","slug":"producao-academica-sobre-bsbb","status":"publish","type":"page","link":"https:\/\/www.ccsa.ufpb.br\/bsccsa\/producao-academica-sobre-bsbb\/","title":{"rendered":"Produ\u00e7\u00e3o acad\u00eamica sobre a BSBB"},"content":{"rendered":"\n<p>Nesta se\u00e7\u00e3o, reunimos os Trabalhos de Conclus\u00e3o de Curso (TCCs) que t\u00eam como tema ou fazem refer\u00eancia \u00e0 Biblioteca Setorial Berilo Borba, vinculada ao Centro de Ci\u00eancias Sociais Aplicadas (CCSA) da UFPB.<\/p>\n\n\n\n<p>Esses trabalhos refletem a relev\u00e2ncia da biblioteca como espa\u00e7o de pesquisa, pr\u00e1tica e reflex\u00e3o para estudantes de Biblioteconomia e \u00e1reas afins. As produ\u00e7\u00f5es abordam desde o uso das redes sociais na comunica\u00e7\u00e3o com os usu\u00e1rios at\u00e9 a acessibilidade dos espa\u00e7os e a avalia\u00e7\u00e3o dos servi\u00e7os informacionais oferecidos.<\/p>\n\n\n\n<p>Abaixo, voc\u00ea encontra uma lista de TCCs que contribuem para a constru\u00e7\u00e3o do conhecimento sobre a atua\u00e7\u00e3o da nossa biblioteca.<\/p>\n\n\n\n<p><\/p>\n\n\n\n<ol class=\"wp-block-list\">\n<li>[2000] T\u00edtulo: Caracteriza\u00e7\u00e3o do acervo de obras gerais da Biblioteca Setorial do CCSA&nbsp;\/ Autor: Bandeira, Maria Jos\u00e9 Gomes. Orientadora: Rosa Zuleide Lima da Silva. <mark style=\"background-color:#ffffff\" class=\"has-inline-color has-vivid-cyan-blue-color\"><a href=\"https:\/\/sigaa.ufpb.br\/sigaa\/public\/biblioteca\/buscaPublicaAcervo.jsf\" data-type=\"link\" data-id=\"https:\/\/sigaa.ufpb.br\/sigaa\/public\/biblioteca\/buscaPublicaAcervo.jsf\" target=\"_blank\" rel=\"noreferrer noopener\">Cat\u00e1logo Online: 027.7(043) B214c MB0006<\/a><\/mark><\/li>\n\n\n\n<li>[2000] T\u00edtulo: Educa\u00e7\u00e3o de usu\u00e1rios da biblioteca setorial do Centro de Ci\u00eancias Sociais Aplicadas da Universidade Federal da Para\u00edba: um diagn\u00f3stico \/ Autor: Ribanna de Azevedo Souza. Orientador: Rosa Luleide Lima da Silva. <a href=\"https:\/\/sigaa.ufpb.br\/sigaa\/public\/biblioteca\/buscaPublicaAcervo.jsf\" data-type=\"link\" data-id=\"https:\/\/sigaa.ufpb.br\/sigaa\/public\/biblioteca\/buscaPublicaAcervo.jsf\" target=\"_blank\" rel=\"noreferrer noopener\">Localiza\u00e7\u00e3o: 027.7(043) A994e MB0010<\/a><\/li>\n\n\n\n<li>[2008] T\u00edtulo: Avalia\u00e7\u00e3o da percep\u00e7\u00e3o da qualidade dos servi\u00e7os ofertados pela Biblioteca Setorial do CCSA da UFPB: uma vis\u00e3o dos funcion\u00e1rios \/ Autor: Fernando Augusto Alves Vieira. Orientador: Gustavo Henrique de Ara\u00fajo Freire. <a href=\"https:\/\/sigaa.ufpb.br\/sigaa\/public\/biblioteca\/buscaPublicaAcervo.jsf\" data-type=\"link\" data-id=\"https:\/\/sigaa.ufpb.br\/sigaa\/public\/biblioteca\/buscaPublicaAcervo.jsf\">Localiza\u00e7\u00e3o: 0<\/a><a href=\"https:\/\/sigaa.ufpb.br\/sigaa\/public\/biblioteca\/buscaPublicaAcervo.jsf\" data-type=\"link\" data-id=\"https:\/\/sigaa.ufpb.br\/sigaa\/public\/biblioteca\/buscaPublicaAcervo.jsf\" target=\"_blank\" rel=\"noreferrer noopener\">2<\/a><a href=\"https:\/\/sigaa.ufpb.br\/sigaa\/public\/biblioteca\/buscaPublicaAcervo.jsf\" data-type=\"link\" data-id=\"https:\/\/sigaa.ufpb.br\/sigaa\/public\/biblioteca\/buscaPublicaAcervo.jsf\">7.7(043) V658a MB0167<\/a><\/li>\n\n\n\n<li>[2009] T\u00edtulo: A qualidade dos servi\u00e7os prestados pela Biblioteca Setorial do CCSA da UFPB: uma avalia\u00e7\u00e3o dos usu\u00e1rios externos \/ Autor: Beatriz Eug\u00eanio Maia. Orientador: Gustavo Henrique de Ara\u00fajo Freire. <a href=\"https:\/\/sigaa.ufpb.br\/sigaa\/public\/biblioteca\/buscaPublicaAcervo.jsf\" data-type=\"link\" data-id=\"https:\/\/sigaa.ufpb.br\/sigaa\/public\/biblioteca\/buscaPublicaAcervo.jsf\" target=\"_blank\" rel=\"noreferrer noopener\">Localiza\u00e7\u00e3o: 02(043) M217q MB0183 CD 00344 BIBLIOTECONOMIA<\/a><\/li>\n\n\n\n<li>[2012] T\u00edtulo: Qualidade no servi\u00e7o p\u00fablico: o caso da Biblioteca Setorial do Centro de Ci\u00eancias Sociais Aplicadas, na perspectiva de estudantes de Administra\u00e7\u00e3o da UFPB no per\u00edodo 2012.1 \/ Autor: Rauny Wagner Trigueiro Resende Luna. Orientadora: K\u00e1tia Virginia Ayres. <a href=\"https:\/\/repositorio.ufpb.br\/jspui\/handle\/123456789\/1385\" target=\"_blank\" rel=\"noreferrer noopener\">https:\/\/repositorio.ufpb.br\/jspui\/handle\/123456789\/1385<\/a><\/li>\n\n\n\n<li>[2013] T\u00edtulo: Qualidade em servi\u00e7o : a percep\u00e7\u00e3o dos usu\u00e1rios da biblioteca do CCSA \/ Autor: Bruno Vin\u00edcius Pessoa Santos. Orientadora: Germana Tavares De Melo. <a href=\"https:\/\/sigaa.ufpb.br\/sigaa\/public\/biblioteca\/buscaPublicaAcervo.jsf\" data-type=\"link\" data-id=\"https:\/\/sigaa.ufpb.br\/sigaa\/public\/biblioteca\/buscaPublicaAcervo.jsf\" target=\"_blank\" rel=\"noreferrer noopener\">Localiza\u00e7\u00e3o:<br>005 S237 MONOG CD 00751 TCC ADMINISTRA\u00c7\u00c3O<\/a><\/li>\n\n\n\n<li>[2015] T\u00edtulo: Uso da biblioteca do CCSA\/ UFPB pelos alunos concluintes do curso de Arquivologia 2015.1 \/ Autor: Maria Helena Pio In\u00e1cio. Orientadora: Eliane Bezerra Paiva. <a href=\"https:\/\/repositorio.ufpb.br\/jspui\/handle\/123456789\/1937\" target=\"_blank\" rel=\"noreferrer noopener\">https:\/\/repositorio.ufpb.br\/jspui\/handle\/123456789\/1937<\/a><\/li>\n\n\n\n<li>[2015] T\u00edtulo: Avalia\u00e7\u00e3o de acessibilidade da Biblioteca Setorial do Centro de Ci\u00eancias Sociais Aplicadas da UFPB \/ Autor: Gerdson Cristiano Gouveia de Oliveira. Orientadora: Izabel Fran\u00e7a de Lima. <a href=\"https:\/\/repositorio.ufpb.br\/jspui\/handle\/123456789\/2031\" target=\"_blank\" rel=\"noreferrer noopener\">https:\/\/repositorio.ufpb.br\/jspui\/handle\/123456789\/2031<\/a><\/li>\n\n\n\n<li>[2016] T\u00edtulo: O Sistema Integrado de Gest\u00e3o de Atividades Acad\u00eamicas (SIGAA) na concep\u00e7\u00e3o dos bibliotec\u00e1rios das Bibliotecas Setoriais da Universidade Federal da Para\u00edba \/ Autor: Jhonatta da Silva Pereira. Orientadora: Genoveva Batista do Nascimento. <a href=\"https:\/\/repositorio.ufpb.br\/jspui\/handle\/123456789\/21432\" target=\"_blank\" rel=\"noreferrer noopener\">https:\/\/repositorio.ufpb.br\/jspui\/handle\/123456789\/21432<\/a><\/li>\n\n\n\n<li>[2016] T\u00edtulo: O servi\u00e7o refer\u00eancia na vis\u00e3o dos usu\u00e1rios: um estudo de caso nas bibliotecas da Universidade Federal da Para\u00edba (UFPB) \/ Autor: Adriano Albino Rodrigues. Orientadora: Rosilene Agapito da Silva Llarena. <a href=\"https:\/\/repositorio.ufpb.br\/jspui\/handle\/123456789\/1928\" target=\"_blank\" rel=\"noreferrer noopener\">https:\/\/repositorio.ufpb.br\/jspui\/handle\/123456789\/1928<\/a><\/li>\n\n\n\n<li>[2017] T\u00edtulo: As redes sociais a servi\u00e7o da biblioteca universit\u00e1ria: um olhar sobre a Biblioteca Setorial do CCSA \/ Autor: Eriv\u00e2nia Fernandes da Silva. Orientadora: Ediane Toscano Galdino de Carvalho. <a href=\"https:\/\/repositorio.ufpb.br\/jspui\/handle\/123456789\/14725\" target=\"_blank\" rel=\"noreferrer noopener\">https:\/\/repositorio.ufpb.br\/jspui\/handle\/123456789\/14725<\/a><\/li>\n\n\n\n<li>[2019] T\u00edtulo: Marketing em Unidade da Informa\u00e7\u00e3o: uma an\u00e1lise das estrat\u00e9gias de marketing nas m\u00eddias sociais da Biblioteca Setorial do Centro de Ci\u00eancias Sociais Aplicadas da Universidade Federal da Para\u00edba (CCSA\/UFPB) \/ Autor: Ilzeni Almeida N\u00f3brega. Orientadora: Alba L\u00edgia de Almeida Silva. <a href=\"https:\/\/repositorio.ufpb.br\/jspui\/handle\/123456789\/21430\" target=\"_blank\" rel=\"noreferrer noopener\">https:\/\/repositorio.ufpb.br\/jspui\/handle\/123456789\/21430<\/a><\/li>\n\n\n\n<li>[2019] T\u00edtulo: Servi\u00e7os Informacionais nas Bibliotecas Universit\u00e1rias: uma an\u00e1lise a partir dos usu\u00e1rios da Biblioteca do CCSA\/UFPB \/ Autor: \u00c2ngelo Augusto Coelho Pereira. Orienta\u00e7\u00e3o: Fernanda Mirelle de Almeida Silva. <a href=\"https:\/\/repositorio.ufpb.br\/jspui\/handle\/123456789\/13626\" target=\"_blank\" rel=\"noreferrer noopener\">https:\/\/repositorio.ufpb.br\/jspui\/handle\/123456789\/13626<\/a><\/li>\n\n\n\n<li>[2019] T\u00edtulo: Marketing em bibliotecas: a promo\u00e7\u00e3o dos servi\u00e7os de informa\u00e7\u00e3o no Sistema de Bibliotecas da UFPB campus I\u00a0\/ Autor: Jandui Ben\u00edcio de S\u00e1. Orientador: Renata Baldanza. <a href=\"https:\/\/repositorio.ufpb.br\/jspui\/handle\/123456789\/17239\" target=\"_blank\" rel=\"noreferrer noopener\">https:\/\/repositorio.ufpb.br\/jspui\/handle\/123456789\/17239<\/a><\/li>\n\n\n\n<li>[2020] T\u00edtulo: Onde est\u00e1 a estrat\u00e9gia digital das bibliotecas?: marketing em m\u00eddias sociais na UFPB \/ Autor: Fl\u00e1via Sena da Silva. Orientador: Jobson Louis Santos de Almeida. <a href=\"https:\/\/repositorio.ufpb.br\/jspui\/handle\/123456789\/22135\" target=\"_blank\" rel=\"noreferrer noopener\">https:\/\/repositorio.ufpb.br\/jspui\/handle\/123456789\/22135<\/a><\/li>\n\n\n\n<li>[2022] T\u00edtulo: O encontro da escuta sens\u00edvel com as leis de Ranganathan: entre sil\u00eancios, ecos, possibilidades e desafios \/ Autor: Avanilda Alves da Silva Rodrigues. Orientadora: Edna Gomes Pinheiro. <a href=\"https:\/\/repositorio.ufpb.br\/jspui\/handle\/123456789\/28884\" target=\"_blank\" rel=\"noreferrer noopener\">https:\/\/repositorio.ufpb.br\/jspui\/handle\/123456789\/28884<\/a><\/li>\n\n\n\n<li>[2024] T\u00edtulo: Cultura em a\u00e7\u00e3o: as pr\u00e1ticas de a\u00e7\u00e3o cultural na Biblioteca Setorial Berilo Borba do CCSA\/UFPB \/ Autor:<em><a href=\"https:\/\/repositorio.ufpb.br\/jspui\/browse?type=author&amp;value=Alves%2C+Marcicleide+Simplicio\"> <\/a><\/em>Marcicleide Simplicio Alves. Orientadora: Nascimento, Genoveva Batista do. <a href=\"https:\/\/repositorio.ufpb.br\/jspui\/handle\/123456789\/35471\" target=\"_blank\" rel=\"noreferrer noopener\">https:\/\/repositorio.ufpb.br\/jspui\/handle\/123456789\/35471<\/a><\/li>\n<\/ol>\n\n\n\n<p><\/p>\n\n\n\n<p><\/p>\n\n\n\n<p><\/p>\n","protected":false},"excerpt":{"rendered":"<p>Nesta se\u00e7\u00e3o, reunimos os Trabalhos de Conclus\u00e3o de Curso (TCCs) que t\u00eam como tema ou [&hellip;]<\/p>\n","protected":false},"author":200,"featured_media":0,"parent":0,"menu_order":0,"comment_status":"closed","ping_status":"closed","template":"","meta":{"footnotes":""},"class_list":["post-479","page","type-page","status-publish","hentry"],"_links":{"self":[{"href":"https:\/\/www.ccsa.ufpb.br\/bsccsa\/wp-json\/wp\/v2\/pages\/479","targetHints":{"allow":["GET"]}}],"collection":[{"href":"https:\/\/www.ccsa.ufpb.br\/bsccsa\/wp-json\/wp\/v2\/pages"}],"about":[{"href":"https:\/\/www.ccsa.ufpb.br\/bsccsa\/wp-json\/wp\/v2\/types\/page"}],"author":[{"embeddable":true,"href":"https:\/\/www.ccsa.ufpb.br\/bsccsa\/wp-json\/wp\/v2\/users\/200"}],"replies":[{"embeddable":true,"href":"https:\/\/www.ccsa.ufpb.br\/bsccsa\/wp-json\/wp\/v2\/comments?post=479"}],"version-history":[{"count":19,"href":"https:\/\/www.ccsa.ufpb.br\/bsccsa\/wp-json\/wp\/v2\/pages\/479\/revisions"}],"predecessor-version":[{"id":671,"href":"https:\/\/www.ccsa.ufpb.br\/bsccsa\/wp-json\/wp\/v2\/pages\/479\/revisions\/671"}],"wp:attachment":[{"href":"https:\/\/www.ccsa.ufpb.br\/bsccsa\/wp-json\/wp\/v2\/media?parent=479"}],"curies":[{"name":"wp","href":"https:\/\/api.w.org\/{rel}","templated":true}]}}