{"id":672,"date":"2025-08-29T18:47:04","date_gmt":"2025-08-29T18:47:04","guid":{"rendered":"https:\/\/www.ccsa.ufpb.br\/bsccsa\/?page_id=672"},"modified":"2025-11-13T22:50:43","modified_gmt":"2025-11-13T22:50:43","slug":"treinamentos","status":"publish","type":"page","link":"https:\/\/www.ccsa.ufpb.br\/bsccsa\/treinamentos\/","title":{"rendered":"Normaliza\u00e7\u00e3o TCC"},"content":{"rendered":"\n<p>O Servi\u00e7o de Normaliza\u00e7\u00e3o de Trabalhos Acad\u00eamicos tem como objetivo orientar a comunidade acad\u00eamica do Centro de Ci\u00eancias Sociais Aplicadas (CCSA\/UFPB) na aplica\u00e7\u00e3o das normas da ABNT e demais padr\u00f5es t\u00e9cnicos utilizados na elabora\u00e7\u00e3o de Trabalhos de Conclus\u00e3o de Curso (TCC).<\/p>\n\n\n\n<p>Esse servi\u00e7o contribui para garantir a padroniza\u00e7\u00e3o e a qualidade formal dos trabalhos produzidos no \u00e2mbito do CCSA, refor\u00e7ando as boas pr\u00e1ticas de apresenta\u00e7\u00e3o e refer\u00eancia de fontes.<\/p>\n\n\n\n<hr class=\"wp-block-separator has-alpha-channel-opacity\" \/>\n\n\n\n<h2 class=\"wp-block-heading\"><div class=\"linha-header\">O que o servi\u00e7o oferece<\/div><\/h2>\n\n\n\n<ul class=\"wp-block-list\">\n<li>Orienta\u00e7\u00f5es sobre estrutura, formata\u00e7\u00e3o e elementos obrigat\u00f3rios dos trabalhos acad\u00eamicos;<\/li>\n\n\n\n<li>Esclarecimento de d\u00favidas sobre cita\u00e7\u00f5es e refer\u00eancias bibliogr\u00e1ficas (ABNT);<\/li>\n\n\n\n<li>Indica\u00e7\u00e3o de ferramentas e guias que auxiliam na normaliza\u00e7\u00e3o;<\/li>\n\n\n\n<li>Apoio no uso \u00e9tico e respons\u00e1vel de fontes e na adequa\u00e7\u00e3o das refer\u00eancias.<\/li>\n<\/ul>\n\n\n\n<hr class=\"wp-block-separator has-alpha-channel-opacity\" \/>\n\n\n\n<h2 class=\"wp-block-heading\"><div class=\"linha-header\">Como solicitar atendimento<\/div><\/h2>\n\n\n\n<p>Os atendimentos de normaliza\u00e7\u00e3o s\u00e3o realizados mediante agendamento, de forma presencial ou online, conforme a disponibilidade da equipe t\u00e9cnica da biblioteca.<\/p>\n\n\n\n<p>Para agendar ou tirar d\u00favidas, entre em contato:<br><strong><a>biblioteca@ccsa.ufpb.br<\/a><\/strong><br><strong>(83) 3216-7494<\/strong><\/p>\n\n\n\n<hr class=\"wp-block-separator has-alpha-channel-opacity\" \/>\n\n\n\n<h2 class=\"wp-block-heading\"><div class=\"linha-header\">Materiais de apoio<\/div><\/h2>\n\n\n\n<p>A BSBB disponibiliza guias, tutoriais e modelos de formata\u00e7\u00e3o para facilitar a elabora\u00e7\u00e3o do seu trabalho acad\u00eamico.<br>Para ter acesso \u00e0s instru\u00e7\u00f5es para padroniza\u00e7\u00e3o e dep\u00f3sito de TCCs\u00a0<a href=\"https:\/\/docs.google.com\/document\/d\/19aGoBingkPfroFqG4FFAQv8It2DQoex3kHyeUdVY_I0\/edit?tab=t.0\">clique aqui.<\/a><\/p>\n\n\n\n<p>Para ter acesso ao\u00a0Template em Word do modelo de TCC de acordo com as normas da ABNT<a href=\"http:\/\/www.ccsa.ufpb.br\/bsccsa\/wp-content\/uploads\/sites\/179\/sites\/248\/2025\/10\/Template-TCC-CCSA.docx\">\u00a0<\/a><a href=\"https:\/\/docs.google.com\/document\/d\/1uV4UQpzRGWK2cmiZsKc4rjGo43ZuRNIyAJ2OMpLZvH4\/edit?tab=t.0\">clique aqui.<\/a><\/p>\n","protected":false},"excerpt":{"rendered":"<p>O Servi\u00e7o de Normaliza\u00e7\u00e3o de Trabalhos Acad\u00eamicos tem como objetivo orientar a comunidade acad\u00eamica do [&hellip;]<\/p>\n","protected":false},"author":200,"featured_media":0,"parent":0,"menu_order":0,"comment_status":"closed","ping_status":"closed","template":"","meta":{"footnotes":""},"class_list":["post-672","page","type-page","status-publish","hentry"],"_links":{"self":[{"href":"https:\/\/www.ccsa.ufpb.br\/bsccsa\/wp-json\/wp\/v2\/pages\/672","targetHints":{"allow":["GET"]}}],"collection":[{"href":"https:\/\/www.ccsa.ufpb.br\/bsccsa\/wp-json\/wp\/v2\/pages"}],"about":[{"href":"https:\/\/www.ccsa.ufpb.br\/bsccsa\/wp-json\/wp\/v2\/types\/page"}],"author":[{"embeddable":true,"href":"https:\/\/www.ccsa.ufpb.br\/bsccsa\/wp-json\/wp\/v2\/users\/200"}],"replies":[{"embeddable":true,"href":"https:\/\/www.ccsa.ufpb.br\/bsccsa\/wp-json\/wp\/v2\/comments?post=672"}],"version-history":[{"count":8,"href":"https:\/\/www.ccsa.ufpb.br\/bsccsa\/wp-json\/wp\/v2\/pages\/672\/revisions"}],"predecessor-version":[{"id":981,"href":"https:\/\/www.ccsa.ufpb.br\/bsccsa\/wp-json\/wp\/v2\/pages\/672\/revisions\/981"}],"wp:attachment":[{"href":"https:\/\/www.ccsa.ufpb.br\/bsccsa\/wp-json\/wp\/v2\/media?parent=672"}],"curies":[{"name":"wp","href":"https:\/\/api.w.org\/{rel}","templated":true}]}}