{"id":78,"date":"2025-02-04T20:52:50","date_gmt":"2025-02-04T20:52:50","guid":{"rendered":"https:\/\/www.ccsa.ufpb.br\/bsccsa2\/?page_id=78"},"modified":"2025-06-12T21:24:47","modified_gmt":"2025-06-12T21:24:47","slug":"plano-de-contingencia","status":"publish","type":"page","link":"https:\/\/www.ccsa.ufpb.br\/bsccsa\/plano-de-contingencia\/","title":{"rendered":"Plano de Conting\u00eancia"},"content":{"rendered":"\n<p>O Plano de Conting\u00eancia \u00e9 um documento que tem por objetivo estabelecer as a\u00e7\u00f5es e condi\u00e7\u00f5es m\u00ednimas de conting\u00eancia para o funcionamento das rotinas di\u00e1rias da biblioteca, prezando assim pela garantia de acesso aos servi\u00e7os prestados \u00e0 comunidade acad\u00eamica.<\/p>\n\n\n\n<p>Visa tamb\u00e9m atender aos crit\u00e9rios b\u00e1sicos e necess\u00e1rios orientados pelo Minist\u00e9rio da Educa\u00e7\u00e3o (MEC) no tocante \u00e0 biblioteca, disponibilizados no instrumento de avalia\u00e7\u00e3o de cursos de gradua\u00e7\u00e3o presencial e \u00e0 dist\u00e2ncia apresentado pelo \u00f3rg\u00e3o, para reconhecimento e renova\u00e7\u00e3o de reconhecimento dos referidos cursos.<\/p>\n\n\n\n<p>Para ter acesso ao Plano de Conting\u00eancia da Biblioteca Setorial do CCSA, <a href=\"https:\/\/drive.google.com\/file\/d\/1qooXZaqUbYoa6DXyrVq2reTvxtWO9BQS\/view?usp=sharing\">clique aqui<\/a>.<\/p>\n\n\n\n<p><\/p>\n","protected":false},"excerpt":{"rendered":"<p>O Plano de Conting\u00eancia \u00e9 um documento que tem por objetivo estabelecer as a\u00e7\u00f5es e [&hellip;]<\/p>\n","protected":false},"author":63,"featured_media":0,"parent":0,"menu_order":0,"comment_status":"closed","ping_status":"closed","template":"","meta":{"footnotes":""},"class_list":["post-78","page","type-page","status-publish","hentry"],"_links":{"self":[{"href":"https:\/\/www.ccsa.ufpb.br\/bsccsa\/wp-json\/wp\/v2\/pages\/78","targetHints":{"allow":["GET"]}}],"collection":[{"href":"https:\/\/www.ccsa.ufpb.br\/bsccsa\/wp-json\/wp\/v2\/pages"}],"about":[{"href":"https:\/\/www.ccsa.ufpb.br\/bsccsa\/wp-json\/wp\/v2\/types\/page"}],"author":[{"embeddable":true,"href":"https:\/\/www.ccsa.ufpb.br\/bsccsa\/wp-json\/wp\/v2\/users\/63"}],"replies":[{"embeddable":true,"href":"https:\/\/www.ccsa.ufpb.br\/bsccsa\/wp-json\/wp\/v2\/comments?post=78"}],"version-history":[{"count":4,"href":"https:\/\/www.ccsa.ufpb.br\/bsccsa\/wp-json\/wp\/v2\/pages\/78\/revisions"}],"predecessor-version":[{"id":532,"href":"https:\/\/www.ccsa.ufpb.br\/bsccsa\/wp-json\/wp\/v2\/pages\/78\/revisions\/532"}],"wp:attachment":[{"href":"https:\/\/www.ccsa.ufpb.br\/bsccsa\/wp-json\/wp\/v2\/media?parent=78"}],"curies":[{"name":"wp","href":"https:\/\/api.w.org\/{rel}","templated":true}]}}