{"id":796,"date":"2025-10-07T19:49:50","date_gmt":"2025-10-07T19:49:50","guid":{"rendered":"https:\/\/www.ccsa.ufpb.br\/bsccsa\/?page_id=796"},"modified":"2025-10-07T19:49:50","modified_gmt":"2025-10-07T19:49:50","slug":"quitacao-nada-consta","status":"publish","type":"page","link":"https:\/\/www.ccsa.ufpb.br\/bsccsa\/quitacao-nada-consta\/","title":{"rendered":"Quita\u00e7\u00e3o \/ Nada Consta"},"content":{"rendered":"\n<p>O Documento de Quita\u00e7\u00e3o da Biblioteca, tamb\u00e9m conhecido como Nada Consta, \u00e9 emitido para comprovar que o usu\u00e1rio n\u00e3o possui pend\u00eancias junto ao Sistema de Bibliotecas da UFPB, como empr\u00e9stimos em aberto, materiais atrasados ou multas.<\/p>\n\n\n\n<p>Esse documento \u00e9 necess\u00e1rio para a conclus\u00e3o de curso, cola\u00e7\u00e3o de grau, trancamento de curso.<\/p>\n\n\n\n<hr class=\"wp-block-separator has-alpha-channel-opacity\" \/>\n\n\n\n<h2 class=\"wp-block-heading\"><div class=\"linha-header\">\u26a0\ufe0f Importante<\/div><\/h2>\n\n\n\n<p>Ao solicitar o documento de quita\u00e7\u00e3o, o usu\u00e1rio <strong>encerra automaticamente seu v\u00ednculo com a biblioteca<\/strong>.<br>Isso significa que, ap\u00f3s a emiss\u00e3o do Nada Consta, <strong>n\u00e3o ser\u00e1 mais poss\u00edvel realizar empr\u00e9stimos, renova\u00e7\u00f5es ou solicitar ficha catalogr\u00e1fica<\/strong>.<\/p>\n\n\n\n<p>Portanto, <strong>certifique-se de que n\u00e3o precisar\u00e1 mais dos servi\u00e7os da biblioteca<\/strong> antes de gerar o documento.<\/p>\n\n\n\n<hr class=\"wp-block-separator has-alpha-channel-opacity\" \/>\n\n\n\n<h2 class=\"wp-block-heading\"><div class=\"linha-header\">\ud83e\udeaa Como gerar o Nada Consta pelo SIGAA<\/div><\/h2>\n\n\n\n<h3 class=\"wp-block-heading\"><strong>Passo 1 \u2013 Acesse o SIGAA<\/strong><\/h3>\n\n\n\n<p>Entre no <strong>SIGAA<\/strong> com seu login institucional.<br>No menu principal, clique em:<\/p>\n\n\n\n<blockquote class=\"wp-block-quote is-layout-flow wp-block-quote-is-layout-flow\">\n<p><strong>Biblioteca \u2192 Verificar minha situa\u00e7\u00e3o \/ Encerrar V\u00ednculo<\/strong><\/p>\n\n\n\n<figure class=\"wp-block-image size-full\"><img loading=\"lazy\" decoding=\"async\" width=\"795\" height=\"587\" src=\"https:\/\/www.ccsa.ufpb.br\/bsccsa\/wp-content\/uploads\/sites\/179\/sites\/248\/2025\/10\/image-1.png\" alt=\"\" class=\"wp-image-798\" srcset=\"https:\/\/www.ccsa.ufpb.br\/bsccsa\/wp-content\/uploads\/sites\/179\/sites\/248\/2025\/10\/image-1.png 795w, https:\/\/www.ccsa.ufpb.br\/bsccsa\/wp-content\/uploads\/sites\/179\/sites\/248\/2025\/10\/image-1-300x222.png 300w, https:\/\/www.ccsa.ufpb.br\/bsccsa\/wp-content\/uploads\/sites\/179\/sites\/248\/2025\/10\/image-1-768x567.png 768w\" sizes=\"auto, (max-width: 795px) 100vw, 795px\" \/><\/figure>\n<\/blockquote>\n\n\n\n<hr class=\"wp-block-separator has-alpha-channel-opacity\" \/>\n\n\n\n<h3 class=\"wp-block-heading\"><strong>Passo 2 \u2013 Encerrar v\u00ednculo<\/strong><\/h3>\n\n\n\n<p>Selecione a op\u00e7\u00e3o:<\/p>\n\n\n\n<blockquote class=\"wp-block-quote is-layout-flow wp-block-quote-is-layout-flow\">\n<p><strong>Encerrar V\u00ednculo Ativo sem Confirma\u00e7\u00e3o<\/strong><\/p>\n<\/blockquote>\n\n\n\n<p>Confirme a solicita\u00e7\u00e3o.<\/p>\n\n\n\n<figure class=\"wp-block-image size-full\"><img loading=\"lazy\" decoding=\"async\" width=\"800\" height=\"421\" src=\"https:\/\/www.ccsa.ufpb.br\/bsccsa\/wp-content\/uploads\/sites\/179\/sites\/248\/2025\/10\/image.jpeg\" alt=\"\" class=\"wp-image-799\" srcset=\"https:\/\/www.ccsa.ufpb.br\/bsccsa\/wp-content\/uploads\/sites\/179\/sites\/248\/2025\/10\/image.jpeg 800w, https:\/\/www.ccsa.ufpb.br\/bsccsa\/wp-content\/uploads\/sites\/179\/sites\/248\/2025\/10\/image-300x158.jpeg 300w, https:\/\/www.ccsa.ufpb.br\/bsccsa\/wp-content\/uploads\/sites\/179\/sites\/248\/2025\/10\/image-768x404.jpeg 768w\" sizes=\"auto, (max-width: 800px) 100vw, 800px\" \/><\/figure>\n\n\n\n<hr class=\"wp-block-separator has-alpha-channel-opacity\" \/>\n\n\n\n<h3 class=\"wp-block-heading\"><strong>Passo 3 \u2013 Emitir o documento<\/strong><\/h3>\n\n\n\n<p>Ap\u00f3s a confirma\u00e7\u00e3o, ser\u00e1 exibida a <strong>Declara\u00e7\u00e3o de Nada Consta<\/strong>.<br>Voc\u00ea pode clicar em <strong>Imprimir<\/strong> e <strong>salvar o PDF<\/strong> no seu computador ou celular.<\/p>\n\n\n\n<figure class=\"wp-block-image size-full\"><img loading=\"lazy\" decoding=\"async\" width=\"800\" height=\"569\" src=\"https:\/\/www.ccsa.ufpb.br\/bsccsa\/wp-content\/uploads\/sites\/179\/sites\/248\/2025\/10\/image-1.jpeg\" alt=\"\" class=\"wp-image-800\" srcset=\"https:\/\/www.ccsa.ufpb.br\/bsccsa\/wp-content\/uploads\/sites\/179\/sites\/248\/2025\/10\/image-1.jpeg 800w, https:\/\/www.ccsa.ufpb.br\/bsccsa\/wp-content\/uploads\/sites\/179\/sites\/248\/2025\/10\/image-1-300x213.jpeg 300w, https:\/\/www.ccsa.ufpb.br\/bsccsa\/wp-content\/uploads\/sites\/179\/sites\/248\/2025\/10\/image-1-768x546.jpeg 768w\" sizes=\"auto, (max-width: 800px) 100vw, 800px\" \/><\/figure>\n\n\n\n<hr class=\"wp-block-separator has-alpha-channel-opacity\" \/>\n\n\n\n<h2 class=\"wp-block-heading\"><div class=\"linha-header\">\ud83d\udcde Em caso de d\u00favidas<\/div><\/h2>\n\n\n\n<p>Entre em contato com a equipe da BSBB:<br>\ud83d\udce7 <strong><a>biblioteca@ccsa.ufpb.br<\/a><\/strong><br>\ud83d\udcde <strong>(83) 3216-7494<\/strong><\/p>\n","protected":false},"excerpt":{"rendered":"<p>O Documento de Quita\u00e7\u00e3o da Biblioteca, tamb\u00e9m conhecido como Nada Consta, \u00e9 emitido para comprovar [&hellip;]<\/p>\n","protected":false},"author":200,"featured_media":0,"parent":0,"menu_order":0,"comment_status":"closed","ping_status":"closed","template":"","meta":{"footnotes":""},"class_list":["post-796","page","type-page","status-publish","hentry"],"_links":{"self":[{"href":"https:\/\/www.ccsa.ufpb.br\/bsccsa\/wp-json\/wp\/v2\/pages\/796","targetHints":{"allow":["GET"]}}],"collection":[{"href":"https:\/\/www.ccsa.ufpb.br\/bsccsa\/wp-json\/wp\/v2\/pages"}],"about":[{"href":"https:\/\/www.ccsa.ufpb.br\/bsccsa\/wp-json\/wp\/v2\/types\/page"}],"author":[{"embeddable":true,"href":"https:\/\/www.ccsa.ufpb.br\/bsccsa\/wp-json\/wp\/v2\/users\/200"}],"replies":[{"embeddable":true,"href":"https:\/\/www.ccsa.ufpb.br\/bsccsa\/wp-json\/wp\/v2\/comments?post=796"}],"version-history":[{"count":1,"href":"https:\/\/www.ccsa.ufpb.br\/bsccsa\/wp-json\/wp\/v2\/pages\/796\/revisions"}],"predecessor-version":[{"id":801,"href":"https:\/\/www.ccsa.ufpb.br\/bsccsa\/wp-json\/wp\/v2\/pages\/796\/revisions\/801"}],"wp:attachment":[{"href":"https:\/\/www.ccsa.ufpb.br\/bsccsa\/wp-json\/wp\/v2\/media?parent=796"}],"curies":[{"name":"wp","href":"https:\/\/api.w.org\/{rel}","templated":true}]}}