{"id":85,"date":"2025-02-04T21:33:09","date_gmt":"2025-02-04T21:33:09","guid":{"rendered":"https:\/\/www.ccsa.ufpb.br\/bsccsa2\/?page_id=85"},"modified":"2025-10-30T22:12:47","modified_gmt":"2025-10-30T22:12:47","slug":"emprestimo-domiciliar-e-renovacao-online","status":"publish","type":"page","link":"https:\/\/www.ccsa.ufpb.br\/bsccsa\/emprestimo-domiciliar-e-renovacao-online\/","title":{"rendered":"Empr\u00e9stimo domiciliar"},"content":{"rendered":"\n<p>O acervo da Biblioteca Setorial Berilo Borba \u00e9 de livre acesso \u00e0 toda comunidade, por\u00e9m s\u00f3 poder\u00e1 realizar o empr\u00e9stimo domiciliar, usu\u00e1rios com v\u00ednculo ativo no SIGAA da UFPB.<\/p>\n\n\n\n<p>Podem realizar empr\u00e9stimo domiciliar as seguintes categorias de usu\u00e1rio:<\/p>\n\n\n\n<figure class=\"wp-block-table\"><table class=\"has-fixed-layout\"><tbody><tr><td><strong>Categoria de usu\u00e1rio&nbsp;<br><\/strong><\/td><td><strong>Quantidade de livros<\/strong><\/td><td><strong>Prazo de empr\u00e9stimo<\/strong><\/td><\/tr><tr><td>Aluno de gradua\u00e7\u00e3o Aluno de p\u00f3s-gradua\u00e7\u00e3o Servidor t\u00e9cnico-administrativo<\/td><td>at\u00e9 6 livros<\/td><td>20 dias (renov\u00e1veis 01 \u00fanica vez, por mais 20 dias)<\/td><\/tr><tr><td>Servidor docente<\/td><td>at\u00e9 10 livros<\/td><td>20 dias (renov\u00e1veis 01 \u00fanica vez, por mais 20 dias)<\/td><\/tr><\/tbody><\/table><\/figure>\n\n\n\n<p><\/p>\n\n\n\n<ul class=\"wp-block-list\">\n<li>O acervo destinado ao empr\u00e9stimo domiciliar compreende os livros&nbsp; cadastrados no Cat\u00e1logo Online do Sistema de Bibliotecas com status &#8220;<strong>Regular<\/strong>&#8221; e situa\u00e7\u00e3o &#8220;<strong>Dispon\u00edvel<\/strong>&#8220;;<\/li>\n<\/ul>\n\n\n\n<ul class=\"wp-block-list\">\n<li><strong>A devolu\u00e7\u00e3o<\/strong>&nbsp;poder\u00e1 ser efetivada pelo pr\u00f3prio usu\u00e1rio ou por terceiros, at\u00e9 15 minutos antes do hor\u00e1rio de encerramento do expediente da Biblioteca;<\/li>\n<\/ul>\n\n\n\n<ul class=\"wp-block-list\">\n<li><strong>A renova\u00e7\u00e3o&nbsp;<\/strong> dos livros poder\u00e1 ser realizada na biblioteca pessoalmente sem a necessidade de levar o livro que ser\u00e1 renovado, ou online pelo SIGAA , basta acessar com seu usu\u00e1rio e senha do&nbsp;<a href=\"https:\/\/sigaa.ufpb.br\/sigaa\/verTelaLogin.do\" target=\"_blank\" rel=\"noreferrer noopener\">SIGAA&nbsp;<\/a>ir na op\u00e7\u00e3o Biblioteca&gt; Empr\u00e9stimos&gt; renovar meus empr\u00e9stimos;&nbsp;ou pessoalmente na Biblioteca;<\/li>\n\n\n\n<li><strong>O controle da data de devolu\u00e7\u00e3o \u00e9 de responsabilidade exclusiva do usu\u00e1rio. \u00a0<\/strong>Caso n\u00e3o ocorra qualquer problema de comunica\u00e7\u00e3o entre servidores de e-mail, o SIGAA\u00a0envia uma mensagem quando \u00a0estiver pr\u00f3ximo do prazo de devolu\u00e7\u00e3o. Por\u00e9m, o\u00a0n\u00e3o recebimento do aviso\u00a0n\u00e3o implica abono\u00a0de pagamento da multa\u00a0por atraso na devolu\u00e7\u00e3o.<\/li>\n\n\n\n<li>Livros sinalizados no Cat\u00e1logo Online como &#8220;<strong>SR<\/strong>&#8221;&nbsp; s\u00f3 s\u00e3o permitidos sairem como empr\u00e9stimo de at\u00e9 04 (quatro) horas, tendo em vista a necessidade de mant\u00ea-los na biblioteca para consulta local ou fotoc\u00f3pia. Estes livros est\u00e3o sinalizados no acervo com uma fita vermelha;<\/li>\n<\/ul>\n\n\n\n<ul class=\"wp-block-list\">\n<li>Materiais sinalizados com &#8220;<strong>FORA DE EMPR\u00c9STIMO<\/strong>&#8221; n\u00e3o saem da biblioteca por empr\u00e9stimo (Peri\u00f3dicos, Trabalhos de Conclus\u00e3o de Curso e livros esgostados que a biblioteca s\u00f3 dispoe de uma exemplar). Estes materiais devem ser solicitado para consulta&nbsp; local, no balc\u00e3o de empr\u00e9stimo;<\/li>\n\n\n\n<li>A comunidade externa da UFPB pode utilizar os livros apenas para consulta local, n\u00e3o estando dispon\u00edveis para a realiza\u00e7\u00e3o de empr\u00e9stimo domiciliar.<\/li>\n<\/ul>\n\n\n\n<p><\/p>\n\n\n\n<p class=\" \"><strong>DEVOLU\u00c7\u00c3O COM ATRASO OU PERDA DO LIVRO<\/strong>\u00a0\u00a0<\/p>\n\n\n\n<p class=\" \">O livro que estiver na conta do usu\u00e1rio ser\u00e1 de sua responsabilidade, com as devidas san\u00e7\u00f5es e penalidades previstas no Regulamento do SIBI\/UFPB, dispon\u00edvel no site da Biblioteca Central: Servi\u00e7os&gt; Empr\u00e9stimo de materiai&gt; Normas de circula\u00e7\u00e3o.<\/p>\n\n\n\n<p class=\" \">&nbsp;<\/p>\n\n\n\n<p class=\" \"><strong>A devolu\u00e7\u00e3o fora do prazo implica no pagamento de multa&nbsp;por atraso<\/strong>&nbsp;por item e dia\/hora de atraso, dependendo do status de empr\u00e9stimo do material. O valor da multa \u00e9 de R$ 0,50 (cinquenta centavos de real) por dia de atraso e por cada livro, e o o pagamento \u00e9 realizado via Guia de Recolhimento da Uni\u00e3o (GRU), disponibilizada no pr\u00f3prio SIGAA do usu\u00e1rio, ap\u00f3s a devolu\u00e7\u00e3o do(s) livro(s) em atraso. A GRU n\u00e3o tem data de vencimento, por\u00e9m o sistema fica suspenso para opera\u00e7\u00f5es como realiza\u00e7\u00e3o de novos empr\u00e9stimos, cola\u00e7\u00e3o de grau e trancamento de curso por exemplo, at\u00e9 que a multa seja quitada.&nbsp;O sistema leva cerca de 48h para reconhecimento do pagamento efetuado. Caso o usu\u00e1rio tenha necessidade breve\/ imediata de regulariza\u00e7\u00e3o, entrar em contato com a biblioteca;<\/p>\n\n\n\n<p class=\" \">&nbsp;<\/p>\n\n\n\n<p class=\" \"><strong>Os livros com fita vermela&nbsp; e escrito na etiqueta &#8220;SR&#8221;<\/strong>, tem o valor diferenciado do livro regular, a multa \u00e9 cobrada por hora.<\/p>\n\n\n\n<p class=\" \">&nbsp;O abono de multa somente ocorrer\u00e1 em casos previstos em lei ou falha no sistema, devidamente comprovado. O abono de multa \u00e9 considerado ren\u00fancia de receita \u2013 Dji 14LC-000.101-2000 Responsabilidade na Gest\u00e3o P\u00fablica.<\/p>\n\n\n\n<p class=\" \">&nbsp;A perda ou o roubo do livro que estiver sobre responsabilidade do aluno deve ser comunicado imediatamente a coordena\u00e7\u00e3o da biblioteca a qual o livro pertence.<\/p>\n\n\n\n<p class=\" \"><strong>ALERTAS VIA E-MAIL<\/strong><\/p>\n\n\n\n<p class=\" \">&nbsp;A realiza\u00e7\u00e3o de empr\u00e9stimos e devolu\u00e7\u00f5es \u00e9 enviada por e-mail, caso n\u00e3o ocorra qualquer problema de comunica\u00e7\u00e3o entre servidores de e-mail.<\/p>\n\n\n\n<p class=\" \">&nbsp;<\/p>\n\n\n\n<p><strong>Principais alertas enviados por e-mail da Biblioteca<\/strong><\/p>\n\n\n\n<figure class=\"wp-block-table\"><table class=\"has-fixed-layout\"><tbody><tr><td><strong>Recibo de empr\u00e9stimo<\/strong><\/td><td>ao realizar um empr\u00e9stimo o usu\u00e1rio receber\u00e1 por e-mail o comprovante com os dados do livro, dia e hor\u00e1rio do empr\u00e9stimo, data da devoluc\u00e3o, entre outras informa\u00e7\u00f5es.<\/td><\/tr><tr><td><strong>Alertas de devolu\u00e7\u00e3o e ou atraso<\/strong><\/td><td>o SIGAA envia notifica\u00e7\u00f5es por e-mail avisando a data de devolu\u00e7\u00e3o do livro 3 dias antes do vencimento e continua enviando avisos diariamente at\u00e9 a devolu\u00e7\u00e3o do mesmo. Depois do dia de vencimento o alerta \u00e9 enviado diariamente em forma de cobran\u00e7a de atraso.<\/td><\/tr><tr><td><strong>Recibo de devolu\u00e7\u00e3o<\/strong><\/td><td>do mesmo modo ao devolver um livro, o usu\u00e1rio receber\u00e1 por e-mail o comprovante de devolu\u00e7\u00e3o com o dia e hor\u00e1rio em que o livro foi devolvido.<\/td><\/tr><tr><td><strong>Recibo de pagamento de multa<\/strong><\/td><td>\u00e9 enviado para o e-mail do aluno o comprovante do pagamento da multa.<\/td><\/tr><\/tbody><\/table><\/figure>\n\n\n\n<p><\/p>\n\n\n\n<p><strong>Lembre-se:<\/strong><\/p>\n\n\n\n<ul class=\"wp-block-list\">\n<li>Seu e-mail&nbsp; deve estar atualizado na sua conta do SIGAA, para que o mesmo possa receber estes alertas.<\/li>\n\n\n\n<li>Confira e salve todos os recibos de empr\u00e9stimo e devolu\u00e7\u00e3o.&nbsp;Sugest\u00e3o: crie um pasta no seu e-mail com o nome &#8216;biblioteca&#8217; para salvar esses e-mails.<\/li>\n\n\n\n<li>Caso tenha algum problema ou n\u00e3o receba o e-mail com o comprovante, procure imediatamente a biblioteca, ou mande um e-mail relatando o ocorrido, com seu nome completo, CPF e registro do livro.<\/li>\n\n\n\n<li>A aus\u00eancia dos comunicados de alerta emitidos pelo sistema, conforme j\u00e1 informado acima, n\u00e3o exime o usu\u00e1rio de cumprimento dos prazos para renova\u00e7\u00e3o e devolu\u00e7\u00e3o de livros.&nbsp;<\/li>\n<\/ul>\n\n\n\n<p><strong><a href=\"https:\/\/sigaa.ufpb.br\/sigaa\/public\/home.jsf#biblioteca\" target=\"_blank\" rel=\"noreferrer noopener\">CAT\u00c1LOGO ONLINE<\/a><\/strong><\/p>\n\n\n\n<p class=\" \">O usu\u00e1rio pode consultar todo nosso acervo bibliogr\u00e1fico, da biblioteca, de casa, realizando consulta por autor, t\u00edtulo, assunto, bem como obter informa\u00e7\u00f5es sobre status do livro (emprestado ou dispon\u00edvel), quantidade de exemplares, al\u00e9m de gerar a refer\u00eancia autom\u00e1tica do livro que consultado.<\/p>\n\n\n\n<p class=\" \"><strong><a href=\"http:\/\/plone.ufpb.br\/bsccsa\/contents\/menu\/institucional\/consultar-acervo\">Pesquisa Integrada<\/a><\/strong><\/p>\n\n\n\n<p class=\" \">Dispomos tamb\u00e9m da Pesquisa Integrada, onde o usu\u00e1rio pode realizar sua pesquisa em todas as bases de dados da Biblioteca da Universidade Federal da Para\u00edba &#8211; UFPB.<\/p>\n","protected":false},"excerpt":{"rendered":"<p>O acervo da Biblioteca Setorial Berilo Borba \u00e9 de livre acesso \u00e0 toda comunidade, por\u00e9m [&hellip;]<\/p>\n","protected":false},"author":63,"featured_media":0,"parent":0,"menu_order":0,"comment_status":"closed","ping_status":"closed","template":"","meta":{"footnotes":""},"class_list":["post-85","page","type-page","status-publish","hentry"],"_links":{"self":[{"href":"https:\/\/www.ccsa.ufpb.br\/bsccsa\/wp-json\/wp\/v2\/pages\/85","targetHints":{"allow":["GET"]}}],"collection":[{"href":"https:\/\/www.ccsa.ufpb.br\/bsccsa\/wp-json\/wp\/v2\/pages"}],"about":[{"href":"https:\/\/www.ccsa.ufpb.br\/bsccsa\/wp-json\/wp\/v2\/types\/page"}],"author":[{"embeddable":true,"href":"https:\/\/www.ccsa.ufpb.br\/bsccsa\/wp-json\/wp\/v2\/users\/63"}],"replies":[{"embeddable":true,"href":"https:\/\/www.ccsa.ufpb.br\/bsccsa\/wp-json\/wp\/v2\/comments?post=85"}],"version-history":[{"count":3,"href":"https:\/\/www.ccsa.ufpb.br\/bsccsa\/wp-json\/wp\/v2\/pages\/85\/revisions"}],"predecessor-version":[{"id":887,"href":"https:\/\/www.ccsa.ufpb.br\/bsccsa\/wp-json\/wp\/v2\/pages\/85\/revisions\/887"}],"wp:attachment":[{"href":"https:\/\/www.ccsa.ufpb.br\/bsccsa\/wp-json\/wp\/v2\/media?parent=85"}],"curies":[{"name":"wp","href":"https:\/\/api.w.org\/{rel}","templated":true}]}}