{"id":855,"date":"2025-10-10T21:15:17","date_gmt":"2025-10-10T21:15:17","guid":{"rendered":"https:\/\/www.ccsa.ufpb.br\/bsccsa\/?page_id=855"},"modified":"2025-10-31T21:00:57","modified_gmt":"2025-10-31T21:00:57","slug":"cadastro-na-biblioteca","status":"publish","type":"page","link":"https:\/\/www.ccsa.ufpb.br\/bsccsa\/cadastro-na-biblioteca\/","title":{"rendered":"Cadastro na Biblioteca"},"content":{"rendered":"\n<p>O cadastro na Biblioteca \u00e9 efetuado automaticamente pelo <strong>SIGAA<\/strong> no momento da matr\u00edcula (para discentes) ou da vincula\u00e7\u00e3o institucional (para servidores). Depois disso, o usu\u00e1rio precisa apenas acessar o <strong>SIGAA<\/strong> e criar uma <strong>senha num\u00e9rica de 6 a 8 d\u00edgitos<\/strong> para ativar os servi\u00e7os da biblioteca.<\/p>\n\n\n\n<h3 class=\"wp-block-heading\">Passo a passo para cadastrar\/atualizar a senha no SIGAA<\/h3>\n\n\n\n<p><strong>Acesse o SIGAA<\/strong> com seu login e senha.<\/p>\n\n\n\n<p>No menu, v\u00e1 em Biblioteca \u2192 Cadastrar para utilizar os servi\u00e7os da biblioteca. Selecione seu v\u00ednculo atual, crie uma senha somente num\u00e9rica (6 a 8 d\u00edgitos), confirme a senha e digite a senha do SIGAA. Clique em Cadastrar\/ Atualizar Senha.<\/p>\n\n\n\n<figure class=\"wp-block-image is-resized\"><img loading=\"lazy\" decoding=\"async\" width=\"963\" height=\"328\" src=\"https:\/\/www.ccsa.ufpb.br\/bsccsa\/wp-content\/uploads\/sites\/179\/sites\/248\/2025\/02\/cadatro.png\" alt=\"\" class=\"wp-image-87\" style=\"width:666px;height:auto\" srcset=\"https:\/\/www.ccsa.ufpb.br\/bsccsa\/wp-content\/uploads\/sites\/179\/sites\/248\/2025\/02\/cadatro.png 963w, https:\/\/www.ccsa.ufpb.br\/bsccsa\/wp-content\/uploads\/sites\/179\/sites\/248\/2025\/02\/cadatro-300x102.png 300w, https:\/\/www.ccsa.ufpb.br\/bsccsa\/wp-content\/uploads\/sites\/179\/sites\/248\/2025\/02\/cadatro-768x262.png 768w\" sizes=\"auto, (max-width: 963px) 100vw, 963px\" \/><\/figure>\n\n\n\n<p><strong>Foto 1<\/strong> &#8211; Tela principal do SIGAA.<\/p>\n\n\n\n<figure class=\"wp-block-image is-resized\"><img loading=\"lazy\" decoding=\"async\" width=\"983\" height=\"376\" src=\"https:\/\/www.ccsa.ufpb.br\/bsccsa\/wp-content\/uploads\/sites\/179\/sites\/248\/2025\/02\/cadastro-2-1.png\" alt=\"\" class=\"wp-image-88\" style=\"width:677px;height:auto\" srcset=\"https:\/\/www.ccsa.ufpb.br\/bsccsa\/wp-content\/uploads\/sites\/179\/sites\/248\/2025\/02\/cadastro-2-1.png 983w, https:\/\/www.ccsa.ufpb.br\/bsccsa\/wp-content\/uploads\/sites\/179\/sites\/248\/2025\/02\/cadastro-2-1-300x115.png 300w, https:\/\/www.ccsa.ufpb.br\/bsccsa\/wp-content\/uploads\/sites\/179\/sites\/248\/2025\/02\/cadastro-2-1-768x294.png 768w\" sizes=\"auto, (max-width: 983px) 100vw, 983px\" \/><\/figure>\n\n\n\n<p><strong>Foto 2 <\/strong>&#8211; Tela da cria\u00e7\u00e3o de senha do SIGAA<\/p>\n\n\n\n<figure class=\"wp-block-image is-resized\"><img loading=\"lazy\" decoding=\"async\" width=\"552\" height=\"235\" src=\"https:\/\/www.ccsa.ufpb.br\/bsccsa\/wp-content\/uploads\/sites\/179\/sites\/248\/2025\/02\/cadastro-3-1.png\" alt=\"\" class=\"wp-image-89\" style=\"width:670px;height:auto\" srcset=\"https:\/\/www.ccsa.ufpb.br\/bsccsa\/wp-content\/uploads\/sites\/179\/sites\/248\/2025\/02\/cadastro-3-1.png 552w, https:\/\/www.ccsa.ufpb.br\/bsccsa\/wp-content\/uploads\/sites\/179\/sites\/248\/2025\/02\/cadastro-3-1-300x128.png 300w\" sizes=\"auto, (max-width: 552px) 100vw, 552px\" \/><\/figure>\n\n\n\n<p><strong>Foto 3 &#8211;<\/strong> Tela do SIGAA com a informa\u00e7\u00e3o da &#8220;senha do usu\u00e1rio cadastrada com sucesso&#8221;<\/p>\n\n\n\n<p><\/p>\n\n\n\n<p>Pronto! Sua senha foi criada ou atualizada e voc\u00ea j\u00e1 pode utilizar todos os servi\u00e7os da Biblioteca no seu SIGAA, inclusive pegar livros emprestados em qualquer Biblioteca do SIBI\/UFPB<\/p>\n\n\n\n<p><strong>Com o cadastro ativo, voc\u00ea pode:<\/strong><br>Fazer empr\u00e9stimos e renova\u00e7\u00f5es de livros;<br>Gerar sua declara\u00e7\u00e3o de quita\u00e7\u00e3o com a biblioteca (documento obrigat\u00f3rio para solicita\u00e7\u00e3o do diploma);<br>Solicitar ficha catalogr\u00e1fica e outros servi\u00e7os.<\/p>\n\n\n\n<p><strong>Mantenha seus dados atualizados!<\/strong><br>Se mudar de e-mail, telefone ou v\u00ednculo institucional, atualize seus dados no SIGAA para garantir o recebimento de notifica\u00e7\u00f5es e comunicados.<\/p>\n\n\n\n<p><\/p>\n\n\n\n<p>D\u00favidas?<br>Entre em contato com a equipe da BSBB:<br>\ud83d\udce7 <a>biblioteca@ccsa.ufpb.br<\/a> | \u260e\ufe0f (83) 3216-7494<\/p>\n","protected":false},"excerpt":{"rendered":"<p>O cadastro na Biblioteca \u00e9 efetuado automaticamente pelo SIGAA no momento da matr\u00edcula (para discentes) [&hellip;]<\/p>\n","protected":false},"author":200,"featured_media":0,"parent":0,"menu_order":0,"comment_status":"closed","ping_status":"closed","template":"","meta":{"footnotes":""},"class_list":["post-855","page","type-page","status-publish","hentry"],"_links":{"self":[{"href":"https:\/\/www.ccsa.ufpb.br\/bsccsa\/wp-json\/wp\/v2\/pages\/855","targetHints":{"allow":["GET"]}}],"collection":[{"href":"https:\/\/www.ccsa.ufpb.br\/bsccsa\/wp-json\/wp\/v2\/pages"}],"about":[{"href":"https:\/\/www.ccsa.ufpb.br\/bsccsa\/wp-json\/wp\/v2\/types\/page"}],"author":[{"embeddable":true,"href":"https:\/\/www.ccsa.ufpb.br\/bsccsa\/wp-json\/wp\/v2\/users\/200"}],"replies":[{"embeddable":true,"href":"https:\/\/www.ccsa.ufpb.br\/bsccsa\/wp-json\/wp\/v2\/comments?post=855"}],"version-history":[{"count":1,"href":"https:\/\/www.ccsa.ufpb.br\/bsccsa\/wp-json\/wp\/v2\/pages\/855\/revisions"}],"predecessor-version":[{"id":856,"href":"https:\/\/www.ccsa.ufpb.br\/bsccsa\/wp-json\/wp\/v2\/pages\/855\/revisions\/856"}],"wp:attachment":[{"href":"https:\/\/www.ccsa.ufpb.br\/bsccsa\/wp-json\/wp\/v2\/media?parent=855"}],"curies":[{"name":"wp","href":"https:\/\/api.w.org\/{rel}","templated":true}]}}