{"id":857,"date":"2025-10-13T23:41:03","date_gmt":"2025-10-13T23:41:03","guid":{"rendered":"https:\/\/www.ccsa.ufpb.br\/bsccsa\/?page_id=857"},"modified":"2025-10-31T16:19:04","modified_gmt":"2025-10-31T16:19:04","slug":"renovacao-online","status":"publish","type":"page","link":"https:\/\/www.ccsa.ufpb.br\/bsccsa\/renovacao-online\/","title":{"rendered":"Renova\u00e7\u00e3o online"},"content":{"rendered":"\n<p>A renova\u00e7\u00e3o dos livros pode ser feita de duas formas:<\/p>\n\n\n\n<ul class=\"wp-block-list\">\n<li>Presencialmente, na Biblioteca Setorial Berilo Borba, sem a necessidade de apresentar o exemplar;<\/li>\n\n\n\n<li>Online, de forma r\u00e1pida e pr\u00e1tica, pelo SIGAA.<\/li>\n<\/ul>\n\n\n\n<p>Como realizar a renova\u00e7\u00e3o online<\/p>\n\n\n\n<p>1. Acesse o <strong>SIGAA<\/strong> com seu usu\u00e1rio e senha;<\/p>\n\n\n\n<figure class=\"wp-block-image size-full\"><img loading=\"lazy\" decoding=\"async\" width=\"978\" height=\"611\" src=\"https:\/\/www.ccsa.ufpb.br\/bsccsa\/wp-content\/uploads\/sites\/179\/sites\/248\/2025\/10\/image-5.png\" alt=\"\" class=\"wp-image-882\" srcset=\"https:\/\/www.ccsa.ufpb.br\/bsccsa\/wp-content\/uploads\/sites\/179\/sites\/248\/2025\/10\/image-5.png 978w, https:\/\/www.ccsa.ufpb.br\/bsccsa\/wp-content\/uploads\/sites\/179\/sites\/248\/2025\/10\/image-5-300x187.png 300w, https:\/\/www.ccsa.ufpb.br\/bsccsa\/wp-content\/uploads\/sites\/179\/sites\/248\/2025\/10\/image-5-768x480.png 768w\" sizes=\"auto, (max-width: 978px) 100vw, 978px\" \/><\/figure>\n\n\n\n<hr class=\"wp-block-separator has-alpha-channel-opacity\" \/>\n\n\n\n<p>2. No menu superior, siga o caminho:<br><strong>Biblioteca \u2192 Empr\u00e9stimos \u2192 Renovar meus empr\u00e9stimos<\/strong>;<\/p>\n\n\n\n<figure class=\"wp-block-image\"><img loading=\"lazy\" decoding=\"async\" width=\"863\" height=\"343\" src=\"https:\/\/www.ccsa.ufpb.br\/bsccsa\/wp-content\/uploads\/sites\/179\/sites\/248\/2025\/02\/emprestimos-1-1.png\" alt=\"\" class=\"wp-image-86\" srcset=\"https:\/\/www.ccsa.ufpb.br\/bsccsa\/wp-content\/uploads\/sites\/179\/sites\/248\/2025\/02\/emprestimos-1-1.png 863w, https:\/\/www.ccsa.ufpb.br\/bsccsa\/wp-content\/uploads\/sites\/179\/sites\/248\/2025\/02\/emprestimos-1-1-300x119.png 300w, https:\/\/www.ccsa.ufpb.br\/bsccsa\/wp-content\/uploads\/sites\/179\/sites\/248\/2025\/02\/emprestimos-1-1-768x305.png 768w\" sizes=\"auto, (max-width: 863px) 100vw, 863px\" \/><\/figure>\n\n\n\n<hr class=\"wp-block-separator has-alpha-channel-opacity\" \/>\n\n\n\n<p>3. Selecione os livros que deseja renovar e clique em <strong>\u201cRenovar Empr\u00e9stimos Selecionados\u201d<\/strong>.<a href=\"https:\/\/www.ccsa.ufpb.br\/bsccsa\/renovacao-online\/\" target=\"_blank\" rel=\"noreferrer noopener\"><\/a><\/p>\n\n\n\n<figure class=\"wp-block-image size-large\"><img loading=\"lazy\" decoding=\"async\" width=\"1024\" height=\"357\" src=\"https:\/\/www.ccsa.ufpb.br\/bsccsa\/wp-content\/uploads\/sites\/179\/sites\/248\/2025\/10\/image-2-1024x357.png\" alt=\"\" class=\"wp-image-878\" srcset=\"https:\/\/www.ccsa.ufpb.br\/bsccsa\/wp-content\/uploads\/sites\/179\/sites\/248\/2025\/10\/image-2-1024x357.png 1024w, https:\/\/www.ccsa.ufpb.br\/bsccsa\/wp-content\/uploads\/sites\/179\/sites\/248\/2025\/10\/image-2-300x105.png 300w, https:\/\/www.ccsa.ufpb.br\/bsccsa\/wp-content\/uploads\/sites\/179\/sites\/248\/2025\/10\/image-2-768x268.png 768w, https:\/\/www.ccsa.ufpb.br\/bsccsa\/wp-content\/uploads\/sites\/179\/sites\/248\/2025\/10\/image-2.png 1246w\" sizes=\"auto, (max-width: 1024px) 100vw, 1024px\" \/><\/figure>\n\n\n\n<hr class=\"wp-block-separator has-alpha-channel-opacity\" \/>\n\n\n\n<p>Ao finalizar, ser\u00e1 exibida uma mensagem confirmando a renova\u00e7\u00e3o e informando o <strong>novo prazo de devolu\u00e7\u00e3o<\/strong>.<\/p>\n\n\n\n<figure class=\"wp-block-image size-full\"><img loading=\"lazy\" decoding=\"async\" width=\"746\" height=\"655\" src=\"https:\/\/www.ccsa.ufpb.br\/bsccsa\/wp-content\/uploads\/sites\/179\/sites\/248\/2025\/10\/image-3.png\" alt=\"\" class=\"wp-image-880\" srcset=\"https:\/\/www.ccsa.ufpb.br\/bsccsa\/wp-content\/uploads\/sites\/179\/sites\/248\/2025\/10\/image-3.png 746w, https:\/\/www.ccsa.ufpb.br\/bsccsa\/wp-content\/uploads\/sites\/179\/sites\/248\/2025\/10\/image-3-300x263.png 300w\" sizes=\"auto, (max-width: 746px) 100vw, 746px\" \/><\/figure>\n\n\n\n<hr class=\"wp-block-separator has-alpha-channel-opacity\" \/>\n\n\n\n<p>\u26a0\ufe0f Importante<\/p>\n\n\n\n<ul class=\"wp-block-list\">\n<li>Cada empr\u00e9stimo pode ser <strong>renovado apenas uma vez<\/strong>;<\/li>\n<\/ul>\n\n\n\n<ul class=\"wp-block-list\">\n<li>Caso o prazo tenha sido ultrapassado, o livro dever\u00e1 ser <strong>devolvido \u00e0 biblioteca<\/strong>;<\/li>\n\n\n\n<li>O atraso gera <strong>multa<\/strong>, e novos empr\u00e9stimos s\u00f3 poder\u00e3o ser realizados <strong>ap\u00f3s o pagamento<\/strong> da pend\u00eancia.<\/li>\n<\/ul>\n\n\n\n<p><\/p>\n","protected":false},"excerpt":{"rendered":"<p>A renova\u00e7\u00e3o dos livros pode ser feita de duas formas: Como realizar a renova\u00e7\u00e3o online [&hellip;]<\/p>\n","protected":false},"author":200,"featured_media":0,"parent":0,"menu_order":0,"comment_status":"closed","ping_status":"closed","template":"","meta":{"footnotes":""},"class_list":["post-857","page","type-page","status-publish","hentry"],"_links":{"self":[{"href":"https:\/\/www.ccsa.ufpb.br\/bsccsa\/wp-json\/wp\/v2\/pages\/857","targetHints":{"allow":["GET"]}}],"collection":[{"href":"https:\/\/www.ccsa.ufpb.br\/bsccsa\/wp-json\/wp\/v2\/pages"}],"about":[{"href":"https:\/\/www.ccsa.ufpb.br\/bsccsa\/wp-json\/wp\/v2\/types\/page"}],"author":[{"embeddable":true,"href":"https:\/\/www.ccsa.ufpb.br\/bsccsa\/wp-json\/wp\/v2\/users\/200"}],"replies":[{"embeddable":true,"href":"https:\/\/www.ccsa.ufpb.br\/bsccsa\/wp-json\/wp\/v2\/comments?post=857"}],"version-history":[{"count":6,"href":"https:\/\/www.ccsa.ufpb.br\/bsccsa\/wp-json\/wp\/v2\/pages\/857\/revisions"}],"predecessor-version":[{"id":897,"href":"https:\/\/www.ccsa.ufpb.br\/bsccsa\/wp-json\/wp\/v2\/pages\/857\/revisions\/897"}],"wp:attachment":[{"href":"https:\/\/www.ccsa.ufpb.br\/bsccsa\/wp-json\/wp\/v2\/media?parent=857"}],"curies":[{"name":"wp","href":"https:\/\/api.w.org\/{rel}","templated":true}]}}